{"id":1374,"date":"2025-07-01T11:48:04","date_gmt":"2025-07-01T11:48:04","guid":{"rendered":"http:\/\/iotronx.com\/?page_id=1374"},"modified":"2025-08-17T16:04:49","modified_gmt":"2025-08-17T16:04:49","slug":"iotronx-b2b","status":"publish","type":"page","link":"https:\/\/iotronx.com\/de\/iotronx-b2b\/","title":{"rendered":"B2B"},"content":{"rendered":"<div data-elementor-type=\"wp-page\" data-elementor-id=\"1374\" class=\"elementor elementor-1374\" data-elementor-post-type=\"page\">\n\t\t\t\t<div class=\"elementor-element elementor-element-c4679f6 e-flex e-con-boxed e-con e-child\" data-id=\"c4679f6\" data-element_type=\"container\" data-e-type=\"container\" data-settings=\"{&quot;background_background&quot;:&quot;video&quot;,&quot;background_video_link&quot;:&quot;http:\\\/\\\/iotronx.com\\\/wp-content\\\/uploads\\\/2025\\\/07\\\/0_Electrician_Maintenance_1280x720.mp4&quot;,&quot;background_video_start&quot;:1,&quot;background_play_on_mobile&quot;:&quot;yes&quot;}\">\n\t\t\t\t\t<div class=\"e-con-inner\">\n\t\t<div class=\"elementor-background-video-container\">\n\t\t\t\t\t\t\t<video class=\"elementor-background-video-hosted\" role=\"presentation\" autoplay muted playsinline loop><\/video>\n\t\t\t\t\t<\/div><div class=\"elementor-element elementor-element-bf08384 e-con-full e-flex e-con e-child\" data-id=\"bf08384\" data-element_type=\"container\" data-e-type=\"container\">\n\t\t\t\t<div class=\"elementor-element elementor-element-b8c3a18 elementor-widget elementor-widget-html\" data-id=\"b8c3a18\" data-element_type=\"widget\" data-e-type=\"widget\" data-widget_type=\"html.default\">\n\t\t\t\t\t    <section>\n        <h1 class=\"split-heading\">\n           Werden Sie <span>IotronX B2B<\/span> Partner. <br> \u2013 lassen Sie uns gemeinsam smartere H\u00e4user gestalten.\n        <\/h1>\n    <\/section>\n\n\n\n    \n\n    <style>\n       \n        .split-heading {\n            display: block;\n            position: relative;\n            overflow: hidden;\n            line-height: 1.2;\n            opacity: 1; \/* Hide initially to prevent flash *\/\n        }\n        \n        h1.split-heading {\n            font-size: 60px;\n            font-weight: 300;\n            font-family:Ubuntu;\n            color: #fff;\n            z-index: 2;\n        }\n        .split-heading span{\n            color:#42BE8E;\n        }\n        \n        .split-heading .line {\n            display: block;\n            overflow: hidden;\n            position: relative;\n        }\n        \n    \n        .split-heading.ready {\n            opacity: 1;\n        }\n        @media only screen and (min-width:1050px) and (max-width:1600px){\n            h1{\n                margin-bottom:20px!important;\n            }\n        }\n        @media only screen and (min-width:700px) and (max-width:1050px){\n            h1.split-heading{\n                font-size:48px;\n                margin-bottom:0;\n            }\n        }\n         @media only screen and (max-width:700px){\n              h1.split-heading {\n            font-size: 36px;\n            line-height:42px;\n            margin-bottom:10px;\n        }\n        }\n    <\/style>\n\n   \n\n\n  \t\t\t\t<\/div>\n\t\t<div class=\"elementor-element elementor-element-8f9b091 e-con-full e-flex e-con e-child\" data-id=\"8f9b091\" data-element_type=\"container\" data-e-type=\"container\">\n\t\t\t\t<div class=\"elementor-element elementor-element-31c63c0 elementor-widget elementor-widget-html\" data-id=\"31c63c0\" data-element_type=\"widget\" data-e-type=\"widget\" data-widget_type=\"html.default\">\n\t\t\t\t\t<a href=\"#prijava-v-program\">\n<div class=\"main-btn1\">\n    <span>\n  Jetzt registrieren\n    <\/span>\n    <div class=\"sq\">\n     \n    <\/div>\n    <img decoding=\"async\" src=\"http:\/\/iotronx.com\/wp-content\/uploads\/2025\/06\/arrow-small-right-color.svg\">\n<\/div>\n<\/a>\n<style>\n    .main-btn1{\n        background-color: #42BE8E;\n    \n        padding: 5px 75px 5px 30px;\n        display:flex;\n        gap:30px;\n        height:50px;\n        width:258px;\n        align-items: center;\n        border-radius: 6px;\n        overflow: hidden;\n    position:relative;\n\n    }\n    .main-btn1 span{\n        font-family: Ubuntu;\n        font-size:16px;\n        font-weight: 300;\n        color:#fff;\n        position:relative;\n        z-index:100;\n        transition:0.2s;\n    }\n    .main-btn1 .sq{\n        width:40px;\n        height:40px;\n        background-color: #fff;\n        position:absolute;\n       right:0;\n       transition:0.4s all!important;\n        right:5px;\n     border-radius: 2px;\n    }\n    .main-btn1 img{\n        \n     position:absolute;\n     right:12px;\n     width:25px;\n     transition:0.3s all;\n    }\n    .main-btn1:hover{\n        padding:0 0 0 30px;\n        cursor:pointer;\n    }\n    .main-btn1:hover .sq{\n        height:100%;\n        width:100%;\n        right:0;\n        border-radius: 6px;\n    }\n    .main-btn1:hover span{\n        color:#42BE8E;\n    }\n       .main-btn1:hover  img{\n       \n        rotate:45deg;\n\n    }\n<\/style>\t\t\t\t<\/div>\n\t\t\t\t<div class=\"elementor-element elementor-element-896c7e6 elementor-widget elementor-widget-html\" data-id=\"896c7e6\" data-element_type=\"widget\" data-e-type=\"widget\" data-widget_type=\"html.default\">\n\t\t\t\t\t    <section>\n        <h3 class=\"split-heading\">\n         <span> Intelligente L\u00f6sungen brauchen zuverl\u00e4ssige Partner.<\/span>\n         <br>\nSie erhalten Zugang zu exklusiven Preisen, technischem Support und professionellen Tools.\n        <\/h3>\n    <\/section>\n\n\n\n    \n\n    <style>\n       \n      \n        \n        h3.split-heading {\n            font-size:16px;\n            font-weight: 400;\n            font-family:Ubuntu;\n            color: #fff;\n            z-index: 2;\n            line-height:24px;\n          \n        }\n   \n        \n        .split-heading .line {\n            display: block;\n            overflow: hidden;\n            position: relative;\n        }\n        \n    \n        .split-heading.ready {\n            opacity: 1;\n        }\n    <\/style>\n\n   \n\n\n  \t\t\t\t<\/div>\n\t\t\t\t<\/div>\n\t\t\t\t<\/div>\n\t\t\t\t\t<\/div>\n\t\t\t\t<\/div>\n\t\t<div class=\"elementor-element elementor-element-0f5880f e-flex e-con-boxed e-con e-parent\" data-id=\"0f5880f\" data-element_type=\"container\" data-e-type=\"container\">\n\t\t\t\t\t<div class=\"e-con-inner\">\n\t\t<div class=\"elementor-element elementor-element-8817dad e-con-full e-flex e-con e-child\" data-id=\"8817dad\" data-element_type=\"container\" data-e-type=\"container\">\n\t\t\t\t<div class=\"elementor-element elementor-element-2bec9c9 elementor-widget elementor-widget-html\" data-id=\"2bec9c9\" data-element_type=\"widget\" data-e-type=\"widget\" data-widget_type=\"html.default\">\n\t\t\t\t\t    <section>\n         <h2 class=\"split-heading\">\n     B2B-Gro\u00dfhandel\n\n        <\/h2>\n        <h3 class=\"split-paragraph\">\nSuchen Sie einen zuverl\u00e4ssigen Lieferanten von intelligenten Ger\u00e4ten f\u00fcr Ihre Projekte?\n        <\/h3>\n          <p class=\"split-paragraph\">\n  Wenn Sie ein Installateur, Elektriker, Architekt oder ein Unternehmen sind, das aktiv intelligente L\u00f6sungen installiert oder vermarktet, bieten wir Ihnen Zugang zu unserem B2B-Portal mit Gro\u00dfhandelspreisen.\n\n        <\/p>\n      <p class=\"split-paragraph\">Was Sie mit dem Portal tun k\u00f6nnen:<\/p>\n      \n      <ul>\n      <li>\n          <p class=\"split-paragraph\">Gro\u00dfhandelspreise f\u00fcr alle Ger\u00e4te und Kits<\/p>\n          \n      <\/li>\n        <li>\n          <p class=\"split-paragraph\">Bestands\u00fcbersicht in Echtzeit<\/p>\n          \n      <\/li>\n        <li>\n          <p class=\"split-paragraph\">Technische Daten und Anleitungen<\/p>\n          \n      <\/li>\n        <li>\n          <p class=\"split-paragraph\">Einfaches Aufgeben von Bestellungen<\/p>\n          \n      <\/li>\n      <\/ul>\n      \n      <p class=\"split-paragraph\">Der Zugang ist ausschlie\u00dflich juristischen Personen vorbehalten.\nDie Registrierung ist kostenlos und wird nach Pr\u00fcfung der Daten gew\u00e4hrt.<\/p>\n    <\/section>\n\n\n\n    \n\n    <style>\n       \n      \n        \n        h3.split-paragraph {\n            font-size:24px!important;\n            font-weight: 400;\n            font-family:Ubuntu;\n            color: #375959;\n            z-index: 2;\n            line-height:24px;\n         \n        }\n     p.split-paragraph {\n            font-size:16px;\n            font-weight: 400;\n            font-family:Ubuntu;\n            color: #333747;\n            z-index: 2;\n            line-height:24px;\n         \n        }\n          \n        h2.split-heading {\n            font-size: 48px;\n            font-weight: 300;\n            font-family:Ubuntu;\n            color: #42BE8E;\n            z-index: 2;\n            line-height:54px;\n        }\n        li{\n         \n          margin-top:0px;\n     \n          }\n          @media only screen and (min-width:700px) and (max-width:1050px){\n              h2.split-heading{\n                  font-size:40px;\n              }\n          }\n         @media only screen and (max-width:700px){\n                 \n        h2.split-heading {\n            font-size: 30px;\n            line-height:42px;\n        }\n          h3.split-paragraph {\n            font-size:18px!important;\n            line-height:24px;\n         \n        }\n         p.split-paragraph {\n            font-size:14px;\n            line-height:24px;\n         \n        }\n         }\n       \n    <\/style>\n\n   \n\n\n  \t\t\t\t<\/div>\n\t\t\t\t<\/div>\n\t\t<div class=\"elementor-element elementor-element-054d750 e-con-full e-flex e-con e-child\" data-id=\"054d750\" data-element_type=\"container\" data-e-type=\"container\">\n\t\t\t\t<div class=\"elementor-element elementor-element-5fc93d5 elementor-widget elementor-widget-html\" data-id=\"5fc93d5\" data-element_type=\"widget\" data-e-type=\"widget\" data-widget_type=\"html.default\">\n\t\t\t\t\t<div class=\"scroll-gallery\">\n  <div class=\"reveal\">\n    <div class=\"image-wrap\">\n      <img decoding=\"async\" src=\"http:\/\/iotronx.com\/wp-content\/uploads\/2025\/07\/16058.jpg\" alt=\"\">\n    <\/div>\n  <\/div>\n<\/div>\t\t\t\t<\/div>\n\t\t\t\t<\/div>\n\t\t\t\t\t<\/div>\n\t\t\t\t<\/div>\n\t\t<div class=\"elementor-element elementor-element-b16fb8f e-flex e-con-boxed e-con e-parent\" data-id=\"b16fb8f\" data-element_type=\"container\" data-e-type=\"container\">\n\t\t\t\t\t<div class=\"e-con-inner\">\n\t\t\t\t<div class=\"elementor-element elementor-element-a09996e elementor-widget elementor-widget-html\" data-id=\"a09996e\" data-element_type=\"widget\" data-e-type=\"widget\" data-widget_type=\"html.default\">\n\t\t\t\t\t    <section>\n         <h2 class=\"split-heading\">\n F\u00fcr wen ist das Programm gedacht?\n\n\n        <\/h2>\n        <h3 class=\"split-paragraph\">\nUnser B2B-Programm richtet sich an alle, die eine stabile Versorgung mit hochwertigen Smart-Home-Ger\u00e4ten ben\u00f6tigen:\n        <\/h3>\n        \n    \n      <ul>\n      <li>\n          <p class=\"split-paragraph\">Installateure und Elektriker<\/p>\n          \n      <\/li>\n        <li>\n          <p class=\"split-paragraph\">Architekten und Designer<\/p>\n          \n      <\/li>\n        <li>\n          <p class=\"split-paragraph\">Bau- und Ingenieurb\u00fcros<\/p>\n          \n      <\/li>\n        <li>\n          <p class=\"split-paragraph\">H\u00e4ndler und Vertreiber<\/p>\n          \n      <\/li>\n      <\/ul>\n      \n      <p class=\"split-paragraph\">Wenn Sie mit Endkunden arbeiten und zuverl\u00e4ssige Produkte zu Gro\u00dfhandelskonditionen suchen, sind Sie bei uns richtig.<\/p>\n    <\/section>\n\n\n\n    \n\n    <style>\n       \n      \n    <\/style>\n\n   \n\n\n  \t\t\t\t<\/div>\n\t\t<div class=\"elementor-element elementor-element-e8a3625 e-con-full e-flex e-con e-child\" data-id=\"e8a3625\" data-element_type=\"container\" data-e-type=\"container\">\n\t\t\t\t<div class=\"elementor-element elementor-element-8305b3a elementor-widget elementor-widget-html\" data-id=\"8305b3a\" data-element_type=\"widget\" data-e-type=\"widget\" data-widget_type=\"html.default\">\n\t\t\t\t\t<div class=\"scroll-gallery\">\n  <div class=\"reveal\">\n    <div class=\"image-wrap\">\n      <img decoding=\"async\" src=\"http:\/\/iotronx.com\/wp-content\/uploads\/2025\/07\/5082.jpg\" alt=\"\">\n    <\/div>\n  <\/div>\n<\/div>\t\t\t\t<\/div>\n\t\t\t\t<\/div>\n\t\t\t\t\t<\/div>\n\t\t\t\t<\/div>\n\t\t<div class=\"elementor-element elementor-element-e69548a e-flex e-con-boxed e-con e-parent\" data-id=\"e69548a\" data-element_type=\"container\" data-e-type=\"container\" id=\"prijava-v-program\">\n\t\t\t\t\t<div class=\"e-con-inner\">\n\t\t\t\t<div class=\"elementor-element elementor-element-97345d8 elementor-widget elementor-widget-html\" data-id=\"97345d8\" data-element_type=\"widget\" data-e-type=\"widget\" data-widget_type=\"html.default\">\n\t\t\t\t\t    <section>\n         <h2 class=\"split-heading\">\nEin einfacher Start\n\n\n        <\/h2>\n      \n        \n    \n      \n      \n    <\/section>\n\n\n   \n\n\n  \t\t\t\t<\/div>\n\t\t\t\t<div class=\"elementor-element elementor-element-4c02c43 elementor-widget elementor-widget-html\" data-id=\"4c02c43\" data-element_type=\"widget\" data-e-type=\"widget\" data-widget_type=\"html.default\">\n\t\t\t\t\t    <section>\n        <h3 class=\"split-heading\">\n     Registrieren Sie sich und erhalten Sie sofortigen Zugang zu Gro\u00dfhandelspreisen - machen Sie Ihre Projekte wettbewerbsf\u00e4higer und rentabler.\n\n        <\/h3>\n    <\/section>\n\n\n\n\n   \n\n\n  \t\t\t\t<\/div>\n\t\t<div class=\"elementor-element elementor-element-df6610d e-con-full e-flex e-con e-child\" data-id=\"df6610d\" data-element_type=\"container\" data-e-type=\"container\">\n\t\t\t\t<div class=\"elementor-element elementor-element-744b2b4 login elementor-widget elementor-widget-shortcode\" data-id=\"744b2b4\" data-element_type=\"widget\" data-e-type=\"widget\" data-widget_type=\"shortcode.default\">\n\t\t\t\t\t\t\t<div class=\"elementor-shortcode\">\t\t\t<h2 class=\"b2bking_b2bregistration_only_register_header\">\n\t\t\tRegister<\/h2>\n\t\t\t<div class=\"woocommerce\">\n\t\t\t\t<form method=\"post\" class=\"woocommerce-form woocommerce-form-register register\" enctype=\"multipart\/form-data\" action=\"\" >\n\n\t\t\t\t\t\n\t\t\t\t\t\n\t\t\t\t\t<p class=\"woocommerce-form-row woocommerce-form-row--wide form-row form-row-wide\">\n\t\t\t\t\t\t<label for=\"reg_email\">E-Mail&nbsp;<span class=\"required\">*<\/span><\/label>\n\t\t\t\t\t\t<input type=\"email\" class=\"woocommerce-Input woocommerce-Input--text input-text\" name=\"email\" id=\"reg_email\" autocomplete=\"email\" value=\"\" \/>\n\t\t\t\t\t<\/p>\n\n\t\t\t\t\t\n\t\t\t\t\t\t<p class=\"woocommerce-form-row woocommerce-form-row--wide form-row form-row-wide\">\n\t\t\t\t\t\t\t<label for=\"reg_password\">Passwort&nbsp;<span class=\"required\">*<\/span><\/label>\n\t\t\t\t\t\t\t<input type=\"password\" class=\"woocommerce-Input woocommerce-Input--text input-text\" name=\"password\" id=\"reg_password\" autocomplete=\"new-password\" \/>\n\t\t\t\t\t\t<\/p>\n\n\t\t\t\t\t\n\t\t\t\t\t\t\t\t\t\t\t<p class=\"woocommerce-form-row woocommerce-form-row--wide form-row form-row-wide b2bking_registration_roles_dropdown_section b2bking_registration_roles_dropdown_section_hidden\">\n\t\t\t\t\t\t\t\t\t\t\t\t\t\t<label for=\"b2bking_registration_roles_dropdown\">\n\t\t\t\t\t\t\t\tBenutzertyp&nbsp;<span class=\"required\">*<\/span>\n\t\t\t\t\t\t\t<\/label>\n\t\t\t\t\t\t\t<select id=\"b2bking_registration_roles_dropdown\" name=\"b2bking_registration_roles_dropdown\" required>\n\t\t\t\t\t\t\t\t<option value=\"\" >- - Benutzerrolle ausw\u00e4hlen - - -<\/option><option value=\"role_9068\"  selected='selected'>B2B (Genehmigung erforderlich)<\/option>\t\t\t\t\t\t\t<\/select>\n\t\t\t\t\t\t<\/p>\n\t\t\t\t\t\t<div class=\"b2bking_custom_registration_container b2bking_custom_registration_container_field_9076 b2bking_custom_registration_role_9068\"><p class=\"woocommerce-form-row woocommerce-form-row--wide form-row form-row-wide\"><label for=\"b2bking_field_9076\">Rufnummer&nbsp;<span class=\"required\">*<\/span><\/label><input id=\"b2bking_field_9076\" type=\"tel\" class=\"b2bking_custom_registration_field b2bking_custom_field_req_required\" name=\"b2bking_custom_field_9076\" value=\"\" placeholder=\"Telefonnummer ...\" required><\/p><\/div><div class=\"b2bking_custom_registration_container b2bking_custom_registration_container_field_9069 b2bking_custom_registration_role_9068\"><p class=\"woocommerce-form-row woocommerce-form-row--wide form-row form-row-wide\"><label for=\"b2bking_field_9069\">Name&nbsp;<span class=\"required\">*<\/span><\/label><input type=\"text\" id=\"b2bking_field_9069\" class=\"b2bking_custom_registration_field b2bking_custom_field_req_required\" name=\"b2bking_custom_field_9069\" value=\"\" placeholder=\"Name ...\" required><\/p><\/div><div class=\"b2bking_custom_registration_container b2bking_custom_registration_container_field_9070 b2bking_custom_registration_role_9068\"><p class=\"woocommerce-form-row woocommerce-form-row--wide form-row form-row-wide\"><label for=\"b2bking_field_9070\">Nachname&nbsp;<span class=\"required\">*<\/span><\/label><input type=\"text\" id=\"b2bking_field_9070\" class=\"b2bking_custom_registration_field b2bking_custom_field_req_required\" name=\"b2bking_custom_field_9070\" value=\"\" placeholder=\"Nachname ...\" required><\/p><\/div><div class=\"b2bking_custom_registration_container b2bking_custom_registration_container_field_9071 b2bking_custom_registration_role_9068\"><p class=\"woocommerce-form-row woocommerce-form-row--wide form-row form-row-wide\"><label for=\"b2bking_field_9071\">Unternehmen&nbsp;<span class=\"required\">*<\/span><\/label><input type=\"text\" id=\"b2bking_field_9071\" class=\"b2bking_custom_registration_field b2bking_custom_field_req_required\" name=\"b2bking_custom_field_9071\" value=\"\" placeholder=\"Das Unternehmen ...\" required><\/p><\/div><div class=\"b2bking_custom_registration_container b2bking_custom_registration_container_field_9078 b2bking_custom_registration_role_9068\"><p class=\"woocommerce-form-row woocommerce-form-row--wide form-row form-row-wide\"><label for=\"b2bking_field_9078\">Steuernummer&nbsp;<span class=\"required\">*<\/span><\/label><input type=\"text\" id=\"b2bking_field_9078\" class=\"b2bking_custom_registration_field b2bking_custom_field_req_required\" name=\"b2bking_custom_field_9078\" value=\"\" placeholder=\"Abgabenordnung ...\" required><\/p><\/div><div class=\"b2bking_custom_registration_container b2bking_custom_registration_container_field_9072 b2bking_custom_registration_role_9068\"><p class=\"woocommerce-form-row woocommerce-form-row--wide form-row form-row-wide\"><label for=\"b2bking_field_9072\">Adresse des Unternehmens&nbsp;<span class=\"required\">*<\/span><\/label><input type=\"text\" id=\"b2bking_field_9072\" class=\"b2bking_custom_registration_field b2bking_custom_field_req_required\" name=\"b2bking_custom_field_9072\" value=\"\" placeholder=\"Adresse des Unternehmens ...\" required><\/p><\/div><div class=\"b2bking_custom_registration_container b2bking_custom_registration_container_field_9075 b2bking_custom_registration_role_9068\"><p class=\"woocommerce-form-row woocommerce-form-row--wide form-row form-row-wide\"><label for=\"b2bking_field_9075\">Postleitzahl&nbsp;<span class=\"required\">*<\/span><\/label><input type=\"text\" id=\"b2bking_field_9075\" class=\"b2bking_custom_registration_field b2bking_custom_field_req_required\" name=\"b2bking_custom_field_9075\" value=\"\" placeholder=\"Postleitzahl ...\" required><\/p><\/div><div class=\"b2bking_custom_registration_container b2bking_custom_registration_container_field_9082 b2bking_custom_registration_role_9068\"><p class=\"woocommerce-form-row woocommerce-form-row--wide form-row form-row-wide\"><label for=\"b2bking_field_9082\">Profil des Unternehmens&nbsp;<span class=\"required\">*<\/span><\/label><p class=\"form-row\"><label class=\"woocommerce-form__label woocommerce-form__label-for-checkbox\"><input type=\"radio\" class=\"woocommerce-form__input woocommerce-form__input-checkbox b2bking_custom_registration_field b2bking_checkbox_registration_field b2bking_custom_field_req_required\" value=\"Elektroin\u0161talerstvo\" name=\"b2bking_custom_field_9082\"><span>Elektroingenieurwesen<\/span><\/label><\/p><p class=\"form-row\"><label class=\"woocommerce-form__label woocommerce-form__label-for-checkbox\"><input type=\"radio\" class=\"woocommerce-form__input woocommerce-form__input-checkbox b2bking_custom_registration_field b2bking_checkbox_registration_field b2bking_custom_field_req_required\" value=\"Gradbeni\u0161tvo\" name=\"b2bking_custom_field_9082\"><span>Bauwesen<\/span><\/label><\/p><p class=\"form-row\"><label class=\"woocommerce-form__label woocommerce-form__label-for-checkbox\"><input type=\"radio\" class=\"woocommerce-form__input woocommerce-form__input-checkbox b2bking_custom_registration_field b2bking_checkbox_registration_field b2bking_custom_field_req_required\" value=\"Proizvodnja\" name=\"b2bking_custom_field_9082\"><span>Produktion<\/span><\/label><\/p><p class=\"form-row\"><label class=\"woocommerce-form__label woocommerce-form__label-for-checkbox\"><input type=\"radio\" class=\"woocommerce-form__input woocommerce-form__input-checkbox b2bking_custom_registration_field b2bking_checkbox_registration_field b2bking_custom_field_req_required\" value=\"Veleprodaja\" name=\"b2bking_custom_field_9082\"><span>Gro\u00dfhandel<\/span><\/label><\/p><p class=\"form-row\"><label class=\"woocommerce-form__label woocommerce-form__label-for-checkbox\"><input type=\"radio\" class=\"woocommerce-form__input woocommerce-form__input-checkbox b2bking_custom_registration_field b2bking_checkbox_registration_field b2bking_custom_field_req_required\" value=\"Maloprodaja\" name=\"b2bking_custom_field_9082\"><span>Einzelhandel<\/span><\/label><\/p><p class=\"form-row\"><label class=\"woocommerce-form__label woocommerce-form__label-for-checkbox\"><input type=\"radio\" class=\"woocommerce-form__input woocommerce-form__input-checkbox b2bking_custom_registration_field b2bking_checkbox_registration_field b2bking_custom_field_req_required\" value=\"Drugo\" name=\"b2bking_custom_field_9082\"><span>Andere<\/span><\/label><\/p><\/p><\/div><wc-order-attribution-inputs><\/wc-order-attribution-inputs><div class=\"woocommerce-privacy-policy-text\"><p>Wir verwenden Ihre personenbezogenen Daten zur Abwicklung von Bestellungen, zur Unterst\u00fctzung der Nutzung der Website und f\u00fcr die sonstigen in dieser Datenschutzerkl\u00e4rung genannten Zwecke. <a href=\"http:\/\/iotronx.com\/de\/datenschutzbestimmungen\/\">Datenschutzbestimmungen<\/a>.<\/p>\n<\/div>\n\t\t\t\t\t<p class=\"woocommerce-form-row form-row\">\n\t\t\t\t\t\t<input type=\"hidden\" id=\"woocommerce-register-nonce\" name=\"woocommerce-register-nonce\" value=\"278051e97f\" \/><input type=\"hidden\" name=\"_wp_http_referer\" value=\"\/de\/wp-json\/wp\/v2\/pages\/1374\" \/>\t\t\t\t\t\t<button type=\"submit\" class=\"woocommerce-Button woocommerce-button button woocommerce-form-register__submit\" name=\"register\" value=\"Registriraj se\">Register<\/button>\n\t\t\t\t\t<\/p>\n\n\t\t\t\t\t\n\t\t\t\t<input type=\"hidden\" name=\"trp-form-language\" value=\"de\"\/><\/form>\n\t\t\t<\/div>\n\t\t\t<\/div>\n\t\t\t\t\t\t<\/div>\n\t\t\t\t<\/div>\n\t\t\t\t\t<\/div>\n\t\t\t\t<\/div>\n\t\t\t\t<\/div>","protected":false},"excerpt":{"rendered":"<p>Postanite IotronX B2B partner. &#8211; skupaj oblikujmo pametnej\u0161e domove. Prijava v program Pametne re\u0161itve potrebujejo zanesljive partnerje. Pridobite dostop do ekskluzivnih cen, tehni\u010dne podpore in orodij za profesionalno delo. Veleprodaja za podjetja I\u0161\u010dete zanesljivega dobavitelja pametnih naprav za svoje projekte? \u010ce ste monter, elektroin\u0161talater, arhitekt ali podjetje, ki pametne re\u0161itve aktivno vgrajuje ali tr\u017ei, vam [&hellip;]<\/p>","protected":false},"author":1,"featured_media":0,"parent":0,"menu_order":0,"comment_status":"closed","ping_status":"closed","template":"","meta":{"_acf_changed":false,"footnotes":""},"class_list":["post-1374","page","type-page","status-publish","hentry"],"acf":[],"_links":{"self":[{"href":"https:\/\/iotronx.com\/de\/wp-json\/wp\/v2\/pages\/1374","targetHints":{"allow":["GET"]}}],"collection":[{"href":"https:\/\/iotronx.com\/de\/wp-json\/wp\/v2\/pages"}],"about":[{"href":"https:\/\/iotronx.com\/de\/wp-json\/wp\/v2\/types\/page"}],"author":[{"embeddable":true,"href":"https:\/\/iotronx.com\/de\/wp-json\/wp\/v2\/users\/1"}],"replies":[{"embeddable":true,"href":"https:\/\/iotronx.com\/de\/wp-json\/wp\/v2\/comments?post=1374"}],"version-history":[{"count":4,"href":"https:\/\/iotronx.com\/de\/wp-json\/wp\/v2\/pages\/1374\/revisions"}],"predecessor-version":[{"id":10096,"href":"https:\/\/iotronx.com\/de\/wp-json\/wp\/v2\/pages\/1374\/revisions\/10096"}],"wp:attachment":[{"href":"https:\/\/iotronx.com\/de\/wp-json\/wp\/v2\/media?parent=1374"}],"curies":[{"name":"wp","href":"https:\/\/api.w.org\/{rel}","templated":true}]}}