{"id":1564,"date":"2025-07-02T13:10:24","date_gmt":"2025-07-02T13:10:24","guid":{"rendered":"http:\/\/iotronx.com\/?page_id=1564"},"modified":"2025-09-04T23:56:43","modified_gmt":"2025-09-04T23:56:43","slug":"uber-uns","status":"publish","type":"page","link":"https:\/\/iotronx.com\/de\/uber-uns\/","title":{"rendered":"\u00dcber uns"},"content":{"rendered":"<div data-elementor-type=\"wp-page\" data-elementor-id=\"1564\" class=\"elementor elementor-1564\" data-elementor-post-type=\"page\">\n\t\t\t\t<div class=\"elementor-element elementor-element-720e84a e-flex e-con-boxed e-con e-child\" data-id=\"720e84a\" data-element_type=\"container\" data-e-type=\"container\" data-settings=\"{&quot;background_background&quot;:&quot;video&quot;,&quot;background_video_start&quot;:1,&quot;background_play_on_mobile&quot;:&quot;yes&quot;,&quot;background_video_link&quot;:&quot;http:\\\/\\\/iotronx.com\\\/wp-content\\\/uploads\\\/2025\\\/07\\\/0_People_Smart_1280x672.mp4&quot;}\">\n\t\t\t\t\t<div class=\"e-con-inner\">\n\t\t<div class=\"elementor-background-video-container\">\n\t\t\t\t\t\t\t<video class=\"elementor-background-video-hosted\" role=\"presentation\" autoplay muted playsinline loop><\/video>\n\t\t\t\t\t<\/div><div class=\"elementor-element elementor-element-d6c6211 e-con-full e-flex e-con e-child\" data-id=\"d6c6211\" data-element_type=\"container\" data-e-type=\"container\">\n\t\t\t\t<div class=\"elementor-element elementor-element-98350a7 elementor-widget elementor-widget-html\" data-id=\"98350a7\" data-element_type=\"widget\" data-e-type=\"widget\" data-widget_type=\"html.default\">\n\t\t\t\t\t    <section>\n        <h1 class=\"split-heading\">\n        \u00dcber uns\n        <\/h1>\n    <\/section>\n\n\n\n    \n\n    <style>\n       \n        .split-heading {\n            display: block;\n            position: relative;\n            overflow: hidden;\n            line-height: 1.2;\n            opacity: 1; \/* Hide initially to prevent flash *\/\n        }\n        \n        h1.split-heading {\n            font-size: 60px;\n            font-weight: 300;\n            font-family:Ubuntu;\n            color: #fff;\n            z-index: 2;\n                   margin:0;\n                   margin-bottom:10px;\n        }\n        \n        \n        .split-heading .line {\n            display: block;\n            overflow: hidden;\n            position: relative;\n        }\n        \n    \n        .split-heading.ready {\n            opacity: 1;\n        }\n        @media only screen and (max-width:700px){\n            \n         h1.split-heading{\n             font-size:36px;\n             \n         }   \n        }\n    <\/style>\n\n   \n\n\n  \t\t\t\t<\/div>\n\t\t\t\t<div class=\"elementor-element elementor-element-a4e2ec8 elementor-widget elementor-widget-html\" data-id=\"a4e2ec8\" data-element_type=\"widget\" data-e-type=\"widget\" data-widget_type=\"html.default\">\n\t\t\t\t\t    <section>\n        <h2 class=\"split-heading\">\n       Wir sind der Meinung, dass die Technologie f\u00fcr den Menschen arbeiten sollte - nicht umgekehrt.<br> <span>Sie wissen, wer wir sind und wie wir arbeiten.<\/span>\n        <\/h2>\n    <\/section>\n\n\n\n    \n\n    <style>\n       \n       \n        \n     \n        .split-heading span{\n            color:#42BE8E;\n        }\n        \n        .split-heading .line {\n            display: block;\n            overflow: hidden;\n            position: relative;\n        }\n        \n    \n        .split-heading.ready {\n            opacity: 1;\n        }\n  \n    <\/style>\n\n   \n\n\n  \t\t\t\t<\/div>\n\t\t\t\t<\/div>\n\t\t\t\t\t<\/div>\n\t\t\t\t<\/div>\n\t\t<div class=\"elementor-element elementor-element-b5a6839 e-flex e-con-boxed e-con e-parent\" data-id=\"b5a6839\" data-element_type=\"container\" data-e-type=\"container\">\n\t\t\t\t\t<div class=\"e-con-inner\">\n\t\t\t\t<div class=\"elementor-element elementor-element-448b323 elementor-widget elementor-widget-html\" data-id=\"448b323\" data-element_type=\"widget\" data-e-type=\"widget\" data-widget_type=\"html.default\">\n\t\t\t\t\t    <section>\n        <h2 class=\"split-heading\">\n         Wer sind wir?\n\n        <\/h2>\n    <\/section>\n\n\n\n    \n\n  \t\t\t\t<\/div>\n\t\t\t\t<div class=\"elementor-element elementor-element-c57c793 elementor-widget elementor-widget-html\" data-id=\"c57c793\" data-element_type=\"widget\" data-e-type=\"widget\" data-widget_type=\"html.default\">\n\t\t\t\t\t<section>\n     <p class=\"split-paragraph\">                    IoTronX ist ein Unternehmen f\u00fcr intelligente Haus- und Geb\u00e4udeautomation. Unsere L\u00f6sungen verbinden Beleuchtung, Heizung, Beschattung, Sicherheit und andere Systeme zu einer einfachen und effizienten Steuerung. Wir arbeiten mit Bedacht - mit einem Sinn f\u00fcr Raum, Nutzer und Funktionalit\u00e4t. Wir glauben, dass Technik zuverl\u00e4ssig, unauff\u00e4llig und an die t\u00e4glichen Gewohnheiten angepasst sein sollte. Wir kombinieren technisches Know-how, \u00e4sthetisches Gesp\u00fcr und Erfahrung, um intelligente H\u00e4user zu schaffen, die wirklich funktionieren.\n\n<\/p>\n<\/section>\t\t\t\t<\/div>\n\t\t\t\t\t<\/div>\n\t\t\t\t<\/div>\n\t\t<div class=\"elementor-element elementor-element-03880f6 e-flex e-con-boxed e-con e-parent\" data-id=\"03880f6\" data-element_type=\"container\" data-e-type=\"container\">\n\t\t\t\t\t<div class=\"e-con-inner\">\n\t\t\t\t<div class=\"elementor-element elementor-element-97b6d05 elementor-widget elementor-widget-html\" data-id=\"97b6d05\" data-element_type=\"widget\" data-e-type=\"widget\" data-widget_type=\"html.default\">\n\t\t\t\t\t    <section>\n         <h2 class=\"split-heading\">\nWarum IoTronX?\n\n\n        <\/h2>\n        <h3 class=\"split-paragraph\">\nDenn bei uns steht der Benutzer an erster Stelle - nicht die Ger\u00e4te.\n        <\/h3>\n        \n    \n\n      <p class=\"split-paragraph\">IoTronX bietet intelligent konzipierte intelligente Automatisierungspakete, die als Ausgangspunkt f\u00fcr die Entwicklung der optimalen L\u00f6sung f\u00fcr jedes Haus oder Geb\u00e4ude dienen. Jedes Projekt wird auf den Raum, die Bed\u00fcrfnisse und die Vorlieben des Kunden zugeschnitten - von der einfachen Beleuchtungsautomatisierung bis hin zu kompletten Energie-, Beschattungs-, Sicherheits- und Multimedia-Managementsystemen.\n\n<\/p>\n<p class=\"split-paragraph\"\n>\n    Unser Team k\u00fcmmert sich um den gesamten Prozess: von der ersten Konsultation und Beratung bis zur Implementierung und langfristigen Betreuung. Das System bleibt nicht nur eine technische L\u00f6sung - es wird Teil Ihres Alltags.\n<\/p>\n\n<\/section>\n\n\n\n    \n\n    <style>\n       \n        h3.split-paragraph {\n            font-size:24px!important;\n            font-weight: 400;\n            font-family:Ubuntu;\n            color: #375959;\n            z-index: 2;\n            line-height:24px;\n         \n        }\n     p.split-paragraph {\n            font-size:16px;\n            font-weight: 400;\n            font-family:Ubuntu;\n            color: #333747;\n            z-index: 2;\n            line-height:24px;\n         \n        }\n          \n        h2.split-heading {\n            font-size: 48px;\n            font-weight: 300;\n            font-family:Ubuntu;\n            color: #42BE8E;\n            z-index: 2;\n            line-height:54px;\n        }\n        li{\n         \n          margin-top:0px;\n     \n          }\n         @media only screen and (max-width:700px){\n                 \n        h2.split-heading {\n            font-size: 30px;\n            line-height:42px;\n        }\n          h3.split-paragraph {\n            font-size:18px!important;\n            line-height:24px;\n         \n        }\n         p.split-paragraph {\n            font-size:14px;\n            line-height:24px;\n         \n        }\n         }\n       \n    <\/style>\n\n   \n\n\n  \t\t\t\t<\/div>\n\t\t<div class=\"elementor-element elementor-element-d5785c8 e-con-full e-flex e-con e-child\" data-id=\"d5785c8\" data-element_type=\"container\" data-e-type=\"container\">\n\t\t\t\t<div class=\"elementor-element elementor-element-93723fa elementor-widget elementor-widget-html\" data-id=\"93723fa\" data-element_type=\"widget\" data-e-type=\"widget\" data-widget_type=\"html.default\">\n\t\t\t\t\t<div class=\"scroll-gallery\">\n  <div class=\"reveal\">\n    <div class=\"image-wrap\">\n      <img decoding=\"async\" src=\"http:\/\/iotronx.com\/wp-content\/uploads\/2025\/07\/2149936214-1.jpg\" alt=\"\u00dcber uns\">\n    <\/div>\n  <\/div>\n<\/div>\t\t\t\t<\/div>\n\t\t\t\t<\/div>\n\t\t\t\t\t<\/div>\n\t\t\t\t<\/div>\n\t\t<div class=\"elementor-element elementor-element-14f78db e-flex e-con-boxed e-con e-parent\" data-id=\"14f78db\" data-element_type=\"container\" data-e-type=\"container\">\n\t\t\t\t\t<div class=\"e-con-inner\">\n\t\t\t\t<div class=\"elementor-element elementor-element-6534e48 elementor-widget elementor-widget-html\" data-id=\"6534e48\" data-element_type=\"widget\" data-e-type=\"widget\" data-widget_type=\"html.default\">\n\t\t\t\t\t    <section>\n         <h2 class=\"split-heading\">\nWie Sie mit uns arbeiten k\u00f6nnen\n\n\n        <\/h2>\n        <h3 class=\"split-paragraph\">\n<b>Vom ersten Gespr\u00e4ch zu dauerhaften Ma\u00dfnahmen<\/b>\n<br> - einfach, transparent und ohne \u00dcberraschungen.\n        <\/h3>\n        \n    \n\n     \n<\/section>\n\n\n\n    \n\n    <style>\n       \n        h3.split-paragraph {\n            font-size:24px!important;\n            font-weight: 400;\n            font-family:Ubuntu;\n            color: #375959;\n            z-index: 2;\n            line-height:34px;\n      \n         \n        }\n     p.split-paragraph {\n            font-size:16px;\n            font-weight: 400;\n            font-family:Ubuntu;\n            color: #333747;\n            z-index: 2;\n            line-height:24px;\n         \n        }\n          \n        h2.split-heading {\n            font-size: 48px;\n            font-weight: 300;\n            font-family:Ubuntu;\n            color: #42BE8E;\n            z-index: 2;\n            line-height:54px;\n            margin-bottom:0;\n        }\n        li{\n         \n          margin-top:0px;\n     \n          }\n         @media only screen and (max-width:700px){\n                 \n        h2.split-heading {\n            font-size: 30px;\n            line-height:42px;\n        }\n          h3.split-paragraph {\n            font-size:18px!important;\n            line-height:24px;\n         \n        }\n         p.split-paragraph {\n            font-size:14px;\n            line-height:24px;\n         \n        }\n         }\n       \n    <\/style>\n\n   \n\n\n  \t\t\t\t<\/div>\n\t\t\t\t<div class=\"elementor-element elementor-element-4ad7ead elementor-widget elementor-widget-html\" data-id=\"4ad7ead\" data-element_type=\"widget\" data-e-type=\"widget\" data-widget_type=\"html.default\">\n\t\t\t\t\t<div class=\"steps\">\n    <div class=\"step\">\n        <section>\n         <h3 class=\"split-paragraph\">\n1. die Konsultation\n        <\/h3>\n        \n      <p class=\"split-paragraph\">Wir beginnen unsere Zusammenarbeit mit einem Gespr\u00e4ch, um Ihre Bed\u00fcrfnisse, Ihren Raum und Ihren Lebensstil kennen zu lernen. Wir beraten Sie \u00fcber die besten Optionen f\u00fcr Ihre Situation - praktisch, durchdacht und ohne technischen Ballast.\n\n<\/p>\n<\/section>\n    <\/div>\n    \n     <div class=\"step\">\n        <section>\n         <h3 class=\"split-paragraph\">\n2. die Planung\n        <\/h3>\n        \n      <p class=\"split-paragraph\">Wir erstellen einen technischen Vorschlag f\u00fcr eine L\u00f6sung mit klar aufgeschl\u00fcsselten Funktionalit\u00e4ten, Komponenten und Kosten. Wenn es sich um einen Neubau handelt, arbeiten wir auch mit Ihrem Architekten oder Designer zusammen.\n<\/p>\n<\/section>\n    <\/div>\n     <div class=\"step\">\n        <section>\n         <h3 class=\"split-paragraph\">\n3. die Umsetzung\n        <\/h3>\n        \n      <p class=\"split-paragraph\">Unser Team f\u00fchrt das gesamte System aus - von der Verkabelung \u00fcber die Installation bis zur Konfiguration. Die Arbeiten werden in Abstimmung mit anderen Auftragnehmern und innerhalb der vereinbarten Fristen ausgef\u00fchrt.\n\n<\/p>\n<\/section>\n    <\/div>\n     <div class=\"step\">\n        <section>\n         <h3 class=\"split-paragraph\">\n4. die Inbetriebnahme und \u00dcbergabe\n        <\/h3>\n        \n      <p class=\"split-paragraph\">Nach der Installation testen wir das System, passen es an Ihre W\u00fcnsche an und f\u00fchren Sie durch die Nutzung. Es ist uns wichtig, dass alles einfach und intuitiv funktioniert - auch f\u00fcr Nicht-Techniker.\n\n<\/p>\n<\/section>\n    <\/div>\n     <div class=\"step\">\n        <section>\n         <h3 class=\"split-paragraph\">\n5. unterst\u00fctzen\n        <\/h3>\n        \n      <p class=\"split-paragraph\">Wir bleiben auch nach Abschluss des Projekts an Ihrer Seite. Wir stehen f\u00fcr Erweiterungen, Fragen oder \u00c4nderungen zur Verf\u00fcgung - denn wir wissen, dass sich die Bed\u00fcrfnisse eines Hauses im Laufe der Zeit \u00e4ndern k\u00f6nnen.\n\n\n<\/p>\n\n<\/section>\n    <\/div>\n    \n    \n    \n     <div class=\"step\" id=\"ctaa\">\n        <section>\n         <h3 class=\"split-paragraph\">\nSind Sie bereit f\u00fcr ein intelligenteres Zuhause?\n        <\/h3>\n        \n      <p class=\"split-paragraph\">Setzen Sie sich mit uns in Verbindung und lassen Sie uns gemeinsam eine L\u00f6sung finden, die Ihrem Lebensstil entspricht - heute und in Zukunft.\n\n<\/p>\n\n<\/section>\n<a href=\"http:\/\/iotronx.com\/de\/kontakt\/\">\n    <div class=\"main-btn1\">\n    <span>\n    Anfrage senden\n    <\/span>\n    <div class=\"sq\">\n     \n    <\/div>\n    <img decoding=\"async\" src=\"http:\/\/iotronx.com\/wp-content\/uploads\/2025\/06\/arrow-small-right-color.svg\">\n<\/div>\n<\/a>\n\n    <\/div>\n<\/div>\n\n\n\n\n<style>\n.steps{\n    display:flex;\n    gap:30px 2%;\n    justify-content: space-between;\n    flex-wrap:wrap;\n}\n    .steps .step{\n       width:32%;\n       background-color: #F9F9F9;\n       border:2px solid  #E4E4E4;\n       border-radius:10px;\n       padding:30px 30px 25px 35px;\n    \n    }\n    .steps    p.split-paragraph {\n            font-size:16px;\n            font-weight: 400;\n            font-family:Ubuntu;\n            color: #333747;\n            z-index: 2;\n            line-height:30px;\n         \n        }\n        .steps h3{\n            color:#42BE8E;\n            font-weight: 500;\n        }\n        \n        #ctaa{\n            background-color: #E8F7F1;\n            border:2px solid #42BE8E;\n        }\n        \n        @media only screen and (max-width:700px){\n            .steps .step{\n                width:100%;\n                padding:20px 10px 10px 20px;\n            }\n        }\n        @media only screen and (min-width:700px) and (max-width:1050px){\n            .steps .step{\n                width:49%;\n            }\n        }\n<\/style>\t\t\t\t<\/div>\n\t\t\t\t\t<\/div>\n\t\t\t\t<\/div>\n\t\t<div class=\"elementor-element elementor-element-3ef4321 e-flex e-con-boxed e-con e-parent\" data-id=\"3ef4321\" data-element_type=\"container\" data-e-type=\"container\">\n\t\t\t\t\t<div class=\"e-con-inner\">\n\t\t\t\t<div class=\"elementor-element elementor-element-bd23c89 elementor-widget elementor-widget-html\" data-id=\"bd23c89\" data-element_type=\"widget\" data-e-type=\"widget\" data-widget_type=\"html.default\">\n\t\t\t\t\t    <section>\n         <h2 class=\"split-heading\">\nGalerie der Projekte\n\n\n        <\/h2>\n      \n        \n    \n\n     \n<\/section>\n\n\n\t\t\t\t<\/div>\n\t\t\t\t\t<\/div>\n\t\t\t\t<\/div>\n\t\t<div class=\"elementor-element elementor-element-e5b5fcd e-con-full e-flex e-con e-parent\" data-id=\"e5b5fcd\" data-element_type=\"container\" data-e-type=\"container\">\n\t\t\t\t<div class=\"elementor-element elementor-element-0985fcf elementor-widget elementor-widget-image-carousel\" data-id=\"0985fcf\" data-element_type=\"widget\" data-e-type=\"widget\" data-settings=\"{&quot;slides_to_show&quot;:&quot;5&quot;,&quot;slides_to_scroll&quot;:&quot;1&quot;,&quot;navigation&quot;:&quot;none&quot;,&quot;autoplay_speed&quot;:0,&quot;speed&quot;:5000,&quot;image_spacing_custom&quot;:{&quot;unit&quot;:&quot;px&quot;,&quot;size&quot;:35,&quot;sizes&quot;:[]},&quot;slides_to_show_laptop&quot;:&quot;4&quot;,&quot;autoplay&quot;:&quot;yes&quot;,&quot;infinite&quot;:&quot;yes&quot;,&quot;image_spacing_custom_widescreen&quot;:{&quot;unit&quot;:&quot;px&quot;,&quot;size&quot;:&quot;&quot;,&quot;sizes&quot;:[]},&quot;image_spacing_custom_laptop&quot;:{&quot;unit&quot;:&quot;px&quot;,&quot;size&quot;:&quot;&quot;,&quot;sizes&quot;:[]},&quot;image_spacing_custom_tablet&quot;:{&quot;unit&quot;:&quot;px&quot;,&quot;size&quot;:&quot;&quot;,&quot;sizes&quot;:[]},&quot;image_spacing_custom_mobile&quot;:{&quot;unit&quot;:&quot;px&quot;,&quot;size&quot;:&quot;&quot;,&quot;sizes&quot;:[]}}\" data-widget_type=\"image-carousel.default\">\n\t\t\t\t\t\t\t<div class=\"elementor-image-carousel-wrapper swiper\" role=\"region\" aria-roledescription=\"carousel\" aria-label=\"Bild von Karussell\" dir=\"ltr\">\n\t\t\t<div class=\"elementor-image-carousel swiper-wrapper\" aria-live=\"off\">\n\t\t\t\t\t\t\t\t<div class=\"swiper-slide\" role=\"group\" aria-roledescription=\"slide\" aria-label=\"1 von 8\" data-no-translation-aria-label=\"\"><a data-elementor-open-lightbox=\"yes\" data-elementor-lightbox-slideshow=\"0985fcf\" data-elementor-lightbox-title=\"no humans tree outdoors scenery house sky window building grass day door blue sky bush road\" data-elementor-lightbox-description=\"no humans tree outdoors scenery house sky window building grass day door blue sky bush road\" data-e-action-hash=\"#elementor-action%3Aaction%3Dlightbox%26settings%3DeyJpZCI6NTYxLCJ1cmwiOiJodHRwczpcL1wvaW90cm9ueC5jb21cL3dwLWNvbnRlbnRcL3VwbG9hZHNcLzIwMjVcLzA2XC9uby1odW1hbnMtdHJlZS1vdXRkb29ycy1zY2VuZXJ5LWhvdXNlLXNreS13aW5kb3ctYnVpbGRpbmctZ3Jhc3MtZGF5LWRvb3ItYmx1ZS1za3ktYnVzaC1yb2FkLnBuZyIsInNsaWRlc2hvdyI6IjA5ODVmY2YifQ%3D%3D\" href=\"https:\/\/iotronx.com\/wp-content\/uploads\/2025\/06\/no-humans-tree-outdoors-scenery-house-sky-window-building-grass-day-door-blue-sky-bush-road.png\"><figure class=\"swiper-slide-inner\"><img decoding=\"async\" class=\"swiper-slide-image\" src=\"https:\/\/iotronx.com\/wp-content\/uploads\/2025\/06\/no-humans-tree-outdoors-scenery-house-sky-window-building-grass-day-door-blue-sky-bush-road.png\" alt=\"keine Menschen Baum im Freien Landschaft Haus Himmel Fenster Geb\u00e4ude Gras Tag T\u00fcr blauer Himmel Busch Stra\u00dfe\" \/><\/figure><\/a><\/div><div class=\"swiper-slide\" role=\"group\" aria-roledescription=\"slide\" aria-label=\"2 von 8\" data-no-translation-aria-label=\"\"><a data-elementor-open-lightbox=\"yes\" data-elementor-lightbox-slideshow=\"0985fcf\" data-elementor-lightbox-title=\"48954\" data-elementor-lightbox-description=\"48954\" data-e-action-hash=\"#elementor-action%3Aaction%3Dlightbox%26settings%3DeyJpZCI6NTYyLCJ1cmwiOiJodHRwczpcL1wvaW90cm9ueC5jb21cL3dwLWNvbnRlbnRcL3VwbG9hZHNcLzIwMjVcLzA2XC80ODk1NC5wbmciLCJzbGlkZXNob3ciOiIwOTg1ZmNmIn0%3D\" href=\"https:\/\/iotronx.com\/wp-content\/uploads\/2025\/06\/48954.png\"><figure class=\"swiper-slide-inner\"><img decoding=\"async\" class=\"swiper-slide-image\" src=\"https:\/\/iotronx.com\/wp-content\/uploads\/2025\/06\/48954.png\" alt=\"48954\" \/><\/figure><\/a><\/div><div class=\"swiper-slide\" role=\"group\" aria-roledescription=\"slide\" aria-label=\"3 von 8\" data-no-translation-aria-label=\"\"><a data-elementor-open-lightbox=\"yes\" data-elementor-lightbox-slideshow=\"0985fcf\" data-elementor-lightbox-title=\"pametni dom\" data-elementor-lightbox-description=\"pametni dom\" data-e-action-hash=\"#elementor-action%3Aaction%3Dlightbox%26settings%3DeyJpZCI6MTYsInVybCI6Imh0dHBzOlwvXC9pb3Ryb254LmNvbVwvd3AtY29udGVudFwvdXBsb2Fkc1wvMjAyNVwvMDZcL3BhbWV0bmktZG9tLnBuZyIsInNsaWRlc2hvdyI6IjA5ODVmY2YifQ%3D%3D\" href=\"https:\/\/iotronx.com\/wp-content\/uploads\/2025\/06\/pametni-dom.png\"><figure class=\"swiper-slide-inner\"><img decoding=\"async\" class=\"swiper-slide-image\" src=\"https:\/\/iotronx.com\/wp-content\/uploads\/2025\/06\/pametni-dom.png\" alt=\"intelligentes Zuhause\" \/><\/figure><\/a><\/div><div class=\"swiper-slide\" role=\"group\" aria-roledescription=\"slide\" aria-label=\"4 von 8\" data-no-translation-aria-label=\"\"><a data-elementor-open-lightbox=\"yes\" data-elementor-lightbox-slideshow=\"0985fcf\" data-elementor-lightbox-title=\"11787\" data-elementor-lightbox-description=\"11787\" data-e-action-hash=\"#elementor-action%3Aaction%3Dlightbox%26settings%3DeyJpZCI6MjkxLCJ1cmwiOiJodHRwczpcL1wvaW90cm9ueC5jb21cL3dwLWNvbnRlbnRcL3VwbG9hZHNcLzIwMjVcLzA2XC8xMTc4Ny5qcGciLCJzbGlkZXNob3ciOiIwOTg1ZmNmIn0%3D\" href=\"https:\/\/iotronx.com\/wp-content\/uploads\/2025\/06\/11787.jpg\"><figure class=\"swiper-slide-inner\"><img decoding=\"async\" class=\"swiper-slide-image\" src=\"https:\/\/iotronx.com\/wp-content\/uploads\/2025\/06\/11787.jpg\" alt=\"11787\" \/><\/figure><\/a><\/div><div class=\"swiper-slide\" role=\"group\" aria-roledescription=\"slide\" aria-label=\"5 von 8\" data-no-translation-aria-label=\"\"><a data-elementor-open-lightbox=\"yes\" data-elementor-lightbox-slideshow=\"0985fcf\" data-elementor-lightbox-title=\"2149036904\" data-elementor-lightbox-description=\"2149036904\" data-e-action-hash=\"#elementor-action%3Aaction%3Dlightbox%26settings%3DeyJpZCI6MjkwLCJ1cmwiOiJodHRwczpcL1wvaW90cm9ueC5jb21cL3dwLWNvbnRlbnRcL3VwbG9hZHNcLzIwMjVcLzA2XC8yMTQ5MDM2OTA0LmpwZyIsInNsaWRlc2hvdyI6IjA5ODVmY2YifQ%3D%3D\" href=\"https:\/\/iotronx.com\/wp-content\/uploads\/2025\/06\/2149036904.jpg\"><figure class=\"swiper-slide-inner\"><img decoding=\"async\" class=\"swiper-slide-image\" src=\"https:\/\/iotronx.com\/wp-content\/uploads\/2025\/06\/2149036904.jpg\" alt=\"2149036904\" \/><\/figure><\/a><\/div><div class=\"swiper-slide\" role=\"group\" aria-roledescription=\"slide\" aria-label=\"6 von 8\" data-no-translation-aria-label=\"\"><a data-elementor-open-lightbox=\"yes\" data-elementor-lightbox-slideshow=\"0985fcf\" data-elementor-lightbox-title=\"102350\" data-elementor-lightbox-description=\"102350\" data-e-action-hash=\"#elementor-action%3Aaction%3Dlightbox%26settings%3DeyJpZCI6MjkyLCJ1cmwiOiJodHRwczpcL1wvaW90cm9ueC5jb21cL3dwLWNvbnRlbnRcL3VwbG9hZHNcLzIwMjVcLzA2XC8xMDIzNTAuanBnIiwic2xpZGVzaG93IjoiMDk4NWZjZiJ9\" href=\"https:\/\/iotronx.com\/wp-content\/uploads\/2025\/06\/102350.jpg\"><figure class=\"swiper-slide-inner\"><img decoding=\"async\" class=\"swiper-slide-image\" src=\"https:\/\/iotronx.com\/wp-content\/uploads\/2025\/06\/102350.jpg\" alt=\"102350\" \/><\/figure><\/a><\/div><div class=\"swiper-slide\" role=\"group\" aria-roledescription=\"slide\" aria-label=\"7 von 8\" data-no-translation-aria-label=\"\"><a data-elementor-open-lightbox=\"yes\" data-elementor-lightbox-slideshow=\"0985fcf\" data-elementor-lightbox-title=\"2149036905\" data-elementor-lightbox-description=\"2149036905\" data-e-action-hash=\"#elementor-action%3Aaction%3Dlightbox%26settings%3DeyJpZCI6MTIzMSwidXJsIjoiaHR0cHM6XC9cL2lvdHJvbnguY29tXC93cC1jb250ZW50XC91cGxvYWRzXC8yMDI1XC8wNlwvMjE0OTAzNjkwNS5qcGciLCJzbGlkZXNob3ciOiIwOTg1ZmNmIn0%3D\" href=\"https:\/\/iotronx.com\/wp-content\/uploads\/2025\/06\/2149036905.jpg\"><figure class=\"swiper-slide-inner\"><img decoding=\"async\" class=\"swiper-slide-image\" src=\"https:\/\/iotronx.com\/wp-content\/uploads\/2025\/06\/2149036905.jpg\" alt=\"2149036905\" \/><\/figure><\/a><\/div><div class=\"swiper-slide\" role=\"group\" aria-roledescription=\"slide\" aria-label=\"8 von 8\" data-no-translation-aria-label=\"\"><a data-elementor-open-lightbox=\"yes\" data-elementor-lightbox-slideshow=\"0985fcf\" data-elementor-lightbox-title=\"Rectangle 178\" data-elementor-lightbox-description=\"Rectangle 178\" data-e-action-hash=\"#elementor-action%3Aaction%3Dlightbox%26settings%3DeyJpZCI6Nzg2LCJ1cmwiOiJodHRwczpcL1wvaW90cm9ueC5jb21cL3dwLWNvbnRlbnRcL3VwbG9hZHNcLzIwMjVcLzA2XC9SZWN0YW5nbGUtMTc4LnBuZyIsInNsaWRlc2hvdyI6IjA5ODVmY2YifQ%3D%3D\" href=\"https:\/\/iotronx.com\/wp-content\/uploads\/2025\/06\/Rectangle-178.png\"><figure class=\"swiper-slide-inner\"><img decoding=\"async\" class=\"swiper-slide-image\" src=\"https:\/\/iotronx.com\/wp-content\/uploads\/2025\/06\/Rectangle-178.png\" alt=\"Rechteck 178\" \/><\/figure><\/a><\/div>\t\t\t<\/div>\n\t\t\t\t\t\t\t\n\t\t\t\t\t\t\t\t\t<\/div>\n\t\t\t\t\t\t<\/div>\n\t\t\t\t<\/div>\n\t\t\t\t<\/div>","protected":false},"excerpt":{"rendered":"<p>O nas Verjamemo, da mora tehnologija delovati za \u010dloveka \u2013 ne obratno. Spoznajte, kdo smo in kako delamo. Kdo smo ? IoTronX je podjetje za pametno avtomatizacijo domov in objektov. Na\u0161e re\u0161itve povezujejo razsvetljavo, ogrevanje, sen\u010denje, varnost in druge sisteme v enostaven in u\u010dinkovit nadzor. Delujemo premi\u0161ljeno \u2013 z ob\u010dutkom za prostor, uporabnika in funkcionalnost. [&hellip;]<\/p>","protected":false},"author":1,"featured_media":0,"parent":0,"menu_order":0,"comment_status":"closed","ping_status":"closed","template":"","meta":{"_acf_changed":false,"footnotes":""},"class_list":["post-1564","page","type-page","status-publish","hentry"],"acf":[],"_links":{"self":[{"href":"https:\/\/iotronx.com\/de\/wp-json\/wp\/v2\/pages\/1564","targetHints":{"allow":["GET"]}}],"collection":[{"href":"https:\/\/iotronx.com\/de\/wp-json\/wp\/v2\/pages"}],"about":[{"href":"https:\/\/iotronx.com\/de\/wp-json\/wp\/v2\/types\/page"}],"author":[{"embeddable":true,"href":"https:\/\/iotronx.com\/de\/wp-json\/wp\/v2\/users\/1"}],"replies":[{"embeddable":true,"href":"https:\/\/iotronx.com\/de\/wp-json\/wp\/v2\/comments?post=1564"}],"version-history":[{"count":4,"href":"https:\/\/iotronx.com\/de\/wp-json\/wp\/v2\/pages\/1564\/revisions"}],"predecessor-version":[{"id":10256,"href":"https:\/\/iotronx.com\/de\/wp-json\/wp\/v2\/pages\/1564\/revisions\/10256"}],"wp:attachment":[{"href":"https:\/\/iotronx.com\/de\/wp-json\/wp\/v2\/media?parent=1564"}],"curies":[{"name":"wp","href":"https:\/\/api.w.org\/{rel}","templated":true}]}}