{"id":10055,"date":"2025-08-07T21:38:00","date_gmt":"2025-08-07T21:38:00","guid":{"rendered":"http:\/\/iotronx.com\/?post_type=product&#038;p=10055"},"modified":"2026-01-28T08:16:53","modified_gmt":"2026-01-28T08:16:53","slug":"wdyk-rcbo-pow-16a-2p-wi-fi-smart-fehlerstrom-schutzschalter-test","status":"publish","type":"product","link":"https:\/\/iotronx.com\/de\/product\/wdyk-rcbo-pow-16a-2p-wi-fi-smart-fehlerstrom-schutzschalter-test\/","title":{"rendered":"WDYK RCBO POW 16A 2P Wi-Fi Smart Residual Current Circuit Breaker -test"},"content":{"rendered":"<p><strong>RCBO POW 16A 2P ist<\/strong> <strong>Dualer (1P+1N) intelligenter Differenzialschutzschalter mit Strommessung (RCBO), der Phase und Neutralleiter gleichzeitig steuert, ausgestattet mit Wi-Fi und Unterst\u00fctzung f\u00fcr eWeLink Cloud und eWeLink App<\/strong>. <strong>Unterst\u00fctzt maximal 16A.<\/strong> Die maximale Kapazit\u00e4t kann so eingestellt werden, dass Sie niedrigere Abschaltwerte festlegen k\u00f6nnen.<\/p>\n<p>Aber es ist nicht nur ein Stromkreisunterbrecher, denn <strong>verf\u00fcgt \u00fcber eine Leistungsmessungs-\/Energie\u00fcberwachungsfunktion und kann daher auch zur Messung des Stromverbrauchs verwendet werden.<\/strong> Au\u00dferdem verf\u00fcgt es \u00fcber ein eingebautes OPS-System (<strong>\u00dcberlastschutzsystem)<\/strong>der die angeschlossenen Ger\u00e4te vor \u00dcberspannung, \u00dcberstrom und \u00dcberlast sch\u00fctzt.<\/p>\n<p>&nbsp;<\/p>\n<blockquote><p><strong>Was ist der Unterschied zwischen MCB und RCBO?<\/strong><\/p>\n<p>Der MCB kann nicht gegen Erdschl\u00fcsse sch\u00fctzen, w\u00e4hrend der RCBO auch gegen Stromschl\u00e4ge und Erdschl\u00fcsse sch\u00fctzt. Der MCB \u00fcberwacht den Strom und unterbricht den Stromkreis im Falle eines Kurzschlusses und einer \u00dcberlast. Im Gegensatz dazu \u00fcberwacht der FI-Schutzschalter den Strom durch den Phasenleiter und den R\u00fcckstrom durch den Neutralleiter. Der FI-Schutzschalter kann den Stromkreis bei Ableitstrom gegen Erde, Kurzschluss und \u00dcberstrom unterbrechen.<\/p>\n<p>Der RCBO sch\u00fctzt gegen Erdschluss, Kurzschluss und \u00dcberlast, w\u00e4hrend der MCB nur gegen Kurzschluss und \u00dcberlast sch\u00fctzt.<\/p><\/blockquote>\n<p>&nbsp;<\/p>\n<p>Das Ger\u00e4t ben\u00f6tigt eine Phase und einen Nullleiter auf der Eingangsseite und hat auch eine Phase und einen Nullleiter auf der Ausgangsseite. Mit der eWeLink-App k\u00f6nnen Sie den Schutzschalter \u00fcber das Internet und ein iOS- (Apple) oder Android-Smartphone ein- und ausschalten und auch automatische Ein- und Ausschaltzeitpl\u00e4ne festlegen. Das Ger\u00e4t verf\u00fcgt auch \u00fcber eine physische Taste, \u00e4hnlich wie herk\u00f6mmliche Schutzschalter. Die Ein-\/Ausschalttaste ist mit einem eingebauten Motor ausgestattet, so dass sie auch aus der Ferne bedient werden kann. Die gemeinsame Steuerung mit anderen Benutzern in der App wird ebenfalls unterst\u00fctzt.<\/p>\n<p><strong>Echtzeit-Strommessfunktion, Tages- und Monatsstatistiken werden in der mobilen App angezeigt. Sie unterst\u00fctzt auch das Herunterladen von Verbrauchsdaten auf ein Smartphone im CSV-Format.<\/strong> Ein intelligentes Relais hilft nicht nur beim ferngesteuerten und zeitgesteuerten Ein- und Ausschalten, es ist auch die ideale L\u00f6sung, um Ihren Stromverbrauch zu verstehen und zu optimieren.<\/p>\n<p>Das Ger\u00e4t misst nicht nur die aktuelle Leistungsaufnahme, sondern zeigt auch die aktuellen Spannungs- und Stromdaten auf dem Display an. Es sind OPS-Einstellungen (\u00dcberlastungsschutz) mit minimaler Leistung, maximaler Leistung, maximalem Strom und maximaler Spannung verf\u00fcgbar. Der Export von bis zu 100 Tagen Verbrauchshistorie wird \u00fcber die eWeLink-Cloud im CSV-Format auf ein Smartphone unterst\u00fctzt.<\/p>\n<p>&nbsp;<\/p>\n<p><strong>Produktmerkmale:<\/strong><\/p>\n<ul>\n<li><strong>Smart RCBO<\/strong> - Smart Differential Circuit Breaker mit Strommessung<\/li>\n<li><strong>Ausgestattet mit Wi-Fi<\/strong>Die Verbindung zur eWeLink-Cloud erfolgt \u00fcber einen Wi-Fi-Router, die Verwaltung \u00fcber <strong>eWeLink-Anwendungen<\/strong>keine lokale Zentraleinheit (Hub) erforderlich<\/li>\n<li><strong>Doppelter Schutzschalter f\u00fcr Phase und Nullleiter<\/strong><\/li>\n<li><strong>Leistungsmessung in Echtzeit -<\/strong> zeigt Stromverbrauch, Spannung und Strom in der eWeLink-App an<\/li>\n<li><strong>Messung des Verbrauchs f\u00fcr einen bestimmten Zeitraum -<\/strong> Stoppuhrfunktion, der Verbrauch wird vom Einschalten bis zum Ausschalten gemessen<\/li>\n<li><strong>Energieverbrauchsstatistiken -<\/strong> t\u00e4gliche und monatliche aggregierte Verbrauchsstatistiken, die in der App angezeigt werden (monatliche Daten f\u00fcr die letzten 100 Tage)<\/li>\n<li><strong>OPS<\/strong>\u00dcberlastschutzeinstellungen<\/li>\n<li><strong>Fernbedienung ein\/aus<\/strong> - Sie k\u00f6nnen Ihre Ger\u00e4te jederzeit und \u00fcberall aus der Ferne steuern<\/li>\n<li><strong>Mobile App<\/strong> - Kostenlose eWeLink-App f\u00fcr iOS und Android<\/li>\n<li><strong>Synchronisierung des Status<\/strong> - den aktuellen Relaisstatus (ein\/aus) in der mobilen App \u00fcberpr\u00fcfen<\/li>\n<li><strong>Zeitschaltuhr<\/strong> - verschiedene Timer-Funktionen: einmaliges Einschalten, Timer, Countdown, Wiederholung<\/li>\n<li><strong>Gemeinsame Verwaltung<\/strong> - Ihr Ger\u00e4t gemeinsam mit Ihrer Familie oder anderen Nutzern verwalten<\/li>\n<li><strong>Leitung der Gruppe<\/strong> - \u00e4hnliche Ger\u00e4te gruppieren und gemeinsam ein- und ausschalten<\/li>\n<li><strong>Intelligente Szenen<\/strong> - automatisches Ein- und Ausschalten auf der Grundlage von Temperatur-, Feuchtigkeits- oder anderen Umgebungssensoren<\/li>\n<li><strong>Kompatibilit\u00e4t -<\/strong> arbeitet nahtlos mit Amazon Alexa, Google Assistant, IFTTT und Google Nest zusammen<\/li>\n<li><strong>Kompatibel mit eWeLink<\/strong> - nutzt die eWeLink-Cloud und die mit Sonoff- und SmartWise-Ger\u00e4ten kompatible App<\/li>\n<\/ul>","protected":false},"excerpt":{"rendered":"<p>Dieser mit Wi-Fi-Chip ausgestattete WDYK Smart RCBO (Residual Current Circuit Breaker) mit Leistungsmesser ist ein mit der Sonoff\/eWeLink-App kompatibles intelligentes Ger\u00e4t, das \u00fcber das Internet von einem Mobiltelefon aus ferngesteuert werden kann, das zeitgesteuertes Ein- und Ausschalten unterst\u00fctzt, App-Benachrichtigungen beim Ein- oder Ausschalten senden kann, den Stromverbrauch misst, \u00fcber ein OPS (Overload Protection System) verf\u00fcgt und eine maximale Kapazit\u00e4t von 16 A hat. Es wird direkt an einen Wi-Fi-Router angeschlossen, eine lokale Zentraleinheit oder ein Hub ist nicht erforderlich. 2P (1P+1N) Version des Produkts mit Strommess- und \u00dcberlastungsschutzfunktionen.<\/p>","protected":false},"featured_media":7488,"template":"","meta":{"_acf_changed":false},"product_brand":[122],"product_cat":[91],"product_tag":[],"class_list":{"0":"post-10055","1":"product","2":"type-product","3":"status-publish","4":"has-post-thumbnail","6":"product_brand-wdyk","7":"product_cat-nadzor-porabe-energije","9":"first","10":"outofstock","11":"sale","12":"taxable","13":"shipping-taxable","14":"purchasable","15":"product-type-simple"},"acf":[],"_links":{"self":[{"href":"https:\/\/iotronx.com\/de\/wp-json\/wp\/v2\/product\/10055","targetHints":{"allow":["GET"]}}],"collection":[{"href":"https:\/\/iotronx.com\/de\/wp-json\/wp\/v2\/product"}],"about":[{"href":"https:\/\/iotronx.com\/de\/wp-json\/wp\/v2\/types\/product"}],"wp:featuredmedia":[{"embeddable":true,"href":"https:\/\/iotronx.com\/de\/wp-json\/wp\/v2\/media\/7488"}],"wp:attachment":[{"href":"https:\/\/iotronx.com\/de\/wp-json\/wp\/v2\/media?parent=10055"}],"wp:term":[{"taxonomy":"product_brand","embeddable":true,"href":"https:\/\/iotronx.com\/de\/wp-json\/wp\/v2\/product_brand?post=10055"},{"taxonomy":"product_cat","embeddable":true,"href":"https:\/\/iotronx.com\/de\/wp-json\/wp\/v2\/product_cat?post=10055"},{"taxonomy":"product_tag","embeddable":true,"href":"https:\/\/iotronx.com\/de\/wp-json\/wp\/v2\/product_tag?post=10055"}],"curies":[{"name":"wp","href":"https:\/\/api.w.org\/{rel}","templated":true}]}}