{"id":10703,"date":"2026-02-06T21:07:59","date_gmt":"2026-02-06T21:07:59","guid":{"rendered":"https:\/\/iotronx.com\/?post_type=product&#038;p=10703"},"modified":"2026-02-06T21:14:19","modified_gmt":"2026-02-06T21:14:19","slug":"sonoff-dongle-plus-mg24","status":"publish","type":"product","link":"https:\/\/iotronx.com\/de\/product\/sonoff-dongle-plus-mg24\/","title":{"rendered":"Sonoff Dongle Plus MG24 USB-Adapter (Dongle-PMG24) (ZigBee 3.0)"},"content":{"rendered":"<p data-start=\"41\" data-end=\"464\"><strong data-start=\"41\" data-end=\"64\">Sonoff Dongle-PMG24<\/strong> - amtlich benannt <strong data-start=\"83\" data-end=\"123\">\u00bbZigbee\/Thread USB-Dongle Plus MG24\u00ab<\/strong> - ist eine der fortschrittlichsten USB-Dongle-L\u00f6sungen von Sonoff und bietet hervorragende Leistung und Vielseitigkeit. Angetrieben von einem Hochleistungs-SoC <strong data-start=\"259\" data-end=\"272\">EFR32MG24<\/strong> s <strong data-start=\"275\" data-end=\"292\">1536 KB Flash<\/strong> und <strong data-start=\"296\" data-end=\"310\">256 KB RAM<\/strong>, was im Vergleich zu fr\u00fcheren Modellen deutlich mehr Systemressourcen bedeutet. Dies erm\u00f6glicht eine schnellere Reaktion der Automatisierung und eine stabilere Verwaltung von Subger\u00e4ten.<\/p>\n<p data-start=\"466\" data-end=\"895\">Das Ger\u00e4t ist werkseitig mit einer Firmware f\u00fcr <strong data-start=\"528\" data-end=\"550\">Zigbee-Koordinator<\/strong>, kann aber mit Hilfe des Online-Tools sehr einfach auf andere Rollen umprogrammiert werden <strong data-start=\"644\" data-end=\"669\">SONOFF Dongle Flasher<\/strong> - zum Beispiel in <strong data-start=\"684\" data-end=\"708\">Zigbee-Router<\/strong>, <strong data-start=\"710\" data-end=\"728\">OpenThread RCP<\/strong> oder sogar <strong data-start=\"738\" data-end=\"758\">MultiPAN-Ger\u00e4t<\/strong> - alles in weniger als einer Minute. Das Paket kommt mit <strong data-start=\"809\" data-end=\"837\">1 Meter langes USB-Verl\u00e4ngerungskabel<\/strong>, was eine flexible Positionierung erm\u00f6glicht und St\u00f6rungen auf ein Minimum reduziert.<\/p>\n<p data-start=\"897\" data-end=\"1293\">Geh\u00e4use aus <strong data-start=\"907\" data-end=\"930\">Aluminiumlegierungen<\/strong> ist langlebig, korrosions- und druckbest\u00e4ndig und verleiht dem Ger\u00e4t ein modernes und stilvolles Aussehen. Eingebaut <strong data-start=\"1033\" data-end=\"1049\">3 dBi-Antenne<\/strong> ist optimiert auf <strong data-start=\"1069\" data-end=\"1080\">4,5 dBi<\/strong>, mit der Sie Folgendes erreichen k\u00f6nnen <strong data-start=\"1103\" data-end=\"1137\">200 Meter im Freien<\/strong>. Dieser Dongle ist eine gute Wahl f\u00fcr fortgeschrittene Smart-Home-Entwickler und anspruchsvolle Benutzer, die einen zuverl\u00e4ssigen, leistungsstarken Multiprotokoll-Controller suchen.<\/p>\n<h3 data-start=\"1295\" data-end=\"1323\">\u00dcber die Marke Sonoff<\/h3>\n<p data-start=\"1324\" data-end=\"1770\">Sonoff bietet eine breite Palette von Smart-Home-Produkten an - darunter Schalter, Sensoren, Relais, Gateways (Hubs) und USB-Dongles mit externen Antennen -, die f\u00fcr ihr hervorragendes Preis-Leistungs-Verh\u00e4ltnis bekannt sind. Viele ihrer Ger\u00e4te unterst\u00fctzen Open-Source-Systeme wie z. B. <strong data-start=\"1588\" data-end=\"1606\">Assistentin zu Hause<\/strong>, <strong data-start=\"1608\" data-end=\"1623\">Zigbee2MQTT<\/strong> oder <strong data-start=\"1628\" data-end=\"1639\">openHAB<\/strong>, und erm\u00f6glichen die Anpassung an Ihre eigenen Serversysteme und individuellen Bed\u00fcrfnisse, dank der starken Unterst\u00fctzung durch die Community.<\/p>\n<h3 data-start=\"1772\" data-end=\"1800\">Wichtigste Produktmerkmale<\/h3>\n<ul data-start=\"1801\" data-end=\"2358\">\n<li data-start=\"1801\" data-end=\"1871\">\n<p data-start=\"1803\" data-end=\"1871\"><strong data-start=\"1803\" data-end=\"1823\">Chip und Speicher<\/strong> - SoC EFR32MG24 mit 1536 KB Flash und 256 KB RAM<\/p>\n<\/li>\n<li data-start=\"1872\" data-end=\"1984\">\n<p data-start=\"1874\" data-end=\"1984\"><strong data-start=\"1874\" data-end=\"1893\">Antenne und Reichweite<\/strong> - eingebaute 3 dBi-Antenne, optimiert bis 4,5 dBi, mit einer Reichweite von bis zu 200 m im freien Raum<\/p>\n<\/li>\n<li data-start=\"1985\" data-end=\"2162\">\n<p data-start=\"1987\" data-end=\"2162\"><strong data-start=\"1987\" data-end=\"2027\">Firmware-Upgrade<\/strong> - \u00c4ndern Sie die Rolle des Ger\u00e4ts (Zigbee-Koordinator, Router, OpenThread RCP, MultiPAN) in weniger als 1 Minute mit dem Dongle Flasher Tool<\/p>\n<\/li>\n<li data-start=\"2163\" data-end=\"2254\">\n<p data-start=\"2165\" data-end=\"2254\"><strong data-start=\"2165\" data-end=\"2182\">USB-Verl\u00e4ngerungskabel<\/strong> - Inklusive 1 m Kabel f\u00fcr geringere St\u00f6rungen und flexible Installation<\/p>\n<\/li>\n<li data-start=\"2255\" data-end=\"2358\">\n<p data-start=\"2257\" data-end=\"2358\"><strong data-start=\"2257\" data-end=\"2276\">Robustes Geh\u00e4use<\/strong> - Druck- und korrosionsbest\u00e4ndiges Aluminiumgeh\u00e4use mit modernem Design<\/p>\n<\/li>\n<\/ul>\n<p>&nbsp;<\/p>\n<h3 data-start=\"2360\" data-end=\"2411\">Intelligente Protokolle und Plattformkompatibilit\u00e4t<\/h3>\n<ul data-start=\"2412\" data-end=\"2943\">\n<li data-start=\"2412\" data-end=\"2502\">\n<p data-start=\"2414\" data-end=\"2502\"><strong data-start=\"2414\" data-end=\"2435\">Unterst\u00fctzte Protokolle<\/strong> - Zigbee 3.0; aufr\u00fcstbar auf OpenThread (RCP) und MultiPAN<\/p>\n<\/li>\n<li data-start=\"2503\" data-end=\"2619\">\n<p data-start=\"2505\" data-end=\"2619\"><strong data-start=\"2505\" data-end=\"2548\">Fernverwaltung \/ Daten\u00fcbertragung<\/strong> - basierend auf dem Zigbee-Protokoll; Verwendung als Schnittstelle der Protokollschicht<\/p>\n<\/li>\n<li data-start=\"2620\" data-end=\"2721\">\n<p data-start=\"2622\" data-end=\"2721\"><strong data-start=\"2622\" data-end=\"2643\">Unterst\u00fctzte Plattformen<\/strong> - Home Assistant, Zigbee2MQTT, openHAB, Domoticz, ioBroker, Jeedom und andere<\/p>\n<\/li>\n<li data-start=\"2722\" data-end=\"2815\">\n<p data-start=\"2724\" data-end=\"2815\"><strong data-start=\"2724\" data-end=\"2744\">Cloud-Dienste<\/strong> - Keine native Cloud-Unterst\u00fctzung; optimiert f\u00fcr lokale Verwaltung<\/p>\n<\/li>\n<li data-start=\"2816\" data-end=\"2943\">\n<p data-start=\"2818\" data-end=\"2943\"><strong data-start=\"2818\" data-end=\"2842\">Sprachsteuerung<\/strong> - Zugriff \u00fcber unterst\u00fctzte Plattformen (z. B. Home Assistant) mit Alexa, Google Assistant oder Siri<\/p>\n<\/li>\n<\/ul>\n<p>&nbsp;<\/p>\n<h3 data-start=\"2945\" data-end=\"2965\">Intelligente Funktionen<\/h3>\n<ul data-start=\"2966\" data-end=\"3394\">\n<li data-start=\"2966\" data-end=\"3115\">\n<p data-start=\"2968\" data-end=\"3115\"><strong data-start=\"2968\" data-end=\"3016\">Firmware-Rollen wechseln<\/strong> - fungiert als Zigbee-Koordinator, Zigbee-Router, Thread Border Router oder MultiPAN-Ger\u00e4t<\/p>\n<\/li>\n<li data-start=\"3116\" data-end=\"3196\">\n<p data-start=\"3118\" data-end=\"3196\"><strong data-start=\"3118\" data-end=\"3141\">Lokale Verwaltung<\/strong> - arbeitet unabh\u00e4ngig, ohne dass eine Verbindung zur Cloud erforderlich ist<\/p>\n<\/li>\n<li data-start=\"3197\" data-end=\"3277\">\n<p data-start=\"3199\" data-end=\"3277\"><strong data-start=\"3199\" data-end=\"3216\">Skalierbarkeit<\/strong> - leistungsstarkes SoC zur Verwaltung einer gro\u00dfen Anzahl von Ger\u00e4ten<\/p>\n<\/li>\n<li data-start=\"3278\" data-end=\"3394\">\n<p data-start=\"3280\" data-end=\"3394\"><strong data-start=\"3280\" data-end=\"3305\">Stabile Konnektivit\u00e4t<\/strong> - leistungsstarke Antenne, USB-Verl\u00e4ngerungskabel und robustes Geh\u00e4use f\u00fcr zuverl\u00e4ssigen Betrieb<\/p>\n<\/li>\n<\/ul>\n<p>&nbsp;<\/p>\n<h3 data-start=\"3396\" data-end=\"3415\">Andere Merkmale<\/h3>\n<ul data-start=\"3416\" data-end=\"4079\">\n<li data-start=\"3416\" data-end=\"3557\">\n<p data-start=\"3418\" data-end=\"3557\"><strong data-start=\"3418\" data-end=\"3455\">Plug &amp; Play und DIY-Bereitschaft<\/strong> - werkseitig als Koordinator eingestellt, mit alternativer Firmware leicht anpassbar<\/p>\n<\/li>\n<li data-start=\"3558\" data-end=\"3668\">\n<p data-start=\"3560\" data-end=\"3668\"><strong data-start=\"3560\" data-end=\"3582\">Kompakte Gr\u00f6\u00dfe<\/strong> - USB-Design mit Aluminiumgeh\u00e4use; USB-Verl\u00e4ngerungskabel f\u00fcr bequeme Installation im Lieferumfang enthalten<\/p>\n<\/li>\n<li data-start=\"3669\" data-end=\"3769\">\n<p data-start=\"3671\" data-end=\"3769\"><strong data-start=\"3671\" data-end=\"3699\">Starke Unterst\u00fctzung durch die Gemeinschaft<\/strong> - eine gro\u00dfe Gemeinschaft von Entwicklern und Nutzern (z. B. Sonoff Academy)<\/p>\n<\/li>\n<li data-start=\"3770\" data-end=\"3873\">\n<p data-start=\"3772\" data-end=\"3873\"><strong data-start=\"3772\" data-end=\"3790\">Modernes Design<\/strong> - Chip der neuen Generation und optimierte Antenne f\u00fcr hohe Stabilit\u00e4t und Leistung<\/p>\n<\/li>\n<li data-start=\"3874\" data-end=\"3916\">\n<p data-start=\"3876\" data-end=\"3916\"><strong data-start=\"3876\" data-end=\"3889\">Stromversorgung<\/strong> - USB 5 V, maximal 500 mA<\/p>\n<\/li>\n<li data-start=\"3917\" data-end=\"3970\">\n<p data-start=\"3919\" data-end=\"3970\"><strong data-start=\"3919\" data-end=\"3955\">Leistungsaufnahme (Standby)<\/strong> - Nur 40 mW<\/p>\n<\/li>\n<li data-start=\"3971\" data-end=\"4079\">\n<p data-start=\"3973\" data-end=\"4079\"><strong data-start=\"3973\" data-end=\"4006\">Sendeleistung \/ Antennengewinn<\/strong> - bis zu 20 dBi Gesamtverst\u00e4rkung; 3 dBi eingebaut, optimiert bis zu 4,5 dBi<\/p>\n<\/li>\n<\/ul>\n<p data-start=\"4081\" data-end=\"4240\" data-is-last-node=\"\" data-is-only-node=\"\">","protected":false},"excerpt":{"rendered":"<p><strong data-start=\"0\" data-end=\"23\" data-is-only-node=\"\">Sonoff Dongle-PMG24<\/strong> - amtlich benannt <strong data-start=\"42\" data-end=\"82\">\u00bbZigbee\/Thread USB-Dongle Plus MG24\u00ab<\/strong> - ist eine der fortschrittlichsten USB-Dongle-L\u00f6sungen von Sonoff und bietet hervorragende Leistung und Vielseitigkeit.<\/p>","protected":false},"featured_media":10705,"template":"","meta":{"_acf_changed":false},"product_brand":[120],"product_cat":[132,136,126],"product_tag":[],"class_list":{"0":"post-10703","1":"product","2":"type-product","3":"status-publish","4":"has-post-thumbnail","6":"product_brand-sonoff","7":"product_cat-avtomatizacija-in-centralni-nadzor","8":"product_cat-ewelink","9":"product_cat-zigbee","11":"first","12":"instock","13":"sale","14":"taxable","15":"shipping-taxable","16":"purchasable","17":"product-type-simple"},"acf":[],"_links":{"self":[{"href":"https:\/\/iotronx.com\/de\/wp-json\/wp\/v2\/product\/10703","targetHints":{"allow":["GET"]}}],"collection":[{"href":"https:\/\/iotronx.com\/de\/wp-json\/wp\/v2\/product"}],"about":[{"href":"https:\/\/iotronx.com\/de\/wp-json\/wp\/v2\/types\/product"}],"wp:featuredmedia":[{"embeddable":true,"href":"https:\/\/iotronx.com\/de\/wp-json\/wp\/v2\/media\/10705"}],"wp:attachment":[{"href":"https:\/\/iotronx.com\/de\/wp-json\/wp\/v2\/media?parent=10703"}],"wp:term":[{"taxonomy":"product_brand","embeddable":true,"href":"https:\/\/iotronx.com\/de\/wp-json\/wp\/v2\/product_brand?post=10703"},{"taxonomy":"product_cat","embeddable":true,"href":"https:\/\/iotronx.com\/de\/wp-json\/wp\/v2\/product_cat?post=10703"},{"taxonomy":"product_tag","embeddable":true,"href":"https:\/\/iotronx.com\/de\/wp-json\/wp\/v2\/product_tag?post=10703"}],"curies":[{"name":"wp","href":"https:\/\/api.w.org\/{rel}","templated":true}]}}