{"id":4599,"date":"2025-07-13T17:03:58","date_gmt":"2025-07-13T17:03:58","guid":{"rendered":"http:\/\/iotronx.com\/izdelek\/aeotec-cam-360\/"},"modified":"2025-08-07T22:21:47","modified_gmt":"2025-08-07T22:21:47","slug":"aeotec-nocken-360","status":"publish","type":"product","link":"https:\/\/iotronx.com\/de\/product\/aeotec-nocken-360\/","title":{"rendered":"Aeotec Nocken 360"},"content":{"rendered":"<p>Sie sind zu Hause, um sich umzusehen. Mit der Aeotec Cam 360 k\u00f6nnen Sie Ihren Raum in 360 Grad auf einen Blick sehen. Die SmartThings App zeigt Ihnen eine detaillierte Ansicht dessen, was zu Hause passiert, bei Tag und bei Nacht. Die fortschrittliche Objekterkennung erkennt auf intelligente Weise Bewegungen und alarmiert Sie sofort, indem sie zwischen Personen und Objekten unterscheidet.<\/p>\n<p>Die Full-HD-Kamera bietet eine klare und detaillierte Ansicht und erm\u00f6glicht es Ihnen, Ihr Zuhause 24 Stunden am Tag \u00fcber Ihre mobilen Ger\u00e4te zu \u00fcberwachen. So wissen Sie, was vor sich geht, wenn Sie nicht zu Hause sind.<\/p>\n<p>Die Full-HD-Kamera, der hohe Dynamikbereich und die Nachtsicht bieten eine klare und detaillierte Sicht. Dank Zwei-Wege-Audio und integriertem Mikrofon k\u00f6nnen Sie mit Familienmitgliedern und Haustieren kommunizieren.<\/p>\n<p>Mit der SmartThings App ist der Zugriff auf die SmartThings Cam auf Android- und iOS-Ger\u00e4ten ganz einfach. Synchronisieren Sie sich mit Ihrem Smartphone oder Tablet und Sie erhalten eine Vorschau der Aufnahmen, wenn etwas erkannt wird. Behalten Sie den \u00dcberblick, was wichtig ist, auch wenn Sie nicht zu Hause sind. Erhalten Sie einen klaren, detaillierten Blick auf Ihr Zuhause von Ihrem Samsung Smart TV, Samsung Family Hub, Smartphone oder Tablet \u00fcber mehrere Kameras.<\/p>\n<p>Mit der Cloud-Speichersteuerung k\u00f6nnen Sie bis zu vier SmartThings-Kameras verwalten. Dar\u00fcber hinaus k\u00f6nnen Sie 24 Stunden lang kostenlos Live-Aufnahmen ansehen. Ihr gesamtes Filmmaterial ist in Ihrer pers\u00f6nlichen Cloud sicher gesch\u00fctzt und kann jederzeit aus der Ferne abgerufen werden.<\/p>\n<p><strong>Inhalt<br \/><\/strong><br \/>1080 FHD H.264<br \/>360\u00b0-Panoramabeobachtung<br \/>96\u00b0 vertikale Kameraneigung<br \/>Sprechen und H\u00f6ren \u00fcber Zwei-Wege-Audio<br \/>Bewegungserkennung<br \/>Bewegungsverfolgung<br \/>24 Stunden kostenloser Cloud-Speicher<br \/>KEIN zus\u00e4tzlicher Smart Home Hub oder anderer Hub erforderlich Funktioniert als SmartThings Hub<br \/>2.4GHz WiFi IEEE 802.11 b\/g\/n<br \/>Stromversorgung: 5V\/2A<br \/>Obmo\u010dja: Podro\u010dja, na katerih se uporablja napajanje, so: \u2013 Podro\u010dje, na katerem se uporablja napajanje, \u2013 Podro\u010dje, na katerem se uporablja napajanje, \u2013 Podro\u010dje, na katerem se uporablja napajanje: Vklju\u010dene so tudi elektri\u010dne energije: EU<br \/>Zertifizierungen: <\/p>\n<p>Die Aeotec Cam 360 ben\u00f6tigt eine WiFi-Internetverbindung und die kostenlose SmartThings App f\u00fcr Android (8.0 oder h\u00f6her) oder iOS (11.0 oder h\u00f6her).<\/p>","protected":false},"excerpt":{"rendered":"<p>Aeotec Cam 360 ist eine SmartThings-kompatible Kamera mit integriertem Wi-Fi-Chip. Es handelt sich um eine PT-Kamera, mit der Sie einen Raum mit einem einzigen Blick in 360 Grad sehen k\u00f6nnen.<\/p>","protected":false},"featured_media":4601,"template":"","meta":{"_acf_changed":false},"product_brand":[89],"product_cat":[91],"product_tag":[],"class_list":{"0":"post-4599","1":"product","2":"type-product","3":"status-publish","4":"has-post-thumbnail","6":"product_brand-aeotec","7":"product_cat-nadzor-porabe-energije","9":"first","10":"instock","11":"sale","12":"taxable","13":"shipping-taxable","14":"purchasable","15":"product-type-simple"},"acf":[],"_links":{"self":[{"href":"https:\/\/iotronx.com\/de\/wp-json\/wp\/v2\/product\/4599","targetHints":{"allow":["GET"]}}],"collection":[{"href":"https:\/\/iotronx.com\/de\/wp-json\/wp\/v2\/product"}],"about":[{"href":"https:\/\/iotronx.com\/de\/wp-json\/wp\/v2\/types\/product"}],"wp:featuredmedia":[{"embeddable":true,"href":"https:\/\/iotronx.com\/de\/wp-json\/wp\/v2\/media\/4601"}],"wp:attachment":[{"href":"https:\/\/iotronx.com\/de\/wp-json\/wp\/v2\/media?parent=4599"}],"wp:term":[{"taxonomy":"product_brand","embeddable":true,"href":"https:\/\/iotronx.com\/de\/wp-json\/wp\/v2\/product_brand?post=4599"},{"taxonomy":"product_cat","embeddable":true,"href":"https:\/\/iotronx.com\/de\/wp-json\/wp\/v2\/product_cat?post=4599"},{"taxonomy":"product_tag","embeddable":true,"href":"https:\/\/iotronx.com\/de\/wp-json\/wp\/v2\/product_tag?post=4599"}],"curies":[{"name":"wp","href":"https:\/\/api.w.org\/{rel}","templated":true}]}}