{"id":4611,"date":"2025-07-13T17:03:58","date_gmt":"2025-07-13T17:03:58","guid":{"rendered":"http:\/\/iotronx.com\/izdelek\/aeotec-recessor\/"},"modified":"2025-08-07T22:21:47","modified_gmt":"2025-08-07T22:21:47","slug":"aeotec-rezessor","status":"publish","type":"product","link":"https:\/\/iotronx.com\/de\/product\/aeotec-rezessor\/","title":{"rendered":"Aeotec Verarbeiter"},"content":{"rendered":"<p>Mit der Recessor Deckenhalterung k\u00f6nnen Sie den Aeotec MultiSensor 6, MultiSensor 7 oder TriSensor nahezu unsichtbar und effizient in die Decke integrieren. <\/p>\n<p>\u00c4hnlich wie bei Deckeneinbauleuchten verschwindet der Sensor fast vollst\u00e4ndig in der Decke. Gleichzeitig wird der Erfassungsbereich des Multisensors (einschlie\u00dflich Bewegung und Lichtst\u00e4rke) vergr\u00f6\u00dfert.<\/p>","protected":false},"excerpt":{"rendered":"<p>Mit der Recessor Deckenhalterung k\u00f6nnen Sie den Aeotec MultiSensor 6, MultiSensor 7 oder TriSensor nahezu unsichtbar und effizient in die Decke integrieren.<\/p>","protected":false},"featured_media":4613,"template":"","meta":{"_acf_changed":false},"product_brand":[89],"product_cat":[92],"product_tag":[],"class_list":{"0":"post-4611","1":"product","2":"type-product","3":"status-publish","4":"has-post-thumbnail","6":"product_brand-aeotec","7":"product_cat-varnost-in-nadzor","9":"first","10":"instock","11":"sale","12":"taxable","13":"shipping-taxable","14":"purchasable","15":"product-type-simple"},"acf":[],"_links":{"self":[{"href":"https:\/\/iotronx.com\/de\/wp-json\/wp\/v2\/product\/4611","targetHints":{"allow":["GET"]}}],"collection":[{"href":"https:\/\/iotronx.com\/de\/wp-json\/wp\/v2\/product"}],"about":[{"href":"https:\/\/iotronx.com\/de\/wp-json\/wp\/v2\/types\/product"}],"wp:featuredmedia":[{"embeddable":true,"href":"https:\/\/iotronx.com\/de\/wp-json\/wp\/v2\/media\/4613"}],"wp:attachment":[{"href":"https:\/\/iotronx.com\/de\/wp-json\/wp\/v2\/media?parent=4611"}],"wp:term":[{"taxonomy":"product_brand","embeddable":true,"href":"https:\/\/iotronx.com\/de\/wp-json\/wp\/v2\/product_brand?post=4611"},{"taxonomy":"product_cat","embeddable":true,"href":"https:\/\/iotronx.com\/de\/wp-json\/wp\/v2\/product_cat?post=4611"},{"taxonomy":"product_tag","embeddable":true,"href":"https:\/\/iotronx.com\/de\/wp-json\/wp\/v2\/product_tag?post=4611"}],"curies":[{"name":"wp","href":"https:\/\/api.w.org\/{rel}","templated":true}]}}