{"id":4639,"date":"2025-07-13T17:03:58","date_gmt":"2025-07-13T17:03:58","guid":{"rendered":"http:\/\/iotronx.com\/izdelek\/aeotec-z-stick\/"},"modified":"2025-08-07T22:21:47","modified_gmt":"2025-08-07T22:21:47","slug":"aeotec-mit-stock","status":"publish","type":"product","link":"https:\/\/iotronx.com\/de\/product\/aeotec-mit-stock\/","title":{"rendered":"Aeotec Z-Stick"},"content":{"rendered":"<p>Es ist Ihr einfacher Einstieg in die Welt des Smart Home: <\/p>\n<p>Stecken Sie den Aeotec Z-Stick - USB Adapter mit Gen5+ Batterie in Ihren PC, Laptop, Barebone, RaspDie Steuerung des Z-Wave Netzwerks erfolgt \u00fcber den \"Z-Wave Serial AP\" (gem\u00e4\u00df dem \"Z-Wave Application Programmers Guide, INS10247\").<\/p>\n<p>Er wird auch von bekannten Z-Wave-Steuerungssoftwares wie IP Symcon, Homeseer usw. verwendet. Dadurch k\u00f6nnen Sie den Aeotec Z-Stick universal mit anderen Z-Wave-Softwarel\u00f6sungen verwenden. <\/p>\n<p>Wenn eine Batterie installiert ist, k\u00f6nnen Sie eine lokale Taste dr\u00fccken, um alle Ger\u00e4te im Z-Wave-Netzwerk ein- oder auszuschalten, selbst wenn Ihr PC oder Laptop ausgeschaltet ist.<\/p>\n<p><strong><br \/>Inhalt:<\/strong><\/p>\n<p>Z-Wave-Controller als USB-Stick <br \/>Drahtlose Technologie: Z-Wave Plus<br \/>Enth\u00e4lt SmartStart<br \/>Sicherheit S2<br \/>Inklusive Ersatzbatterie <br \/>Kompatibel mit Raspberry Pi 4 oder fr\u00fcher, sowie mit Windows, Linux und iOS<br \/>Verwaltet bis zu 232 Z-Wave-Ger\u00e4te<br \/>Universell verwendbar mit verschiedenen Z-Wave-Softwarel\u00f6sungen<\/p>","protected":false},"excerpt":{"rendered":"<p>Schlie\u00dfen Sie den Aeotec Z-Stick - USB-Adapter mit Gen5+-Akku an Ihren PC, Laptop, Ihre Basiseinheit, Ihren Raspberry Pi usw. an und verwandeln Sie ihn in eine Z-Wave-Smart-Home-Zentrale.<\/p>","protected":false},"featured_media":4641,"template":"","meta":{"_acf_changed":false},"product_brand":[89],"product_cat":[94],"product_tag":[],"class_list":{"0":"post-4639","1":"product","2":"type-product","3":"status-publish","4":"has-post-thumbnail","6":"product_brand-aeotec","7":"product_cat-vticnice","9":"first","10":"instock","11":"sale","12":"taxable","13":"shipping-taxable","14":"purchasable","15":"product-type-simple"},"acf":[],"_links":{"self":[{"href":"https:\/\/iotronx.com\/de\/wp-json\/wp\/v2\/product\/4639","targetHints":{"allow":["GET"]}}],"collection":[{"href":"https:\/\/iotronx.com\/de\/wp-json\/wp\/v2\/product"}],"about":[{"href":"https:\/\/iotronx.com\/de\/wp-json\/wp\/v2\/types\/product"}],"wp:featuredmedia":[{"embeddable":true,"href":"https:\/\/iotronx.com\/de\/wp-json\/wp\/v2\/media\/4641"}],"wp:attachment":[{"href":"https:\/\/iotronx.com\/de\/wp-json\/wp\/v2\/media?parent=4639"}],"wp:term":[{"taxonomy":"product_brand","embeddable":true,"href":"https:\/\/iotronx.com\/de\/wp-json\/wp\/v2\/product_brand?post=4639"},{"taxonomy":"product_cat","embeddable":true,"href":"https:\/\/iotronx.com\/de\/wp-json\/wp\/v2\/product_cat?post=4639"},{"taxonomy":"product_tag","embeddable":true,"href":"https:\/\/iotronx.com\/de\/wp-json\/wp\/v2\/product_tag?post=4639"}],"curies":[{"name":"wp","href":"https:\/\/api.w.org\/{rel}","templated":true}]}}