{"id":4660,"date":"2025-07-13T17:03:58","date_gmt":"2025-07-13T17:03:58","guid":{"rendered":"http:\/\/iotronx.com\/izdelek\/aeotec-senzor\/"},"modified":"2025-08-07T22:21:47","modified_gmt":"2025-08-07T22:21:47","slug":"aeotec-sensor","status":"publish","type":"product","link":"https:\/\/iotronx.com\/de\/product\/aeotec-sensor\/","title":{"rendered":"Aeotec Sensor"},"content":{"rendered":"<p>Der Aeotec Recessed Door Sensor 7 ist ein verdeckter T\u00fcrsensor, der direkt in den T\u00fcrrahmen eingebaut werden kann.<\/p>\n<p><strong>Unsichtbarer Einbau<\/strong>. Die Installation des Aeotec Unterputz-T\u00fcrsensors 7 ist einfach. Um den T\u00fcrsensor unsichtbar zu machen, muss lediglich ein Loch in den T\u00fcrrahmen gebohrt werden. <br \/><strong><br \/>Vollst\u00e4ndig aufger\u00fcstet mit der Gen7-Technologie von Aeotec<\/strong>. Der Unterputz-T\u00fcrsensor 7 von Aeotec verf\u00fcgt \u00fcber die Z-Wave Plus V2-Technologie, die drahtlose S2-Sicherheit und die SmartStart-Installation.<\/p>\n<p><strong>Bis zu 2 Jahre Batterielebensdauer.<\/strong> Dank einer v\u00f6llig neuen Technologie h\u00e4lt der Aeotec Einbau-T\u00fcrsensor 7 jetzt doppelt so lange wie \u00e4ltere Modelle. Das Wechseln der Batterie ist einfach. Heben Sie den Einbaut\u00fcrsensor 7 aus dem T\u00fcrrahmen, wechseln Sie die Batterie und setzen Sie den Sensor wieder in die T\u00fcr ein.<\/p>\n<p><strong>Status in Echtzeit: <\/strong>Kontrollieren Sie, wann die T\u00fcr ge\u00f6ffnet oder geschlossen wird. <\/p>\n<p><strong>Intelligente Automatisierungsszenen ausf\u00fchren <\/strong>oder Routinen, wenn die Installationst\u00fcr ge\u00f6ffnet oder geschlossen wird.<\/p>\n<p><strong>Kompatibel mit Z-Wave-Systemen.<\/strong> Der Unterputz-T\u00fcrsensor Aeotec 7 ist mit Z-Wave- und Z-Wave Plus-Gateways kompatibel.<\/p>\n<p><strong>Drahtlose Kommunikation. <\/strong>Der Aeotec 7 Unterputz-T\u00fcrsensor ist zuverl\u00e4ssig. Dank der Gen7-Funktechnologie von Aeotec kann der Aeotec Einbau-T\u00fcrsensor 7 mit anderen Z-Wave-Ger\u00e4ten in bis zu 120 Metern Entfernung kommunizieren.<\/p>\n<p><strong>Funktionen:<br \/><\/strong><br \/>Z-Wave 700-Serie<br \/>S2 und SmartStart drahtloser Sicherheitsschutz <br \/>Unsichtbar und einfach im T\u00fcrrahmen zu installieren<br \/>\u00dcberwachung des \u00d6ffnens oder Schlie\u00dfens von T\u00fcren<br \/>Arbeitsabstand: bis zu 120 Meter<br \/>Batterielebensdauer: bis zu 2 Jahre bei Werkseinstellung<br \/>Kompatibel mit Z-Wave- und Z-Wave Plus-Anschl\u00fcssen<\/p>","protected":false},"excerpt":{"rendered":"<p>Der Aeotec Einbaut\u00fcrsensor 7 ist ein versteckter T\u00fcrsensor, der direkt im T\u00fcrrahmen installiert werden kann und das Z-Wave-Protokoll unterst\u00fctzt.<\/p>","protected":false},"featured_media":4662,"template":"","meta":{"_acf_changed":false},"product_brand":[89],"product_cat":[91],"product_tag":[],"class_list":{"0":"post-4660","1":"product","2":"type-product","3":"status-publish","4":"has-post-thumbnail","6":"product_brand-aeotec","7":"product_cat-nadzor-porabe-energije","9":"first","10":"instock","11":"sale","12":"taxable","13":"shipping-taxable","14":"purchasable","15":"product-type-simple"},"acf":[],"_links":{"self":[{"href":"https:\/\/iotronx.com\/de\/wp-json\/wp\/v2\/product\/4660","targetHints":{"allow":["GET"]}}],"collection":[{"href":"https:\/\/iotronx.com\/de\/wp-json\/wp\/v2\/product"}],"about":[{"href":"https:\/\/iotronx.com\/de\/wp-json\/wp\/v2\/types\/product"}],"wp:featuredmedia":[{"embeddable":true,"href":"https:\/\/iotronx.com\/de\/wp-json\/wp\/v2\/media\/4662"}],"wp:attachment":[{"href":"https:\/\/iotronx.com\/de\/wp-json\/wp\/v2\/media?parent=4660"}],"wp:term":[{"taxonomy":"product_brand","embeddable":true,"href":"https:\/\/iotronx.com\/de\/wp-json\/wp\/v2\/product_brand?post=4660"},{"taxonomy":"product_cat","embeddable":true,"href":"https:\/\/iotronx.com\/de\/wp-json\/wp\/v2\/product_cat?post=4660"},{"taxonomy":"product_tag","embeddable":true,"href":"https:\/\/iotronx.com\/de\/wp-json\/wp\/v2\/product_tag?post=4660"}],"curies":[{"name":"wp","href":"https:\/\/api.w.org\/{rel}","templated":true}]}}