{"id":4667,"date":"2025-07-13T17:03:58","date_gmt":"2025-07-13T17:03:58","guid":{"rendered":"http:\/\/iotronx.com\/izdelek\/aeotec-razsirjevalnik-dosega-7\/"},"modified":"2025-08-07T22:21:47","modified_gmt":"2025-08-07T22:21:47","slug":"aeotec-entschwefelungsanlage-der-baureihe-7","status":"publish","type":"product","link":"https:\/\/iotronx.com\/de\/product\/aeotec-entschwefelungsanlage-der-baureihe-7\/","title":{"rendered":"Aeotec Range Extender 7"},"content":{"rendered":"<p>Die drahtlose Technologie ist nicht immer perfekt. Deshalb hat Aeotec den Range Extender 7 entwickelt - ein einfaches Ger\u00e4t, das Sie einstecken und zur Vervollst\u00e4ndigung Ihres Hausautomatisierungssystems verwenden k\u00f6nnen. Er empf\u00e4ngt Z-Wave- und Z-Wave Plus-Signale, wiederholt sie und sendet sie dann erneut an Ihr Z-Wave-Automatisierungsnetzwerk, um die Reichweite und Zuverl\u00e4ssigkeit zu erh\u00f6hen. Der Aeotec Range Extender 7 arbeitet nahtlos, indem er schwache Z-Wave- und Z-Wave Plus-Signale verst\u00e4rkt und wiederholt.<\/p>\n<p><strong>Stecken Sie den Stecker frei in eine Steckdose<\/strong>. Schlie\u00dfen Sie es an ein Z-Wave-Netzwerk an und es beginnt automatisch mit der Verbesserung aller schlechten Z-Wave-Signale in Reichweite.<\/p>\n<p><strong>Es basiert auf der patentierten Gen7-Hardware und -Firmware von Aeotec.<\/strong> Er hat bis zu 250 % mehr Reichweite als der Range Extender 6 und die Nicht-Gen7-Technologie.<\/p>\n<p>Der Aeotec Range Extender 7 basiert auf der modernsten drahtlosen Automatisierungstechnologie. Er kombiniert die einzigartige Gen7-Technologie von Aeotec mit Z-Wave Plus V2 und der 700er Serie. Dadurch verf\u00fcgt er \u00fcber eine Vielzahl von Verbesserungen, einschlie\u00dflich S2-Sicherheit und SmartStart-Installation.<\/p>\n<p>Der Aeotec Range Extender 7 ist mit vielen zertifizierten Z-Wave-Gateways kompatibel.<\/p>\n<p>Funktionen:<\/p>\n<p>Markteinf\u00fchrung der Z-Wave 700-Serie - gr\u00f6\u00dfere Reichweite, h\u00f6here Effizienz und bessere Leistung im Vergleich zu den \u00e4lteren Seriengenerationen<br \/>Z-Wave Repeater - ein einfaches Plug-and-Play-Ger\u00e4t<br \/>Drahtlose Technologie: Z-Wave Plus V2<br \/>SmartStart-Funktion aktiviert<br \/>S2 Sicherheit<br \/>Stecker Typ E\/F<br \/>Stromversorgung: 230 V 50 Hz, maximal: 150 mA<br \/>Leistungsaufnahme: 1,2 W<\/p>","protected":false},"excerpt":{"rendered":"<p>Ein einfaches Ger\u00e4t, das Sie einstecken und zur Vervollst\u00e4ndigung Ihres Hausautomationssystems verwenden k\u00f6nnen. Es empf\u00e4ngt Z-Wave- und Z-Wave Plus-Signale, wiederholt sie und sendet sie dann erneut an Ihr Z-Wave-Automatisierungsnetzwerk, wodurch die Reichweite und Zuverl\u00e4ssigkeit erh\u00f6ht wird.<\/p>","protected":false},"featured_media":4669,"template":"","meta":{"_acf_changed":false},"product_brand":[89],"product_cat":[94],"product_tag":[],"class_list":{"0":"post-4667","1":"product","2":"type-product","3":"status-publish","4":"has-post-thumbnail","6":"product_brand-aeotec","7":"product_cat-vticnice","9":"first","10":"instock","11":"sale","12":"taxable","13":"shipping-taxable","14":"purchasable","15":"product-type-simple"},"acf":[],"_links":{"self":[{"href":"https:\/\/iotronx.com\/de\/wp-json\/wp\/v2\/product\/4667","targetHints":{"allow":["GET"]}}],"collection":[{"href":"https:\/\/iotronx.com\/de\/wp-json\/wp\/v2\/product"}],"about":[{"href":"https:\/\/iotronx.com\/de\/wp-json\/wp\/v2\/types\/product"}],"wp:featuredmedia":[{"embeddable":true,"href":"https:\/\/iotronx.com\/de\/wp-json\/wp\/v2\/media\/4669"}],"wp:attachment":[{"href":"https:\/\/iotronx.com\/de\/wp-json\/wp\/v2\/media?parent=4667"}],"wp:term":[{"taxonomy":"product_brand","embeddable":true,"href":"https:\/\/iotronx.com\/de\/wp-json\/wp\/v2\/product_brand?post=4667"},{"taxonomy":"product_cat","embeddable":true,"href":"https:\/\/iotronx.com\/de\/wp-json\/wp\/v2\/product_cat?post=4667"},{"taxonomy":"product_tag","embeddable":true,"href":"https:\/\/iotronx.com\/de\/wp-json\/wp\/v2\/product_tag?post=4667"}],"curies":[{"name":"wp","href":"https:\/\/api.w.org\/{rel}","templated":true}]}}