{"id":4681,"date":"2025-07-13T17:03:58","date_gmt":"2025-07-13T17:03:58","guid":{"rendered":"http:\/\/iotronx.com\/izdelek\/aeotec-senzor-vrat-in-oken-7\/"},"modified":"2025-08-07T22:21:47","modified_gmt":"2025-08-07T22:21:47","slug":"aeotec-tur-und-fenstersensor-7","status":"publish","type":"product","link":"https:\/\/iotronx.com\/de\/product\/aeotec-tur-und-fenstersensor-7\/","title":{"rendered":"Aeotec T\u00fcr- und Fenstersensor 7"},"content":{"rendered":"<p>Der Aeotec T\u00fcr-Fenster-Sensor 7 (Serie 700) ist ein einfacher GEN7-Sensor, der erkennt, ob Ihr Fenster offen oder geschlossen ist.<\/p>\n<p>Der Aeotec T\u00fcr-Fenster-Sensor 7 ist dank seines schlanken Designs an jedem Fenster gut zu erkennen. Der Sensor muss nur auf dem Fensterfl\u00fcgel montiert werden. Zus\u00e4tzlich sollte ein d\u00fcnner Magnet am Fensterrahmen in der N\u00e4he des Sensors angebracht werden. <\/p>\n<p>Wenn Ihr Aeotec Door Window Sensor 7 (700er Serie) einmal kaputt geht, k\u00f6nnen Sie den Kern - die Leiterplatte - einfach austauschen, ohne den Sensor auszubauen. Auf diese Weise k\u00f6nnen Sie das Ger\u00e4t an den Fensterrahmen kleben und nur die Leiterplatte austauschen.<\/p>\n<p>Funktionen:<\/p>\n<p>Markteinf\u00fchrung der Z-Wave 700-Serie - gr\u00f6\u00dfere Reichweite, effizientere und bessere Leistung im Vergleich zur \u00e4lteren Generation der Serie<br \/>Z-Wave-Sensor f\u00fcr T\u00fcr und Fenster<br \/>Erkennung von offen und geschlossen<br \/>Drahtlose Technologie: Z-Wave Plus V2<br \/>Intelligenter Start<br \/>S2 Sicherheit<br \/>Keine Verz\u00f6gerung und einfacher Austausch von Schaltkreisen<br \/>Integrierter Schutz vor Eindringlingen<br \/>Schutz vor unbefugten Eingriffen<br \/>Batterieschutz (1x ER14250), Batterielebensdauer bis zu 3 Jahren<\/p>","protected":false},"excerpt":{"rendered":"<p>Der Aeotec Door Window Sensor 7 (700er Serie) ist ein einfacher GEN7-Sensor, der erkennt, ob Ihr Fenster offen oder geschlossen ist. Er unterst\u00fctzt das drahtlose Z-Wave Smart Home Protokoll.<\/p>","protected":false},"featured_media":4683,"template":"","meta":{"_acf_changed":false},"product_brand":[],"product_cat":[92],"product_tag":[],"class_list":{"0":"post-4681","1":"product","2":"type-product","3":"status-publish","4":"has-post-thumbnail","6":"product_cat-varnost-in-nadzor","8":"first","9":"instock","10":"sale","11":"taxable","12":"shipping-taxable","13":"purchasable","14":"product-type-simple"},"acf":[],"_links":{"self":[{"href":"https:\/\/iotronx.com\/de\/wp-json\/wp\/v2\/product\/4681","targetHints":{"allow":["GET"]}}],"collection":[{"href":"https:\/\/iotronx.com\/de\/wp-json\/wp\/v2\/product"}],"about":[{"href":"https:\/\/iotronx.com\/de\/wp-json\/wp\/v2\/types\/product"}],"wp:featuredmedia":[{"embeddable":true,"href":"https:\/\/iotronx.com\/de\/wp-json\/wp\/v2\/media\/4683"}],"wp:attachment":[{"href":"https:\/\/iotronx.com\/de\/wp-json\/wp\/v2\/media?parent=4681"}],"wp:term":[{"taxonomy":"product_brand","embeddable":true,"href":"https:\/\/iotronx.com\/de\/wp-json\/wp\/v2\/product_brand?post=4681"},{"taxonomy":"product_cat","embeddable":true,"href":"https:\/\/iotronx.com\/de\/wp-json\/wp\/v2\/product_cat?post=4681"},{"taxonomy":"product_tag","embeddable":true,"href":"https:\/\/iotronx.com\/de\/wp-json\/wp\/v2\/product_tag?post=4681"}],"curies":[{"name":"wp","href":"https:\/\/api.w.org\/{rel}","templated":true}]}}