{"id":4688,"date":"2025-07-13T17:03:58","date_gmt":"2025-07-13T17:03:58","guid":{"rendered":"http:\/\/iotronx.com\/izdelek\/senzor-vode-aeotec-7\/"},"modified":"2025-08-07T22:21:47","modified_gmt":"2025-08-07T22:21:47","slug":"aeotec-7-wassersensor","status":"publish","type":"product","link":"https:\/\/iotronx.com\/de\/product\/aeotec-7-wassersensor\/","title":{"rendered":"Aeotec 7 Wassersensor"},"content":{"rendered":"<p>Der Aeotec 7 Wassersensor ist ein \u00dcberflutungssensor, Leckagesensor und Sicherheitssensor in einem Ger\u00e4t.<\/p>\n<p>Lecksuche. Leckagen sind der Grundstein f\u00fcr teure Rechnungen und kostspielige Sch\u00e4den, wenn sie dort auftreten, wo sie nicht sein sollten. Der Aeotec 7 Wassersensor \u00fcberwacht nicht nur das Vorhandensein von Fl\u00fcssigkeit, sondern macht seinem Namen alle Ehre, indem er die Abwesenheit von Wasser \u00fcberwacht. Wenn Sie ihn zur \u00dcberwachung von Tanks oder H\u00f6hlen einsetzen, kann der Aeotec Wassersensor 7 Sie auf niedrige Wasserst\u00e4nde aufmerksam machen und automatische Ma\u00dfnahmen ausl\u00f6sen.<\/p>\n<p>Schutz vor Wasserlecks: Der Aeotec Water Sensor 7 kann nicht nur Wasserlecks \u00fcberwachen. Wenn er an Ihr Z-Wave-Automatisierungssystem angeschlossen ist, kann der Aeotec Water Sensor 7 Schutzma\u00dfnahmen ergreifen, um Sch\u00e4den durch Tropfen, Lecks, Br\u00fcche oder andere Wasserstr\u00f6me zu begrenzen. Im Falle eines Rohrbruchs kann das intelligente Ger\u00e4t beispielsweise intelligente Wasserventile, auch solche, die an der Wasserleitung installiert sind, anweisen, sich automatisch zu schlie\u00dfen.<\/p>\n<p><strong>Inhalt:<br \/><\/strong><br \/>Markteinf\u00fchrung der Z-Wave 700-Serie - gr\u00f6\u00dfere Reichweite, h\u00f6here Effizienz und bessere Leistung im Vergleich zu den \u00e4lteren Seriengenerationen<br \/>Z-Wave-Wassersensor<br \/>Sonde mit Sensor zur Lecksuche an schwer zug\u00e4nglichen Stellen<br \/>Drahtlose Technologie: Z-Wave Plus V2<br \/>SmartStart<br \/>S2 Sicherheit<br \/>Batterieschutz (1x ER14250), Batterielebensdauer bis zu 5 Jahren<\/p>","protected":false},"excerpt":{"rendered":"<p>Der Aeotec 7 Wassersensor ist ein \u00dcberflutungssensor, Lecksensor und Sicherheitssensor in einem Ger\u00e4t. Er unterst\u00fctzt das drahtlose Z-Wave Smart Home-Protokoll.<\/p>","protected":false},"featured_media":4690,"template":"","meta":{"_acf_changed":false},"product_brand":[89],"product_cat":[96],"product_tag":[],"class_list":{"0":"post-4688","1":"product","2":"type-product","3":"status-publish","4":"has-post-thumbnail","6":"product_brand-aeotec","7":"product_cat-pametno-ogrevanje-in-hlajenje","9":"first","10":"instock","11":"sale","12":"taxable","13":"shipping-taxable","14":"purchasable","15":"product-type-simple"},"acf":[],"_links":{"self":[{"href":"https:\/\/iotronx.com\/de\/wp-json\/wp\/v2\/product\/4688","targetHints":{"allow":["GET"]}}],"collection":[{"href":"https:\/\/iotronx.com\/de\/wp-json\/wp\/v2\/product"}],"about":[{"href":"https:\/\/iotronx.com\/de\/wp-json\/wp\/v2\/types\/product"}],"wp:featuredmedia":[{"embeddable":true,"href":"https:\/\/iotronx.com\/de\/wp-json\/wp\/v2\/media\/4690"}],"wp:attachment":[{"href":"https:\/\/iotronx.com\/de\/wp-json\/wp\/v2\/media?parent=4688"}],"wp:term":[{"taxonomy":"product_brand","embeddable":true,"href":"https:\/\/iotronx.com\/de\/wp-json\/wp\/v2\/product_brand?post=4688"},{"taxonomy":"product_cat","embeddable":true,"href":"https:\/\/iotronx.com\/de\/wp-json\/wp\/v2\/product_cat?post=4688"},{"taxonomy":"product_tag","embeddable":true,"href":"https:\/\/iotronx.com\/de\/wp-json\/wp\/v2\/product_tag?post=4688"}],"curies":[{"name":"wp","href":"https:\/\/api.w.org\/{rel}","templated":true}]}}