{"id":4762,"date":"2025-07-13T17:04:32","date_gmt":"2025-07-13T17:04:32","guid":{"rendered":"http:\/\/iotronx.com\/izdelek\/domaci-merilnik-energije-aeotec\/"},"modified":"2025-08-07T22:21:46","modified_gmt":"2025-08-07T22:21:46","slug":"aeotec-hausenergiezahler","status":"publish","type":"product","link":"https:\/\/iotronx.com\/de\/product\/aeotec-hausenergiezahler\/","title":{"rendered":"Aeotec Hausenergiez\u00e4hler"},"content":{"rendered":"<p>Heutzutage h\u00f6rt man viel \u00fcber Energiesparen. Wir alle wissen, dass wir durch die Verringerung unseres Energieverbrauchs nicht nur Geld sparen, sondern auch die Umwelt sch\u00fctzen. Geld zu sparen, indem man weniger Strom verbraucht, ist jedoch nur m\u00f6glich, wenn man wei\u00df, wann und wie man ihn verbraucht. Mit dem Z-Wave Home Energy Meter von Aeotec k\u00f6nnen Sie dies verstehen.<\/p>\n<p>Ein im Schaltschrank installierter Energiez\u00e4hler \u00fcberwacht den Gesamtstromverbrauch des gesamten Geb\u00e4udes. Seine intelligenten Terminals melden diesen Energieverbrauch in Watt oder Kilowattstunden an Ihr Gateway oder Ihren Z-Wave-Controller. So k\u00f6nnen Sie nahezu in Echtzeit sehen, wie viel Strom Sie wirklich verbrauchen und wann Sie ihn verbrauchen. Das Hauptgeh\u00e4use wird mit einer r\u00fcckseitigen Halterung befestigt. Das Ger\u00e4t hat drei Klemmen und meldet W und kWH (bis zu 60 Ampere).<\/p>\n<p><\/p>\n<p><strong>Inhalt:<\/strong><\/p>\n<p>Zangenmessger\u00e4t f\u00fcr Schaltschrank<br \/>Dreiphasenz\u00e4hler f\u00fcr max. 60 A<br \/>Programm in Watt, Kilowattstunden und Echtzeit<br \/>Spannung: 90...260 VAC, 50\/60 Hz<br \/>Spannungsbereich: 220V~...260V~<br \/>Strommessbereich: 0...60A<br \/>Betriebstemperatur: IP43<br \/>Drahtlos: 96 x 70 x 230 mm<\/p>","protected":false},"excerpt":{"rendered":"<p>Der Z-Wave-Home-Energiez\u00e4hler von Aeotec mit dreiphasiger Messung ist ein leistungsstarker Energiez\u00e4hler.<\/p>","protected":false},"featured_media":4764,"template":"","meta":{"_acf_changed":false},"product_brand":[89],"product_cat":[91],"product_tag":[],"class_list":{"0":"post-4762","1":"product","2":"type-product","3":"status-publish","4":"has-post-thumbnail","6":"product_brand-aeotec","7":"product_cat-nadzor-porabe-energije","9":"first","10":"instock","11":"sale","12":"taxable","13":"shipping-taxable","14":"purchasable","15":"product-type-simple"},"acf":[],"_links":{"self":[{"href":"https:\/\/iotronx.com\/de\/wp-json\/wp\/v2\/product\/4762","targetHints":{"allow":["GET"]}}],"collection":[{"href":"https:\/\/iotronx.com\/de\/wp-json\/wp\/v2\/product"}],"about":[{"href":"https:\/\/iotronx.com\/de\/wp-json\/wp\/v2\/types\/product"}],"wp:featuredmedia":[{"embeddable":true,"href":"https:\/\/iotronx.com\/de\/wp-json\/wp\/v2\/media\/4764"}],"wp:attachment":[{"href":"https:\/\/iotronx.com\/de\/wp-json\/wp\/v2\/media?parent=4762"}],"wp:term":[{"taxonomy":"product_brand","embeddable":true,"href":"https:\/\/iotronx.com\/de\/wp-json\/wp\/v2\/product_brand?post=4762"},{"taxonomy":"product_cat","embeddable":true,"href":"https:\/\/iotronx.com\/de\/wp-json\/wp\/v2\/product_cat?post=4762"},{"taxonomy":"product_tag","embeddable":true,"href":"https:\/\/iotronx.com\/de\/wp-json\/wp\/v2\/product_tag?post=4762"}],"curies":[{"name":"wp","href":"https:\/\/api.w.org\/{rel}","templated":true}]}}