{"id":4769,"date":"2025-07-13T17:04:32","date_gmt":"2025-07-13T17:04:32","guid":{"rendered":"http:\/\/iotronx.com\/izdelek\/shelly-blu-wall-switch-4-brezzicno-stikalo-adapter-gira\/"},"modified":"2025-09-24T09:05:20","modified_gmt":"2025-09-24T09:05:20","slug":"shelly-blu-wandschalter-4-naherungsschalter-adapter-gira","status":"publish","type":"product","link":"https:\/\/iotronx.com\/de\/product\/shelly-blu-wandschalter-4-naherungsschalter-adapter-gira\/","title":{"rendered":"Shelly BLU Wall Switch 4 Funkschalter + Adapter - Gira"},"content":{"rendered":"<p><strong>Shelly BLU 4 Wandschalter<\/strong> ist ein batteriebetriebener Bluetooth-Wandschalter mit 4 Tasten (Fernbedienung), mit dem Sie Ihr Smart Home steuern k\u00f6nnen. Sie k\u00f6nnen sogar eine Zwei-Wege-\/Drei-Wege-Schaltung ohne Verkabelung einrichten. Der Schalter kommuniziert direkt mit Shelly-Modulen, so dass Sie die Beleuchtung oder andere elektrische Ger\u00e4te \u00fcber Bluetooth steuern k\u00f6nnen. Der Schalter ist mit dem Shelly BLU Gateway-Modul kompatibel, so dass Sie die Fernbedienung auch dann verwenden k\u00f6nnen, wenn die Shelly-Relais zu weit entfernt sind. <\/p>\n<p>Diese Version verf\u00fcgt \u00fcber einen Adapter f\u00fcr Gira und (Schneider Electric) Merten Montagerahmen, die mit diesem System kompatibel sind.<\/p>\n<p><\/p>\n<h3>Wesentliche Merkmale:<br \/><\/h3>\n<ul>\n<li><strong>4-Tasten-Design<\/strong>Er kann bis zu vier Stromkreise gleichzeitig steuern, so dass Sie mehrere Leuchten oder Ger\u00e4te mit einem Schalter bedienen k\u00f6nnen. Sie k\u00f6nnen ihn auch zum Ausl\u00f6sen von Szenen verwenden.<\/li>\n<li><strong>Funktionen:<\/strong> Bei jeder Taste kann zwischen einfachem, doppeltem, dreifachem, langem Dr\u00fccken und langem Loslassen unterschieden werden.<\/li>\n<li><strong>Bluetooth-Verbindung<\/strong>A: Er ben\u00f6tigt kein Wi-Fi-Netzwerk oder Gateway, wenn er direkt \u00fcber Bluetooth mit einem Shelly Plus, PRO oder GEN3 Ger\u00e4t verbunden ist und dieses als Gateway verwendet.<\/li>\n<li><strong>Die energiesparende L\u00f6sung<\/strong>: Der Switch arbeitet mit extrem niedrigem Stromverbrauch, was zu einer h\u00f6heren Energieeffizienz und einer l\u00e4ngeren Batterielebensdauer beitr\u00e4gt.<\/li>\n<li><strong>Einfache Installation<\/strong>Kompatibel mit Standard-Wanddosen, die Installation ist schnell und einfach, die R\u00fcckseite ist flach, so dass Sie es mit doppelseitigem Kleber befestigen k\u00f6nnen (Kleber nicht enthalten).<\/li>\n<li><strong>Unauff\u00e4lliges Design<\/strong>Sein klares, modernes Aussehen passt in jedes Interieur und ist gleichzeitig funktional.<\/li>\n<li><strong>Einhaltung der Installationsvorschriften.<\/strong><\/li>\n<\/ul>\n<p><\/p>\n<h3>Integration von Smart Home<br \/><\/h3>\n<p>Der Shelly BLU 4 Wandschalter l\u00e4sst sich nicht nur mit der Shelly Bluetooth App, sondern auch mit anderen Smart Home Systemen problemlos integrieren. Obwohl er nicht Wi-Fi-basiert ist, kann er auch mit anderen Bluetooth-f\u00e4higen Smart-Home-L\u00f6sungen integriert werden - kompatibel mit BTHome, so dass Sie Ihre Smart-Home-L\u00f6sung ganz einfach mit Shelly BLU-Ger\u00e4ten erweitern k\u00f6nnen.<\/p>\n<p><\/p>\n<h3>Spezifikationen:<br \/><\/h3>\n<ul>\n<li><strong>Drahtlose Technologie<\/strong>Bluetooth (BTHome)<\/li>\n<li><strong>Batterie<\/strong>: 1 St\u00fcck CR2032<\/li>\n<li><strong>Lediglich<\/strong>: Standard-Wandschaltergr\u00f6\u00dfe, angeordnet mit einem Standard-Linienabstand von 71 mm.<\/li>\n<li><strong>Betriebstemperatur<\/strong>-10 \u00b0C - +40 \u00b0C<\/li>\n<\/ul>\n<p><\/p>\n<h3>M\u00f6gliche Verwendungszwecke:<br \/><\/h3>\n<ul>\n<li><strong>Beleuchtungssteuerung<\/strong>Ideal f\u00fcr die zentrale Lichtsteuerung in verschiedenen R\u00e4umen, ob Wohnzimmer, Schlafzimmer oder K\u00fcche.<\/li>\n<li><strong>Kontrolle der Ger\u00e4te<\/strong>Mit dem Shelly BLU Wall Switch 4 k\u00f6nnen Sie ganz einfach Ger\u00e4te ein- und ausschalten, die mit Ihrem Smart Home System verbunden sind, wie z. B. Jalousien, Ventilatoren, Steckdosen usw.<\/li>\n<\/ul>\n<p><\/p>\n<h3>Freie Verwaltung<br \/><\/h3>\n<p>Sie ist einfach zu installieren und zu verwenden, und die Bluetooth-Steuerung ist schnell und nahtlos. Mit den in der kostenlos herunterladbaren Shelly-App gespeicherten Automatisierungen k\u00f6nnen Sie die Fernbedienung verwenden, um Szenen zu aktivieren, wann immer Sie sich in Bluetooth-Reichweite befinden.<\/p>\n<p><\/p>\n<h3>Kompatibilit\u00e4t:<br \/><\/h3>\n<ul>\n<li><strong>\u00d6kohaus-Systeme<\/strong>Unterst\u00fctzt die Shelly-App und ist mit anderen Bluetooth-basierten BTHome-Systemen kompatibel.<\/li>\n<li><strong>Bluetooth-Ger\u00e4te<\/strong>: <\/li>\n<\/ul>\n<p><p><\/p>\n<h3>Zusammenfassung<br \/><\/h3>\n<p>BLU 4 Wandschalter<\/strong> Shelly ist die perfekte Wahl f\u00fcr all diejenigen, die ihr Haus ganz einfach mit zus\u00e4tzlichen Anschl\u00fcssen ausstatten m\u00f6chten, ohne neue Kabel verlegen und schneiden zu m\u00fcssen. Dank der Bluetooth-Konnektivit\u00e4t ist die Steuerung der Beleuchtung und anderer Ger\u00e4te, die bereits mit Shelly-Steuermodulen automatisiert sind, so einfach wie nie zuvor.<\/p>","protected":false},"excerpt":{"rendered":"<p>Der Shelly BLU Wall Switch 4 ist ein batteriebetriebener 4-Tasten-Bluetooth-Wandschalter (Fernbedienung) f\u00fcr die intelligente Haussteuerung. Sie k\u00f6nnen sogar eine Zwei- oder Drei-Wege-Schaltung ohne Verkabelung einrichten.<\/p>","protected":false},"featured_media":4771,"template":"","meta":{"_acf_changed":false},"product_brand":[97],"product_cat":[95],"product_tag":[],"class_list":{"0":"post-4769","1":"product","2":"type-product","3":"status-publish","4":"has-post-thumbnail","6":"product_brand-shelly","7":"product_cat-stikala","9":"first","10":"instock","11":"sale","12":"taxable","13":"shipping-taxable","14":"purchasable","15":"product-type-simple"},"acf":[],"_links":{"self":[{"href":"https:\/\/iotronx.com\/de\/wp-json\/wp\/v2\/product\/4769","targetHints":{"allow":["GET"]}}],"collection":[{"href":"https:\/\/iotronx.com\/de\/wp-json\/wp\/v2\/product"}],"about":[{"href":"https:\/\/iotronx.com\/de\/wp-json\/wp\/v2\/types\/product"}],"wp:featuredmedia":[{"embeddable":true,"href":"https:\/\/iotronx.com\/de\/wp-json\/wp\/v2\/media\/4771"}],"wp:attachment":[{"href":"https:\/\/iotronx.com\/de\/wp-json\/wp\/v2\/media?parent=4769"}],"wp:term":[{"taxonomy":"product_brand","embeddable":true,"href":"https:\/\/iotronx.com\/de\/wp-json\/wp\/v2\/product_brand?post=4769"},{"taxonomy":"product_cat","embeddable":true,"href":"https:\/\/iotronx.com\/de\/wp-json\/wp\/v2\/product_cat?post=4769"},{"taxonomy":"product_tag","embeddable":true,"href":"https:\/\/iotronx.com\/de\/wp-json\/wp\/v2\/product_tag?post=4769"}],"curies":[{"name":"wp","href":"https:\/\/api.w.org\/{rel}","templated":true}]}}