{"id":4865,"date":"2025-07-13T17:05:18","date_gmt":"2025-07-13T17:05:18","guid":{"rendered":"http:\/\/iotronx.com\/izdelek\/shelly-blu-rc-button-4-daljinski-upravljalnik-bluetooth-z-magnetnim-stenskim-drzalom\/"},"modified":"2025-08-07T22:21:46","modified_gmt":"2025-08-07T22:21:46","slug":"shelly-blu-rc-button-4-bluetooth-fernbedienung-mit-magnetischem-wandhalter","status":"publish","type":"product","link":"https:\/\/iotronx.com\/de\/product\/shelly-blu-rc-button-4-bluetooth-fernbedienung-mit-magnetischem-wandhalter\/","title":{"rendered":"Shelly BLU RC Button 4 Bluetooth-Fernbedienung mit magnetischer Wandhalterung"},"content":{"rendered":"<p>Shelly BLU RC Taste 4<\/strong> ist eine batteriebetriebene Bluetooth-Fernbedienung mit 4 Tasten und einer Magnethalterung f\u00fcr die Wandmontage. Mit ihr k\u00f6nnen Sie Ihr Smart Home ganz einfach steuern. Mit dieser Fernbedienung k\u00f6nnen Sie ganz einfach Shelly-Module steuern oder Szenen ausl\u00f6sen. Da die Fernbedienung \u00fcber Bluetooth kommuniziert, kann sie direkt eines der Shelly-Module als Gateway verwenden, so dass Sie Lichter oder andere elektrische Ger\u00e4te steuern k\u00f6nnen, ohne dass Sie Wi-Fi oder ein zus\u00e4tzliches Gateway ben\u00f6tigen. Die Fernbedienung ist auch mit dem Shelly BLU-Gateway kompatibel. Wenn die Shelly-Relais zu weit entfernt sind, k\u00f6nnen Sie sie auch an das Shelly-Gateway anschlie\u00dfen.<\/p>\n<p><\/p>\n<h3>Wesentliche Merkmale:<\/h3>\n<ul>\n<li><strong>Vier-Tasten-Design<\/strong>Eine Fernbedienung kann bis zu vier Stromkreise gleichzeitig steuern, so dass Sie mehrere Leuchten oder Ger\u00e4te bedienen k\u00f6nnen. Sie kann auch verwendet werden, um eine Szene zu aktivieren.<br \/><strong>Funktionen<\/strong>A: Jede Taste kann zwischen einfachem, doppeltem, dreifachem, langem Dr\u00fccken und langem Loslassen variieren und bietet so ein vielseitiges Bedienerlebnis.<\/li>\n<li><strong>Bluetooth-Verbindung<\/strong>Es ist kein Wi-Fi oder Gateway erforderlich, wenn Sie sich direkt \u00fcber Bluetooth mit einem Shelly Plus, PRO oder GEN3 verbinden, das Sie als Gateway verwenden.<\/li>\n<li><strong>Energieeffiziente L\u00f6sung<\/strong>A: Die Fernbedienung arbeitet mit sehr geringem Stromverbrauch, was zur Energieeffizienz beitr\u00e4gt und eine lange Batterielebensdauer gew\u00e4hrleistet.<\/li>\n<li><strong>Einfache Installation<\/strong>Magnethalterung: Die Magnethalterung kann an horizontalen oder vertikalen Fl\u00e4chen angebracht werden. Das Produkt wird mit einem doppelseitigen Klebepad f\u00fcr eine einfache Montage geliefert.<\/li>\n<li><strong>Unauff\u00e4lliges Design<\/strong>A: Das schlichte, moderne Aussehen f\u00fcgt sich nahtlos in jedes Interieur ein und bietet gleichzeitig volle Funktionalit\u00e4t.<\/li>\n<\/ul>\n<p><\/p>\n<h3>Integration von Smart Home<\/h3>\n<p>Der Shelly BLU RC Button 4 l\u00e4sst sich nicht nur mit der Shelly Bluetooth App, sondern auch mit anderen Smart Home Systemen problemlos integrieren. Obwohl er nicht Wi-Fi-basiert ist, kann er mit anderen Bluetooth-kompatiblen Smart-Home-L\u00f6sungen gekoppelt werden, einschlie\u00dflich BTHome-kompatiblen Systemen, so dass Sie Ihr Smart Home mit Shelly BLU Ger\u00e4ten erweitern k\u00f6nnen.<\/p>\n<p><\/p>\n<h3>Technische Daten:<\/h3>\n<ul>\n<li><strong>Drahtlose Technologie<\/strong>Bluetooth (BTHome)<\/li>\n<li><strong>Stromversorgung<\/strong>1x Batterie CR2032<\/li>\n<li><strong>Lediglich<\/strong>: 65 x 30 x 13 mm<\/li>\n<li><strong>Betriebstemperatur<\/strong>-10 \u00b0C bis +40 \u00b0C<\/li>\n<\/ul>\n<p><\/p>\n<h3> Beispiele f\u00fcr die Verwendung:<\/h3>\n<ul>\n<li><strong>Steuerung der Beleuchtung<\/strong>: Ideal f\u00fcr die zentrale Steuerung der Beleuchtung in verschiedenen R\u00e4umen wie Wohnzimmer, Schlafzimmer oder K\u00fcche.<\/li>\n<li><strong>Kontrolle der Ger\u00e4te<\/strong>Shelly BLU RC Button 4: Mit dem Shelly BLU RC Button 4 k\u00f6nnen Sie ganz einfach Ger\u00e4te, die mit Ihrem Smart Home System verbunden sind, wie Jalousien, Ventilatoren oder intelligente Steckdosen, ein- oder ausschalten.<\/li>\n<\/ul>\n<p><\/p>\n<h3>einfache Bedienung<\/h3>\n<p>Das Ger\u00e4t ist einfach einzurichten und zu bedienen, mit schneller und nahtloser Bluetooth-Steuerung. Mit der kostenlosen Shelly-App, in der Automatisierungen gespeichert sind, k\u00f6nnen Sie jederzeit Szenen mit der Fernbedienung ausl\u00f6sen, solange Sie sich in Bluetooth-Reichweite befinden.<\/p>\n<p><\/p>\n<h3>Kompatibilit\u00e4t:<\/h3>\n<ul>\n<li><strong>Intelligente Heimsysteme<\/strong>Unterst\u00fctzt die Shelly-App und ist mit anderen Bluetooth-basierten BTHome-Systemen kompatibel.<\/li>\n<li><strong>Bluetooth-Ger\u00e4te<\/strong>: Kann mit jedem Bluetooth 4.2-Ger\u00e4t oder h\u00f6her verwendet werden.<\/li>\n<\/ul>\n<p><\/p>\n<p>\n    Der Shelly BLU RC Button 4 ist die perfekte Wahl f\u00fcr alle, die ihr Zuhause um weitere Steuerungspunkte erweitern m\u00f6chten, ohne dass eine neue Verkabelung oder eine Wandhalterung erforderlich ist. Dank der Bluetooth-Konnektivit\u00e4t war es noch nie so einfach, Szenen auszul\u00f6sen oder die Beleuchtung und andere mit Shelly-Steuermodulen automatisierte Ger\u00e4te zu steuern.<\/p>","protected":false},"excerpt":{"rendered":"<p>Die Shelly BLU RC Button 4 ist eine batteriebetriebene Bluetooth-Fernbedienung mit vier Tasten und einem magnetischen Halter, der an der Wand befestigt werden kann. Mit dieser Fernbedienung k\u00f6nnen Sie ganz einfach Shelly Plus, Pro und Gen3 Relaismodule steuern oder Szenen ausl\u00f6sen.<\/p>","protected":false},"featured_media":4867,"template":"","meta":{"_acf_changed":false},"product_brand":[97],"product_cat":[90],"product_tag":[],"class_list":{"0":"post-4865","1":"product","2":"type-product","3":"status-publish","4":"has-post-thumbnail","6":"product_brand-shelly","7":"product_cat-razsvetljava","9":"first","10":"instock","11":"sale","12":"taxable","13":"shipping-taxable","14":"purchasable","15":"product-type-simple"},"acf":[],"_links":{"self":[{"href":"https:\/\/iotronx.com\/de\/wp-json\/wp\/v2\/product\/4865","targetHints":{"allow":["GET"]}}],"collection":[{"href":"https:\/\/iotronx.com\/de\/wp-json\/wp\/v2\/product"}],"about":[{"href":"https:\/\/iotronx.com\/de\/wp-json\/wp\/v2\/types\/product"}],"wp:featuredmedia":[{"embeddable":true,"href":"https:\/\/iotronx.com\/de\/wp-json\/wp\/v2\/media\/4867"}],"wp:attachment":[{"href":"https:\/\/iotronx.com\/de\/wp-json\/wp\/v2\/media?parent=4865"}],"wp:term":[{"taxonomy":"product_brand","embeddable":true,"href":"https:\/\/iotronx.com\/de\/wp-json\/wp\/v2\/product_brand?post=4865"},{"taxonomy":"product_cat","embeddable":true,"href":"https:\/\/iotronx.com\/de\/wp-json\/wp\/v2\/product_cat?post=4865"},{"taxonomy":"product_tag","embeddable":true,"href":"https:\/\/iotronx.com\/de\/wp-json\/wp\/v2\/product_tag?post=4865"}],"curies":[{"name":"wp","href":"https:\/\/api.w.org\/{rel}","templated":true}]}}