{"id":4890,"date":"2025-07-13T17:05:18","date_gmt":"2025-07-13T17:05:18","guid":{"rendered":"http:\/\/iotronx.com\/izdelek\/shelly-blu-button1-odbijac\/"},"modified":"2025-09-24T09:08:58","modified_gmt":"2025-09-24T09:08:58","slug":"shelly-blu-button1-reflektor","status":"publish","type":"product","link":"https:\/\/iotronx.com\/de\/product\/shelly-blu-button1-reflektor\/","title":{"rendered":"Shelly BLU Button1 Sto\u00dfstange"},"content":{"rendered":"<p>Shelly BLU Schutzh\u00fclle Fach f\u00fcr Taste. schwarz.<\/p>\n<p>Sie k\u00f6nnen die silberne innere Trennwand des Shelly-Knopfes durch diesen schwarzen Sto\u00dff\u00e4nger ersetzen, um den Schalter ein paar mm breiter zu machen und besser gegen m\u00f6gliche Kantenabsch\u00fcrfungen bei einem Sturz zu sch\u00fctzen.<\/p>\n<p><\/p>\n<p><em>Hinweis: Die Fernbedienung Shelly button 1 ist nicht im Lieferumfang enthalten!<\/em><\/p>","protected":false},"excerpt":{"rendered":"<p>Schutzh\u00fclle f\u00fcr Shelly BLU Taste, schwarz.<\/p>","protected":false},"featured_media":4892,"template":"","meta":{"_acf_changed":false},"product_brand":[97],"product_cat":[95],"product_tag":[],"class_list":{"0":"post-4890","1":"product","2":"type-product","3":"status-publish","4":"has-post-thumbnail","6":"product_brand-shelly","7":"product_cat-stikala","8":"pa_barva-crna","10":"first","11":"instock","12":"sale","13":"taxable","14":"shipping-taxable","15":"purchasable","16":"product-type-simple"},"acf":[],"_links":{"self":[{"href":"https:\/\/iotronx.com\/de\/wp-json\/wp\/v2\/product\/4890","targetHints":{"allow":["GET"]}}],"collection":[{"href":"https:\/\/iotronx.com\/de\/wp-json\/wp\/v2\/product"}],"about":[{"href":"https:\/\/iotronx.com\/de\/wp-json\/wp\/v2\/types\/product"}],"wp:featuredmedia":[{"embeddable":true,"href":"https:\/\/iotronx.com\/de\/wp-json\/wp\/v2\/media\/4892"}],"wp:attachment":[{"href":"https:\/\/iotronx.com\/de\/wp-json\/wp\/v2\/media?parent=4890"}],"wp:term":[{"taxonomy":"product_brand","embeddable":true,"href":"https:\/\/iotronx.com\/de\/wp-json\/wp\/v2\/product_brand?post=4890"},{"taxonomy":"product_cat","embeddable":true,"href":"https:\/\/iotronx.com\/de\/wp-json\/wp\/v2\/product_cat?post=4890"},{"taxonomy":"product_tag","embeddable":true,"href":"https:\/\/iotronx.com\/de\/wp-json\/wp\/v2\/product_tag?post=4890"}],"curies":[{"name":"wp","href":"https:\/\/api.w.org\/{rel}","templated":true}]}}