{"id":4901,"date":"2025-07-13T17:05:54","date_gmt":"2025-07-13T17:05:54","guid":{"rendered":"http:\/\/iotronx.com\/izdelek\/shelly-blu-senzor-oken-vrat-brezzicni\/"},"modified":"2025-08-07T22:21:45","modified_gmt":"2025-08-07T22:21:45","slug":"shelly-blu-sensor-fur-tur-fenster-ohne-sensoren","status":"publish","type":"product","link":"https:\/\/iotronx.com\/de\/product\/shelly-blu-sensor-fur-tur-fenster-ohne-sensoren\/","title":{"rendered":"Shelly BLU T\u00fcr-Fenster-Sensor - Drahtlos"},"content":{"rendered":"<p>Der T\u00fcr-\/Fenstersensor Shelly BLU ist ein neues Produkt eines europ\u00e4ischen Herstellers, das Ende Juni 2023 auf den Markt kommt: ein sehr kleiner, batteriebetriebener T\u00fcr-\/Fenstersensor mit Bluetooth-Technologie. <\/p>\n<p>Das Ger\u00e4t kann mit einem Shelly Plus oder Shelly Pro Bluetooth-Relaisempf\u00e4nger verbunden werden und \u00fcber diesen eine Verbindung zu anderen Shelly-Ger\u00e4ten im lokalen Netzwerk oder im Internet herstellen. Das Ger\u00e4t ist auch mit einem Lichtsensor ausgestattet, so dass Sie eine Steuerung erstellen k\u00f6nnen, die das Licht nur einschaltet, wenn es dunkel ist, wenn Sie die T\u00fcr \u00f6ffnen.<\/p>\n<p>Und mit dem eingebauten Neigungssensor kann er auch an Schiebefenstern und Schiebet\u00fcren installiert werden, um ein automatisches Neigungswinkelsystem zu schaffen, das zwischen \u00d6ffnen und Schlie\u00dfen unterscheidet.<\/p>\n<p> Es kann mit (mitgeliefertem) doppelseitigem Klebeband an der T\u00fcr oder am Fenster befestigt werden.<\/p>\n<p>Laut Werksspezifikation betr\u00e4gt die Bluetooth-Reichweite max. 10 m in Innenr\u00e4umen und max. 10 m im Freien, innerhalb derer das Ger\u00e4t mit einem installierten Shelly Plus oder Pro Series Relais, das als Bluetooth-Anschluss verwendet wird, gekoppelt und gesteuert werden kann.<\/p>\n<p>Standardm\u00e4\u00dfig sendet das Ger\u00e4t Informationen \u00fcber den \u00d6ffnungs-\/Schlie\u00dfzustand, die Helligkeit und den Batteriestatus sofort, wenn sich der \u00d6ffnungs-\/Schlie\u00dfzustand \u00e4ndert, und sendet dann einige Sekunden sp\u00e4ter Informationen \u00fcber den Neigungswinkel.<\/p>\n<p>Wenn das Ger\u00e4t in den Beacon-Modus geschaltet ist, werden alle 30 Sekunden Informationen \u00fcber den \u00d6ffnungs-\/Verriegelungsstatus, den Neigungswinkel, die Lichtst\u00e4rke und den Batteriestatus gesendet, was die Lebensdauer der Batterie verk\u00fcrzen kann.<\/p>\n<p>Das Ger\u00e4t ist mit Bluetooth-f\u00e4higen Shelly Smart Home Systemen, wie den Shelly Plus und Pro Relaismodulen, kompatibel und kann \u00fcber die Shelly Smart Control App mit diesen verbunden werden. Es ist auch mit anderen Ger\u00e4ten und Plattformen kompatibel, die das Shelly Blu Door Window sensor BTHome Protokoll unterst\u00fctzen. Weitere Informationen finden Sie unter www.bthome.io.<\/p>","protected":false},"excerpt":{"rendered":"<p>Der Shelly BLU T\u00fcr-Fenster-Sensor ist ein neues Produkt eines europ\u00e4ischen Herstellers, das Ende Juni 2023 auf den Markt kommt: ein sehr kleiner, batteriebetriebener T\u00fcr-\/Fenstersensor mit Bluetooth-Technologie. Das Ger\u00e4t kann an einen Shelly Plus oder Shelly Pro Bluetooth-Relaisempf\u00e4nger angeschlossen und zur Verbindung mit anderen Shelly-Ger\u00e4ten im lokalen Netzwerk oder im Internet verwendet werden.<\/p>","protected":false},"featured_media":4903,"template":"","meta":{"_acf_changed":false},"product_brand":[97],"product_cat":[90],"product_tag":[],"class_list":{"0":"post-4901","1":"product","2":"type-product","3":"status-publish","4":"has-post-thumbnail","6":"product_brand-shelly","7":"product_cat-razsvetljava","9":"first","10":"instock","11":"sale","12":"taxable","13":"shipping-taxable","14":"purchasable","15":"product-type-simple"},"acf":[],"_links":{"self":[{"href":"https:\/\/iotronx.com\/de\/wp-json\/wp\/v2\/product\/4901","targetHints":{"allow":["GET"]}}],"collection":[{"href":"https:\/\/iotronx.com\/de\/wp-json\/wp\/v2\/product"}],"about":[{"href":"https:\/\/iotronx.com\/de\/wp-json\/wp\/v2\/types\/product"}],"wp:featuredmedia":[{"embeddable":true,"href":"https:\/\/iotronx.com\/de\/wp-json\/wp\/v2\/media\/4903"}],"wp:attachment":[{"href":"https:\/\/iotronx.com\/de\/wp-json\/wp\/v2\/media?parent=4901"}],"wp:term":[{"taxonomy":"product_brand","embeddable":true,"href":"https:\/\/iotronx.com\/de\/wp-json\/wp\/v2\/product_brand?post=4901"},{"taxonomy":"product_cat","embeddable":true,"href":"https:\/\/iotronx.com\/de\/wp-json\/wp\/v2\/product_cat?post=4901"},{"taxonomy":"product_tag","embeddable":true,"href":"https:\/\/iotronx.com\/de\/wp-json\/wp\/v2\/product_tag?post=4901"}],"curies":[{"name":"wp","href":"https:\/\/api.w.org\/{rel}","templated":true}]}}