{"id":4979,"date":"2025-07-13T17:05:54","date_gmt":"2025-07-13T17:05:54","guid":{"rendered":"http:\/\/iotronx.com\/izdelek\/shelly-120a-tokovni-transformator-za-shelly-pro-3em\/"},"modified":"2025-08-07T22:21:46","modified_gmt":"2025-08-07T22:21:46","slug":"shelly-120a-stromwandler-fur-shelly-pro-3em","status":"publish","type":"product","link":"https:\/\/iotronx.com\/de\/product\/shelly-120a-stromwandler-fur-shelly-pro-3em\/","title":{"rendered":"Shelly 120A Stromwandler (f\u00fcr Shelly PRO 3EM)"},"content":{"rendered":"<p><strong>Diese Version des 120A Stromwandlers von Shelly ist ein Zubeh\u00f6r f\u00fcr den Shelly PRO 3EM 3-Phasen-Leistungsmesser. <\/strong><\/p>\n<p><strong>Eine typische Anwendung ist der Anschluss an ein Pro 3EM zur Messung eines Nullleiters.<\/strong><\/p>\n<p><span style=\"font-size: 1rem;letter-spacing: <\/em><\/p><p><span style=\"font-size: 1rem;letter-spacing: 0.00938em\"><em>Hinweis: nicht kompatibel mit Shelly 3EM oder Shelly EM.<\/em><\/span><\/p>\n<p><span style=\"font-size: 1rem;letter-spacing: 0.00938em\"><br \/><\/span><\/p>\n<p><span style=\"font-size: 1rem;letter-spacing: 0.00938em\">Innendurchmesser: 11 mm<\/span><\/p>\n<p>Genauigkeit: 1 %<\/p>\n<p>Voraussichtlicher Prim\u00e4rstrom: 120A<\/p>\n<p>Voraussichtlicher Sekund\u00e4rstrom: 40mA<\/p>\n<div id=\"gtx-trans\">\n<div class=\"gtx-trans-icon\"><\/div>\n<p><\/div>","protected":false},"excerpt":{"rendered":"<p>Dieser Shelly 120A Stromwandler ist ein Zubeh\u00f6r f\u00fcr den Shelly PRO 3EM Einphasen-Energiez\u00e4hler. Er ist NICHT kompatibel mit Shelly 3EM und Shelly EM Versionen.<\/p>","protected":false},"featured_media":4981,"template":"","meta":{"_acf_changed":false},"product_brand":[97],"product_cat":[91],"product_tag":[],"class_list":{"0":"post-4979","1":"product","2":"type-product","3":"status-publish","4":"has-post-thumbnail","6":"product_brand-shelly","7":"product_cat-nadzor-porabe-energije","9":"first","10":"instock","11":"sale","12":"taxable","13":"shipping-taxable","14":"purchasable","15":"product-type-simple"},"acf":[],"_links":{"self":[{"href":"https:\/\/iotronx.com\/de\/wp-json\/wp\/v2\/product\/4979","targetHints":{"allow":["GET"]}}],"collection":[{"href":"https:\/\/iotronx.com\/de\/wp-json\/wp\/v2\/product"}],"about":[{"href":"https:\/\/iotronx.com\/de\/wp-json\/wp\/v2\/types\/product"}],"wp:featuredmedia":[{"embeddable":true,"href":"https:\/\/iotronx.com\/de\/wp-json\/wp\/v2\/media\/4981"}],"wp:attachment":[{"href":"https:\/\/iotronx.com\/de\/wp-json\/wp\/v2\/media?parent=4979"}],"wp:term":[{"taxonomy":"product_brand","embeddable":true,"href":"https:\/\/iotronx.com\/de\/wp-json\/wp\/v2\/product_brand?post=4979"},{"taxonomy":"product_cat","embeddable":true,"href":"https:\/\/iotronx.com\/de\/wp-json\/wp\/v2\/product_cat?post=4979"},{"taxonomy":"product_tag","embeddable":true,"href":"https:\/\/iotronx.com\/de\/wp-json\/wp\/v2\/product_tag?post=4979"}],"curies":[{"name":"wp","href":"https:\/\/api.w.org\/{rel}","templated":true}]}}