{"id":5051,"date":"2025-07-13T17:06:38","date_gmt":"2025-07-13T17:06:38","guid":{"rendered":"http:\/\/iotronx.com\/izdelek\/stenska-vticnica-shelly-eu\/"},"modified":"2025-08-07T22:21:45","modified_gmt":"2025-08-07T22:21:45","slug":"shelly-eu-wandleuchte","status":"publish","type":"product","link":"https:\/\/iotronx.com\/de\/product\/shelly-eu-wandleuchte\/","title":{"rendered":"Shelly EU-Wandsteckdose ()"},"content":{"rendered":"<p>Die Shelly Wandsteckdose passt dank ihrer kompakten Abmessungen und der einfachen Verdrahtung in bestehende EU-Wanddosen. <\/p>\n<p>In Kombination mit dem Shelly-Wandschaltersystem erh\u00e4lt Ihr Zuhause eine sch\u00f6ne, einheitliche Inneneinrichtung mit intelligenten Wandschaltern und Steckdosen im gleichen Stil.&nbsp; <\/p>\n<p>Dies ist ein Teil der europ\u00e4ischen (deutschen) Standardsteckdose. <\/p>\n<p><\/p>\n<p>Bitte beachten Sie dies:<\/p>\n<p>- Dieses Produkt enth\u00e4lt keine intelligenten Shelly-Relais oder andere intelligente Komponenten,<\/p>\n<p>- Shelly Wandschalter und Rahmen sind separat erh\u00e4ltlich.&nbsp;<\/p>\n<p><\/p>\n<p>Wenn Sie diese Steckdose mit dem dahinter liegenden Shelly smart relay kombinieren m\u00f6chten, ben\u00f6tigen Sie eventuell eine Wandanschlussdose mit gr\u00f6\u00dferer Einbautiefe.&nbsp;<\/p>","protected":false},"excerpt":{"rendered":"<p>Die Shelly Wandsteckdose passt dank ihrer kompakten Abmessungen und der einfachen Verdrahtung in jede vorhandene Unterputzdose. In Kombination mit dem Shelly Wandschaltersystem sorgt sie f\u00fcr eine einheitliche und sch\u00f6ne Innenraumgestaltung.<\/p>","protected":false},"featured_media":5053,"template":"","meta":{"_acf_changed":false},"product_brand":[97],"product_cat":[94],"product_tag":[],"class_list":{"0":"post-5051","1":"product","2":"type-product","3":"status-publish","4":"has-post-thumbnail","6":"product_brand-shelly","7":"product_cat-vticnice","9":"first","10":"instock","11":"sale","12":"taxable","13":"shipping-taxable","14":"purchasable","15":"product-type-simple"},"acf":[],"_links":{"self":[{"href":"https:\/\/iotronx.com\/de\/wp-json\/wp\/v2\/product\/5051","targetHints":{"allow":["GET"]}}],"collection":[{"href":"https:\/\/iotronx.com\/de\/wp-json\/wp\/v2\/product"}],"about":[{"href":"https:\/\/iotronx.com\/de\/wp-json\/wp\/v2\/types\/product"}],"wp:featuredmedia":[{"embeddable":true,"href":"https:\/\/iotronx.com\/de\/wp-json\/wp\/v2\/media\/5053"}],"wp:attachment":[{"href":"https:\/\/iotronx.com\/de\/wp-json\/wp\/v2\/media?parent=5051"}],"wp:term":[{"taxonomy":"product_brand","embeddable":true,"href":"https:\/\/iotronx.com\/de\/wp-json\/wp\/v2\/product_brand?post=5051"},{"taxonomy":"product_cat","embeddable":true,"href":"https:\/\/iotronx.com\/de\/wp-json\/wp\/v2\/product_cat?post=5051"},{"taxonomy":"product_tag","embeddable":true,"href":"https:\/\/iotronx.com\/de\/wp-json\/wp\/v2\/product_tag?post=5051"}],"curies":[{"name":"wp","href":"https:\/\/api.w.org\/{rel}","templated":true}]}}