{"id":5057,"date":"2025-07-13T17:06:38","date_gmt":"2025-07-13T17:06:38","guid":{"rendered":"http:\/\/iotronx.com\/izdelek\/shelly-wave-plug-s\/"},"modified":"2025-09-24T09:19:16","modified_gmt":"2025-09-24T09:19:16","slug":"shelly-wave-plug-s","status":"publish","type":"product","link":"https:\/\/iotronx.com\/de\/product\/shelly-wave-plug-s\/","title":{"rendered":"Shelly Wave Stecker S"},"content":{"rendered":"<p><strong>\u00dcber Z-Wave:<\/strong><\/p>\n<p>\nZ-Wave is a smart home protocol specifically designed for communication between smart devices. Its sub-gigahertz frequency ensures excellent signal coverage, while the Z-Wave MESH network topology allows devices farther from the central hub to communicate effectively (continuous power-supplied devices function as signal repeaters).<br \/>\nZ-Wave devices require a Z-Wave Hub or USB coordinator (such as one connected to a mini PC) for operation. The Z-Wave protocol uses standardized command classes (Command Class), enabling compatibility between thousands of devices from different brands within one Z-Wave network. A Z-Wave network can support up to 232 devices.<br \/>\nOne key advantage of Z-Wave technology is its support for Association Groups, which allow direct communication between individual devices within the network. Additionally, Z-Wave devices offer extensive parameter customization options, enabling users to tailor settings for even the most sophisticated requirements.<\/p>\n<p><\/p>\n<h3><strong>Shelly Wave Plug S - Smart Plug mit Z-Wave Technologie<\/strong><\/h3>\n<p>\nDer Shelly Wave Plug S ist ein intelligenter Stecker, der die Z-Wave-Technologie nutzt und die Fernsteuerung und -\u00fcberwachung von Elektroger\u00e4ten erm\u00f6glicht. Ausgestattet mit einem eingebauten Leistungsmesser und einem \u00dcberhitzungsschutz, gew\u00e4hrleistet dieses Ger\u00e4t einen sicheren und effizienten Betrieb.<\/p>\n<p><\/p>\n<h3><strong>Wesentliche Merkmale:<\/strong><\/h3>\n<ul>\n<li><strong>Fernbedienung:<\/strong> Verwalten Sie Ihre elektrischen Haushaltsger\u00e4te von \u00fcberall aus mit Ihrem Smartphone, Tablet oder Computer.<\/li>\n<li><strong>Strom\u00fcberwachung:<\/strong> Der integrierte Stromz\u00e4hler zeigt den Energieverbrauch an und erm\u00f6glicht es Ihnen, den Energieverbrauch zu optimieren.<\/li>\n<li><strong>\u00dcberhitzungsschutz:<\/strong> Das Ger\u00e4t schaltet sich automatisch aus, wenn eine \u00dcberhitzung festgestellt wird, um m\u00f6gliche Unf\u00e4lle zu vermeiden.<\/li>\n<li><strong>Z-Wave-Kompatibilit\u00e4t:<\/strong> Der Shelly Wave Plug S ist mit allen Gateways, die das Z-Wave-Protokoll unterst\u00fctzen, kompatibel und l\u00e4sst sich somit nahtlos in Ihr bestehendes Smart Home System integrieren.<\/li>\n<\/ul>\n<p><\/p>\n<h3><strong>Integration und Kompatibilit\u00e4t:<\/strong><\/h3>\n<p>\nDer Shelly Wave Plug S l\u00e4sst sich problemlos in verschiedene Smart-Home-Systeme integrieren und ist somit eine vielseitige Erg\u00e4nzung f\u00fcr Ihr Smart-Home-System.<br \/>\n<strong>Kompatibel mit:<\/strong>\n<\/p>\n<ul>\n<li><strong>Z-Wave-Netzwerke:<\/strong> F\u00fcgen Sie den Plug ganz einfach in Ihr bestehendes Z-Wave-Netzwerk ein, um die Interoperabilit\u00e4t mit anderen Z-Wave-zertifizierten Ger\u00e4ten zu verbessern.<\/li>\n<li><strong>Smart Home-Plattformen:<\/strong> Funktioniert mit beliebten Plattformen wie Homey, SmartThings, Home Assistant und Fibaro und erm\u00f6glicht erweiterte Automatisierungsroutinen.<\/li>\n<li><strong>Sprachassistenten:<\/strong> Unterst\u00fctzt Amazon Alexa und Google Assistant \u00fcber ein Gateway zur bequemen Sprachsteuerung.<\/li>\n<\/ul>\n<p><\/p>\n<h3><strong>Technische Daten:<\/strong><\/h3>\n<ul>\n<li><strong>Stromversorgung:<\/strong> 230 V \u00b110%, 50\/60 Hz<\/li>\n<li><strong>Schaltspannung:<\/strong> 230 V AC<\/li>\n<li><strong>Schaltstrom:<\/strong> 12 A<\/li>\n<li><strong>Maximale Tragf\u00e4higkeit:<\/strong> 2500 W (ohmsche Last)<\/li>\n<li><strong>Stromverbrauch:<\/strong> < 0.7 W<\/li>\n<li><strong>Drahtlose Konnektivit\u00e4t:<\/strong> Z-Wave S800-Chip, 868,4 MHz Frequenzband (Reichweite in Innenr\u00e4umen bis zu 40 m)<\/li>\n<li><strong>Abmessungen (H x B x T):<\/strong> 60 x 60 x 56 \u00b10,5 mm<\/li>\n<li><strong>Betriebstemperatur:<\/strong> -20 \u00b0C bis +40 \u00b0C<\/li>\n<li><strong>Luftfeuchtigkeit:<\/strong> 30%-70% RH<\/li>\n<li><strong>Ausgabe:<\/strong> CEE 7\/3 (Typ-F \/ Schuko) Steckdose<\/li>\n<\/ul>\n<p><strong><br \/><\/strong><\/p>\n<p><strong>Sicherheitsmerkmale:<\/strong>\n<\/p>\n<ul>\n<li>\u00dcberhitzungsschutz<\/li>\n<li>\u00dcberspannungsschutz<\/li>\n<li>\u00dcberstromschutz<\/li>\n<li>\u00dcberlastungsschutz<\/li>\n<\/ul>\n<p><strong><br \/><\/strong><\/p>\n<p><strong>Unterst\u00fctzte Lastarten:<\/strong>\n<\/p>\n<ul>\n<li><strong>Widerstandsf\u00e4hig:<\/strong> Gl\u00fchlampen, Heizger\u00e4te<\/li>\n<li><strong>Kapazitiv:<\/strong> Kondensatorb\u00e4nke, elektronische Ger\u00e4te<\/li>\n<li><strong>Induktiv:<\/strong> LED-Treiber, Transformatoren, Ventilatoren, K\u00fchlschr\u00e4nke, Klimager\u00e4te<\/li>\n<\/ul>\n<p><\/p>\n<h3><strong>Anwendungsbereiche:<\/strong><\/h3>\n<ul>\n<li><strong>Verwendung f\u00fcr Wohnzwecke:<\/strong> Steuerung von Haushaltsger\u00e4ten, Beleuchtung und Heizung.<\/li>\n<li><strong>Mehrfamilienh\u00e4user:<\/strong> Ideal f\u00fcr Wohnungen, Eigentumswohnungen und Hotels.<\/li>\n<li><strong>Leichte kommerzielle Nutzung:<\/strong> Geeignet f\u00fcr kleine B\u00fcrogeb\u00e4ude, Einzelhandelsgesch\u00e4fte, Restaurants und Tankstellen.<\/li>\n<li><strong>Staatliche\/kommunale\/institutionelle Geb\u00e4ude:<\/strong> Perfekt f\u00fcr den \u00f6ffentlichen Sektor.<\/li>\n<li><strong>Einstellungen an der Universit\u00e4t\/im Wohnheim:<\/strong> Verbessert die Kontrolle in gemeinsam genutzten Wohnr\u00e4umen.<\/li>\n<\/ul>\n<p><\/p>\n<h3><strong>Integration und Kompatibilit\u00e4t:<\/strong><\/h3>\n<p>\nThe Shelly Wave Plug S is compatible with numerous smart home systems, including Amazon Alexa, Google Assistant, and Samsung SmartThings. Thanks to Z-Wave technology, it integrates seamlessly with other Z-Wave devices and gateways, offering flexible expansion options for your smart home setup.<br \/>\nThe Shelly Wave Plug S is an ideal solution for those seeking to enhance their home\u2019s comfort and energy efficiency while ensuring the safe operation of connected devices.<\/p>","protected":false},"excerpt":{"rendered":"<p>Der Shelly Wave Plug S ist ein intelligenter Stecker, der die Z-Wave-Kommunikation nutzt, um den Energieverbrauch elektrischer Ger\u00e4te in Ihrem Haus aus der Ferne zu steuern und zu \u00fcberwachen. Mit integriertem \u00dcberhitzungsschutz und pr\u00e4ziser Leistungsmessung arbeitet der Stecker sicher und effizient.<\/p>","protected":false},"featured_media":5059,"template":"","meta":{"_acf_changed":false},"product_brand":[97],"product_cat":[90],"product_tag":[],"class_list":{"0":"post-5057","1":"product","2":"type-product","3":"status-publish","4":"has-post-thumbnail","6":"product_brand-shelly","7":"product_cat-razsvetljava","9":"first","10":"instock","11":"sale","12":"taxable","13":"shipping-taxable","14":"purchasable","15":"product-type-simple"},"acf":[],"_links":{"self":[{"href":"https:\/\/iotronx.com\/de\/wp-json\/wp\/v2\/product\/5057","targetHints":{"allow":["GET"]}}],"collection":[{"href":"https:\/\/iotronx.com\/de\/wp-json\/wp\/v2\/product"}],"about":[{"href":"https:\/\/iotronx.com\/de\/wp-json\/wp\/v2\/types\/product"}],"wp:featuredmedia":[{"embeddable":true,"href":"https:\/\/iotronx.com\/de\/wp-json\/wp\/v2\/media\/5059"}],"wp:attachment":[{"href":"https:\/\/iotronx.com\/de\/wp-json\/wp\/v2\/media?parent=5057"}],"wp:term":[{"taxonomy":"product_brand","embeddable":true,"href":"https:\/\/iotronx.com\/de\/wp-json\/wp\/v2\/product_brand?post=5057"},{"taxonomy":"product_cat","embeddable":true,"href":"https:\/\/iotronx.com\/de\/wp-json\/wp\/v2\/product_cat?post=5057"},{"taxonomy":"product_tag","embeddable":true,"href":"https:\/\/iotronx.com\/de\/wp-json\/wp\/v2\/product_tag?post=5057"}],"curies":[{"name":"wp","href":"https:\/\/api.w.org\/{rel}","templated":true}]}}