{"id":5096,"date":"2025-07-13T17:06:38","date_gmt":"2025-07-13T17:06:38","guid":{"rendered":"http:\/\/iotronx.com\/izdelek\/shelly-dimmer-gen3-wi-fi-bluetooth-modul\/"},"modified":"2025-09-24T12:43:09","modified_gmt":"2025-09-24T12:43:09","slug":"shelly-dimmer-gen3-wi-fi-bluetooth-modul","status":"publish","type":"product","link":"https:\/\/iotronx.com\/de\/product\/shelly-dimmer-gen3-wi-fi-bluetooth-modul\/","title":{"rendered":"Shelly Dimmer Gen3 Wi-Fi + Bluetooth Modul"},"content":{"rendered":"<p><strong>Shelly Dimmer Gen3<\/strong> ist ein Upgrade der dritten Generation des urspr\u00fcnglichen Shelly Dimmer 2 Smart-Moduls. Wie sein Vorg\u00e4nger kann er das Licht ein- und ausschalten und die Helligkeit einstellen. Es macht es einfach, die Lichtintensit\u00e4t in R\u00e4umen je nach Tageszeit, der aktuellen Aktivit\u00e4t (Fernsehen, Lesen, Essen, Geselligkeit) oder sogar der Stimmung anzupassen.<\/p>\n<p>Die Beleuchtung kann nicht nur \u00fcber das Internet gesteuert werden, sondern auch durch zeitgesteuerte Automatisierungen - sei es ein einmaliger Zeitplan oder ein wiederkehrendes Ereignis, sogar basierend auf der Zeit des Sonnenaufgangs oder Sonnenuntergangs. Der Dimmer unterst\u00fctzt auch sanfte Ein- und Ausblendungs\u00fcberg\u00e4nge.<\/p>\n<p>Wie andere Shelly-Relais auch, eignet sich das Ger\u00e4t aufgrund seiner ultrakompakten Gr\u00f6\u00dfe f\u00fcr den Einbau in Standard-Wandschalttafeln oder elektrische Verteilerdosen. Der Shelly Dimmer Gen3 unterst\u00fctzt eine breite Palette von Lasttypen, darunter:<\/p>\n<ul>\n<li>Gl\u00fchlampen und Halogenlampen bis zu 200 W<\/li>\n<li>Dimmbare LED-Leuchten bis zu 150 W<\/li>\n<li>Niedervolt-Halogen mit Eisentransformatoren bis zu 200 VA<\/li>\n<li>Dimmbare elektronische Trafoger\u00e4te bis zu 200 W<\/li>\n<\/ul>\n<p>Wie alle Shelly-Ger\u00e4te wird es direkt an Ihren Wi-Fi-Router angeschlossen - ohne dass eine zus\u00e4tzliche zentrale Steuerung (Hub) erforderlich ist. Es kann als eigenst\u00e4ndiges Ger\u00e4t zur Steuerung von ein oder zwei Stromkreisen (z. B. Beleuchtung oder Steckdosen) oder als Teil eines kompletten Smart Home verwendet werden, ideal f\u00fcr Neubauten oder Renovierungen.<\/p>\n<p>Dank seiner kompakten Gr\u00f6\u00dfe kann er hinter vorhandenen Wandschaltern oder Steckdosen zur Fernsteuerung und intelligenten Strommessung von angeschlossenen Leuchten oder Ger\u00e4ten installiert werden. Er wird auch h\u00e4ufig zur Steuerung von Rollladenschaltern oder in Rollladenk\u00e4sten verwendet, da die Art und Weise, wie er Rolll\u00e4den steuert, zu den fortschrittlichsten auf dem Markt geh\u00f6rt.<\/p>\n<p>Durch die Installation von Shelly Dimmer Gen3 hinter Ihren aktuellen Schaltern behalten Sie die volle Funktionalit\u00e4t Ihrer vorhandenen Schalter bei und erhalten gleichzeitig eine intelligente Fernsteuerung, Dimmung und Strommessung - ideal f\u00fcr die nachtr\u00e4gliche intelligente Aufr\u00fcstung \u00e4lterer H\u00e4user.<\/p>\n<p>Wie andere kompakte Shelly-Relais verf\u00fcgt es \u00fcber physische Schaltereing\u00e4nge, die eine manuelle Steuerung von Lichtern oder Ger\u00e4ten und gleichzeitig eine vollst\u00e4ndige Fernsteuerung \u00fcber Wi-Fi erm\u00f6glichen. Sie k\u00f6nnen auch zeitgesteuerte Automatisierungen erstellen und den physischen Schalter in der App deaktivieren (n\u00fctzlich in Kinderzimmern). Es unterst\u00fctzt sowohl klassische als auch taktile Schalter sowie die Verdrahtung mit Zwei- und Mehrpunktschaltern.<\/p>\n<p>Das Ger\u00e4t verf\u00fcgt au\u00dferdem \u00fcber eine automatische Abschaltfunktion und ist f\u00fcr den Impulsschalterbetrieb konfigurierbar.<\/p>\n<p><\/p>\n<h3>Wesentliche Merkmale<\/h3>\n<ul>\n<li>Unterst\u00fctzt die Verdunkelung der Vorder- und Hinterkante<\/li>\n<li>Funktioniert mit oder ohne neutrale F\u00fchrung (empfohlen f\u00fcr beste Stabilit\u00e4t)<\/li>\n<li>Maximale Belastung: 200 W (mit Nullleiter)<\/li>\n<li>Schutzma\u00dfnahmen: gegen \u00dcberhitzung, \u00dcberspannung, \u00dcberlast<\/li>\n<li>Kompakte Gr\u00f6\u00dfe: 42 \u00d7 36 \u00d7 14 mm - passend f\u00fcr die meisten Standardschalter<\/li>\n<li>Lokale Steuerung \u00fcber Wandschalter, App oder Automatisierung<\/li>\n<li>Wi-Fi 2,4 GHz (802.11 b\/g\/n)<\/li>\n<li>Bluetooth f\u00fcr schnelles Pairing<\/li>\n<li>Unterst\u00fctzte Protokolle: MQTT, CoAP, WebSocket<\/li>\n<li>Keine Cloud-Verbindung - vollst\u00e4ndige lokale Verwaltung \u00fcber LAN m\u00f6glich<\/li>\n<\/ul>\n<blockquote>\n<p><strong>Bemerkung:<\/strong> Der Shelly Dimmer Gen3 schaltet und dimmt die AC-Eingangsspannung (110-240 VAC). <strong>Es ist nicht geeignet<\/strong> f\u00fcr Schalter ohne Spannung (Trockenkontakt).<br \/> Die Eingangsphase und die geschaltete Phase m\u00fcssen \u00fcbereinstimmen. <strong>die gleiche Phase<\/strong> - Mehrphasige Konfigurationen werden nicht unterst\u00fctzt.<\/p>\n<\/blockquote>\n<p><\/p>\n<h3>Bluetooth-Kopplung<\/h3>\n<p>Shelly Dimmer Gen3 Anfrage <strong>die neue Shelly Smart Control App<\/strong> f\u00fcr die Einrichtung und ist nicht mit der alten Shelly Cloud App kompatibel. Das Pairing ist dank des eingebauten Bluetooth-Chips extrem schnell.<\/p>\n<p><\/p>\n<h3>Hardware-Upgrades<\/h3>\n<p>Anstelle des ESP32-Chips, der in den Vorg\u00e4ngermodellen verwendet wurde, nutzt die GEN3-Serie einen eigenen Prozessor von Shelly <strong>ESP-Shelly-C3<\/strong> - mit einer schnelleren CPU und <strong>doppelter Speicher (8 MB)<\/strong>, die im Vergleich zur Shelly Plus Serie verbesserte Funktionen und eine deutlich h\u00f6here Leistung bietet.<\/p>\n<p><\/p>\n<h3>Erweiterte Schutzma\u00dfnahmen<\/h3>\n<p>Shelly Dimmer Gen3 ist ausgestattet mit einem Schutz gegen <strong>\u00dcberhitzung<\/strong>, <strong>\u00dcberspannungen<\/strong> und <strong>\u00dcberlastung<\/strong>, und gew\u00e4hrleistet einen sicheren Betrieb auch bei engen Einbauverh\u00e4ltnissen.<\/p>\n<p><\/p>\n<h3>Shelly Plus Gen3 Merkmale<\/h3>\n<ul>\n<li>Unterst\u00fctzt von <strong>HTTP\/HTTPS-Webhaken<\/strong> f\u00fcr die einfache Integration in kompatible Systeme<\/li>\n<li>Eingebettet <strong>Planung von Sonnenaufgang\/Sonnenuntergang<\/strong> mit bis zu \u00b123 Stunden Offset<\/li>\n<li>Unterst\u00fctzt bis zu <strong>20 Zeitpl\u00e4ne, die offline funktionieren<\/strong>, lokal auf dem Ger\u00e4t gespeichert<\/li>\n<li>Volle Unterst\u00fctzung f\u00fcr <strong>mjS-Schriften<\/strong>, die es Ihnen erm\u00f6glichen, Ihre eigene Logik und Funktionen in Abh\u00e4ngigkeit von Ausl\u00f6sern wie E\/A-Zust\u00e4nden, Sensordaten oder Netzwerkanforderungen zu erstellen<\/li>\n<li>Unterst\u00fctzt von <strong>Virtuelle Komponenten<\/strong>, Erm\u00f6glichung der Manipulation von Zust\u00e4nden \u00fcber HTTP-Befehle von externen Systemen<\/li>\n<li>Sie wirkt als <strong>Bluetooth-Gateway<\/strong> zur Kommunikation mit Shelly BLU Sensoren und Fernbedienungen, auch in isolierten lokalen Systemen (ohne Cloud oder Internet)<\/li>\n<\/ul>\n<p><\/p>\n<h3>Fahrplanoptionen<\/h3>\n<ul>\n<li>Einstellung individueller Ein- und Ausschaltzeitpl\u00e4ne f\u00fcr jeden Wochentag<\/li>\n<li>Automatisierung je nach <strong>Zeiten f\u00fcr Sonnenaufgang\/Sonnenuntergang<\/strong>, einschlie\u00dflich flexibler Offsets (z. B. \u201cSonnenuntergang + 5 Stunden\u201d)<\/li>\n<li>Unterst\u00fctzung f\u00fcr <strong>automatische Ein\/Aus-Timer<\/strong> f\u00fcr tempor\u00e4re Umschaltzust\u00e4nde (z.B. Ausschalten 5 Minuten nach dem Einschalten)<\/li>\n<\/ul>\n<p><\/p>\n<h3>Unterst\u00fctzte Betriebsarten<\/h3>\n<ul>\n<li><strong>Cloud-Modus<\/strong>: Link zum kostenlosen <strong>Shelly Cloud<\/strong>, Verwaltung \u00fcber iOS\/Android-App oder my.shelly.cloud<\/li>\n<li><strong>LAN-Modus<\/strong>Lokale Verwaltung innerhalb eines privaten Netzes<\/li>\n<li><strong>Wi-Fi-Hotspot<\/strong>Steuerung \u00fcber das ger\u00e4teeigene Wi-Fi-Netzwerk - ideal f\u00fcr R\u00e4ume ohne st\u00e4ndiges Internet<\/li>\n<\/ul>\n<p>Die Energieverbrauchsdaten werden in Ihrem Shelly Cloud-Konto im Cloud-Modus gespeichert, und historische Statistiken k\u00f6nnen in der App angezeigt oder exportiert werden.<\/p>\n<p><\/p>\n<h3>Intelligente Automatisierung und lokale Verwaltung<\/h3>\n<p>Shelly-Ger\u00e4te k\u00f6nnen zusammenarbeiten \u00fcber <strong>Shelly Cloud<\/strong>, auch durch nicht verbundene Kreise oder Zwischenr\u00e4ume. Im LAN-Modus k\u00f6nnen Ger\u00e4te direkt verbunden werden \u00fcber <strong>Direktes Ger\u00e4t-zu-Ger\u00e4t (DDD)<\/strong> Verwaltung von festen IP-Adressen und HTTP-Befehlen - ideal f\u00fcr Offline- oder Firewall-Arbeiten.<\/p>\n<p><\/p>\n<h3>Integrationen<\/h3>\n<p>Shelly ist eine der integrativsten Plattformen mit eingebauter Unterst\u00fctzung f\u00fcr:<\/p>\n<ul>\n<li>MQTT<\/li>\n<li>REST-API<\/li>\n<li>Google Home<\/li>\n<li>Amazon Alexa<\/li>\n<li>Yandex Alice<\/li>\n<li>Gem\u00fctlich<\/li>\n<li>SmartThings (\u00fcber Shelly Clouda)<\/li>\n<li>Assistentin zu Hause<\/li>\n<li>openHAB<\/li>\n<li>ioBroker<\/li>\n<li>Domoticz<\/li>\n<li>nymea<\/li>\n<li>Hubitat<\/li>\n<li>HomeSeer<\/li>\n<li>SYMCAN<\/li>\n<li>Hoobs<\/li>\n<\/ul>\n<p>Shelly Gen3 Ger\u00e4te werden unterst\u00fctzt <strong>Gleichzeitige Nutzung von Cloud + MQTT<\/strong> und erweiterte Skripte f\u00fcr eine echte Automatisierung f\u00fcr anspruchsvolle Benutzer.<\/p>\n<p><\/p>\n<h3>Unterkunft<\/h3>\n<ul>\n<li>Passend f\u00fcr Standard-Wandschalter in den meisten EU-Standardschr\u00e4nken<\/li>\n<li>Kompatibel mit DIN-Schienen-Adaptern (separat erh\u00e4ltlich)<\/li>\n<li>Kompatibel mit <strong>Shelly Plus Add-On<\/strong><\/li>\n<\/ul>\n<p><\/p>\n<h3>Technische Daten<\/h3>\n<ul>\n<li>Eingangsspannung: 110-240 V AC \u00b110%, 50\/60 Hz<\/li>\n<li>Maximale Leistungsabgabe:\n<ul>\n<li>Gl\u00fchlampen: 200 W<\/li>\n<li>Halogengl\u00fchlampen: 200 W<\/li>\n<li>Dimmbare LED-Leuchten: 150 W<\/li>\n<li>Niedervolt-Halogen mit Eisentransformator: 200 VA<\/li>\n<li>Dimmbare elektronische Transformatoren: 200 W<\/li>\n<\/ul>\n<\/li>\n<li>Mindestlast ohne Neutralleiter und ohne Bypass: 20 W<\/li>\n<li>Drahtlos: Wi-Fi 2,4 GHz + Bluetooth<\/li>\n<li>Betriebstemperatur: -20 \u00b0C bis +40 \u00b0C<\/li>\n<li>Luftfeuchtigkeit: 30%-70% relative Luftfeuchtigkeit<\/li>\n<li>Abmessungen des Ger\u00e4ts: 42 \u00d7 36 \u00d7 14 mm<\/li>\n<li>Energieverbrauch: <1.5 W<\/li>\n<li>Geh\u00e4usematerial: Kunststoff<\/li>\n<li>Geh\u00e4usefarbe: Kalk<\/li>\n<li>Funktioniert ohne neutrale F\u00fchrung: ja<\/li>\n<li>Eine genaue Messung des Verbrauchs ist nur mit einem stromf\u00fchrenden und einem neutralen Leiter m\u00f6glich<\/li>\n<\/ul>","protected":false},"excerpt":{"rendered":"<p>Shelly Dimmer Gen3 ist die dritte Generation des beliebten Shelly Dimmer2 (Gen1). Dank des Wi-Fi + Bluetooth Chips kann er nicht nur von kabelgebundenen Schaltern (Drucktaster und Flankenschalter) gesteuert werden, die an seine 2 Eingangsanschl\u00fcsse angeschlossen sind, sondern auch von Shelly Bluetooth Funkschaltern \u00fcber einen Bluetooth-Empf\u00e4nger.<\/p>","protected":false},"featured_media":5098,"template":"","meta":{"_acf_changed":false},"product_brand":[97],"product_cat":[95],"product_tag":[],"class_list":{"0":"post-5096","1":"product","2":"type-product","3":"status-publish","4":"has-post-thumbnail","6":"product_brand-shelly","7":"product_cat-stikala","9":"first","10":"instock","11":"sale","12":"taxable","13":"shipping-taxable","14":"purchasable","15":"product-type-simple"},"acf":[],"_links":{"self":[{"href":"https:\/\/iotronx.com\/de\/wp-json\/wp\/v2\/product\/5096","targetHints":{"allow":["GET"]}}],"collection":[{"href":"https:\/\/iotronx.com\/de\/wp-json\/wp\/v2\/product"}],"about":[{"href":"https:\/\/iotronx.com\/de\/wp-json\/wp\/v2\/types\/product"}],"wp:featuredmedia":[{"embeddable":true,"href":"https:\/\/iotronx.com\/de\/wp-json\/wp\/v2\/media\/5098"}],"wp:attachment":[{"href":"https:\/\/iotronx.com\/de\/wp-json\/wp\/v2\/media?parent=5096"}],"wp:term":[{"taxonomy":"product_brand","embeddable":true,"href":"https:\/\/iotronx.com\/de\/wp-json\/wp\/v2\/product_brand?post=5096"},{"taxonomy":"product_cat","embeddable":true,"href":"https:\/\/iotronx.com\/de\/wp-json\/wp\/v2\/product_cat?post=5096"},{"taxonomy":"product_tag","embeddable":true,"href":"https:\/\/iotronx.com\/de\/wp-json\/wp\/v2\/product_tag?post=5096"}],"curies":[{"name":"wp","href":"https:\/\/api.w.org\/{rel}","templated":true}]}}