{"id":5109,"date":"2025-07-13T17:06:38","date_gmt":"2025-07-13T17:06:38","guid":{"rendered":"http:\/\/iotronx.com\/izdelek\/shelly-ogemray-pametni-rele-25a\/"},"modified":"2025-09-24T12:44:07","modified_gmt":"2025-09-24T12:44:07","slug":"shelly-ogemray-smart-relay-25a","status":"publish","type":"product","link":"https:\/\/iotronx.com\/de\/product\/shelly-ogemray-smart-relay-25a\/","title":{"rendered":"Shelly Ogemray Speicherrelais 25A"},"content":{"rendered":"<p><strong>Shelly Ogemray 25A intelligentes Relais<\/strong> ist ein leistungsf\u00e4higes, intelligentes Relais, das sich ideal f\u00fcr die Steuerung und Automatisierung von Ger\u00e4ten mit hoher Leistung eignet - z. B. Heizkessel, Industriemaschinen oder andere elektrische Ger\u00e4te. Es kann eine Leistung von bis zu 25A\/6000W bew\u00e4ltigen und ist damit eine zuverl\u00e4ssige Wahl sowohl f\u00fcr private als auch f\u00fcr industrielle Umgebungen. Dieses Produkt eignet sich besonders f\u00fcr diejenigen, die eine energieeffiziente Verwaltung w\u00fcnschen, da es eine Echtzeit\u00fcberwachung des Energieverbrauchs erm\u00f6glicht.<\/p>\n<p>Als \"Powered by Shelly\"-Produkt ist es dank des eingebauten ShellyX-Chips voll kompatibel mit dem Shelly-\u00d6kosystem, das die Nutzung aller Smart-Home-Funktionen erm\u00f6glicht - von der Fernsteuerung \u00fcber die Automatisierung bis hin zur Leistungsoptimierung. Er unterst\u00fctzt Wi-Fi- und Bluetooth-Konnektivit\u00e4t, so dass keine separate Zentraleinheit (Hub) erforderlich ist und eine schnelle und einfache Installation gew\u00e4hrleistet ist.<\/p>\n<p>Das Ogemray-Relais ist dank seiner kompakten Gr\u00f6\u00dfe, der gro\u00dfen Anschl\u00fcsse und des mitgelieferten Montagezubeh\u00f6rs sehr einfach zu installieren. F\u00fcr fortgeschrittene Nutzer bietet es umfangreiche Integrationsm\u00f6glichkeiten wie Unterst\u00fctzung f\u00fcr MQTT, WebSocket und TLS, wodurch es sich hervorragend f\u00fcr die DIY-Community eignet, insbesondere f\u00fcr Nutzer von Home Assistant und anderen Open-Source-Systemen.<\/p>\n<p>Das Relaismodul enth\u00e4lt auch einen Adapter f\u00fcr die Wandmontage, der mit Schrauben befestigt werden kann.<\/p>\n<p><\/p>\n<h2>\u00dcber die Marke Ogemray<\/h2>\n<p>Ogemray ist eine aufstrebende Marke auf dem Markt f\u00fcr intelligente Haustechnik, die Zuverl\u00e4ssigkeit und hohe Leistung vereint. Durch die Integration des ShellyX-Chips arbeitet dieses Produkt nahtlos mit dem Shelly-System zusammen, wodurch es sich leicht an bestehende Smart-Home-Infrastrukturen anpassen l\u00e4sst.<\/p>\n<p><\/p>\n<h2>Wichtigste Produktmerkmale<\/h2>\n<ul>\n<li><strong>1 Ausgang, bis zu 25A \/ 6000W:<\/strong> Geeignet f\u00fcr die Steuerung von Ger\u00e4ten mit hoher Leistung.<\/li>\n<li><strong>Energiekontrolle zur Energieeinsparung:<\/strong> \u00dcberwachung des Energieverbrauchs in Echtzeit.<\/li>\n<li><strong>Ein Mundst\u00fcck ist nicht erforderlich! Wi-Fi- und Bluetooth-Verbindung:<\/strong> Einfache Verbindung mit einem Wi-Fi-Netzwerk.<\/li>\n<li><strong>Unterst\u00fctzt 1 Eingang mit flexibler Konfiguration:<\/strong> Unterst\u00fctzt verschiedene Arten von Schaltern (klassisch, Druckknopf).<\/li>\n<li><strong>Gro\u00dfe Stecker f\u00fcr dicke Kabel:<\/strong> Einfache und sichere Installation f\u00fcr Kabel bis zu 25A.<\/li>\n<li><strong>Kompakte Bauweise:<\/strong> Kleine Gr\u00f6\u00dfe f\u00fcr einfache Platzierung.<\/li>\n<li><strong>Zubeh\u00f6r f\u00fcr die Wandmontage und Halterung im Lieferumfang enthalten:<\/strong> Einfache Installation.<\/li>\n<li><strong>Shelly-Chip und volle Shelly-Funktionalit\u00e4t:<\/strong> Vollst\u00e4ndige Integration in das Shelly-\u00d6kosystem.<\/li>\n<li><strong>Virtuelle Komponenten:<\/strong> Flexible Verwaltungsoptionen.<\/li>\n<li><strong>Unterst\u00fctzung f\u00fcr Skripte, Webhooks, MQTT, WebSocket, HTTPS, UDP, TLS und eigene Zertifikate:<\/strong> Erweiterte Integrationsoptionen.<\/li>\n<li><strong>Hohe Kompatibilit\u00e4t:<\/strong> Einfache Verwaltung \u00fcber die Shelly Smart Control App und verschiedene intelligente Protokolle, Plattformen und Sprachassistenten.<\/li>\n<\/ul>\n<p><\/p>\n<h2>Smart-Home-Protokolle und Plattformkompatibilit\u00e4t<\/h2>\n<ul>\n<li><strong>Unterst\u00fctzte Protokolle:<\/strong> Wi-Fi, Bluetooth<\/li>\n<li><strong>Lokale Fernsteuerung:<\/strong> Die Bluetooth-Konnektivit\u00e4t erm\u00f6glicht eine direkte Steuerung ohne Hub, kompatibel mit drahtlosen Shelly Bluetooth-Fernbedienungen und Wandschaltern.<\/li>\n<li><strong>Werksplattform:<\/strong> Die Shelly Smart Control App ist kompatibel mit Shellys offizieller Cloud-Plattform f\u00fcr intelligente H\u00e4user<\/li>\n<li><strong>Kompatibilit\u00e4t mit Plattformen von Drittanbietern:<\/strong> IFTTT<\/li>\n<li><strong>Integrationsm\u00f6glichkeiten:<\/strong> MQTT, WebSocket, HTTPS, UDP, TLS<\/li>\n<li><strong>KNX-Integration:<\/strong> Ja<\/li>\n<li><strong>Kompatibilit\u00e4t mit anderen Systemen:<\/strong> Volle Shelly-Funktionen und Kompatibilit\u00e4t<\/li>\n<\/ul>\n<p><\/p>\n<h2>Intelligente Funktionen<\/h2>\n<ul>\n<li><strong>Fernanzeige des Status (Ein\/Aus):<\/strong> \u00dcberwachung in Echtzeit.<\/li>\n<li><strong>Fernsteuerung Ein\/Aus:<\/strong> Fernverwaltung von Ger\u00e4ten.<\/li>\n<li><strong>Terminkalender:<\/strong> Aufzeichnung des Betriebsverlaufs.<\/li>\n<li><strong>Zeitmesser:<\/strong> Benutzerdefinierte Einstellungen.<\/li>\n<li><strong>Automatisierungen\/Szenenerstellung:<\/strong> Konfigurieren Sie Ihre eigenen Regeln und Automatisierungsszenarien.<\/li>\n<li><strong>Cloud und lokaler Betrieb:<\/strong> Flexibel einsetzbar.<\/li>\n<li><strong>Gemeinsame Nutzung mit anderen Nutzern:<\/strong> Gemeinsamer Zugang.<\/li>\n<\/ul>\n<p><\/p>\n<h2>Elektrische Eigenschaften<\/h2>\n<ul>\n<li><strong>Erforderliche Versorgungsspannung:<\/strong> 110-240V AC<\/li>\n<li><strong>Anzahl der Ausg\u00e4nge:<\/strong> 1<\/li>\n<li><strong>Ausgangsspannung:<\/strong> 110-240V AC<\/li>\n<li><strong>Ausgangsleistung:<\/strong> 6000W<\/li>\n<li><strong>Ausgangsstrom:<\/strong> 25A<\/li>\n<\/ul>","protected":false},"excerpt":{"rendered":"<p>Das Shelly Ogemray 25A Wi-Fi Smart Relay Modul ist ein leistungsstarkes intelligentes Relais, das sich ideal f\u00fcr die Steuerung und Automatisierung von Ger\u00e4ten mit hohem Stromverbrauch eignet, wie z. B. Warmwasserbereiter, Industriemaschinen oder andere Ger\u00e4te mit hohem Stromverbrauch. Dank des integrierten ShellyX-Chips kann es vollst\u00e4ndig in das Shelly-\u00d6kosystem integriert werden und erm\u00f6glicht die \u00dcberwachung und Optimierung des Energieverbrauchs in Echtzeit.<\/p>","protected":false},"featured_media":5111,"template":"","meta":{"_acf_changed":false},"product_brand":[97],"product_cat":[94],"product_tag":[],"class_list":{"0":"post-5109","1":"product","2":"type-product","3":"status-publish","4":"has-post-thumbnail","6":"product_brand-shelly","7":"product_cat-vticnice","9":"first","10":"instock","11":"sale","12":"taxable","13":"shipping-taxable","14":"purchasable","15":"product-type-simple"},"acf":[],"_links":{"self":[{"href":"https:\/\/iotronx.com\/de\/wp-json\/wp\/v2\/product\/5109","targetHints":{"allow":["GET"]}}],"collection":[{"href":"https:\/\/iotronx.com\/de\/wp-json\/wp\/v2\/product"}],"about":[{"href":"https:\/\/iotronx.com\/de\/wp-json\/wp\/v2\/types\/product"}],"wp:featuredmedia":[{"embeddable":true,"href":"https:\/\/iotronx.com\/de\/wp-json\/wp\/v2\/media\/5111"}],"wp:attachment":[{"href":"https:\/\/iotronx.com\/de\/wp-json\/wp\/v2\/media?parent=5109"}],"wp:term":[{"taxonomy":"product_brand","embeddable":true,"href":"https:\/\/iotronx.com\/de\/wp-json\/wp\/v2\/product_brand?post=5109"},{"taxonomy":"product_cat","embeddable":true,"href":"https:\/\/iotronx.com\/de\/wp-json\/wp\/v2\/product_cat?post=5109"},{"taxonomy":"product_tag","embeddable":true,"href":"https:\/\/iotronx.com\/de\/wp-json\/wp\/v2\/product_tag?post=5109"}],"curies":[{"name":"wp","href":"https:\/\/api.w.org\/{rel}","templated":true}]}}