{"id":5116,"date":"2025-07-13T17:07:47","date_gmt":"2025-07-13T17:07:47","guid":{"rendered":"http:\/\/iotronx.com\/izdelek\/shelly-1l-gen3-pametni-modul-releja-z-1-vticem\/"},"modified":"2025-09-24T12:45:15","modified_gmt":"2025-09-24T12:45:15","slug":"shelly-1l-gen3-smart-relay-modul-mit-1-kontakt","status":"publish","type":"product","link":"https:\/\/iotronx.com\/de\/product\/shelly-1l-gen3-smart-relay-modul-mit-1-kontakt\/","title":{"rendered":"Shelly 1L Gen3 Einkanal-Relaismodul"},"content":{"rendered":"<p><strong>Shelly 1L Gen3<\/strong> ist ein kompaktes, intelligentes Wi-Fi-Relais, das eine ideale L\u00f6sung f\u00fcr die Aufr\u00fcstung und Automatisierung von Beleuchtungssystemen bietet, bei denen es in der Wandsteckdose keinen Neutralleiter, sondern nur einen Phasenleiter gibt. Dies ist besonders n\u00fctzlich in \u00e4lteren Geb\u00e4uden, in denen herk\u00f6mmliche Smart-Relais nur schwer zu installieren sind. Shelly 1L Gen3 erm\u00f6glicht die Fernsteuerung von Leuchten, die Einstellung von Zeitpl\u00e4nen und die Erstellung von Automatisierungsszenarien, ohne dass ein Neutralleiter erforderlich ist.<\/p>\n<p>Das Ger\u00e4t ist einfach und schnell zu installieren und dauert in der Regel nur etwa 10 Minuten. Der Shelly 1L Gen3 ist so konzipiert, dass er hinter Standard-Wandschaltern oder in anderen engen R\u00e4umen installiert werden kann, was ihn ideal f\u00fcr die Aufr\u00fcstung bestehender Installationen macht. Dank der integrierten Wi-Fi- und Bluetooth-Konnektivit\u00e4t l\u00e4sst er sich problemlos in bestehende Smart-Home-Systeme integrieren und erm\u00f6glicht den Fernzugriff und die Steuerung.<\/p>\n<p><\/p>\n<h3>\u00dcber Shelly<\/h3>\n<p>Shelly ist eine Marke von Shelly (ehemals Allterco Robotics), einem europ\u00e4ischen Unternehmen, das weltweit f\u00fcr seine innovativen und zuverl\u00e4ssigen Smart-Home-L\u00f6sungen bekannt ist. Das modulare Design und die offenen Integrationsm\u00f6glichkeiten machen Shelly-Produkte bei Heimwerkern und professionellen Installateuren gleicherma\u00dfen beliebt.<\/p>\n<p><\/p>\n<h3>Wichtigste Produktmerkmale:<\/h3>\n<ul>\n<li><strong>Perfekt f\u00fcr die Aufr\u00fcstung bestehender Systeme!<\/strong> Eine Nullleiterf\u00fchrung ist nicht erforderlich. Beleuchtungen oder andere Ger\u00e4te k\u00f6nnen nur \u00fcber die Phasenleitung betrieben und gesteuert werden, ohne Anschluss an den Neutralleiter.<\/li>\n<li><strong>Unterst\u00fctzte Lastarten:<\/strong><br \/>Klassische Gl\u00fchbirnen<br \/>LED-Beleuchtung<br \/>*F\u00fcr Lichtquellen ohne Verwendung eines Abspanntransformators (f\u00fcr Niederspannungsbeleuchtung).<\/li>\n<li><strong>Mindestleistung der Gl\u00fchbirne:<\/strong> Eine Bypass 1L\/2L Gen3-Einheit muss neben den LED-Gl\u00fchlampen installiert werden, um Gl\u00fchlampen \u00fcber 5 W zu betreiben. F\u00fcr herk\u00f6mmliche Gl\u00fchlampen ist sie nicht erforderlich.<\/li>\n<li><strong>Wi-Fi-Verbindung:<\/strong> Shelly 1L Gen3 verbindet sich mit Ihrem Wi-Fi-Heimnetzwerk und erm\u00f6glicht die Fernsteuerung \u00fcber die Shelly Mobile App oder andere Smart Home Plattformen.<\/li>\n<li><strong>Fernbedienung:<\/strong> Mit der Shelly-App und einer Internetverbindung k\u00f6nnen Sie das Ger\u00e4t von \u00fcberall aus mit Ihrem Smartphone oder Tablet steuern.<\/li>\n<li><strong>Sprachsteuerung:<\/strong> Wenn es mit Sprachassistenten wie Amazon Alexa oder Google Assistant verbunden ist, k\u00f6nnen Sie es auch mit Sprachbefehlen steuern.<\/li>\n<li><strong>Zeitpl\u00e4ne und Automatisierung:<\/strong> Shelly 1L Gen3 unterst\u00fctzt Zeitpl\u00e4ne und Automatisierungen, die es Ihnen erm\u00f6glichen, Routineaufgaben zu erstellen und Timer zu setzen, z. B. das automatische Einschalten der Beleuchtung zu einer bestimmten Zeit.<\/li>\n<li><strong>Kompatibilit\u00e4t:<\/strong> Entwickelt und getestet f\u00fcr verschiedene Lampentypen. Funktioniert im Spannungsbereich von 220-240 VAC.<\/li>\n<li><strong>Kompakte Bauweise:<\/strong> Der Shelly 1L Gen3 ist klein, so dass er leicht hinter Wandschaltern oder in Verteilerdosen installiert werden kann, ohne viel Platz zu beanspruchen.<\/li>\n<li><strong>Schutz:<\/strong> Eingebauter Temperatursensor zum Schutz vor \u00dcberhitzung.<\/li>\n<li><strong>Lokaler und Fernzugriff:<\/strong> Die Ger\u00e4te k\u00f6nnen lokal \u00fcber das gleiche Wi-Fi-Netzwerk oder aus der Ferne gesteuert werden, wenn Sie nicht zu Hause sind.<\/li>\n<li><strong>OTA-Aktualisierungen:<\/strong> Shelly Ger\u00e4te erhalten regelm\u00e4\u00dfig Over-the-Air-Software-Updates, die neue Funktionen hinzuf\u00fcgen und die Sicherheit verbessern.<\/li>\n<li><strong>Kompatibilit\u00e4t mit Smart-Home-Systemen<\/strong><\/li>\n<li>Shelly 1L Gen3 ist mit verschiedenen Smart-Home-Systemen wie MQTT, Home Assistant und anderen kompatibel und erm\u00f6glicht einen flexiblen Einsatz.<\/li>\n<li><strong>Neue Funktionen im Vergleich zum Vorg\u00e4ngermodell Shelly 1L:<\/strong> Alle neuen Funktionen der neuesten Shelly-Ger\u00e4te:\n<ul>\n<li>Skripting<\/li>\n<li>Unterst\u00fctzung von HTTPS und MQTTS<\/li>\n<li>Unterst\u00fctzung f\u00fcr WebSocket-Eingangs- und Ausgangsverbindungen<\/li>\n<\/ul>\n<\/li>\n<\/ul>\n<p><\/p>\n<h3>Smart-Home-Protokolle und Plattformkompatibilit\u00e4t<\/h3>\n<ul>\n<li><strong>Unterst\u00fctzte Protokolle:<\/strong> Wi-Fi (802.11 b\/g\/n), Bluetooth 4.2<\/li>\n<li><strong>Bluetooth-Gateway-Funktion:<\/strong> Empf\u00e4ngt und sendet Signale von Shelly BLE-Ger\u00e4ten (Fernbedienungen und Sensoren)<\/li>\n<li><strong>Einheimische Plattform:<\/strong> Shelly Smart Control App (Android, iOS)<\/li>\n<li><strong>Cloud-Integrationen:<\/strong> Amazon Alexa, Google Assistant<\/li>\n<li><strong>Dritte Plattformen:<\/strong> Hausassistent, OpenHAB, Domoticz, ioBroker, Node-RED, MQTT, REST API, Webhook, HTTPS, UDP<\/li>\n<li><strong>Sprachsteuerung:<\/strong> Unterst\u00fctzt Amazon Alexa und Google Assistant<\/li>\n<\/ul>\n<p><\/p>\n<h3>Intelligente Funktionen<\/h3>\n<ul>\n<li>Fernbedienung ein\/aus<\/li>\n<li>Fernabfrage des Status<\/li>\n<li>Einstellung von Zeitpl\u00e4nen und Automatisierungen: bis zu 20 Timer im Speicher des Ger\u00e4ts<\/li>\n<li>Szenen mit anderen Shelly Ger\u00e4ten erstellen<\/li>\n<li>Lokaler und Cloud-Betrieb<\/li>\n<li>Unterst\u00fctzung f\u00fcr Firmware-Updates<\/li>\n<li>Bluetooth-Gateway-Funktion f\u00fcr BLE-Ger\u00e4te: Steuerung \u00fcber Shelly Bluetooth-Fernbedienungen und drahtlose Bluetooth-Wandschalter<\/li>\n<\/ul>\n<p><\/p>\n<h3>Elektrische Eigenschaften<\/h3>\n<ul>\n<li><strong>Stromversorgung:<\/strong> 220-240V AC, 50\/60Hz<\/li>\n<li><strong>Maximale Belastung:<\/strong> 200 W (am Ausgang O1) bei 240 V AC<\/li>\n<li><strong>Eingang f\u00fcr Schalter:<\/strong> 2 Eing\u00e4nge, kompatibel mit bis zu 2 Drucktastern oder konventionellen Schaltern. Nicht kompatibel mit Zwischen- oder Kreuzschaltern.<\/li>\n<li><strong>Spannungsunabh\u00e4ngiger Schalter (Trockenkontakt):<\/strong> Nicht unterst\u00fctzt<\/li>\n<li><strong>Energie messen:<\/strong> Nicht unterst\u00fctzt<\/li>\n<li><strong>Automatische Ausschalt-\/Einschaltfunktion:<\/strong> Unterst\u00fctzt von<\/li>\n<\/ul>\n<p><\/p>\n<h3>Andere Merkmale<\/h3>\n<ul>\n<li><strong>Gr\u00f6\u00dfe:<\/strong> Kompaktes Design f\u00fcr Standard-Wandschalter<\/li>\n<li><strong>Einbau:<\/strong> Einfacher und schneller Einbau in die Wand<\/li>\n<li><strong>Erfordert eine Bypass-Einheit:<\/strong> Shelly Bypass 1L\/2L Gen3 erforderlich<\/li>\n<li><strong>DIY-Kompatibilit\u00e4t:<\/strong> Offene API und Unterst\u00fctzung f\u00fcr MQTT, ideal f\u00fcr DIY-Projekte<\/li>\n<\/ul>","protected":false},"excerpt":{"rendered":"<p>Das Shelly 1L Gen3 ist ein kleines Wi-Fi-basiertes intelligentes Relaismodul, das in einer Wandsteckdose installiert werden kann. Es bietet eine ideale L\u00f6sung f\u00fcr Nachr\u00fcstungen und intelligente Beleuchtungssysteme, bei denen es in der Wandsteckdose keinen Nullleiter, sondern nur einen Phasendraht gibt.<\/p>","protected":false},"featured_media":5118,"template":"","meta":{"_acf_changed":false},"product_brand":[97],"product_cat":[128,95],"product_tag":[],"class_list":{"0":"post-5116","1":"product","2":"type-product","3":"status-publish","4":"has-post-thumbnail","6":"product_brand-shelly","7":"product_cat-wi-fi","8":"product_cat-stikala","10":"first","11":"instock","12":"sale","13":"taxable","14":"shipping-taxable","15":"purchasable","16":"product-type-simple"},"acf":[],"_links":{"self":[{"href":"https:\/\/iotronx.com\/de\/wp-json\/wp\/v2\/product\/5116","targetHints":{"allow":["GET"]}}],"collection":[{"href":"https:\/\/iotronx.com\/de\/wp-json\/wp\/v2\/product"}],"about":[{"href":"https:\/\/iotronx.com\/de\/wp-json\/wp\/v2\/types\/product"}],"wp:featuredmedia":[{"embeddable":true,"href":"https:\/\/iotronx.com\/de\/wp-json\/wp\/v2\/media\/5118"}],"wp:attachment":[{"href":"https:\/\/iotronx.com\/de\/wp-json\/wp\/v2\/media?parent=5116"}],"wp:term":[{"taxonomy":"product_brand","embeddable":true,"href":"https:\/\/iotronx.com\/de\/wp-json\/wp\/v2\/product_brand?post=5116"},{"taxonomy":"product_cat","embeddable":true,"href":"https:\/\/iotronx.com\/de\/wp-json\/wp\/v2\/product_cat?post=5116"},{"taxonomy":"product_tag","embeddable":true,"href":"https:\/\/iotronx.com\/de\/wp-json\/wp\/v2\/product_tag?post=5116"}],"curies":[{"name":"wp","href":"https:\/\/api.w.org\/{rel}","templated":true}]}}