{"id":5123,"date":"2025-07-13T17:07:47","date_gmt":"2025-07-13T17:07:47","guid":{"rendered":"http:\/\/iotronx.com\/izdelek\/shelly-1pm-gen3-enokanalno\/"},"modified":"2025-08-07T22:21:44","modified_gmt":"2025-08-07T22:21:44","slug":"shelly-1pm-gen3-einkanalig","status":"publish","type":"product","link":"https:\/\/iotronx.com\/de\/product\/shelly-1pm-gen3-einkanalig\/","title":{"rendered":"Shelly 1PM GEN3 einkanalig"},"content":{"rendered":"<p><strong>Shelly 1PM GEN3<\/strong> ist eine neue, verbesserte Version des einkanaligen intelligenten Relais Shelly PLUS 1PM (Gen2). Wie sein Vorg\u00e4nger hat die GEN3-Version einen integrierten Ausgang <strong>Leistungsmesser<\/strong>.<\/p>\n<p>(Wenn Sie ein Standardmodul ohne Leistungsmesser und Trockenkontaktunterst\u00fctzung ben\u00f6tigen, w\u00e4hlen Sie <strong>Shelly 1 Gen3<\/strong> intelligentes Relais).<\/p>\n<p>Es wird direkt an Ihren Wi-Fi-Router angeschlossen, sodass keine lokale Br\u00fccke oder ein Hub erforderlich ist. Er kann als eigenst\u00e4ndiges Ger\u00e4t verwendet werden, um Lichter oder andere elektrische Ger\u00e4te zu automatisieren.<\/p>\n<p><strong>Es ist eines der kleinsten Wi-Fi-Ger\u00e4te f\u00fcr die intelligente Verwaltung und Leistungsmessung von Wandschaltern oder Steckdosen.<\/strong> Aufgrund seiner kompakten Gr\u00f6\u00dfe kann er hinter einem Standard-Wandschalter, einer Steckdose oder in einer elektrischen Anschlussdose installiert werden, was eine einfache Nachr\u00fcstl\u00f6sung erm\u00f6glicht.<\/p>\n<p>Er wird hinter vorhandenen Schaltern oder Steckdosen installiert und erm\u00f6glicht die Fernsteuerung von Lampen oder anderen Verbrauchern, die \u00dcberwachung ihres Zustands und die Messung ihres Energieverbrauchs, wodurch er sich ideal f\u00fcr die intelligente Steuerung von Nachr\u00fcstungen eignet. Die maximale Nennlast von 16 A erm\u00f6glicht auch die Steuerung von Steckdosen.<\/p>\n<p>Das Relais verf\u00fcgt \u00fcber einen Schaltereingang, d. h. Sie k\u00f6nnen das Ger\u00e4t weiterhin mit dem Wandschalter ein- und ausschalten, w\u00e4hrend Sie es \u00fcber Wi-Fi steuern und verschiedene Zeitschaltuhren einstellen. Es ist auch m\u00f6glich, den Schalter in der App zu deaktivieren, was z. B. f\u00fcr R\u00e4ume mit kleinen Kindern n\u00fctzlich ist.<\/p>\n<p>Er unterst\u00fctzt verschiedene Arten von Schaltern: normale, manuelle, Druckknopf- sowie 2-Wege- und 3-Wege-Schalter. Die Auto-Off-Funktion erm\u00f6glicht auch den Momentanbetrieb.<\/p>\n<p><strong>Das Relais arbeitet mit 110V-240V AC oder 24V-30V DC Eingang mit einem maximalen Strom von 16A am Ausgang<\/strong>Er ist daher nicht f\u00fcr Trockenkontaktschalter geeignet.<\/p>\n<p><strong>Das ist wichtig:<\/strong> Der Phasenleiter am Versorgungseingang und der Phasenleiter am Schalteingang m\u00fcssen auf der gleichen Phase liegen. Das Ger\u00e4t ist nicht f\u00fcr Mehrphasensysteme geeignet!<\/p>\n<h4>DER GR\u00d6SSE DES GER\u00c4TS UND DER DIN-HALTERUNG:<\/h4>\n<p>Shelly 1PM GEN3 hat die gleichen Abmessungen wie sein Vorg\u00e4nger, so dass Standard-DIN-Halterungen verwendet werden k\u00f6nnen. Klare Schaltpl\u00e4ne sind ebenfalls enthalten.<\/p>\n<h4>BLUETOOTH VERBINDUNG:<\/h4>\n<p>Die Verbindung erfordert die neue Shelly Cloud App und ist nicht mit der alten Version der App kompatibel. Die Verbindung ist dank des eingebauten Bluetooth-Chips schnell.<\/p>\n<h4>EINEN LEISTUNGSF\u00c4HIGEREN PROZESSOR UND MEHR FUNKTIONEN:<\/h4>\n<p>Der ESP32-Prozessor wird durch den leistungsf\u00e4higeren ESP-Shelly-C38F ersetzt, der eine schnellere Leistung und mehr Speicher (doppelte Kapazit\u00e4t von 8 MB) bietet, was erweiterte Funktionen erm\u00f6glicht.<\/p>\n<h4>\u00dcBERHITZUNGS- UND \u00dcBERSPANNUNGSSCHUTZ:<\/h4>\n<p>Das Ger\u00e4t ist mit einem \u00dcberhitzungs-, \u00dcberspannungs- und \u00dcberlastungsschutz ausgestattet, der einen sicheren Betrieb von Wandschaltern und Steckdosen auf engstem Raum gew\u00e4hrleistet.<\/p>\n<h4>SHELLY GEN3 MERKMALE:<\/h4>\n<ul>\n<li>Unterst\u00fctzt von <strong>HTTP\/HTTPS-Webhaken<\/strong> zur einfachen Anbindung an andere Automatisierungssysteme.<\/li>\n<li>Unterst\u00fctzt Zeiteinstellungen bei <strong>Sonnenaufgang und Sonnenuntergang<\/strong> mit einer Schichteinstellung von bis zu \u00b123 Stunden.<\/li>\n<li>Erm\u00f6glicht bis zu 20 <strong>Zeitschaltuhren<\/strong>lokal gespeichert, auch offline.<\/li>\n<li>Unterst\u00fctzung f\u00fcr <strong>mjS-Schriften<\/strong>mit denen Benutzer ihre eigenen Funktionen und Automatisierungen erstellen k\u00f6nnen.<\/li>\n<li>Unterst\u00fctzung f\u00fcr virtuelle Komponenten, die erweiterte Funktionen \u00fcber HTTP-Befehle erm\u00f6glichen.<\/li>\n<li>Die Bluetooth-Gateway-Funktion erm\u00f6glicht die Kommunikation mit anderen Shelly BLU Ger\u00e4ten \u00fcber die lokale Cloud.<\/li>\n<\/ul>\n<h3><strong>Zeiteinstellungen:<\/strong><\/h3>\n<ul>\n<li>Das Ein- und Ausschalten kann f\u00fcr bestimmte Tage der Woche eingestellt werden.<\/li>\n<li>Sie unterst\u00fctzt Einstellungen f\u00fcr Sonnenaufgang und Sonnenuntergang, einschlie\u00dflich Zeitverschiebung.<\/li>\n<li>Automatische Abschaltung\/Einschaltung nach einer bestimmten Zeit.<\/li>\n<\/ul>\n<h3><strong>Unterst\u00fctzte Betriebsarten:<\/strong><\/h3>\n<ul>\n<li><strong>Cloud-Modus:<\/strong> Das Ger\u00e4t verbindet sich mit Shelly Cloud und erm\u00f6glicht die Verwaltung \u00fcber die App und das Web.<\/li>\n<li><strong>LAN-Modus (lokal):<\/strong> das Ger\u00e4t ist nur innerhalb des lokalen Netzes zug\u00e4nglich.<\/li>\n<li><strong>Modus Wi-Fi Access Point:<\/strong> Ihr Ger\u00e4t erstellt sein eigenes Wi-Fi, mit dem Sie sich direkt verbinden und ohne externes Netzwerk steuern k\u00f6nnen.<\/li>\n<\/ul>\n<p>In der Cloud k\u00f6nnen sich die Shelly-Ger\u00e4te gegenseitig verwalten \u00fcber <strong>Schaupl\u00e4tze<\/strong> (Sie k\u00f6nnen auch direkte HTTP-Befehle im LAN-Modus f\u00fcr die Verwaltung ohne eine Verbindung zur Cloud verwenden.<\/p>\n<p><strong>Die Verbrauchsdaten werden in Shelly Cloud gespeichert, wenn sich das Ger\u00e4t im Cloud-Modus befindet, mit der M\u00f6glichkeit, den Verbrauch in der App anzuzeigen und herunterzuladen.<\/strong><\/p>\n<h3><strong>Integrationen:<\/strong><\/h3>\n<p>Shelly 1PM GEN3 ist extrem einfach zu integrieren, da es MQTT- und REST-APIs unterst\u00fctzt. Es ist kompatibel mit Google Home, Amazon Echo, Yandex Alice und anderen Sprachassistenten. Im Gegensatz zu \u00e4lteren Modellen erm\u00f6glicht es die gleichzeitige Verwaltung \u00fcber die Cloud und MQTT.<\/p>\n<p>Die folgenden Systeme werden ebenfalls unterst\u00fctzt:<\/p>\n<ul>\n<li>MQTT<\/li>\n<li>HomeSeer<\/li>\n<li>ioBroker<\/li>\n<li>Assistentin zu Hause<\/li>\n<li>openHAB<\/li>\n<li>Domoticz<\/li>\n<li>SYMCAN<\/li>\n<li>nymea<\/li>\n<li>Hubitat<\/li>\n<li>Hoobs<\/li>\n<li>REST-API<\/li>\n<\/ul>\n<h3><strong>Einbau:<\/strong><\/h3>\n<ul>\n<li>Geeignet f\u00fcr wandmontierte Standardschalter und Steckdosen.<\/li>\n<li>Mit separatem Adapter auf DIN-Schiene montierbar.<\/li>\n<li>Kompatibel mit Shelly Plus Add-On Zubeh\u00f6r.<\/li>\n<\/ul>\n<h3><strong>Sonstige technische Informationen:<\/strong><\/h3>\n<p>Stromversorgung: 110-230V AC \u00b110%, 24V-30V DC<br \/>\nMaximale Leistung: 3500W \/ 16A<\/p>\n<p><strong>F\u00fcr den Betrieb des Shelly 1PM Gen3 sind sowohl Phasen- als auch Neutralleiter erforderlich.<\/strong><\/p>","protected":false},"excerpt":{"rendered":"<p>Das Shelly 1PM Gen3 ist ein WiFi+Bluetooth-kompatibles, an der Wand montierbares, intelligentes Relaismodul mit 1 Stromkreis und 16 A und integriertem Leistungsmesser. Es unterst\u00fctzt nur das Schalten von nassen Kontakten und kann f\u00fcr die Steuerung und Messung des Stromverbrauchs von Lampen und Steckdosen verwendet werden.<\/p>","protected":false},"featured_media":5125,"template":"","meta":{"_acf_changed":false},"product_brand":[97],"product_cat":[95],"product_tag":[],"class_list":{"0":"post-5123","1":"product","2":"type-product","3":"status-publish","4":"has-post-thumbnail","6":"product_brand-shelly","7":"product_cat-stikala","9":"first","10":"instock","11":"sale","12":"taxable","13":"shipping-taxable","14":"purchasable","15":"product-type-simple"},"acf":[],"_links":{"self":[{"href":"https:\/\/iotronx.com\/de\/wp-json\/wp\/v2\/product\/5123","targetHints":{"allow":["GET"]}}],"collection":[{"href":"https:\/\/iotronx.com\/de\/wp-json\/wp\/v2\/product"}],"about":[{"href":"https:\/\/iotronx.com\/de\/wp-json\/wp\/v2\/types\/product"}],"wp:featuredmedia":[{"embeddable":true,"href":"https:\/\/iotronx.com\/de\/wp-json\/wp\/v2\/media\/5125"}],"wp:attachment":[{"href":"https:\/\/iotronx.com\/de\/wp-json\/wp\/v2\/media?parent=5123"}],"wp:term":[{"taxonomy":"product_brand","embeddable":true,"href":"https:\/\/iotronx.com\/de\/wp-json\/wp\/v2\/product_brand?post=5123"},{"taxonomy":"product_cat","embeddable":true,"href":"https:\/\/iotronx.com\/de\/wp-json\/wp\/v2\/product_cat?post=5123"},{"taxonomy":"product_tag","embeddable":true,"href":"https:\/\/iotronx.com\/de\/wp-json\/wp\/v2\/product_tag?post=5123"}],"curies":[{"name":"wp","href":"https:\/\/api.w.org\/{rel}","templated":true}]}}