{"id":5129,"date":"2025-07-13T17:07:47","date_gmt":"2025-07-13T17:07:47","guid":{"rendered":"http:\/\/iotronx.com\/izdelek\/shelly-1pm-gen4-vecprotokolni-wi-fi-bluetooth-zigbee-3-0-relejni-modul\/"},"modified":"2025-11-24T11:24:23","modified_gmt":"2025-11-24T11:24:23","slug":"shelly-1pm-gen4-multi-protokoll-wi-fi-bluetooth-zigbee-3-0-relay-module","status":"publish","type":"product","link":"https:\/\/iotronx.com\/de\/product\/shelly-1pm-gen4-multi-protokoll-wi-fi-bluetooth-zigbee-3-0-relay-module\/","title":{"rendered":"Shelly 1PM Gen4 Multiprotokoll (Wi-Fi+ Bluetooth \/ Zigbee 3.0) Relaismodul"},"content":{"rendered":"<p><strong>Shelly 1PM Gen4<\/strong> ist ein intelligentes Relais der vierten Generation mit integrierter Leistungsmessung und unterst\u00fctzt das Management von elektrischen Lasten bis zu <strong>16A (3500W)<\/strong>. Je idealna re\u0161itev za avtomatizacijo razsvetljave, gospodinjskih aparatov in drugih elektri\u010dnih naprav. Pona\u0161a se z izbolj\u0161ano zanesljivostjo komunikacije, ve\u010djim pomnilnikom in zdru\u017eljivostjo z Matter, kar omogo\u010da ve\u010djo prilagodljivost pri integraciji v pametne domove.<\/p>\n<p>Shelly 1PM Gen4 je najnovej\u0161a generacija <strong>einpoliges intelligentes Relais<\/strong>, prej znanega kot Shelly 1PM Gen3. Tako kot njegov predhodnik podpira preklapljanje do 16A in vklju\u010duje funkcijo merjenja porabe energije, ki je dostopna preko mobilne aplikacije.<\/p>\n<p>Tako kot vse naprave Shelly se 1PM Gen4 neposredno pove\u017ee z va\u0161im <strong>Wi-Fi-Router<\/strong>ohne die Notwendigkeit eines lokalen Hubs, Controllers oder Gateways. Au\u00dferdem unterst\u00fctzt es <strong>native Matter-Integration<\/strong>. Dar\u00fcber hinaus verf\u00fcgen Gen4-Ger\u00e4te \u00fcber einen sekund\u00e4ren Betriebsmodus, der vor der Aggregation ausgew\u00e4hlt werden muss und Folgendes erm\u00f6glicht <strong>Zigbee<\/strong> komunikacijo z zigbee gatewayem ali koordinatorjem.<\/p>\n<p>Ne glede na to, ali ga uporabljate v Wi-Fi ali zigbee na\u010dinu, je primeren za avtomatizacijo posameznih naprav ali integracijo v celoten sistem pametnega doma, na primer pri obnovi nepremi\u010dnine.<\/p>\n<p>Njegova kompaktna velikost omogo\u010da namestitev za standardnimi stenskimi stikali ali znotraj razdelilnih omaric, tudi za retrofit uporabo.<\/p>\n<p>Namestitev za obstoje\u010dim stenskim stikalom omogo\u010da, da Shelly 1PM Gen4 omogo\u010da daljinsko upravljanje razsvetljave in priklju\u010denih naprav, hkrati pa ohranja funkcionalnost fizi\u010dnega stikala. To ga naredi idealnega za <strong>Umwandlung bestehender Systeme in intelligente Systeme<\/strong>. Za razliko od Mini razli\u010dice je njegova najve\u010dja tokovna obremenitev 16A primerna tudi za upravljanje vti\u010dnic.<\/p>\n<p>Rele vklju\u010duje vhod za stikalo, zato je stensko stikalo \u0161e vedno uporabno tudi, ko napravo upravljate prek Wi-Fi. V aplikaciji lahko nastavite avtomatske \u010dasovnike za vklop\/izklop ali celo popolnoma onemogo\u010dite stensko stikalo \u2013 uporabna funkcija na primer za otro\u0161ke sobe.<\/p>\n<p>Shelly 1PM Gen4 je zdru\u017eljiv tako z <strong>sowohl mit zwei Positionen (Kippschalter) als auch mit einem Momentanwert (Druckknopf)<\/strong> Schalter und St\u00fctzen <strong>2-Wege und Querverdrahtung<\/strong>. Es kann auch in folgenden Bereichen eingesetzt werden <strong>Impulsschaltung<\/strong> mit automatischer Abschaltung.<\/p>\n<h3>Messung des Verbrauchs in Echtzeit<\/h3>\n<p>Mit dem integrierten Stromz\u00e4hler k\u00f6nnen Sie den Energieverbrauch der angeschlossenen Ger\u00e4te genau \u00fcberwachen und so die Energieeffizienz und den bewussten Umgang mit Strom f\u00f6rdern.<\/p>\n<h3>Automatisierungsfunktionen<\/h3>\n<ul>\n<li>Echtzeit\u00fcberwachung von Leistung (W) und Gesamtenergieverbrauch (kWh)<\/li>\n<li>Zeitgesteuertes Ein- und Ausschalten (bis zu 20 programmierte Ereignisse)<\/li>\n<li>Automatische Ein\/Aus-Timer<\/li>\n<li>Automatisierung von Sonnenaufgang und Sonnenuntergang mit \u00b123 Stunden Verz\u00f6gerung<\/li>\n<li>HTTP\/HTTPS Webhook-Unterst\u00fctzung f\u00fcr die Integration mit Systemen von Drittanbietern<\/li>\n<li>Ausf\u00fchren eigener Skripte (mjS) auf der Grundlage von Eingaben, Ausgaben oder Netzwerkereignissen<\/li>\n<\/ul>\n<h3>Betriebsarten<\/h3>\n<ul>\n<li>Cloud-Modus - vollst\u00e4ndige Fernsteuerung \u00fcber die Shelly Cloud App<\/li>\n<li>LAN-Modus - Betrieb in einem lokalen Netzwerk ohne Internetzugang<\/li>\n<li>Wi-Fi-Zugangspunkt-Modus - das Ger\u00e4t erstellt sein eigenes Wi-Fi-Netzwerk<\/li>\n<li>Zigbee-Modus - f\u00fcr die Verwendung mit Zigbee-Gateway<\/li>\n<\/ul>\n<h3>Integrationsm\u00f6glichkeiten und Kompatibilit\u00e4t<\/h3>\n<ul>\n<li>Unterst\u00fctzung von Sprachassistenten f\u00fcr Google Home, Amazon Alexa und Yandex Alice<\/li>\n<li>Integration mit SmartThings \u00fcber Shelly Cloud<\/li>\n<li>Kompatibel mit Apple HomeKit (dank des Matter-Standards)<\/li>\n<li>Kompatibel mit Homey, Home Assistant, openHAB, Domoticz, ioBroker, HomeSeer, nymea, Hubitat, Hoobs, SYMCAN und anderen<\/li>\n<li>Unterst\u00fctzung f\u00fcr MQTT und REST API<\/li>\n<li>M\u00f6glichkeit der gleichzeitigen Nutzung von Shelly Cloud und MQTT<\/li>\n<\/ul>\n<h3>Wesentliche Merkmale<\/h3>\n<ul>\n<li>Einpoliges Relais<\/li>\n<li>Unterst\u00fctzt Lasten bis zu 16A<\/li>\n<li>Leistungs- und Energiemessung in Echtzeit<\/li>\n<li>Unterst\u00fctzung der Kommunikation \u00fcber Wi-Fi, Bluetooth, Matter oder Zigbee<\/li>\n<li>Trockene Kontakte werden nicht unterst\u00fctzt<\/li>\n<li>Eingebauter \u00dcberhitzungsschutz<\/li>\n<li>Bluetooth-Gateway und Wi-Fi-Signalverst\u00e4rkerfunktion enthalten<\/li>\n<\/ul>\n<h3>Technische Daten<\/h3>\n<ul>\n<li>Stromversorgung: 110-240V AC \/ 24-48V DC<\/li>\n<li>Maximaler Schaltstrom: 16A (3500W)<\/li>\n<li>Verbrauchsmessung: ja<\/li>\n<li>Kommunikation: Wi-Fi (802.11 b\/g\/n), Bluetooth<\/li>\n<li>Trockenkontaktschaltung: nicht unterst\u00fctzt<\/li>\n<li>Prozessor: ESP-Shelly-C38F<\/li>\n<li>Speicher: 8MB Flash<\/li>\n<li>Betriebstemperatur: -20 \u00b0C bis +40 \u00b0C<\/li>\n<li>Relative Luftfeuchtigkeit: 30 % - 70 % RH<\/li>\n<\/ul>","protected":false},"excerpt":{"rendered":"<p>Shelly 1PM Gen4 ist das erste Matter-kompatible, Multiprotokoll-Nachr\u00fcstmodul f\u00fcr Shelly-Relais. Es unterst\u00fctzt die Protokolle Wi-Fi + Bluetooth (mit Shelly Cloud oder als lokal laufendes Smart Home System) und Zigbee 3.0, so dass Sie es mit einer Reihe von Zigbee 3.0-kompatiblen Knoten verbinden k\u00f6nnen.<\/p>","protected":false},"featured_media":5131,"template":"","meta":{"_acf_changed":false},"product_brand":[97],"product_cat":[95],"product_tag":[],"class_list":{"0":"post-5129","1":"product","2":"type-product","3":"status-publish","4":"has-post-thumbnail","6":"product_brand-shelly","7":"product_cat-stikala","9":"first","10":"instock","11":"sale","12":"taxable","13":"shipping-taxable","14":"purchasable","15":"product-type-simple"},"acf":[],"_links":{"self":[{"href":"https:\/\/iotronx.com\/de\/wp-json\/wp\/v2\/product\/5129","targetHints":{"allow":["GET"]}}],"collection":[{"href":"https:\/\/iotronx.com\/de\/wp-json\/wp\/v2\/product"}],"about":[{"href":"https:\/\/iotronx.com\/de\/wp-json\/wp\/v2\/types\/product"}],"wp:featuredmedia":[{"embeddable":true,"href":"https:\/\/iotronx.com\/de\/wp-json\/wp\/v2\/media\/5131"}],"wp:attachment":[{"href":"https:\/\/iotronx.com\/de\/wp-json\/wp\/v2\/media?parent=5129"}],"wp:term":[{"taxonomy":"product_brand","embeddable":true,"href":"https:\/\/iotronx.com\/de\/wp-json\/wp\/v2\/product_brand?post=5129"},{"taxonomy":"product_cat","embeddable":true,"href":"https:\/\/iotronx.com\/de\/wp-json\/wp\/v2\/product_cat?post=5129"},{"taxonomy":"product_tag","embeddable":true,"href":"https:\/\/iotronx.com\/de\/wp-json\/wp\/v2\/product_tag?post=5129"}],"curies":[{"name":"wp","href":"https:\/\/api.w.org\/{rel}","templated":true}]}}