{"id":5136,"date":"2025-07-13T17:07:47","date_gmt":"2025-07-13T17:07:47","guid":{"rendered":"http:\/\/iotronx.com\/izdelek\/shelly-1-gen3-enokanalni-wi-fi-pametni-relejni-modul-16a\/"},"modified":"2025-08-07T22:21:44","modified_gmt":"2025-08-07T22:21:44","slug":"shelly-1-gen3-einkanaliges-wi-fi-smart-relay-modul-16a","status":"publish","type":"product","link":"https:\/\/iotronx.com\/de\/product\/shelly-1-gen3-einkanaliges-wi-fi-smart-relay-modul-16a\/","title":{"rendered":"Shelly 1 GEN3 Einkanal-Wi-Fi-Smart-Relais-Modul (16A)"},"content":{"rendered":"<p><strong>Shelly 1 GEN3 ist eine neue, verbesserte Version des Shelly one-way smart relay, fr\u00fcher bekannt als Shelly PLUS 1 (Gen2)<\/strong>. Wie die Vorg\u00e4ngerversion Shelly Plus 1 (Gen2), hat Shelly 1 GEN3 <strong>Ausgang unabh\u00e4ngig von der Relais-Stromversorgung<\/strong>Die Funktion der Leistungsmessung ist nicht enthalten.<\/p>\n<p>(Wenn Sie ein gemessenes Einwegrelais ben\u00f6tigen, w\u00e4hlen Sie <strong>Shelly 1PM GEN3 intelligentes Relais<\/strong>.)<\/p>\n<p>Wie alle Shelly-Produkte wird es direkt an Ihren Wi-Fi-Router angeschlossen, so dass kein lokaler Hub oder Gateway (Bridge) erforderlich ist. Es kann als eigenst\u00e4ndiges Ger\u00e4t installiert werden, um die Beleuchtung oder andere elektrische Ger\u00e4te zu automatisieren.<\/p>\n<p><strong>Es ist eines der kleinsten Wi-Fi-Ger\u00e4te f\u00fcr die intelligente Steuerung von Wandschaltern oder Steckdosen.<\/strong> <strong>Dank seines kompakten Formats kann es hinter einem Standard-Lichtschalter, einer Wandsteckdose oder einer elektrischen Anschlussdose installiert werden, was ideal f\u00fcr Nachr\u00fcstungsl\u00f6sungen ist.<\/strong><\/p>\n<p>Die Installation hinter vorhandenen Schaltern oder Steckdosen erm\u00f6glicht <strong>Fernsteuerung von Licht oder anderen Ger\u00e4ten<\/strong> und die \u00dcberwachung ihres Ein-\/Ausschaltens, wobei die Funktionalit\u00e4t vorhandener Schalter oder Steckdosen erhalten bleibt - ideal f\u00fcr die Nachr\u00fcstung intelligenter Steuerungen. Der Shelly 1 GEN3 wird h\u00e4ufig f\u00fcr die Steuerung von einpoligen Schaltern und Steckdosen verwendet, und seine maximale Last von 16 A erm\u00f6glicht auch die Steuerung von Steckdosen.<\/p>\n<p>Das Shelly 1 GEN3-Relais verf\u00fcgt wie andere kleine, intelligente Shelly-Relais \u00fcber einen Schaltereingang, so dass es hinter Lichtschaltern installiert werden kann <strong>immer noch den Wandschalter benutzen<\/strong> um die Lampe (oder ein anderes Ger\u00e4t) ein- oder auszuschalten und sie \u00fcber Wi-Fi fernzusteuern. Es sind auch verschiedene Zeitschaltuhren verf\u00fcgbar. Sie k\u00f6nnen den Schalter auch in der Shelly-App deaktivieren - n\u00fctzlich zum Beispiel f\u00fcr Kinderzimmer, in denen Sie verhindern m\u00f6chten, dass der Schalter benutzt wird.<\/p>\n<p>Das Relais ist nicht nur mit Doppelschaltern (Kippschaltern), sondern auch mit manuellen Schaltern (Wippschaltern) und Drucktastern kompatibel und kann auch mit Doppel- und Dreifachschaltern (2-Wege- und 3-Wege-Schaltern) arbeiten.<\/p>\n<p>Mit der automatischen Abschaltfunktion ist es auch m\u00f6glich, einen Taster zu setzen.<\/p>\n<p><strong>Der Ausgang des Shelly 1 GEN3 Relais ist unabh\u00e4ngig von der Stromversorgung (110V-240V AC \/ 12V DC \/ 24V-48V DC) und unterst\u00fctzt daher sowohl das Schalten von nassen Kontakten (bis zu 16A AC) als auch von trockenen Kontakten.<\/strong> Er wird daher auch gerne f\u00fcr Anwendungen eingesetzt, bei denen ein trockenes Schalten erforderlich ist, wie z. B. bei Garagentoren, T\u00fcr\u00f6ffnermotoren usw. Er kann auch 12- oder 24-Volt-Spannungen schalten, die in einigen Systemen verwendet werden.<\/p>\n<blockquote><p>Der Shelly PLUS 1 GEN3 ist auch f\u00fcr die Steuerung von motorisierten T\u00fcren und Garagentoren geeignet, da er einen spannungsfreien Schalter f\u00fcr die Impulsaktivierung unterst\u00fctzt. In Kombination mit <strong>Shelly Plus Add-on<\/strong> und <strong>Magnetischer T\u00fcr\u00f6ffnungssensor<\/strong> Sie k\u00f6nnen in der App auch den Status von offenen oder geschlossenen T\u00fcren verfolgen.<\/p><\/blockquote>\n<p><strong>WICHTIG: Der Phasenleiter der Stromversorgung und der Phasenleiter am Schalteingang m\u00fcssen zur gleichen Phase geh\u00f6ren, da Shelly 1 GEN3 nicht f\u00fcr den Mehrphasenbetrieb geeignet ist!<\/strong><\/p>\n<h4>GER\u00c4TEGR\u00d6SSE, DIN-MODUL:<\/h4>\n<p>Shelly 1 GEN3 hat die gleichen Abmessungen wie sein Vorg\u00e4nger, so dass Standard-DIN-Adapter verwendet werden k\u00f6nnen. F\u00fcr eine einfache und klare Verdrahtung sind auch Schaltpl\u00e4ne enthalten.<\/p>\n<h4>BLUETOOTH VERBINDUNG:<\/h4>\n<p><strong>Die Verbindung erfordert die neue Shelly Cloud App, die nicht mit der alten Version kompatibel ist.<\/strong> Die Verbindung erfolgt dank des eingebauten Bluetooth-Chips mit der gleichen Geschwindigkeit wie beim Shelly Plus 1.<\/p>\n<h4>ST\u00c4RKERER PROZESSOR, MEHR FUNKTIONEN:<\/h4>\n<p>Der im Shelly Plus 1 verwendete ESP32-Prozessor wurde in den GEN3-Ger\u00e4ten durch den ESP-Shelly-C38F ersetzt, der \u00fcber eine schnellere CPU und einen doppelt so gro\u00dfen 8MB-Speicher verf\u00fcgt, was im Vergleich zur PLUS-Serie mehr Funktionen und eine schnellere Leistung erm\u00f6glicht.<\/p>\n<h4>SCHUTZ VOR F\u00c4LSCHUNGEN:<\/h4>\n<p>Shelly Plus 1 verf\u00fcgt \u00fcber einen \u00dcberhitzungsschutz, der einen sicheren Betrieb in kleinen R\u00e4umen mit Wandsteckdosen gew\u00e4hrleistet.<\/p>\n<h4>SHELLY GEN3:<\/h4>\n<ul>\n<li>Unterst\u00fctzt von <strong>HTTP\/HTTPS-Webhaken<\/strong>mit dem Sie kompatible Produkte und Automatisierungssysteme der Shelly Plus Reihe verbinden, benachrichtigen oder verwalten k\u00f6nnen.<\/li>\n<li>Unterst\u00fctzt von <strong>Zeiteinstellungen f\u00fcr Sonnenaufgang und Sonnenuntergang<\/strong>mit einer Verz\u00f6gerung von \u00b123 Stunden.<\/li>\n<li>Unterst\u00fctzt bis zu 20 <strong>programmierte Zeitschaltuhren<\/strong> (auch offline gespeichert).<\/li>\n<li>Unterst\u00fctzt von <strong>mjS-Schriften<\/strong>Damit k\u00f6nnen Sie Ihre eigenen Funktionen und Automatisierungen auf der Grundlage von Eingangs-\/Ausgangssignalen oder Netzwerkereignissen erstellen.<\/li>\n<li>Es unterst\u00fctzt virtuelle Komponenten f\u00fcr zus\u00e4tzliche Funktionen, die auch \u00fcber externe Systeme verwaltet werden k\u00f6nnen.<\/li>\n<li>Er bietet eine Bluetooth-Gateway-Funktion, die die Kommunikation mit anderen Shelly BLU Sensoren und Steuerungen \u00fcber die lokale Cloud erm\u00f6glicht.<\/li>\n<\/ul>\n<h3><strong>Zeitfunktionen:<\/strong><\/h3>\n<ul>\n<li>Ein- und Ausschalten f\u00fcr bestimmte Wochentage.<\/li>\n<li>Unterst\u00fctzung f\u00fcr Sonnenaufgangs- und Sonnenuntergangszeiten (auch zeitversetzt).<\/li>\n<li>Unterst\u00fctzung des automatischen Ein- und Ausschaltens nach einer bestimmten Zeit.<\/li>\n<\/ul>\n<h3><strong>Unterst\u00fctzte Modi:<\/strong><\/h3>\n<ul>\n<li><strong>Cloud-Modus:<\/strong> das Ger\u00e4t verbindet sich mit Shelly Cloud f\u00fcr die Verwaltung \u00fcber eine App oder eine Weboberfl\u00e4che.<\/li>\n<li><strong>LAN (Local Area Network)-Modus:<\/strong> Ger\u00e4te nur innerhalb Ihres lokalen Netzwerks verwalten.<\/li>\n<li><strong>Modus Wi-Fi Access Point:<\/strong> erstellt das Ger\u00e4t sein eigenes Wi-Fi, mit dem Sie sich f\u00fcr die lokale Verwaltung direkt verbinden k\u00f6nnen, wenn kein anderes Wi-Fi-Netzwerk vorhanden ist.<\/li>\n<\/ul>\n<p>Im Cloud-Modus k\u00f6nnen sich die Shelly-Ger\u00e4te gegenseitig \u00fcber die <strong>Schaupl\u00e4tze<\/strong>So kann zum Beispiel ein Lichtrelais ein Relais an einer Steckdose einschalten. Auch die direkte Device-to-Device (DDD)-Steuerung zwischen Ger\u00e4ten \u00fcber HTTP-Befehle wird unterst\u00fctzt, sogar ohne Internetverbindung.<\/p>\n<h3><strong>Integrationen:<\/strong><\/h3>\n<p>Selbst mit der Werkssoftware ist Shelly eines der benutzerfreundlichsten intelligenten Ger\u00e4te auf dem Markt f\u00fcr die Integration. Es unterst\u00fctzt MQTT und die Verwaltung \u00fcber REST API. Es ist kompatibel mit Google Home, Amazon Echo und Yandex Alice Sprachsteuerung. <strong>Im Gegensatz zu Shelly 1 erm\u00f6glichen Shelly Plus 1 und GEN3 die gleichzeitige Verwaltung \u00fcber die Cloud und MQTT.<\/strong><\/p>\n<p>Viele Shelly-Ger\u00e4te sind bereits \u00fcber Shelly Cloud in die SmartThings-Plattform integriert.<\/p>\n<ul>\n<li>MQTT<\/li>\n<li>HomeSeer<\/li>\n<li>ioBroker<\/li>\n<li>Assistentin zu Hause<\/li>\n<li>openHAB<\/li>\n<li>Domoticz<\/li>\n<li>SYMCAN<\/li>\n<li>nymea<\/li>\n<li>Hubitat<\/li>\n<li>Hoobs<\/li>\n<li>REST-API<\/li>\n<\/ul>\n<h3><strong>Einbau:<\/strong><\/h3>\n<ul>\n<li>Es passt in der Regel in Standard-Wandsteckdosen f\u00fcr Schalter und Steckdosen.<\/li>\n<li>DIN-Adapter erh\u00e4ltlich (separat erh\u00e4ltlich).<\/li>\n<li>Kompatibel mit dem Shelly Plus Add-On Modul.<\/li>\n<\/ul>\n<h3><strong>Sonstige technische Daten:<\/strong><\/h3>\n<p>Stromversorgung: 110-240V AC (\u00b110%), 24V-48V DC, 12V DC stabilisiert<\/p>\n<p>Maximale Leistung: 3500W \/ 16A (AC), 10A (DC)<\/p>\n<p><strong>F\u00fcr den Betrieb von Shelly 1 GEN3 sind sowohl Phasen- als auch Neutralleiter erforderlich.<\/strong><\/p>","protected":false},"excerpt":{"rendered":"<p>Shelly 1 Gen3 ist ein WiFi+Bluetooth-kompatibles intelligentes Relaismodul mit 1 Stromkreis und 16 A, das in einer Wanddose installiert werden kann. Es unterst\u00fctzt sowohl Nass- als auch Trockenkontakte und eignet sich f\u00fcr die Steuerung von Garagentoren und motorisierten T\u00fcr\u00f6ffnern, Leuchten und Steckdosen.<\/p>","protected":false},"featured_media":5138,"template":"","meta":{"_acf_changed":false},"product_brand":[97],"product_cat":[95],"product_tag":[],"class_list":{"0":"post-5136","1":"product","2":"type-product","3":"status-publish","4":"has-post-thumbnail","6":"product_brand-shelly","7":"product_cat-stikala","9":"first","10":"instock","11":"sale","12":"taxable","13":"shipping-taxable","14":"purchasable","15":"product-type-simple"},"acf":[],"_links":{"self":[{"href":"https:\/\/iotronx.com\/de\/wp-json\/wp\/v2\/product\/5136","targetHints":{"allow":["GET"]}}],"collection":[{"href":"https:\/\/iotronx.com\/de\/wp-json\/wp\/v2\/product"}],"about":[{"href":"https:\/\/iotronx.com\/de\/wp-json\/wp\/v2\/types\/product"}],"wp:featuredmedia":[{"embeddable":true,"href":"https:\/\/iotronx.com\/de\/wp-json\/wp\/v2\/media\/5138"}],"wp:attachment":[{"href":"https:\/\/iotronx.com\/de\/wp-json\/wp\/v2\/media?parent=5136"}],"wp:term":[{"taxonomy":"product_brand","embeddable":true,"href":"https:\/\/iotronx.com\/de\/wp-json\/wp\/v2\/product_brand?post=5136"},{"taxonomy":"product_cat","embeddable":true,"href":"https:\/\/iotronx.com\/de\/wp-json\/wp\/v2\/product_cat?post=5136"},{"taxonomy":"product_tag","embeddable":true,"href":"https:\/\/iotronx.com\/de\/wp-json\/wp\/v2\/product_tag?post=5136"}],"curies":[{"name":"wp","href":"https:\/\/api.w.org\/{rel}","templated":true}]}}