{"id":5148,"date":"2025-07-13T17:07:47","date_gmt":"2025-07-13T17:07:47","guid":{"rendered":"http:\/\/iotronx.com\/izdelek\/shelly-2l-gen3-smart-2-gang-modul-releja\/"},"modified":"2025-09-24T12:47:47","modified_gmt":"2025-09-24T12:47:47","slug":"shelly-2l-gen3-smart-2-gang-relay-module","status":"publish","type":"product","link":"https:\/\/iotronx.com\/de\/product\/shelly-2l-gen3-smart-2-gang-relay-module\/","title":{"rendered":"Shelly 2L Gen3 Zweikanal-Relais-Modul"},"content":{"rendered":"<p>Das Shelly 2L Gen3 ist ein kompaktes, zweistufiges Wi-Fi-Smart-Relais, das die ideale L\u00f6sung f\u00fcr die Aufr\u00fcstung und intelligente Steuerung der Beleuchtung in Situationen ist, in denen es in der Wandsteckdose keinen Neutralleiter, sondern nur einen Phasenleiter gibt. Dies ist besonders n\u00fctzlich in \u00e4lteren Geb\u00e4uden, in denen herk\u00f6mmliche Smart-Relais nur schwer zu installieren sind. Shelly 2L Gen3 erm\u00f6glicht die Fernsteuerung der Beleuchtung, die Einstellung von Zeitpl\u00e4nen und die Erstellung von Automatisierungsszenarien, ohne dass ein Neutralleiter erforderlich ist.<\/p>\n<p>Das Ger\u00e4t ist einfach und schnell zu installieren und ben\u00f6tigt nur etwa 10 Minuten. Der Shelly 2L Gen3 ist so konzipiert, dass er hinter Standard-Wandschaltern oder an anderen engen Stellen angebracht werden kann, was ihn ideal f\u00fcr Nachr\u00fcstungen macht. Dank der integrierten Wi-Fi- und Bluetooth-Konnektivit\u00e4t l\u00e4sst er sich problemlos in bestehende Smart-Home-Systeme integrieren und erm\u00f6glicht den Fernzugriff und die Fernsteuerung.<\/p>\n<p><\/p>\n<h3>\u00dcber Shelly<\/h3>\n<p>Shelly ist eine Marke des bulgarischen Unternehmens Shelly, das weltweit f\u00fcr seine innovativen und zuverl\u00e4ssigen Smart-Home-L\u00f6sungen bekannt ist. Das modulare Design und die offenen Integrationsm\u00f6glichkeiten machen Shelly-Produkte bei Heimwerkern und professionellen Installateuren gleicherma\u00dfen beliebt.<\/p>\n<p><\/p>\n<h3>Wichtigste Produktmerkmale:<\/h3>\n<ul>\n<li><strong>Perfekt f\u00fcr den nachtr\u00e4glichen Einbau!<\/strong> Ein Neutralleiter ist nicht erforderlich. Beleuchtungen oder andere Ger\u00e4te k\u00f6nnen nur \u00fcber den Phasenleiter gespeist und betrieben werden, ohne Anschluss an den Neutralleiter.<\/li>\n<li><strong>Dvocikeljski<\/strong> Der Shelly 2L Gen3 eignet sich zum Schalten und Steuern von zwei Beleuchtungsstromkreisen mit einer maximalen Leistung von 200W und 700W. Er ist nicht zum Steuern von Rolll\u00e4den geeignet!<\/li>\n<li><strong>Unterst\u00fctzte Lastarten:<\/strong> <br \/>Gl\u00fchlampen*<br \/>LED-Beleuchtung*<br \/>*F\u00fcr Lichtquellen ohne Abspanntransformator (Niedervoltbeleuchtung).<\/li>\n<li><strong>Mindestleistung der Gl\u00fchbirne:<\/strong> Eine \"Bypass 1L\/2L Gen3\"-Einheit wird am Ausgangskreis O1 neben den LED-Leuchten installiert, um Gl\u00fchbirnen \u00fcber 5 W zu betreiben. F\u00fcr herk\u00f6mmliche Gl\u00fchbirnen ist sie nicht erforderlich.<\/li>\n<li><strong>Wi-Fi-Verbindung:<\/strong> Der Shelly 2L Gen3 verbindet sich mit Ihrem Wi-Fi-Heimnetzwerk und erm\u00f6glicht die Fernsteuerung \u00fcber die Shelly Mobile App oder andere intelligente Plattformen.<\/li>\n<li><strong>Fernbedienung:<\/strong> Mit der Shelly-App und einer Internetverbindung k\u00f6nnen Sie das Ger\u00e4t von \u00fcberall aus mit Ihrem Smartphone oder Tablet steuern.<\/li>\n<li><strong>Sprachsteuerung:<\/strong> Wenn es mit Sprachassistenten wie Amazon Alexa oder Google Assistant verbunden ist, kann es auch \u00fcber Sprachbefehle gesteuert werden.<\/li>\n<li><strong>Zeitpl\u00e4ne und Automatisierung:<\/strong> Shelly 2L Gen3 unterst\u00fctzt Zeitpl\u00e4ne und Automatisierungen, die es Ihnen erm\u00f6glichen, Routineaufgaben zu erstellen und Timer zu setzen, z. B. das automatische Ein- und Ausschalten der Beleuchtung zu bestimmten Zeiten.<\/li>\n<li><strong>Kompatibilit\u00e4t<\/strong> Entwickelt und getestet f\u00fcr verschiedene Arten von Beleuchtung. Funktioniert im Spannungsbereich von 220-240 VAC.<\/li>\n<li><strong>Kompakte Bauweise<\/strong> Der Shelly 2L Gen3 ist klein und kann ohne gro\u00dfen Platzbedarf hinter herk\u00f6mmlichen Wandschaltern oder in Schaltschr\u00e4nken installiert werden.<\/li>\n<li><strong>Schutz<\/strong> Eingebauter Temperatursensor zum Schutz vor \u00dcberhitzung.<\/li>\n<li><strong>Lokaler und Fernzugriff<\/strong> Sie k\u00f6nnen Ihre Ger\u00e4te lokal \u00fcber dasselbe Wi-Fi-Netzwerk oder aus der Ferne verwalten, wenn Sie nicht zu Hause sind.<\/li>\n<li><strong>OTA-Aktualisierungen<\/strong> Shelly Ger\u00e4te erhalten regelm\u00e4\u00dfig Over-the-Air (OTA)-Firmware-Updates zur Verbesserung der Funktionalit\u00e4t und Sicherheit.<\/li>\n<li><strong>Kompatibilit\u00e4t mit Smart-Home-Systemen<\/strong><\/li>\n<li>Shelly 2L Gen3 ist mit verschiedenen Smart-Home-Systemen wie MQTT, Home Assistant usw. kompatibel und erm\u00f6glicht einen flexiblen Aufbau von Smart Homes.<\/li>\n<li><strong>Neue Funktionen im Vergleich zum \u00e4lteren Shelly 1L:<\/strong> Enth\u00e4lt alle neuen Funktionen der neuesten Shelly-Ger\u00e4te:\n<ul>\n<li>Dieses Modell kann nun zwei Lichtkreise bedienen.<\/li>\n<li>Skripting-Optionen<\/li>\n<li>Unterst\u00fctzung von HTTPS und MQTTS<\/li>\n<li>Unterst\u00fctzung f\u00fcr WebSocket-Eingangs- und Ausgangsverbindungen<\/li>\n<\/ul>\n<\/li>\n<\/ul>\n<p><\/p>\n<h3>Smart-Home-Protokolle und Plattformkompatibilit\u00e4t<\/h3>\n<ul>\n<li><strong>Unterst\u00fctzte Protokolle<\/strong>Wi-Fi (802.11 b\/g\/n), Bluetooth 4.2<\/li>\n<li><strong>Bluetooth-Gateway-Funktion<\/strong>Empf\u00e4ngt und sendet Signale von Shelly BLE-Ger\u00e4ten (Fernbedienungen und Sensoren)<\/li>\n<li><strong>Einheimische Plattform<\/strong>Shelly Smart Control App (Android, iOS)<\/li>\n<li><strong>Integrationen in Cloud-Plattformen<\/strong>Amazon Alexa, Google Assistant<\/li>\n<li><strong>Dritte Plattformen<\/strong>Home Assistant, OpenHAB, Domoticz, ioBroker, Node-RED, MQTT, REST API, Webhook, HTTPS, UDP<\/li>\n<li><strong>Sprachsteuerung<\/strong>Unterst\u00fctzung f\u00fcr Amazon Alexa und Google Assistant<\/li>\n<\/ul>\n<p><\/p>\n<h3>Intelligente Funktionen<\/h3>\n<ul>\n<li>Fernbedienung ein\/aus<\/li>\n<li>Fern\u00fcberpr\u00fcfung des Status<\/li>\n<li>Einstellung von Zeitpl\u00e4nen und Automatisierungen: Bis zu 20 Zeitpl\u00e4ne k\u00f6nnen im Ger\u00e4t gespeichert werden.<\/li>\n<li>Erstellen Sie Szenarien mit anderen Shelly Ger\u00e4ten<\/li>\n<li>Lokaler und Cloud-Betrieb<\/li>\n<li>Unterst\u00fctzung f\u00fcr Firmware-Updates<\/li>\n<li>Bluetooth-Gateway-Funktion f\u00fcr BLE-Ger\u00e4te: erm\u00f6glicht die Fernsteuerung \u00fcber Shelly Bluetooth-Fernbedienungen und drahtlose Wandschalter<\/li>\n<\/ul>\n<p><\/p>\n<h3>Elektrische Eigenschaften<\/h3>\n<ul>\n<li><strong>Versorgungsspannung<\/strong>220V-240V AC, 50\/60Hz<\/li>\n<li><strong>Maximale Belastung<\/strong>200W (am Ausgang O1) + 700W (am Ausgang O2) @ 240V AC<\/li>\n<li><strong>Schaltereingang<\/strong>Ein Eingang pro Schaltkreis zur Steuerung, kompatibel mit Druck- und Kippschaltern. Nicht verwendbar mit Zwischen- oder Kreuzschaltern.<\/li>\n<li><strong>Trockenkontaktschaltung<\/strong>: Nicht unterst\u00fctzt<\/li>\n<li><strong>Messung des Energieverbrauchs<\/strong>: Nicht unterst\u00fctzt<\/li>\n<li><strong>Automatische Ausschalt-\/Einschaltfunktion<\/strong>: Unterst\u00fctzt<\/li>\n<\/ul>\n<p><\/p>\n<h3>Andere Merkmale<\/h3>\n<ul>\n<li><strong>Gr\u00f6\u00dfe<\/strong>Kompaktes Design, passt hinter Standard-Wandschalter<\/li>\n<li><strong>Unterkunft<\/strong>Einfache und schnelle Installation in einer Wandsteckdose<\/li>\n<li><strong>Antrag auf Umgehung<\/strong>Das mitgelieferte \"Shelly Bypass 1L\/2L Gen3\"-Ger\u00e4t muss bei niedriger Last (unter 5 W) verwendet werden.<\/li>\n<li><strong>DIY-Kompatibilit\u00e4t<\/strong>Offene API und Unterst\u00fctzung f\u00fcr MQTT, ideal f\u00fcr DIY-Projekte<\/li>\n<\/ul>","protected":false},"excerpt":{"rendered":"<p>Das Shelly 2L Gen3 ist ein kleines, Wi-Fi-basiertes, an der Wand montierbares, intelligentes Zweikreis-Relaismodul, das eine ideale L\u00f6sung f\u00fcr Nachr\u00fcstungen und intelligente Beleuchtungssysteme bietet, bei denen es in der Wand keinen Nullleiter, sondern nur einen Phasendraht gibt. Es kann hinter einem herk\u00f6mmlichen Zwei-Kanal-Schalter (2-Wege-Schalter) installiert werden.<\/p>","protected":false},"featured_media":5150,"template":"","meta":{"_acf_changed":false},"product_brand":[97],"product_cat":[128,95],"product_tag":[],"class_list":{"0":"post-5148","1":"product","2":"type-product","3":"status-publish","4":"has-post-thumbnail","6":"product_brand-shelly","7":"product_cat-wi-fi","8":"product_cat-stikala","10":"first","11":"instock","12":"sale","13":"taxable","14":"shipping-taxable","15":"purchasable","16":"product-type-simple"},"acf":[],"_links":{"self":[{"href":"https:\/\/iotronx.com\/de\/wp-json\/wp\/v2\/product\/5148","targetHints":{"allow":["GET"]}}],"collection":[{"href":"https:\/\/iotronx.com\/de\/wp-json\/wp\/v2\/product"}],"about":[{"href":"https:\/\/iotronx.com\/de\/wp-json\/wp\/v2\/types\/product"}],"wp:featuredmedia":[{"embeddable":true,"href":"https:\/\/iotronx.com\/de\/wp-json\/wp\/v2\/media\/5150"}],"wp:attachment":[{"href":"https:\/\/iotronx.com\/de\/wp-json\/wp\/v2\/media?parent=5148"}],"wp:term":[{"taxonomy":"product_brand","embeddable":true,"href":"https:\/\/iotronx.com\/de\/wp-json\/wp\/v2\/product_brand?post=5148"},{"taxonomy":"product_cat","embeddable":true,"href":"https:\/\/iotronx.com\/de\/wp-json\/wp\/v2\/product_cat?post=5148"},{"taxonomy":"product_tag","embeddable":true,"href":"https:\/\/iotronx.com\/de\/wp-json\/wp\/v2\/product_tag?post=5148"}],"curies":[{"name":"wp","href":"https:\/\/api.w.org\/{rel}","templated":true}]}}