{"id":5170,"date":"2025-07-13T17:07:47","date_gmt":"2025-07-13T17:07:47","guid":{"rendered":"http:\/\/iotronx.com\/izdelek\/shelly-1pm-mini-gen3\/"},"modified":"2025-08-07T22:21:44","modified_gmt":"2025-08-07T22:21:44","slug":"shelly-1pm-mini-gen3","status":"publish","type":"product","link":"https:\/\/iotronx.com\/de\/product\/shelly-1pm-mini-gen3\/","title":{"rendered":"Shelly 1PM Mini GEN3"},"content":{"rendered":"<p><strong>Shelly 1PM Mini GEN3<\/strong> ist das Nachfolgemodell des Shelly 1PM Mini Smart Relay mit Leistungsmesser, einem Einkreisrelais. Wie sein Vorg\u00e4nger ist das Shelly 1PM Mini GEN3 mit einem Z\u00e4hler ausgestattet und kann einen maximalen Strom von 8A verarbeiten, wodurch es sich zum Schalten und Messen von Beleuchtung und anderen Verbrauchern mit geringerer Leistung eignet.<\/p>\n<p>Wie alle Shelly-Produkte wird es direkt an einen WiFi-Router angeschlossen, ohne dass ein lokales Kontrollzentrum, ein Hub oder eine Bridge erforderlich ist. Es kann als eigenst\u00e4ndiges Ger\u00e4t installiert werden - nur ein Ger\u00e4t zur Automatisierung oder Messung des Stromverbrauchs von Lampen oder anderen Ger\u00e4ten - oder als Teil eines kompletten Systems, um ein ganzes Geb\u00e4ude, ob neu oder renoviert, in ein Smart Home zu verwandeln.<\/p>\n<p>Es ist eines der kleinsten WiFi-Ger\u00e4te f\u00fcr die intelligente Steuerung von Schaltern und die intelligente Verbrauchsmessung. Dank seiner geringen Gr\u00f6\u00dfe kann es bequem hinter einem Standard-Wandschalter in einer Steckdose oder in einer Abzweigdose installiert werden, auch nachtr\u00e4glich, um Beleuchtung oder andere Ger\u00e4te unter 8 A fernzusteuern und deren Ein-\/Aus-Status zu \u00fcberwachen.<\/p>\n<p>Durch die Installation von Shelly 1PM Mini GEN3 f\u00fcr vorhandene Schalter in Wandsteckdosen k\u00f6nnen Sie die Beleuchtung oder andere Ger\u00e4te fernsteuern, deren Status und Energieverbrauch \u00fcberwachen und dabei Ihre vorhandenen Schalter beibehalten. Dies macht das Ger\u00e4t ideal f\u00fcr eine sp\u00e4tere \"intelligente\" Aufr\u00fcstung. Es eignet sich auch hervorragend f\u00fcr die Steuerung von Einzelkontaktschaltern, ist aber aufgrund der 8A-H\u00f6chstgrenze nicht f\u00fcr die Steuerung von Steckdosen geeignet!<\/p>\n<p>Das Shelly 1PM Mini Gen3-Relais verf\u00fcgt wie andere kleine Shelly Smart-Relais \u00fcber einen Schaltereingang. Das bedeutet, dass Sie, wenn es hinter einem Wandschalter installiert ist, den Wandschalter immer noch zum Ein- und Ausschalten einer Lampe (oder einer anderen Last) verwenden k\u00f6nnen, w\u00e4hrend Sie eine angeschlossene Lampe oder ein Ger\u00e4t \u00fcber WiFi fernsteuern k\u00f6nnen und eine Vielzahl von Zeitschaltuhren zur Verf\u00fcgung haben. Die Shelly-App bietet auch die M\u00f6glichkeit, die Schalter zu deaktivieren - n\u00fctzlich zum Beispiel f\u00fcr die Kindersicherheit, da Sie dann das Relais ausschlie\u00dflich \u00fcber die App steuern k\u00f6nnen.<\/p>\n<p>Das Relais ist nicht nur mit Zweistellungsschaltern, sondern auch mit manuellen Schaltern (Klavier) kompatibel und erm\u00f6glicht den Anschluss an Parallel- und Kreuzschalter.<\/p>\n<p>Mit der automatischen Abschaltfunktion kann auch der Impulsschaltermodus eingestellt werden.<\/p>\n<p>Das Shelly 1PM Mini GEN3 Relais schaltet die Versorgungsspannung (110-240V AC) am Ausgang (max. 8A), ist also nicht f\u00fcr einen potentialfreien Kontaktschalter geeignet!<\/p>\n<p><strong>WICHTIG!<\/strong> die f\u00fcr den Betrieb des Shelly 1PM Mini ben\u00f6tigte Phase und die von den Schaltern geschaltete Phase m\u00fcssen von derselben Phase sein, da der Shelly 1PM Mini nicht f\u00fcr den Mehrphasenbetrieb geeignet ist!<\/p>\n<h3>FUNKTIONEN DES GATEWAYS:<\/h3>\n<p>Das Vorg\u00e4ngermodell verwendet einen ESP32-Chip, w\u00e4hrend der Shelly 1PM Mini GEN3 mit einem ESP-Shelly-C38F-Chip ausgestattet ist. Wie sein Vorg\u00e4nger unterst\u00fctzt er Wi-Fi- und Bluetooth-Protokolle. Er enth\u00e4lt ein Bluetooth-Gateway, das als Empf\u00e4nger und Gateway f\u00fcr die neue Generation von Shelly Bluetooth-Sensoren und -Fernbedienungen dient. Er enth\u00e4lt auch einen Wi-Fi-Repeater, der es erm\u00f6glicht, das Wi-Fi-Signal auf entfernte Shelly-Ger\u00e4te auszudehnen und so als Wi-Fi-Mesh-Netzwerk zu fungieren.<\/p>\n<h3>BLUETOOTH VERBINDUNG:<\/h3>\n<p>Die Verbindung zu Ihrem Telefon erfolgt einfach und schnell \u00fcber Bluetooth, \u00e4hnlich wie bei anderen Shelly-Ger\u00e4ten der zweiten Generation und der Pro-Serie.<\/p>\n<h3>ST\u00c4RKERER PROZESSOR, MEHR FUNKTIONEN:<\/h3>\n<p>Der Shelly 1PM Mini GEN3 geh\u00f6rt zur dritten Generation und verf\u00fcgt \u00fcber doppelt so viel Speicher (8MB) wie sein Vorg\u00e4nger mit 4MB (ESP-Shelly-C38F Chip).<\/p>\n<h3>\u00dcBERHITZUNGS- UND \u00dcBERSPANNUNGSSCHUTZ:<\/h3>\n<p>Der Shelly 1PM Mini ist mit einem \u00dcberhitzungs-, \u00dcberspannungs- und \u00dcberlastungsschutz ausgestattet, der einen sicheren Betrieb auch in kleinen R\u00e4umen mit Steckdosen gew\u00e4hrleistet.<\/p>\n<h3>Shelly FUNKTIONEN:<\/h3>\n<ul>\n<li>Unterst\u00fctzt HTTP\/HTTPS-Webhooks zur einfachen Verbindung, Benachrichtigung und Steuerung kompatibler Produkte oder anderer Automatisierungssysteme.<\/li>\n<li>Unterst\u00fctzung f\u00fcr Sonnenaufgangs- und Sonnenuntergangstimer mit einer Verz\u00f6gerung von +\/- 23 Stunden.<\/li>\n<li>Unterst\u00fctzt bis zu 20 Zeitschaltuhren, die lokal (offline) betrieben werden.<\/li>\n<li>Unterst\u00fctzung f\u00fcr mjS-Skripte, mit denen Benutzer ihre eigenen Funktionen und Optionen erstellen k\u00f6nnen. Shelly-Ger\u00e4te k\u00f6nnen mehrere Skripte gleichzeitig ausf\u00fchren, abh\u00e4ngig von verschiedenen Ausl\u00f6sern (E\/A, Sensoren, WLAN-Anfragen).<\/li>\n<\/ul>\n<h3>TIMERS:<\/h3>\n<ul>\n<li>M\u00f6glichkeit, das Ger\u00e4t je nach Wochentag ein- und auszuschalten.<\/li>\n<li>Unterst\u00fctzung von Sonnenaufgangs- und Sonnenuntergangszeiten (auch mit einer Verz\u00f6gerung, z. B. Sonnenuntergang + 5 Stunden).<\/li>\n<li>Unterst\u00fctzung f\u00fcr automatisches Ausschalten und Einschalten nach einer bestimmten Zeit.<\/li>\n<\/ul>\n<h3>BETRIEBSARTEN:<\/h3>\n<ul>\n<li><strong>Cloud-Modus:<\/strong> verbindet sich mit der kostenlosen Shelly Cloud, \u00fcber die Sie Ihr Ger\u00e4t mit der Shelly Cloud App (iOS und Android) oder \u00fcber https:\/\/home.shelly.cloud\/ verwalten und konfigurieren k\u00f6nnen.<\/li>\n<li><strong>LAN \/ Lokales Netzwerk:<\/strong> k\u00f6nnen Sie die Ger\u00e4te nur von Ger\u00e4ten aus steuern, die mit Ihrem lokalen Netzwerk verbunden sind.<\/li>\n<li><strong>WiFi-Zugangspunkt-Modus:<\/strong> Wenn kein st\u00e4ndiges WiFi-Netzwerk vorhanden ist, k\u00f6nnen Sie Ihr Telefon oder Ihren Laptop direkt mit dem vom Ger\u00e4t ausgestrahlten WiFi verbinden, um es zu steuern.<\/li>\n<\/ul>\n<p>Die Verbrauchsdaten werden in der Shelly Cloud gespeichert und k\u00f6nnen in der App eingesehen und heruntergeladen werden.<\/p>\n<p>In der Cloud k\u00f6nnen sich Shelly-Ger\u00e4te gegenseitig nach komplexen Regeln steuern (Shelly Cloud Scene). Es ist auch m\u00f6glich, direkt zwischen Ger\u00e4ten \u00fcber HTTP-Befehle (Direct Device-to-Device (DDD)) zu verwalten, auch ohne die Cloud, wenn die Ger\u00e4te feste IP-Adressen haben und mit einem lokalen Netzwerk verbunden sind. Dies erm\u00f6glicht eine gegenseitige Verwaltung, auch wenn der Internetzugang deaktiviert oder unterbrochen ist.<\/p>\n<p>Shelly 1PM Smart Control ist auch kostenlos mit der herstellereigenen App und dem Shelly Cloud Service erh\u00e4ltlich.<\/p>\n<h3>INTEGRATIONEN:<\/h3>\n<p>Mit seiner Basis-Firmware ist Shelly bereits eines der am einfachsten zu integrierenden Ger\u00e4te auf dem Markt. Es unterst\u00fctzt MQTT und die Steuerung \u00fcber REST API. Es ist kompatibel mit Google Home, Amazon Echo und Yandex Alice Sprachsteuerung. Shelly 1PM Mini GEN3 unterst\u00fctzt sowohl Cloud- als auch MQTT-Steuerung.<\/p>\n<p>Viele Shelly-Ger\u00e4te sind bereits \u00fcber Shelly Cloud in die SmartThings-Plattform integriert.<\/p>\n<p>Dar\u00fcber hinaus unterst\u00fctzt die Factory viele andere Open-Source- und Nicht-Open-Source-Systeme:<\/p>\n<ul>\n<li>MQTT<\/li>\n<li>HomeSeer<\/li>\n<li>ioBroker<\/li>\n<li>Assistentin zu Hause<\/li>\n<li>openHAB<\/li>\n<li>Domoticz<\/li>\n<li>SYMCAN<\/li>\n<li>nymea<\/li>\n<li>Hubitat<\/li>\n<li>Hoobs<\/li>\n<li>REST-API<\/li>\n<\/ul>\n<h3>VERF\u00dcGBARKEIT:<\/h3>\n<p>Aufgrund seiner geringen Gr\u00f6\u00dfe passt er in die kleinsten Wandsteckdosen, meist hinter Schaltern.<\/p>\n<h3>Sonstige technische Daten:<\/h3>\n<p>Betriebsspannung: 110-230V AC \u00b110%.<\/p>\n<p>Ausgang: 8A \/ max 240V AC<\/p>\n<p><strong>Wie andere intelligente Relais erfordert es das Vorhandensein einer Phase und eines Nullleiters.<\/strong><\/p>","protected":false},"excerpt":{"rendered":"<p>Der Shelly 1PM Mini GEN3 ist eine verbesserte Version des Shelly 1PM Mini. \u00c4hnlich wie der Shelly 1PM Mini ist er klein und kann die gleiche Leistung schalten, mit einer maximalen Stromschaltkapazit\u00e4t von 8 A.<\/p>","protected":false},"featured_media":5172,"template":"","meta":{"_acf_changed":false},"product_brand":[97],"product_cat":[95],"product_tag":[],"class_list":{"0":"post-5170","1":"product","2":"type-product","3":"status-publish","4":"has-post-thumbnail","6":"product_brand-shelly","7":"product_cat-stikala","9":"first","10":"instock","11":"sale","12":"taxable","13":"shipping-taxable","14":"purchasable","15":"product-type-simple"},"acf":[],"_links":{"self":[{"href":"https:\/\/iotronx.com\/de\/wp-json\/wp\/v2\/product\/5170","targetHints":{"allow":["GET"]}}],"collection":[{"href":"https:\/\/iotronx.com\/de\/wp-json\/wp\/v2\/product"}],"about":[{"href":"https:\/\/iotronx.com\/de\/wp-json\/wp\/v2\/types\/product"}],"wp:featuredmedia":[{"embeddable":true,"href":"https:\/\/iotronx.com\/de\/wp-json\/wp\/v2\/media\/5172"}],"wp:attachment":[{"href":"https:\/\/iotronx.com\/de\/wp-json\/wp\/v2\/media?parent=5170"}],"wp:term":[{"taxonomy":"product_brand","embeddable":true,"href":"https:\/\/iotronx.com\/de\/wp-json\/wp\/v2\/product_brand?post=5170"},{"taxonomy":"product_cat","embeddable":true,"href":"https:\/\/iotronx.com\/de\/wp-json\/wp\/v2\/product_cat?post=5170"},{"taxonomy":"product_tag","embeddable":true,"href":"https:\/\/iotronx.com\/de\/wp-json\/wp\/v2\/product_tag?post=5170"}],"curies":[{"name":"wp","href":"https:\/\/api.w.org\/{rel}","templated":true}]}}