{"id":5176,"date":"2025-07-13T17:07:47","date_gmt":"2025-07-13T17:07:47","guid":{"rendered":"http:\/\/iotronx.com\/izdelek\/shelly-1pm-mini-gen4-vecprotokolni-wi-fi-bluetooth-zigbee-3-0-relejni-modul\/"},"modified":"2025-09-24T12:48:31","modified_gmt":"2025-09-24T12:48:31","slug":"shelly-1pm-mini-gen4-multi-protokoll-wi-fi-bluetooth-zigbee-3-0-relay-module","status":"publish","type":"product","link":"https:\/\/iotronx.com\/de\/product\/shelly-1pm-mini-gen4-multi-protokoll-wi-fi-bluetooth-zigbee-3-0-relay-module\/","title":{"rendered":"Shelly 1PM Mini Gen4 Multiprotokoll (Wi-Fi+ Bluetooth \/ Zigbee 3.0) Relaismodul"},"content":{"rendered":"<p><strong>Shelly 1PM Mini GEN4<\/strong> ist das neueste, kompakte Einkanal-Smart-Relais der vierten Generation mit Leistungsmessungsfunktion. Es unterst\u00fctzt eine Schaltlast von bis zu <strong>8A<\/strong> und erm\u00f6glicht die \u00dcberwachung des Verbrauchs in Echtzeit \u00fcber die Shelly-App.<\/p>\n<p>Wie alle Shelly-Produkte wird dieses Relais direkt an einen Wi-Fi-Router angeschlossen, ohne dass zus\u00e4tzliche Controller, Br\u00fccken oder Hubs erforderlich sind. Zus\u00e4tzlich zu Wi-Fi unterst\u00fctzt es auch <strong>Materie<\/strong> Protokoll und bietet die M\u00f6glichkeit des Betriebs in <strong>Zigbee<\/strong> den vor der Kopplung zu w\u00e4hlenden Modus. Dadurch eignet es sich f\u00fcr den Einsatz als eigenst\u00e4ndiges intelligentes Relais oder als Teil eines kompletten Hausautomatisierungssystems.<\/p>\n<p>Es ist eines der kleinsten Smart-Relais auf dem Markt und unterst\u00fctzt sowohl Wi-Fi- als auch Zigbee-Kommunikation. Dank seiner extrem kompakten Gr\u00f6\u00dfe kann es problemlos hinter herk\u00f6mmlichen Wandschaltern oder in Abzweigdosen installiert werden, auch bei Nachr\u00fcstungen.<\/p>\n<p>Die Installation hinter vorhandenen Wandschaltern erm\u00f6glicht die Fernsteuerung von Leuchten oder anderen Ger\u00e4ten, wobei die manuelle Bedienung des Schalters erhalten bleibt. Ideal f\u00fcr die intelligente Nachr\u00fcstung bestehender Elektroinstallationen. Unterst\u00fctzt sowohl Druck- als auch Wippschalter, ist aber aufgrund des 8A-Limits nicht zum Einstecken in Steckdosen geeignet.<\/p>\n<p>Das Relais verf\u00fcgt auch \u00fcber einen Schaltereingang, der die gleichzeitige Verwendung des manuellen Schalters und der Fernbedienung \u00fcber Wi-Fi erm\u00f6glicht. Der physische Schaltereingang kann auch in der App deaktiviert werden, was zum Beispiel f\u00fcr die Kindersicherheit n\u00fctzlich ist.<\/p>\n<p>Der Shelly 1PM Mini GEN4 ist mit Zweipunkt- und Druckschaltern kompatibel und erm\u00f6glicht eine Kreuz- oder Treppenhausschaltung. Die automatische Abschaltung erm\u00f6glicht den Betrieb im Impulsmodus (Impulsschalter).<\/p>\n<h3>Messung des Verbrauchs<\/h3>\n<p>Der eingebaute Stromz\u00e4hler erm\u00f6glicht die genaue \u00dcberwachung des Verbrauchs der angeschlossenen Last und zeigt die aktuelle Leistung (W) und den Gesamtverbrauch (kWh) in der Shelly App an.<\/p>\n<h3>Verbesserungen in GEN4<\/h3>\n<p>Verwendung des neuen Prozessors <strong>ESP-Shelly-C68F<\/strong> bietet schnellere Leistung, stabilere Konnektivit\u00e4t und bessere Energieeffizienz. Die Speicherkapazit\u00e4t wurde auf 8 MB Flash verdoppelt, und die Kommunikationsm\u00f6glichkeiten wurden durch Wi-Fi und Bluetooth verbessert. Ein zus\u00e4tzlicher \u00dcberhitzungsschutz sorgt f\u00fcr mehr Sicherheit und Zuverl\u00e4ssigkeit.<\/p>\n<h3>Methoden der Kommunikation<\/h3>\n<ul>\n<li><strong>Wi-Fi + Bluetooth<\/strong> f\u00fcr die lokale und die Fernverwaltung<\/li>\n<li><strong>Zigbee<\/strong> f\u00fcr die Integration in Zigbee Smart Homes<\/li>\n<\/ul>\n<h3>Automatisierung<\/h3>\n<ul>\n<li>Leistungsmessung und Energie\u00fcberwachung in Echtzeit<\/li>\n<li>Zeitgesteuertes Ein- und Ausschalten (bis zu 20 Ereignisse)<\/li>\n<li>Automatische Ein\/Aus-Timer<\/li>\n<li>Sonnenaufgangs-\/Sonnenuntergangssteuerung mit \u00b123 Stunden Verz\u00f6gerung<\/li>\n<li>HTTP\/HTTPS Webhook-Unterst\u00fctzung f\u00fcr Integrationen<\/li>\n<li>Erstellen Sie Ihre eigenen Funktionen mit <strong>mjS-Schriften<\/strong><\/li>\n<li>Gleichzeitige Ausf\u00fchrung mehrerer Skripte<\/li>\n<\/ul>\n<h3>Arbeitsmodi<\/h3>\n<ul>\n<li><strong>Cloud-Modus<\/strong> - Fernsteuerung \u00fcber Shelly Cloud App<\/li>\n<li><strong>LAN-Modus<\/strong> - lokale Verwaltung ohne Internetverbindung<\/li>\n<li><strong>Wi-Fi-Zugangspunkt-Modus<\/strong> - das Ger\u00e4t erstellt sein eigenes Wi-Fi-Netzwerk<\/li>\n<li><strong>Zigbee-Modus<\/strong> - Anschluss an Zigbee-Hubs<\/li>\n<\/ul>\n<h3>Integration und Kompatibilit\u00e4t<\/h3>\n<ul>\n<li>Unterst\u00fctzung f\u00fcr <strong>MQTT<\/strong> und <strong>REST-API<\/strong><\/li>\n<li>Sprachsteuerung: Google Home, Amazon Alexa, Yandex Alice<\/li>\n<li>Integration in SmartThings \u00fcber Shelly Cloud<\/li>\n<li>Kompatibel mit Apple HomeKit (\u00fcber das Matter-Protokoll)<\/li>\n<li>Unterst\u00fctzung auch f\u00fcr Homey, Home Assistant, openHAB, Domoticz, ioBroker, HomeSeer, nymea, Hubitat, Hoobs, SYMCAN und andere<\/li>\n<li>Gleichzeitige Nutzung von Shelly Cloud und MQTT<\/li>\n<\/ul>\n<h3>Technische Daten<\/h3>\n<ul>\n<li>Stromversorgung: 110-240V AC<\/li>\n<li>Maximale Belastung: 8A (240V AC) \/ 5A (30V DC)<\/li>\n<li>Verbrauchsmessung: ja<\/li>\n<li>Trockenkontakt: nicht unterst\u00fctzt<\/li>\n<li>Prozessor: ESP-Shelly-C68F<\/li>\n<li>Speicher: 8 MB Flash<\/li>\n<li>Betriebstemperatur: -20\u00b0C bis +40\u00b0C<\/li>\n<li>Relative Luftfeuchtigkeit: 30% bis 70%<\/li>\n<li>\u00dcberhitzungsschutz: ja<\/li>\n<li>Schaltereingang: ja<\/li>\n<li>Bluetooth-Gateway und Wi-Fi-Repeater: Ja<\/li>\n<\/ul>","protected":false},"excerpt":{"rendered":"<p>Das Shelly 1PM Gen4 ist Shellys erstes Matter-kompatibles, Multiprotokoll-MINI-Relais-Modul zum Nachr\u00fcsten: Es unterst\u00fctzt Wi-Fi + Bluetooth (mit Shelly's Cloud oder als lokale Smart-Home-L\u00f6sung) und Zigbee 3.0, so dass Sie es mit einer Vielzahl von Zigbee 3.0-kompatiblen Knoten verbinden k\u00f6nnen. Das Ger\u00e4t Shelly 1PM MINI Gen4 unterst\u00fctzt nur das Schalten von Nasskontakten, da es mit einer Z\u00e4hlerfunktion ausgestattet ist.<\/p>","protected":false},"featured_media":5178,"template":"","meta":{"_acf_changed":false},"product_brand":[97],"product_cat":[95],"product_tag":[],"class_list":{"0":"post-5176","1":"product","2":"type-product","3":"status-publish","4":"has-post-thumbnail","6":"product_brand-shelly","7":"product_cat-stikala","9":"first","10":"instock","11":"sale","12":"taxable","13":"shipping-taxable","14":"purchasable","15":"product-type-simple"},"acf":[],"_links":{"self":[{"href":"https:\/\/iotronx.com\/de\/wp-json\/wp\/v2\/product\/5176","targetHints":{"allow":["GET"]}}],"collection":[{"href":"https:\/\/iotronx.com\/de\/wp-json\/wp\/v2\/product"}],"about":[{"href":"https:\/\/iotronx.com\/de\/wp-json\/wp\/v2\/types\/product"}],"wp:featuredmedia":[{"embeddable":true,"href":"https:\/\/iotronx.com\/de\/wp-json\/wp\/v2\/media\/5178"}],"wp:attachment":[{"href":"https:\/\/iotronx.com\/de\/wp-json\/wp\/v2\/media?parent=5176"}],"wp:term":[{"taxonomy":"product_brand","embeddable":true,"href":"https:\/\/iotronx.com\/de\/wp-json\/wp\/v2\/product_brand?post=5176"},{"taxonomy":"product_cat","embeddable":true,"href":"https:\/\/iotronx.com\/de\/wp-json\/wp\/v2\/product_cat?post=5176"},{"taxonomy":"product_tag","embeddable":true,"href":"https:\/\/iotronx.com\/de\/wp-json\/wp\/v2\/product_tag?post=5176"}],"curies":[{"name":"wp","href":"https:\/\/api.w.org\/{rel}","templated":true}]}}