{"id":5182,"date":"2025-07-13T17:07:47","date_gmt":"2025-07-13T17:07:47","guid":{"rendered":"http:\/\/iotronx.com\/izdelek\/shelly-1-mini-gen3\/"},"modified":"2025-08-07T22:21:45","modified_gmt":"2025-08-07T22:21:45","slug":"shelly-1-mini-gen3","status":"publish","type":"product","link":"https:\/\/iotronx.com\/de\/product\/shelly-1-mini-gen3\/","title":{"rendered":"Shelly 1 Mini GEN3"},"content":{"rendered":"<p><strong>Shelly 1 Mini GEN3<\/strong> ist eine verbesserte Version des einkanaligen intelligenten Relais Shelly 1 Mini. Es erm\u00f6glicht das Schalten von bis zu 8 A Strom, genau wie sein Vorg\u00e4nger. Wie das Shelly 1 Mini verf\u00fcgt das GEN3 \u00fcber einen von der Versorgungsspannung unabh\u00e4ngigen Steuerkreis, so dass es f\u00fcr das Schalten von potenzialfreien Kontakten verwendet werden kann. Eine Funktion zur Leistungsmessung ist nicht enthalten.<\/p>\n<p>Wie alle Shelly-Produkte wird der Shelly 1 Mini GEN3 direkt an einen WiFi-Router angeschlossen, ohne dass zus\u00e4tzliche lokale Steuerungen, Hubs oder Gateways erforderlich sind. Das Ger\u00e4t kann als eigenst\u00e4ndiges Ger\u00e4t installiert werden, um ein einzelnes elektrisches Ger\u00e4t oder die Beleuchtung zu automatisieren, oder als Teil eines kompletten Smart Home Systems, sowohl f\u00fcr Neubauten als auch f\u00fcr Renovierungen.<\/p>\n<p>Es ist eines der kleinsten WiFi-Smart-Switch-Management-Ger\u00e4te, und dank seiner geringen Gr\u00f6\u00dfe l\u00e4sst es sich leicht hinter einem Standard-Wandschalter in einer Verteilerdose oder einem Stecker installieren, auch als Nachr\u00fcstung.<\/p>\n<p>Der Einbau hinter vorhandenen Wandschaltern erm\u00f6glicht die Fernsteuerung von Beleuchtung oder anderen Ger\u00e4ten, wobei die manuelle Funktion des Schalters erhalten bleibt. Aufgrund der Strombegrenzung auf 8 A ist er jedoch nicht f\u00fcr die Steuerung von Steckdosen geeignet.<\/p>\n<p>Das Relais verf\u00fcgt \u00fcber einen Schaltereingang, so dass Sie weiterhin einen herk\u00f6mmlichen Wandschalter zum Ein- und Ausschalten der Lampe (oder anderer Verbraucher) verwenden k\u00f6nnen, allerdings mit Fernsteuerung \u00fcber WiFi und die Verwendung verschiedener Timer. Es ist auch m\u00f6glich, den Schaltereingang in der App zu deaktivieren, was in R\u00e4umen n\u00fctzlich sein kann, in denen Sie den Zugang f\u00fcr Kinder beschr\u00e4nken m\u00f6chten.<\/p>\n<p>Das Relais ist sowohl mit Zweistellungsschaltern als auch mit Wipp-\/Glockenschaltern kompatibel und unterst\u00fctzt auch AC- und Crossover-Schalter.<\/p>\n<p>Die Abschaltautomatik erm\u00f6glicht auch den Betrieb im Impulsbetrieb.<\/p>\n<p>Der Steuerschaltkreis des Relais ist unabh\u00e4ngig von der Versorgungsspannung (110-240V AC), so dass es auch f\u00fcr potentialunabh\u00e4ngige Trockenkontaktschaltungen geeignet ist und bis zu 8A (max. 240V) AC oder 5A (max. 30V) DC Lasten steuern kann. Er eignet sich auch f\u00fcr Anwendungen, bei denen ein potenzialunabh\u00e4ngiger Kontakt erforderlich ist, wie z. B. Garagentor\u00f6ffner, Terrassent\u00fcrmotoren usw., und kann auch 12V- oder 24V-AC\/DC-Systeme schalten.<\/p>\n<p><strong>Das ist wichtig:<\/strong> Shelly 1 Mini GEN3 ben\u00f6tigt f\u00fcr den Betrieb einen Phasen- und einen Nullleiter, oder die Phasenleiter m\u00fcssen dieselbe Phase haben. Das Ger\u00e4t ist nicht f\u00fcr mehrphasige elektrische Systeme geeignet!<\/p>\n<h3>Gateway-Funktionen<\/h3>\n<p>Anstelle des ESP32-Chips ist der Shelly 1 Mini GEN3 mit dem neuen ESP-Shelly-C38F-Chip ausgestattet. Er unterst\u00fctzt Wi-Fi + Bluetooth-Protokolle und verf\u00fcgt \u00fcber eine Bluetooth-Gateway-Funktion f\u00fcr die Verbindung mit der neuen Generation von Bluetooth-Sensoren und Shelly-Fernbedienungen. Au\u00dferdem bietet er einen Wi-Fi-Repeater, der das Wi-Fi-Signal f\u00fcr Ger\u00e4te an abgelegenen Orten verst\u00e4rkt und so eine Art Wi-Fi-Mesh-System schafft.<\/p>\n<h3>Bluetooth-Verbindung<\/h3>\n<p>Die Verbindung zu Ihrem Telefon erfolgt schnell und einfach \u00fcber Bluetooth, \u00e4hnlich wie bei anderen Shelly und Pro Ger\u00e4ten der zweiten Generation.<\/p>\n<h3>Ein leistungsst\u00e4rkerer Prozessor und mehr Funktionen<\/h3>\n<p>Der Shelly 1 Mini GEN3 verf\u00fcgt \u00fcber doppelt so viel Speicher wie sein Vorg\u00e4nger - 8 MB Flash (vorher 4 MB) - und bietet damit eine bessere Leistung und mehr Funktionen.<\/p>\n<h3>\u00dcberhitzungsschutz<\/h3>\n<p>Das Ger\u00e4t verf\u00fcgt \u00fcber einen eingebauten \u00dcberhitzungsschutz, der einen sicheren Betrieb auch in kleinen Verteilerk\u00e4sten und engen R\u00e4umen gew\u00e4hrleistet.<\/p>\n<h3>Shelly Ger\u00e4tefunktionen<\/h3>\n<ul>\n<li>HTTP\/HTTPS Webhook-Unterst\u00fctzung f\u00fcr die Integration und Automatisierung mit anderen Systemen<\/li>\n<li>Unterst\u00fctzung f\u00fcr automatisches Ein- und Ausschalten je nach Sonnenaufgang\/Sonnenuntergang mit einer Verz\u00f6gerung von \u00b123 Stunden<\/li>\n<li>Bis zu 20 Ein\/Aus-Timer (auf dem Ger\u00e4t gespeichert, sie funktionieren offline)<\/li>\n<li>Unterst\u00fctzung f\u00fcr mjS-Skripte zur Erstellung eigener Funktionen und Automatisierungen<\/li>\n<\/ul>\n<h3>Zeiteinstellungen<\/h3>\n<p>Die Ein- und Ausschaltzeit kann f\u00fcr bestimmte Wochentage eingestellt werden, und es k\u00f6nnen Einstellungen f\u00fcr Sonnenaufgang und Sonnenuntergang verwendet werden (z. B. Sonnenuntergang + 5 Stunden). Es unterst\u00fctzt auch das automatische Ein- und Ausschalten nach einer bestimmten Zeit.<\/p>\n<h3>Unterst\u00fctzte Betriebsarten<\/h3>\n<ul>\n<li><strong>Cloud-Modus:<\/strong> Verwaltung \u00fcber Shelly Cloud Service, iOS\/Android App oder Webinterface https:\/\/home.shelly.cloud\/<\/li>\n<li><strong>LAN-Modus:<\/strong> lokale Verwaltung innerhalb Ihres Heimnetzwerks ohne Internet<\/li>\n<li><strong>Modus Wi-Fi Access Point:<\/strong> das Ger\u00e4t erstellt sein eigenes Wi-Fi-Netzwerk, um eine direkte Verbindung zu einem mobilen Ger\u00e4t herzustellen, wenn keine permanente Wi-Fi-Verbindung besteht<\/li>\n<\/ul>\n<p>In der Cloud k\u00f6nnen die Shelly-Ger\u00e4te automatisch miteinander kommunizieren und andere Shelly-Ger\u00e4te entsprechend den festgelegten Bedingungen steuern. Wir k\u00f6nnen auch die direkte Device-to-Device-Kommunikation (DDD) \u00fcber ein LAN ohne Internet nutzen und so die lokale Verwaltung aufrechterhalten, auch wenn die Verbindung unterbrochen ist.<\/p>\n<h3>Integrationen<\/h3>\n<p>Shelly 1 Mini GEN3 ist sehr einfach zu integrieren und unterst\u00fctzt:<\/p>\n<ul>\n<li>MQTT-Protokoll<\/li>\n<li>REST-API<\/li>\n<li>Sprachsteuerung: Google Home, Amazon Alexa, Yandex Alice<\/li>\n<li>Verbinden mit SmartThings \u00fcber Shelly Cloud<\/li>\n<li>Unterst\u00fctzung f\u00fcr Home Assistant, HomeSeer, openHAB, Domoticz, ioBroker, SYMCAN, nymea, Hubitat, Hoobs und andere<\/li>\n<\/ul>\n<h3>Technische Daten<\/h3>\n<ul>\n<li>Stromversorgung: 110-240V AC<\/li>\n<li>Maximale Belastung: 8A\/240V AC oder 5A\/30V DC<\/li>\n<li>Ben\u00f6tigte Phasen- und Neutralleiter<\/li>\n<li>Eingebauter \u00dcberhitzungsschutz<\/li>\n<li>Bluetooth-Gateway und Wi-Fi-Repeater<\/li>\n<li>Die Gr\u00f6\u00dfe erm\u00f6glicht den Einbau in die kleinsten Verteilerdosen<\/li>\n<\/ul>","protected":false},"excerpt":{"rendered":"<p>Shelly 1 Mini GEN3 ist eine verbesserte Version des Shelly 1 Mini. \u00c4hnlich wie der Shelly 1 Mini hat er die gleiche geringe Gr\u00f6\u00dfe und Leistungsschaltf\u00e4higkeit wie der Shelly 1 Mini, mit einer maximalen Stromschaltf\u00e4higkeit von 8 A, was ihn zur idealen Wahl f\u00fcr die Kontaktsteuerung macht.<\/p>","protected":false},"featured_media":5184,"template":"","meta":{"_acf_changed":false},"product_brand":[97],"product_cat":[95],"product_tag":[],"class_list":{"0":"post-5182","1":"product","2":"type-product","3":"status-publish","4":"has-post-thumbnail","6":"product_brand-shelly","7":"product_cat-stikala","9":"first","10":"instock","11":"sale","12":"taxable","13":"shipping-taxable","14":"purchasable","15":"product-type-simple"},"acf":[],"_links":{"self":[{"href":"https:\/\/iotronx.com\/de\/wp-json\/wp\/v2\/product\/5182","targetHints":{"allow":["GET"]}}],"collection":[{"href":"https:\/\/iotronx.com\/de\/wp-json\/wp\/v2\/product"}],"about":[{"href":"https:\/\/iotronx.com\/de\/wp-json\/wp\/v2\/types\/product"}],"wp:featuredmedia":[{"embeddable":true,"href":"https:\/\/iotronx.com\/de\/wp-json\/wp\/v2\/media\/5184"}],"wp:attachment":[{"href":"https:\/\/iotronx.com\/de\/wp-json\/wp\/v2\/media?parent=5182"}],"wp:term":[{"taxonomy":"product_brand","embeddable":true,"href":"https:\/\/iotronx.com\/de\/wp-json\/wp\/v2\/product_brand?post=5182"},{"taxonomy":"product_cat","embeddable":true,"href":"https:\/\/iotronx.com\/de\/wp-json\/wp\/v2\/product_cat?post=5182"},{"taxonomy":"product_tag","embeddable":true,"href":"https:\/\/iotronx.com\/de\/wp-json\/wp\/v2\/product_tag?post=5182"}],"curies":[{"name":"wp","href":"https:\/\/api.w.org\/{rel}","templated":true}]}}