{"id":5209,"date":"2025-07-13T17:07:47","date_gmt":"2025-07-13T17:07:47","guid":{"rendered":"http:\/\/iotronx.com\/izdelek\/shelly-pro-1pm-wifi-ethernet-1-gang-pametni-rele-z-merilnikom-moci-in-podporo\/"},"modified":"2025-08-07T22:21:44","modified_gmt":"2025-08-07T22:21:44","slug":"shelly-pro-1pm-wifi-ethernet-1-gang-smart-relay-mit-leistungsmesser-und-support","status":"publish","type":"product","link":"https:\/\/iotronx.com\/de\/product\/shelly-pro-1pm-wifi-ethernet-1-gang-smart-relay-mit-leistungsmesser-und-support\/","title":{"rendered":"Shelly PRO 1PM WiFi + Ethernet 1fach smartes Relais mit Leistungsmesser und Unterst\u00fctzung"},"content":{"rendered":"<p><strong>Das Shelly Pro 1PM ist ein einphasiges Ein-Kanal-Relais mit einer Leistung von bis zu 16A. Es ist mit einem integrierten Leistungsmesser ausgestattet, der eine genaue Messung des Stromverbrauchs aller automatisierten Leuchten oder leistungsst\u00e4rkeren Ger\u00e4te erm\u00f6glicht.<\/strong><\/p>\n<p><strong>Das Ger\u00e4t kann mit einem Spannungsbereich von 110-240 V AC betrieben werden und erm\u00f6glicht es den Nutzern, den Verbrauch zu automatisieren, zu messen und die Daten f\u00fcr eine kosteneffizientere Nutzung zu analysieren. Verschiedene Aktionen, Szenarien und Zeitpl\u00e4ne k\u00f6nnen eingestellt werden, um die Umgebung an Ihre t\u00e4glichen Aktivit\u00e4ten oder Gesch\u00e4ftsanforderungen anzupassen. Dank der aktivierten Skripting-Funktion k\u00f6nnen Sie die Automatisierung weiter anpassen und die Funktionalit\u00e4t des Ger\u00e4ts entsprechend Ihren spezifischen Anforderungen erweitern.<\/strong><\/p>\n<p> <\/p>\n<h3><strong>Beispiele f\u00fcr die Verwendung<\/strong><\/h3>\n<ul>\n<li>Lichtmanagement<\/li>\n<li>Steckdosenmanagement<\/li>\n<li>Automatisierung von Fu\u00dfbodenheizungen und anderen Heizger\u00e4ten<\/li>\n<li>Poolpumpen-Management<\/li>\n<li>Automatisierungstechnik yakuzia<\/li>\n<li>Messung des Stromverbrauchs<\/li>\n<\/ul>\n<p> <\/p>\n<h3><strong>Professionelle Haus- und Geb\u00e4udeautomation mit den intelligenten Schaltern der Shelly Pro-Serie<\/strong><\/h3>\n<p>Die Shelly Pro Linie ist mit Temperatur-, \u00dcberlast- und \u00dcberspannungsschutz ausgestattet und f\u00fcr den Einbau in einen Verteilerkasten (DIN) konzipiert. Sie erm\u00f6glicht eine vollst\u00e4ndige Automatisierung ohne zus\u00e4tzliche Kabel oder Leitungen und ist damit ideal f\u00fcr Wohnungen, B\u00fcros, Gesch\u00e4fte, Gewerbe- und Produktionsgeb\u00e4ude sowie Neubauten.<\/p>\n<p> <\/p>\n<h3><strong>Montage auf DIN-Schiene<\/strong><\/h3>\n<p>Die Shelly Pro-Reihe ist f\u00fcr den Einbau in eine DIN-Verteilerdose konzipiert, was eine einfache Installation in allen Arten von Anlagen ohne zus\u00e4tzliche Komponenten gew\u00e4hrleistet.<\/p>\n<p> <\/p>\n<h3><strong>Keine zentrale Einheit (Hub) erforderlich<\/strong><\/h3>\n<p>Shelly Pro Ger\u00e4te k\u00f6nnen direkt \u00fcber Ihr Smartphone mit der Shelly Cloud App verwaltet werden. Verwalten Sie alle smarten Ger\u00e4te in Ihrem Zuhause, richten Sie Schnellprofile, Szenen und Zeitpl\u00e4ne ein und \u00e4ndern Sie Einstellungen von \u00fcberall aus \u00fcber die Cloud oder einfach lokal \u00fcber das Netzwerk!<\/p>\n<p> <\/p>\n<h3><strong>Konnektivit\u00e4t<\/strong><\/h3>\n<ul>\n<li><strong>LAN-Verbindung<\/strong> - f\u00fcr hohe Sicherheit und Zuverl\u00e4ssigkeit. Gleichzeitige Nutzung von Wi-Fi und LAN als Backup.<\/li>\n<li><strong>Funktioniert mit 2,4GHz Wi-Fi<\/strong> mit Access Point (AP) und Client Mode (CM) Optionen.<\/li>\n<li>Schnelles und einfaches Hinzuf\u00fcgen eines Ger\u00e4ts \u00fcber <strong>Bluetooth-Verbindungen<\/strong> mit der Shelly Cloud App.<\/li>\n<\/ul>\n<p> <\/p>\n<h3><strong>Sicherheit<\/strong><\/h3>\n<ul style=\"list-style-type: circle;\">\n<li><strong>\u00dcberhitzungsschutz<\/strong> - bei gef\u00e4hrlichen Temperaturen oder einem schnellen Temperaturanstieg schaltet das Ger\u00e4t die Ausg\u00e4nge ab und sendet eine Warnung. Der interne Temperatursensor misst die Temperatur alle 100 ms.<\/li>\n<li><strong>Feuerfeste Ausf\u00fchrung (V-0)<\/strong> - Alle Shelly Pro-Teile sind aus feuerfesten Materialien gefertigt, die auch bei hohen Temperaturen ihre Struktur beibehalten.<\/li>\n<li><strong>\u00dcberlastungsschutz (nur PM-Ger\u00e4te)<\/strong> - Wenn eine \u00dcberlast erkannt wird, schaltet das Ger\u00e4t die Ausg\u00e4nge ab und sendet eine sofortige Warnung, um sich selbst und andere elektrische Ger\u00e4te vor Sch\u00e4den zu sch\u00fctzen.<\/li>\n<li><strong>\u00dcberspannungsschutz (nur PM-Ger\u00e4te)<\/strong> - erkennt das Ger\u00e4t gef\u00e4hrliche Spannungsspitzen und schaltet die Ausg\u00e4nge ab, wobei gleichzeitig eine Warnung ausgegeben wird, um Sch\u00e4den an den Ger\u00e4ten zu vermeiden.<\/li>\n<\/ul>\n<p> <\/p>\n<h3><strong>Merkmale:<\/strong><\/h3>\n<ul style=\"list-style-type: circle;\">\n<li>HTTP\/HTTPS Webhook-Unterst\u00fctzung<\/li>\n<li>Verz\u00f6gerte Aktionen bei Sonnenaufgang und Sonnenuntergang<\/li>\n<li>W\u00f6chentlicher Fahrplan<\/li>\n<li>Angepasste Skripte (mJs)<\/li>\n<li>Gruppen von Ger\u00e4ten<\/li>\n<li>Szenarien f\u00fcr die Automatisierung<\/li>\n<\/ul>\n<p> <\/p>\n<h3><strong>Unterst\u00fctzte Plattformen und Protokolle:<\/strong><\/h3>\n<ul style=\"list-style-type: circle;\">\n<li>Amazon Alexa<\/li>\n<li>Google Home<\/li>\n<li>Yandex Alice<\/li>\n<li>SmartThings<\/li>\n<li>MQTT<\/li>\n<li>Assistentin zu Hause<\/li>\n<li>REST-API<\/li>\n<li>Gem\u00fctlich<\/li>\n<li>Hubitat<\/li>\n<li>Hoobs<\/li>\n<li>Symcon<\/li>\n<li>HomeSeer<\/li>\n<li>Domoticz<\/li>\n<li>Nymea<\/li>\n<li>OpenHAB<\/li>\n<\/ul>\n<p> <\/p>\n<h3><strong>Wichtigste technische Merkmale:<\/strong><\/h3>\n<ul>\n<li><strong>LAN, Wi-Fi und Bluetooth<\/strong>Gleichzeitige Nutzung von Wi-Fi und LAN, schnelles Hinzuf\u00fcgen von Ger\u00e4ten \u00fcber eine Bluetooth-Verbindung.<\/li>\n<li><strong>1-Kanal-Relais<\/strong>1 Ausgang, bis zu 16 A.<\/li>\n<li><strong>Leistungsmessung<\/strong>Mit dem eingebauten Stromz\u00e4hler k\u00f6nnen Sie den Verbrauch und die Kosten \u00fcberwachen und verbrauchsabh\u00e4ngige Automatisierungen erstellen.<\/li>\n<li><strong>Breiter Stromversorgungsbereich<\/strong>Stromversorgung: 110-240 VAC.<\/li>\n<li><strong>Sehr schneller Prozessor<\/strong>F\u00fcr die sofortige Ausf\u00fchrung von Befehlen und Benachrichtigungen.<\/li>\n<li><strong>Breites Spektrum von Anwendungen<\/strong>: Geeignet f\u00fcr die Automatisierung von Beleuchtung, Ger\u00e4ten, Poolsystemen, Heizungen und mehr.<\/li>\n<li><strong>Erh\u00f6hte Sicherheit<\/strong>Feuerfestes Geh\u00e4use (V-0) und interner \u00dcberhitzungsschutz.<\/li>\n<li><strong>Erh\u00f6hter Schutz<\/strong>Unterst\u00fctzung f\u00fcr MQTT, WSS, TLS und kundenspezifische Zertifikate f\u00fcr eine sichere Nutzung.<\/li>\n<li><strong>Keine Notwendigkeit f\u00fcr eine Nabe<\/strong>Direkte Verwaltung \u00fcber die Shelly Cloud App.<\/li>\n<li><strong>Hohe Kompatibilit\u00e4t<\/strong>Kompatibel mit den meisten Heimautomatisierungsplattformen und Sprachassistenten.<\/li>\n<\/ul>","protected":false},"excerpt":{"rendered":"<p>Das Shelly Pro 1PM ist ein einphasiges 1-Kanal-Relais, das bis zu 16 A unterst\u00fctzt. Das Shelly Pro 1PM ist mit einem eingebauten Leistungsmesser ausgestattet und erm\u00f6glicht es dem Benutzer, den Stromverbrauch von automatisierten Leuchten oder schwereren Ger\u00e4ten genau zu messen.<\/p>","protected":false},"featured_media":5211,"template":"","meta":{"_acf_changed":false},"product_brand":[97],"product_cat":[90],"product_tag":[],"class_list":{"0":"post-5209","1":"product","2":"type-product","3":"status-publish","4":"has-post-thumbnail","6":"product_brand-shelly","7":"product_cat-razsvetljava","9":"first","10":"instock","11":"sale","12":"taxable","13":"shipping-taxable","14":"purchasable","15":"product-type-simple"},"acf":[],"_links":{"self":[{"href":"https:\/\/iotronx.com\/de\/wp-json\/wp\/v2\/product\/5209","targetHints":{"allow":["GET"]}}],"collection":[{"href":"https:\/\/iotronx.com\/de\/wp-json\/wp\/v2\/product"}],"about":[{"href":"https:\/\/iotronx.com\/de\/wp-json\/wp\/v2\/types\/product"}],"wp:featuredmedia":[{"embeddable":true,"href":"https:\/\/iotronx.com\/de\/wp-json\/wp\/v2\/media\/5211"}],"wp:attachment":[{"href":"https:\/\/iotronx.com\/de\/wp-json\/wp\/v2\/media?parent=5209"}],"wp:term":[{"taxonomy":"product_brand","embeddable":true,"href":"https:\/\/iotronx.com\/de\/wp-json\/wp\/v2\/product_brand?post=5209"},{"taxonomy":"product_cat","embeddable":true,"href":"https:\/\/iotronx.com\/de\/wp-json\/wp\/v2\/product_cat?post=5209"},{"taxonomy":"product_tag","embeddable":true,"href":"https:\/\/iotronx.com\/de\/wp-json\/wp\/v2\/product_tag?post=5209"}],"curies":[{"name":"wp","href":"https:\/\/api.w.org\/{rel}","templated":true}]}}