{"id":5212,"date":"2025-07-13T17:07:47","date_gmt":"2025-07-13T17:07:47","guid":{"rendered":"http:\/\/iotronx.com\/izdelek\/shelly-pro-2-wifi-ethernet-2-kanalno-pametno-rele-stikalo-s-podporo\/"},"modified":"2025-08-07T22:21:44","modified_gmt":"2025-08-07T22:21:44","slug":"shelly-pro-2-wifi-ethernet-2-kanal-smart-relay-switch-mit-unterstutzung","status":"publish","type":"product","link":"https:\/\/iotronx.com\/de\/product\/shelly-pro-2-wifi-ethernet-2-kanal-smart-relay-switch-mit-unterstutzung\/","title":{"rendered":"Shelly PRO 2 WiFi + Ethernet 2-Kanal Smart-Relais-Schalter mit Unterst\u00fctzung"},"content":{"rendered":"<p><strong>Der Shelly Pro 2 ist ein einphasiges Zweikanalrelais mit einer Leistung von bis zu 16 A pro Kanal (die maximale Gesamtlast des Ger\u00e4ts betr\u00e4gt 25 A). Das Ger\u00e4t ist mit einem potenziell trockenen Kontaktausgang ausgestattet, der eine gro\u00dfe Flexibilit\u00e4t in Bezug auf die Spannungsunterst\u00fctzung und eine breite Palette von Hausautomatisierungsoptionen erm\u00f6glicht.<\/strong><\/p>\n<p><strong>Shelly Pro 2 wurde um eine Skriptfunktion erweitert, die es dem Benutzer erm\u00f6glicht, ma\u00dfgeschneiderte Automatisierungsszenarien auf der Grundlage verschiedener Ereignisse wie Wettervorhersage, Windvorhersage usw. zu erstellen.<\/strong><\/p>\n<p><strong>Genie\u00dfen Sie die einfache Automatisierung von Haus, B\u00fcro und Geb\u00e4uden!<\/strong><\/p>\n<p> <\/p>\n<h3><strong>Beispiele f\u00fcr die Verwendung<\/strong><\/h3>\n<ul>\n<li>Lichtmanagement<\/li>\n<li>Steckdosenmanagement<\/li>\n<li>Verwaltung von Garagentoren und motorisierten Eingangst\u00fcren<\/li>\n<li>Automatisierung von Heizungen<\/li>\n<li>Poolpumpen-Management<\/li>\n<li>Bew\u00e4sserungsautomatisierung<\/li>\n<\/ul>\n<p> <\/p>\n<h3><strong>Professionelle Haus- und Geb\u00e4udeautomation mit den intelligenten Schaltern der Shelly Pro-Serie<\/strong><\/h3>\n<p>Die Shelly Pro Linie ist mit Temperatur-, \u00dcberlast- und \u00dcberspannungsschutz ausgestattet und f\u00fcr den Einbau in einen Verteilerkasten (DIN) konzipiert. Sie erm\u00f6glicht eine vollst\u00e4ndige Automatisierung ohne zus\u00e4tzliche Kabel oder Leitungen und ist damit ideal f\u00fcr Wohnungen, B\u00fcros, Gesch\u00e4fte, Gewerbe- und Produktionsgeb\u00e4ude sowie Neubauten.<\/p>\n<p> <\/p>\n<h3><strong>Montage auf DIN-Schiene<\/strong><\/h3>\n<p>Die Shelly Pro-Reihe ist f\u00fcr den Einbau in eine globale DIN-genormte Anschlussdose konzipiert. Dies erm\u00f6glicht den Einsatz in allen Arten von Installationen und eine einfache Installation ohne zus\u00e4tzliche Komponenten.<\/p>\n<p> <\/p>\n<h3><strong>Keine zentrale Einheit (Hub) erforderlich<\/strong><\/h3>\n<p>Shelly Pro Ger\u00e4te k\u00f6nnen direkt \u00fcber Ihr Smartphone mit der Shelly Cloud App verwaltet werden. Verwalten Sie alle smarten Ger\u00e4te in Ihrem Zuhause, richten Sie Schnellprofile, Szenen und Zeitpl\u00e4ne ein und passen Sie die Einstellungen \u00fcberall \u00fcber die Cloud oder einfach lokal \u00fcber Ihr Heimnetzwerk an!<\/p>\n<p> <\/p>\n<h3><strong>Konnektivit\u00e4t<\/strong><\/h3>\n<ul>\n<li><strong>LAN-Verbindung<\/strong> - f\u00fcr hohe Sicherheit und Zuverl\u00e4ssigkeit. Gleichzeitige Nutzung von Wi-Fi und LAN als Backup.<\/li>\n<li><strong>Funktioniert mit 2,4GHz Wi-Fi<\/strong> mit Access Point (AP) und Client Mode (CM) Optionen.<\/li>\n<li>Einfaches Hinzuf\u00fcgen eines Ger\u00e4ts \u00fcber <strong>Bluetooth-Verbindungen<\/strong> mit der Shelly Cloud App.<\/li>\n<\/ul>\n<p> <\/p>\n<h3><strong>Sicherheit<\/strong><\/h3>\n<ul style=\"list-style-type: circle;\">\n<li><strong>\u00dcberhitzungsschutz<\/strong> - bei gef\u00e4hrlichen Temperaturen oder einem schnellen Temperaturanstieg schaltet das Ger\u00e4t die Ausg\u00e4nge ab und sendet eine Warnung. Der interne Temperatursensor misst die Temperatur alle 100 ms.<\/li>\n<li><strong>Feuerfeste Ausf\u00fchrung (V-0)<\/strong> - Alle Shelly Pro-Teile sind aus feuerfesten Materialien gefertigt, die auch bei hohen Temperaturen ihre Struktur beibehalten.<\/li>\n<\/ul>\n<p> <\/p>\n<h3><strong>Merkmale:<\/strong><\/h3>\n<ul style=\"list-style-type: circle;\">\n<li>HTTP\/HTTPS Webhook-Unterst\u00fctzung<\/li>\n<li>Verz\u00f6gerte Aktionen bei Sonnenaufgang und Sonnenuntergang<\/li>\n<li>W\u00f6chentlicher Fahrplan<\/li>\n<li>Angepasste Skripte (mJs)<\/li>\n<li>Gruppen von Ger\u00e4ten<\/li>\n<li>Szenarien f\u00fcr die Automatisierung<\/li>\n<\/ul>\n<p> <\/p>\n<h3><strong>Unterst\u00fctzte Plattformen und Protokolle:<\/strong><\/h3>\n<ul style=\"list-style-type: circle;\">\n<li>Amazon Alexa<\/li>\n<li>Google Home<\/li>\n<li>Yandex Alice<\/li>\n<li>SmartThings<\/li>\n<li>MQTT<\/li>\n<li>Assistentin zu Hause<\/li>\n<li>REST-API<\/li>\n<li>Gem\u00fctlich<\/li>\n<li>Hubitat<\/li>\n<li>Hoobs<\/li>\n<li>Symcon<\/li>\n<li>HomeSeer<\/li>\n<li>Domoticz<\/li>\n<li>Nymea<\/li>\n<li>OpenHAB<\/li>\n<\/ul>\n<p> <\/p>\n<h3><strong>Wichtigste technische Merkmale:<\/strong><\/h3>\n<ul>\n<li><strong>LAN, Wi-Fi und Bluetooth<\/strong>Gleichzeitige Nutzung von Wi-Fi und LAN, schnelles Hinzuf\u00fcgen von Ger\u00e4ten \u00fcber eine Bluetooth-Verbindung.<\/li>\n<li><strong>2-Kanal-Relais<\/strong>2 Ausg\u00e4nge, je 16 A (maximale Gesamtlast 25 A).<\/li>\n<li><strong>Potenziell trockene Kontakte (Dry Contacts)<\/strong>Unterst\u00fctzung f\u00fcr eine breite Palette von Spannungen.<\/li>\n<li><strong>Breiter Stromversorgungsbereich<\/strong>Stromversorgung: 110-240 VAC.<\/li>\n<li><strong>Sehr schneller Prozessor<\/strong>F\u00fcr die sofortige Ausf\u00fchrung von Befehlen und Benachrichtigungen.<\/li>\n<li><strong>Breites Spektrum von Anwendungen<\/strong>: Geeignet f\u00fcr die Automatisierung von Beleuchtungen, Ger\u00e4ten, Bew\u00e4sserungssystemen, Poolsystemen, Heizungen und mehr.<\/li>\n<li><strong>Erh\u00f6hte Sicherheit<\/strong>Feuerfestes Geh\u00e4use (V-0) und interner \u00dcberhitzungsschutz.<\/li>\n<li><strong>Erh\u00f6hter Schutz<\/strong>Unterst\u00fctzung f\u00fcr MQTT, WSS, TLS und kundenspezifische Zertifikate f\u00fcr eine sichere Nutzung.<\/li>\n<li><strong>Keine Notwendigkeit f\u00fcr eine Nabe<\/strong>Direkte Verwaltung \u00fcber die Shelly Cloud App.<\/li>\n<li><strong>Hohe Kompatibilit\u00e4t<\/strong>Kompatibel mit den meisten Heimautomatisierungsplattformen und Sprachassistenten.<\/li>\n<\/ul>","protected":false},"excerpt":{"rendered":"<p>Shelly Pro 2 verf\u00fcgt \u00fcber zwei Phasen und zwei Kan\u00e4le, die bis zu 25 A unterst\u00fctzen. Er ist mit potenzialfreien Ausg\u00e4ngen (Trockenkontakten) ausgestattet, die eine hohe Flexibilit\u00e4t bei der Spannungsunterst\u00fctzung und eine breite Palette von Hausautomatisierungsoptionen bieten.die Verbindung mit der App \u00fcber Bluetooth dauert nur wenige Sekunden, und Fernsteuerungsverbindungen k\u00f6nnen \u00fcber Wi-Fi oder kabelgebundenes Ethernet funktionieren.<\/p>","protected":false},"featured_media":5214,"template":"","meta":{"_acf_changed":false},"product_brand":[97],"product_cat":[95],"product_tag":[],"class_list":{"0":"post-5212","1":"product","2":"type-product","3":"status-publish","4":"has-post-thumbnail","6":"product_brand-shelly","7":"product_cat-stikala","9":"first","10":"instock","11":"sale","12":"taxable","13":"shipping-taxable","14":"purchasable","15":"product-type-simple"},"acf":[],"_links":{"self":[{"href":"https:\/\/iotronx.com\/de\/wp-json\/wp\/v2\/product\/5212","targetHints":{"allow":["GET"]}}],"collection":[{"href":"https:\/\/iotronx.com\/de\/wp-json\/wp\/v2\/product"}],"about":[{"href":"https:\/\/iotronx.com\/de\/wp-json\/wp\/v2\/types\/product"}],"wp:featuredmedia":[{"embeddable":true,"href":"https:\/\/iotronx.com\/de\/wp-json\/wp\/v2\/media\/5214"}],"wp:attachment":[{"href":"https:\/\/iotronx.com\/de\/wp-json\/wp\/v2\/media?parent=5212"}],"wp:term":[{"taxonomy":"product_brand","embeddable":true,"href":"https:\/\/iotronx.com\/de\/wp-json\/wp\/v2\/product_brand?post=5212"},{"taxonomy":"product_cat","embeddable":true,"href":"https:\/\/iotronx.com\/de\/wp-json\/wp\/v2\/product_cat?post=5212"},{"taxonomy":"product_tag","embeddable":true,"href":"https:\/\/iotronx.com\/de\/wp-json\/wp\/v2\/product_tag?post=5212"}],"curies":[{"name":"wp","href":"https:\/\/api.w.org\/{rel}","templated":true}]}}