{"id":5222,"date":"2025-07-13T17:08:43","date_gmt":"2025-07-13T17:08:43","guid":{"rendered":"http:\/\/iotronx.com\/izdelek\/shelly-pro-3em-120a-naslednja-generacija-profesionalnih-3-faznih-stevcev-energije-s-kontaktorskim-krmiljenjem\/"},"modified":"2025-08-07T22:21:43","modified_gmt":"2025-08-07T22:21:43","slug":"shelly-pro-3em-120a-die-nachste-generation-professioneller-3-phasiger-schutzgesteuerter-energiewandler","status":"publish","type":"product","link":"https:\/\/iotronx.com\/de\/product\/shelly-pro-3em-120a-die-nachste-generation-professioneller-3-phasiger-schutzgesteuerter-energiewandler\/","title":{"rendered":"Shelly PRO 3EM-120A, die n\u00e4chste Generation professioneller 3-Phasen-Energiez\u00e4hler mit Sch\u00fctzsteuerung"},"content":{"rendered":"<p>Der Shelly Pro 3EM ist ein dreiphasiger Energiez\u00e4hler, der \u00fcber Wi-Fi funktioniert und auf einer DIN-Schiene montiert wird. Er verf\u00fcgt \u00fcber Konnektivit\u00e4t \u00fcber Wi-Fi, Bluetooth und LAN. Mit einer Wirkleistungsmessgenauigkeit von 1 % eignet sich der Shelly Pro 3EM f\u00fcr die individuelle \u00dcberwachung des Verbrauchs von Haushaltsger\u00e4ten, Stromkreisen und B\u00fcroger\u00e4ten. Das Ger\u00e4t bietet 60 Tage Datenhistorie auf dem Ger\u00e4t mit einer Aufl\u00f6sung von 1 Minute f\u00fcr jede Phase. Dar\u00fcber hinaus ist es skriptf\u00e4hig, was die Ausf\u00fchrung komplexer Szenarien und die Erkundung breiterer Kontrollm\u00f6glichkeiten erm\u00f6glicht.&nbsp;<\/p>\n<p>Angereichert mit allen Funktionalit\u00e4ten der zweiten Generation der Shelly Software und LAN-Konnektivit\u00e4t, bietet es professionellen Integratoren zus\u00e4tzliche Optionen f\u00fcr End-to-End-L\u00f6sungen. Shelly Pro 3EM zeigt in Echtzeit die gesamte verbrauchte Energie sowie die aktuellen Spannungen, Str\u00f6me und Leistungsfaktoren pro Phase an.<\/p>\n<p> <\/p>\n<p><strong>Merkmale:&nbsp;<\/strong><\/p>\n<ul>\n<li>Messung in 4 Quadranten mit mehreren Anschlussarten: Messung von kapazitiven und induktiven Lastarten f\u00fcr importierte und exportierte Energie.<\/li>\n<li>Genauigkeitsklasse B (IEC 62053-21) f\u00fcr Wirkenergie: Die Genauigkeit des Shelly Pro 3EM betr\u00e4gt 1 %.<\/li>\n<li>Bereit f\u00fcr die Fotovoltaik<\/li>\n<li>Fehlererkennung in Phasenfolge* (optional)<\/li>\n<li>Optische Anzeige des Energieverbrauchs<\/li>\n<li>Das Paket enth\u00e4lt 3 120A Stromwandler<\/li>\n<li>MODBUS UNTERST\u00dcTZUNG: Erm\u00f6glicht eine einfache und schnelle Integration in bestehende Industrieanlagen.<\/li>\n<li>Wi-Fi-, LAN- und Bluetooth-Konnektivit\u00e4t: gleichzeitige Nutzung von Ethernet und Wi-Fi. Unterst\u00fctzung f\u00fcr MQTT, WebSocket in und out, UDP, mTLS.<\/li>\n<li>Energiemonitoring: \u00dcberwachung von einphasigen Systemen mit bis zu 3 Messpunkten zur gleichen Zeit. Schnelle Benachrichtigung und mindestens 60 Tage gespeicherte Daten mit einer Aufl\u00f6sung von 1 Minute. Speichert die Daten in einem nichtfl\u00fcchtigen Speicher.<\/li>\n<li>Skripting-Funktionen: Shelly Pro 3EM unterst\u00fctzt vollst\u00e4ndig das Skripting mit mjS, so dass Sie zus\u00e4tzliche Funktionen und Anpassungen erstellen k\u00f6nnen.<\/li>\n<li>Industrietaugliche Sicherheit: Der Shelly Pro 3EM unterst\u00fctzt mTLS f\u00fcr MQTT, HTTP und sichere ausgehende WebSockets. Seine industrietaugliche Sicherheit erm\u00f6glicht die direkte Integration in die Cloud-Infrastruktur und reduziert die Kosten f\u00fcr die Einrichtung komplexer Netzwerke und VPNs.<\/li>\n<\/ul>\n<p><\/p>\n<h3>Shelly PRO 3EM - ANWENDUNGSBEISPIELE<\/h3>\n<p><\/p>\n<p><strong>Industrielle Anlagen<br \/><\/strong>Shelly Pro 3EM unterst\u00fctzt MODBUS f\u00fcr Spannung, Strom, Leistung und Energie. Es erm\u00f6glicht eine genaue \u00dcberwachung des Energieverbrauchs und der aktuellen Werte von Spannung, Strom und Leistung. Die neue Software-Plattform erm\u00f6glicht kundenspezifische Implementierungen, die alle 100 ms berichten k\u00f6nnen.<\/p>\n<p><strong>\u00dcberwachung des Energieverbrauchs in beide Richtungen<\/strong><br \/>Kontrollieren Sie den Verbrauch zu Hause, im B\u00fcro oder in der Fabrik und vermeiden Sie zus\u00e4tzliche Kosten oder Spannungsabf\u00e4lle, die Ihre Ger\u00e4te besch\u00e4digen k\u00f6nnten. Shelly Pro 3EM erm\u00f6glicht Ihnen die Berechnung der verbrauchten und erzeugten Energie f\u00fcr jede der drei Phasen. Das Ger\u00e4t kann so konfiguriert werden, dass es drei separate Stromkreise eines einphasigen Systems misst. Sehen Sie die Qualit\u00e4t Ihres Stromnetzes in Bezug auf Wirkleistung, Blindleistung, Spannung und Leistungsfaktor.<\/p>\n<p><strong>Lokale Verwaltung<\/strong><br \/>Dank der Scripting-Funktionen und der Web-Tasten des Shelly Pro 3EM k\u00f6nnen Sie ganz einfach andere Shelly- oder Wi-Fi-Ger\u00e4te in Ihrem lokalen Netzwerk steuern. Nutzen Sie diese Optionen, um pr\u00e4zise Parameter f\u00fcr das Heizen, K\u00fchlen oder Laden von Elektrofahrzeugen in Abh\u00e4ngigkeit von der Leistung von Solaranlagen einzustellen und eine automatische Verbrauchsreduzierung zu erm\u00f6glichen. Und das alles, ohne die Cloud zu nutzen. <\/p>\n<p><strong>Steuerung und \u00dcberwachung von Sonnenkollektoren<\/strong><br \/>Verfolgen Sie, wie viel Energie Ihre Solarmodule oder Windturbinen erzeugen und sparen Sie m\u00fchelos. Shelly Pro 3EM liefert Echtzeitdaten zur Systemleistung und historische Daten zur erzeugten und verbrauchten Energie im Minutentakt f\u00fcr die letzten 60 Tage. So k\u00f6nnen Sie Ihren Energiefluss besser kontrollieren und das Beste aus Ihrem System herausholen. Dar\u00fcber hinaus k\u00f6nnen Sie das Ger\u00e4t mit anderen Shelly-Ger\u00e4ten verbinden und Szenarien erstellen, um Aktionen wie das Ausschalten von Ger\u00e4ten oder das Ausl\u00f6sen von Alarmen auszul\u00f6sen.<\/p>\n<p><\/p>\n<h3>Shelly PRO 3EM - SPEZIFIKATIONEN<\/h3>\n<p><\/p>","protected":false},"excerpt":{"rendered":"<p>PRO 3EM ist die n\u00e4chste Generation des dreiphasigen, DIN-montierbaren Energiez\u00e4hlers von Shelly mit 3 x 120A Stromwandlern. Verbessert mit integrierter gen2-Software und LAN-Konnektivit\u00e4t, bietet er professionellen Integratoren zus\u00e4tzliche Optionen f\u00fcr Endbenutzerl\u00f6sungen.<\/p>","protected":false},"featured_media":5224,"template":"","meta":{"_acf_changed":false},"product_brand":[97],"product_cat":[94],"product_tag":[],"class_list":{"0":"post-5222","1":"product","2":"type-product","3":"status-publish","4":"has-post-thumbnail","6":"product_brand-shelly","7":"product_cat-vticnice","9":"first","10":"instock","11":"sale","12":"taxable","13":"shipping-taxable","14":"purchasable","15":"product-type-simple"},"acf":[],"_links":{"self":[{"href":"https:\/\/iotronx.com\/de\/wp-json\/wp\/v2\/product\/5222","targetHints":{"allow":["GET"]}}],"collection":[{"href":"https:\/\/iotronx.com\/de\/wp-json\/wp\/v2\/product"}],"about":[{"href":"https:\/\/iotronx.com\/de\/wp-json\/wp\/v2\/types\/product"}],"wp:featuredmedia":[{"embeddable":true,"href":"https:\/\/iotronx.com\/de\/wp-json\/wp\/v2\/media\/5224"}],"wp:attachment":[{"href":"https:\/\/iotronx.com\/de\/wp-json\/wp\/v2\/media?parent=5222"}],"wp:term":[{"taxonomy":"product_brand","embeddable":true,"href":"https:\/\/iotronx.com\/de\/wp-json\/wp\/v2\/product_brand?post=5222"},{"taxonomy":"product_cat","embeddable":true,"href":"https:\/\/iotronx.com\/de\/wp-json\/wp\/v2\/product_cat?post=5222"},{"taxonomy":"product_tag","embeddable":true,"href":"https:\/\/iotronx.com\/de\/wp-json\/wp\/v2\/product_tag?post=5222"}],"curies":[{"name":"wp","href":"https:\/\/api.w.org\/{rel}","templated":true}]}}