{"id":5325,"date":"2025-07-13T17:08:43","date_gmt":"2025-07-13T17:08:43","guid":{"rendered":"http:\/\/iotronx.com\/izdelek\/shelly-qubino-wave-pro-1-pametni-rele-na-din-lestvici-z-1-vticem\/"},"modified":"2025-08-07T22:21:44","modified_gmt":"2025-08-07T22:21:44","slug":"shelly-qubino-wave-pro-1-smart-relay-fur-din-waage-mit-1-vtic","status":"publish","type":"product","link":"https:\/\/iotronx.com\/de\/product\/shelly-qubino-wave-pro-1-smart-relay-fur-din-waage-mit-1-vtic\/","title":{"rendered":"Shelly Qubino Wave PRO 1 einkanaliges Z-Wave-Relais-Modul"},"content":{"rendered":"<p>Der Shelly Qubino Wave Pro 1 ist ein hochwertiger 1-Kanal-Z-Wave-Smart-Switch f\u00fcr die DIN-Schiene, der f\u00fcr die fortschrittliche Haus- und Gesch\u00e4ftsautomation entwickelt wurde. Er bietet hohe Flexibilit\u00e4t, verbesserte Sicherheit und nahtlose Integration mit anderen intelligenten Ger\u00e4ten. Hier finden Sie eine detaillierte \u00dcbersicht \u00fcber seine Funktionen, Eigenschaften und Integrationen:<\/p>\n<h3>Merkmale und Spezifikationen<\/h3>\n<p><strong>1 Ausgang, Leistung 16A<\/strong>A: Das Ger\u00e4t unterst\u00fctzt bis zu 16 A und eignet sich damit f\u00fcr die Steuerung von Ger\u00e4ten und Beleuchtungen mit hoher Leistung in Wohn- und Gesch\u00e4ftsumgebungen.<\/p>\n<p><strong>Kontaktausg\u00e4nge ohne Potential (Trockenkontakte)<\/strong>A: Er ist mit spannungsfreien Kontakten ausgestattet, die die Steuerung verschiedener Spannungspegel erm\u00f6glichen. Diese Funktion erm\u00f6glicht Flexibilit\u00e4t f\u00fcr verschiedene Anwendungen, einschlie\u00dflich der Steuerung von Nieder- und Hochspannung.<\/p>\n<p><strong>Montage auf DIN-Schiene<\/strong>A: Der Shelly Qubino Wave Pro 1 wurde f\u00fcr den einfachen Einbau in Verteilerk\u00e4sten entwickelt und entspricht den weltweiten DIN-Normen f\u00fcr Lamellen, was eine sichere und saubere Installation gew\u00e4hrleistet.<\/p>\n<p><strong>Niedriger Energieverbrauch<\/strong>Betrieb mit weniger als 0,3 W Stromverbrauch, was zu einer h\u00f6heren Energieeffizienz beitr\u00e4gt.<\/p>\n<p><strong>Z-Wave 800 Serie Technologie<\/strong>A: Es verwendet den neuesten Z-Wave-Chip der Serie 800, um eine robuste Leistung und Kompatibilit\u00e4t mit einer Vielzahl von Z-Wave-zertifizierten Ger\u00e4ten zu gew\u00e4hrleisten.<\/p>\n<p><strong>Automatische SmartStart-Einstellung<\/strong>Diese Funktion vereinfacht die Integration in ein Z-Wave-Netzwerk, indem sie die automatische Erkennung und Konfiguration des Ger\u00e4ts erm\u00f6glicht.<\/p>\n<p><strong>Sicherheit 2 Authentifiziert (S2)<\/strong>A: Das Ger\u00e4t unterst\u00fctzt die authentifizierte S2-Verschl\u00fcsselung und bietet damit die h\u00f6chste Sicherheitsstufe f\u00fcr Ihr Z-Wave-Netzwerk und eine sichere Kommunikation.<\/p>\n<p><strong>Drahtlose Firmware-Aktualisierungen (OTA)<\/strong>Regelm\u00e4\u00dfige Updates k\u00f6nnen per Funk durchgef\u00fchrt werden, so dass Ihr Ger\u00e4t immer mit den neuesten Funktionen und Verbesserungen ausgestattet ist.<\/p>\n<p><strong>Umweltbezogene Spezifikationen<\/strong>A: Es arbeitet effizient in einem Temperaturbereich von -20 \u00b0C bis 40 \u00b0C und einer relativen Luftfeuchtigkeit zwischen 30 % und 70 %. Es ist au\u00dferdem mit einem \u00dcberhitzungsschutz f\u00fcr zus\u00e4tzliche Sicherheit ausgestattet.<\/p>\n<p><strong>Kompakte Abmessungen<\/strong>A: Mit den Ma\u00dfen 94 x 19 x 69 mm ist das Ger\u00e4t kompakt und dennoch leistungsstark und passt problemlos in Standardinstallationen.<\/p>\n<h3>Integration und Kompatibilit\u00e4t mit Hubi<\/h3>\n<p>Shelly Qubino Wave Pro 1 ist sehr vielseitig in Bezug auf Integrationen und Kompatibilit\u00e4t mit verschiedenen Smart Home Systemen:<\/p>\n<ul>\n<li>\n<p><strong>Z-Wave-Gateway-i<\/strong>A: Das Ger\u00e4t ist mit allen zertifizierten Z-Wave-Gateways kompatibel, darunter beliebte L\u00f6sungen wie Samsung SmartThings, Fibaro und Vera. Dies erm\u00f6glicht eine nahtlose Integration in bestehende Smart-Home-\u00d6kosysteme und bietet den Nutzern eine zentralisierte Steuerung und Automatisierung.<\/p>\n<\/li>\n<li>\n<p><strong>Smart-Home-Plattformen<\/strong>Durch die Integration mit Z-Wave-Gateways kann der Shelly Qubino Wave Pro 1 \u00fcber g\u00e4ngige Plattformen wie Google Home und Amazon Alexa gesteuert werden, was Sprachsteuerung und erweiterte Automatisierungsszenarien erm\u00f6glicht.<\/p>\n<\/li>\n<li>\n<p><strong>SmartStart-Technologie<\/strong>Die SmartStart-Funktion erm\u00f6glicht eine einfache Integration in Ihr Z-Wave-Netzwerk. Schlie\u00dfen Sie das Ger\u00e4t einfach an, und der Z-Wave-Hub erkennt und konfiguriert es automatisch, was den Installationsprozess vereinfacht.<\/p>\n<\/li>\n<li>\n<p><strong>Breite Ger\u00e4tekompatibilit\u00e4t<\/strong>Shelly Qubino Wave Pro 1: Das Ger\u00e4t arbeitet mit mehr als 4.000 Z-Wave-zertifizierten Ger\u00e4ten zusammen, wodurch es sich hervorragend an verschiedene Automatisierungsszenarien anpassen l\u00e4sst. Ganz gleich, ob Sie Lampen, Ger\u00e4te oder andere elektrische Vorrichtungen steuern wollen, Shelly Qubino Wave Pro 1 erledigt das effizient.<\/p>\n<\/li>\n<li>\n<p><strong>Lokale und Fern\u00fcberwachung<\/strong>Z-Wave: \u00dcber das Z-Wave-Netzwerk k\u00f6nnen Benutzer das Ger\u00e4t lokal oder aus der Ferne \u00fcber ein Smartphone oder Tablet steuern. Dank dieser Flexibilit\u00e4t k\u00f6nnen Sie Ihr Haus- oder Gesch\u00e4ftsautomatisierungssystem von \u00fcberall und jederzeit steuern.<\/p>\n<\/li>\n<\/ul>\n<h3>Verwendet<\/h3>\n<p>Shelly Qubino Wave Pro 1 ist f\u00fcr die dynamische Steuerung einer Vielzahl von Anwendungen konzipiert:<\/p>\n<ul>\n<li>\n<p><strong>Automatisierung der Beleuchtung<\/strong>Automatisierte Beleuchtungszeitpl\u00e4ne f\u00fcr mehr Energieeffizienz und Komfort. Beispielsweise kann die Beleuchtung so programmiert werden, dass sie sich automatisch ausschaltet, wenn der Raum nicht besetzt ist, wodurch unn\u00f6tiger Energieverbrauch reduziert wird.<\/p>\n<\/li>\n<li>\n<p><strong>Kontrolle der Ger\u00e4te<\/strong>Die Stromversorgung Ihrer Ger\u00e4te l\u00e4sst sich mithilfe von intelligenten Zeitpl\u00e4nen pr\u00e4zise steuern, um sie zu bestimmten Zeiten ein- und auszuschalten und so den Energieverbrauch zu optimieren und die Sicherheit zu erh\u00f6hen.<\/p>\n<\/li>\n<li>\n<p><strong>Gesch\u00e4ftliche und kommerzielle Nutzung<\/strong>Ideal f\u00fcr die Automatisierung der Beleuchtung und anderer Systeme in Gesch\u00e4ftsr\u00e4umen. Legen Sie individuelle Zeitpl\u00e4ne f\u00fcr verschiedene Etagen oder Bereiche fest, um sicherzustellen, dass die Systeme nur bei Bedarf in Betrieb sind.<\/p>\n<\/li>\n<\/ul>","protected":false},"excerpt":{"rendered":"<p>Das Shelly Qubino Wave Pro 1 ist ein 1-Kanal-Relaismodul f\u00fcr die DIN-Schienen-Montage mit potenzialfreiem Kontakt, das die Z-Wave-Technologie nutzt und sich gut mit vielen Z-Wave-Hubs und -Gateways verbinden l\u00e4sst. Seine hohe Kompatibilit\u00e4t macht es zu einer idealen Wahl f\u00fcr private und kommerzielle Anwendungen.<\/p>","protected":false},"featured_media":5327,"template":"","meta":{"_acf_changed":false},"product_brand":[97],"product_cat":[127,95],"product_tag":[],"class_list":{"0":"post-5325","1":"product","2":"type-product","3":"status-publish","4":"has-post-thumbnail","6":"product_brand-shelly","7":"product_cat-z-wave","8":"product_cat-stikala","10":"first","11":"instock","12":"sale","13":"taxable","14":"shipping-taxable","15":"purchasable","16":"product-type-simple"},"acf":[],"_links":{"self":[{"href":"https:\/\/iotronx.com\/de\/wp-json\/wp\/v2\/product\/5325","targetHints":{"allow":["GET"]}}],"collection":[{"href":"https:\/\/iotronx.com\/de\/wp-json\/wp\/v2\/product"}],"about":[{"href":"https:\/\/iotronx.com\/de\/wp-json\/wp\/v2\/types\/product"}],"wp:featuredmedia":[{"embeddable":true,"href":"https:\/\/iotronx.com\/de\/wp-json\/wp\/v2\/media\/5327"}],"wp:attachment":[{"href":"https:\/\/iotronx.com\/de\/wp-json\/wp\/v2\/media?parent=5325"}],"wp:term":[{"taxonomy":"product_brand","embeddable":true,"href":"https:\/\/iotronx.com\/de\/wp-json\/wp\/v2\/product_brand?post=5325"},{"taxonomy":"product_cat","embeddable":true,"href":"https:\/\/iotronx.com\/de\/wp-json\/wp\/v2\/product_cat?post=5325"},{"taxonomy":"product_tag","embeddable":true,"href":"https:\/\/iotronx.com\/de\/wp-json\/wp\/v2\/product_tag?post=5325"}],"curies":[{"name":"wp","href":"https:\/\/api.w.org\/{rel}","templated":true}]}}