{"id":5346,"date":"2025-07-13T17:09:51","date_gmt":"2025-07-13T17:09:51","guid":{"rendered":"http:\/\/iotronx.com\/izdelek\/shelly-qubino-wave-pro-3-pametni-rele-na-din-lestvici-s-3-vodili\/"},"modified":"2025-08-07T22:21:43","modified_gmt":"2025-08-07T22:21:43","slug":"shelly-qubino-wave-pro-3-smart-relay-fur-din-waage-mit-3-fuhrungen","status":"publish","type":"product","link":"https:\/\/iotronx.com\/de\/product\/shelly-qubino-wave-pro-3-smart-relay-fur-din-waage-mit-3-fuhrungen\/","title":{"rendered":"Shelly Qubino Wave PRO 3-Kanal Z-Wave-Relaismodul"},"content":{"rendered":"<p>Shelly Qubino Wave Pro 3 ist ein professioneller 3-Kanal-Z-Wave\u00ae-Smart-Schalter f\u00fcr die DIN-Schienenmontage mit spannungsfreien (trockenen) Kontakten. Er ist ideal f\u00fcr die Haus- und Geb\u00e4udeautomation mit Fern\u00fcberwachung und erweiterten Sicherheitsfunktionen.<\/p>\n<h4>Produktmerkmale:<\/h4>\n<ul>\n<li>3 Ausg\u00e4nge, jeder mit einer Last von bis zu 16 A, insgesamt 48 A<\/li>\n<li>Montage auf DIN-Schiene<\/li>\n<li>Spannungsfreie (trockene) Kontakte<\/li>\n<li>Geringe Leistungsaufnahme: weniger als 0,3 W<\/li>\n<li>Z-Wave 800-Serie, 868,4 MHz<\/li>\n<li>Automatisches Einrichten mit SmartStart<\/li>\n<li>Hohes Sicherheitsniveau: Sicherheit 2 Authentifiziert<\/li>\n<li>Fernsteuerung \u00fcber Smartphone oder Tablet<\/li>\n<li>Kompatibel mit mehr als 4000 Z-Wave-Ger\u00e4ten und -Controllern<\/li>\n<\/ul>\n<h4>Warum Wave Pro 3 w\u00e4hlen?<\/h4>\n<p>Wave Pro 3 eignet sich perfekt f\u00fcr den Neubau von Wohn- und Gesch\u00e4ftsgeb\u00e4uden und unterst\u00fctzt bis zu 48 A f\u00fcr eine professionelle Automatisierung. Es bietet hohe Flexibilit\u00e4t mit spannungsfreien Ausg\u00e4ngen (Trockenkontakte) und erm\u00f6glicht verschiedene Aktionen, Szenarien und Zeitpl\u00e4ne, die an die t\u00e4glichen Aktivit\u00e4ten oder gesch\u00e4ftlichen Anforderungen angepasst sind.<\/p>\n<h4>Integration und Kompatibilit\u00e4t:<\/h4>\n<p>Shelly Qubino-Ger\u00e4te sind mit jedem Z-Wave-Controller und mehr als 4000 Z-Wave-zertifizierten Ger\u00e4ten kompatibel. Die Konfiguration erfordert einen Controller (Smart Hub), der nicht im Lieferumfang enthalten ist.<\/p>\n<h4>Spezifikationen:<\/h4>\n<ul>\n<li><strong>Stromversorgung:<\/strong> 110 - 240 V AC, 50\/60 Hz<\/li>\n<li><strong>Der Verbrauch:<\/strong> weniger als 0,3 W<\/li>\n<li><strong>Maximale AC-Schaltspannung:<\/strong> 240 V<\/li>\n<li><strong>Maximaler AC-Schaltstrom:<\/strong> 16 A pro Kanal, 48 A insgesamt<\/li>\n<li><strong>Maximale DC-Schaltspannung:<\/strong> 30 V<\/li>\n<li><strong>Maximaler DC-Schaltstrom:<\/strong> 16 A pro Kanal, 48 A insgesamt<\/li>\n<li><strong>Abmessungen (H x B x T):<\/strong> 96 x 53 x 59 mm<\/li>\n<li><strong>Gewicht:<\/strong> 150 g<\/li>\n<li><strong>Einbau:<\/strong> DIN-Schiene<\/li>\n<\/ul>\n<h4>Beispiele f\u00fcr Benutzer:<\/h4>\n<ul>\n<li><strong>Dynamische Lichtsteuerung:<\/strong> Automatisieren Sie die B\u00fcrobeleuchtung f\u00fcr mehr Effizienz und Energieeinsparungen.<\/li>\n<li><strong>Optimales Raumklima:<\/strong> Verwaltung von Heiz- und K\u00fchlsystemen in Hotels und B\u00fcrogeb\u00e4uden.<\/li>\n<li><strong>Automatisierung der Steckdose:<\/strong> Steuern Sie die Stromversorgung effizient, um den Energieverbrauch zu senken.<\/li>\n<\/ul>","protected":false},"excerpt":{"rendered":"<p>Shelly Qubino Wave Pro 3 ist ein intelligentes Relaismodul f\u00fcr die DIN-S\u00e4ulenmontage mit 3 unabh\u00e4ngigen Gruppen und Unterst\u00fctzung f\u00fcr potenzialfreie Kontakte, das die Z-Wave-Technologie nutzt und sich gut mit vielen Z-Wave-Hubs und -Gateways integrieren l\u00e4sst. Die hohe Kompatibilit\u00e4t macht es zu einer idealen Wahl f\u00fcr private und kommerzielle Anwendungen.<\/p>","protected":false},"featured_media":5348,"template":"","meta":{"_acf_changed":false},"product_brand":[97],"product_cat":[127,95],"product_tag":[],"class_list":{"0":"post-5346","1":"product","2":"type-product","3":"status-publish","4":"has-post-thumbnail","6":"product_brand-shelly","7":"product_cat-z-wave","8":"product_cat-stikala","10":"first","11":"instock","12":"sale","13":"taxable","14":"shipping-taxable","15":"purchasable","16":"product-type-simple"},"acf":[],"_links":{"self":[{"href":"https:\/\/iotronx.com\/de\/wp-json\/wp\/v2\/product\/5346","targetHints":{"allow":["GET"]}}],"collection":[{"href":"https:\/\/iotronx.com\/de\/wp-json\/wp\/v2\/product"}],"about":[{"href":"https:\/\/iotronx.com\/de\/wp-json\/wp\/v2\/types\/product"}],"wp:featuredmedia":[{"embeddable":true,"href":"https:\/\/iotronx.com\/de\/wp-json\/wp\/v2\/media\/5348"}],"wp:attachment":[{"href":"https:\/\/iotronx.com\/de\/wp-json\/wp\/v2\/media?parent=5346"}],"wp:term":[{"taxonomy":"product_brand","embeddable":true,"href":"https:\/\/iotronx.com\/de\/wp-json\/wp\/v2\/product_brand?post=5346"},{"taxonomy":"product_cat","embeddable":true,"href":"https:\/\/iotronx.com\/de\/wp-json\/wp\/v2\/product_cat?post=5346"},{"taxonomy":"product_tag","embeddable":true,"href":"https:\/\/iotronx.com\/de\/wp-json\/wp\/v2\/product_tag?post=5346"}],"curies":[{"name":"wp","href":"https:\/\/api.w.org\/{rel}","templated":true}]}}