{"id":5352,"date":"2025-07-13T17:09:51","date_gmt":"2025-07-13T17:09:51","guid":{"rendered":"http:\/\/iotronx.com\/izdelek\/shelly-wave-pro-dimmer-1pm\/"},"modified":"2025-09-24T12:52:09","modified_gmt":"2025-09-24T12:52:09","slug":"shelly-wave-pro-dimmer-1pm","status":"publish","type":"product","link":"https:\/\/iotronx.com\/de\/product\/shelly-wave-pro-dimmer-1pm\/","title":{"rendered":"Shelly Wave Pro Dimmer 1PM"},"content":{"rendered":"<p><strong>\u00dcber Z-Wave:<\/strong><\/p>\n<p>Z-Wave ist ein Smart-Home-Protokoll, das speziell f\u00fcr die Kommunikation zwischen intelligenten Ger\u00e4ten entwickelt wurde. Die Sub-Gigahertz-Frequenz gew\u00e4hrleistet eine zuverl\u00e4ssige Signal\u00fcbertragung, w\u00e4hrend die MESH-Netzwerktopologie eine effiziente Kommunikation zwischen den von der Zentraleinheit entfernten Ger\u00e4ten erm\u00f6glicht (Ger\u00e4te mit st\u00e4ndigem Stromanschluss fungieren als Repeater). Z-Wave-Ger\u00e4te ben\u00f6tigen f\u00fcr den Betrieb einen Z-Wave-Hub oder einen USB-Koordinator (z.B. angeschlossen an einen Mini-PC). Das Protokoll verwendet standardisierte Kommunikationsbefehlsklassen (CCCs), die die Kompatibilit\u00e4t zwischen Hunderten von Marken und Tausenden von Ger\u00e4ten gew\u00e4hrleisten. Die Ger\u00e4te innerhalb eines Z-Wave-Netzwerks k\u00f6nnen als ein einziges System betrieben werden. Ein Netzwerk kann bis zu 232 Ger\u00e4te enthalten. Ein weiterer Vorteil des Z-Wave-Protokolls ist die Unterst\u00fctzung von Assoziationsgruppen, die direkte Verbindungen zwischen Ger\u00e4ten innerhalb des Netzwerks erm\u00f6glichen. Dar\u00fcber hinaus bieten Z-Wave-Ger\u00e4te umfangreiche Parametereinstellungen auf Protokollebene, die eine individuelle Anpassung selbst an die anspruchsvollsten Bed\u00fcrfnisse erm\u00f6glichen.<\/p>\n<p><strong>Shelly Wave Pro Dimmer 1PM<\/strong> ist ein auf einer DIN-Schiene montierter Einkanal-Smart-Dimmer, der f\u00fcr die pr\u00e4zise Steuerung der Beleuchtungsst\u00e4rke entwickelt wurde. Da er f\u00fcr die Montage auf DIN-Schienen konzipiert ist, erfordert er eine durchgehende Verdrahtung (Sternverdrahtung). Er kann eigenst\u00e4ndig mit einem Schalter oder Taster betrieben oder in Z-Wave-Smart-Home-Systeme integriert werden, was den Fernzugriff und die Steuerung \u00fcber einen Smart-Home-Controller und eine Internetverbindung erm\u00f6glicht.<\/p>\n<h3><strong>Wesentliche Merkmale<\/strong><\/h3>\n<ul>\n<li><strong>Einkanaliges Dimmen:<\/strong> Damit kann die Leuchtdichte eines Lichtkreises mit einem Ger\u00e4t eingestellt werden.<\/li>\n<li><strong>Kompatibilit\u00e4t mit Schaltern und Tasten:<\/strong> Er kann mit herk\u00f6mmlichen Wandschaltern oder Drucktastern verwendet werden.<\/li>\n<li><strong>Fernzugriff und -verwaltung:<\/strong> Der Anschluss an einen Z-Wave-Hub erm\u00f6glicht die \u00dcberwachung und Steuerung von \u00fcberall aus \u00fcber eine Internetverbindung.<\/li>\n<li><strong>Sicherheitsmerkmale:<\/strong> Eingebauter Schutz gegen \u00dcberhitzung, \u00dcberlastung und \u00dcberspannung gew\u00e4hrleistet sicheren Betrieb.<\/li>\n<\/ul>\n<h3><strong>Eingaben<\/strong><\/h3>\n<ul>\n<li>2 Schalter-\/Tastereing\u00e4nge \u00fcber Klemmleisten<\/li>\n<li>Netzanschlussklemmen: N, L<\/li>\n<\/ul>\n<h3><strong>Ausg\u00e4nge<\/strong><\/h3>\n<ul>\n<li>1 Ausgangskanal<\/li>\n<\/ul>\n<h3><strong>Konnektivit\u00e4t<\/strong><\/h3>\n<ul>\n<li>Z-Wave (ungesichert, S0 Security, S2 Unauthenticated Security, S2 Authenticated Security)<\/li>\n<\/ul>\n<h3><strong>Technische Daten<\/strong><\/h3>\n<ul>\n<li><strong>Unterst\u00fctzte Lichtquellen:<\/strong><br \/> <strong>LED-Leuchten:<\/strong> bis zu 200 W<br \/> <strong>Gl\u00fchlampen:<\/strong> bis zu 200 W<br \/> <strong>Halogen-Gl\u00fchbirnen:<\/strong> bis zu 200 W<br \/> <strong>Eisenkerntransformatoren f\u00fcr Niederspannungslampen:<\/strong> bis zu 200 VA<br \/> <strong>Dimmbare elektronische Transformatoren:<\/strong> bis zu 200 W <\/li>\n<li><strong>Stromversorgung:<\/strong> 110 - 240 V AC, 50\/60 Hz<\/li>\n<li><strong>Energieverbrauch:<\/strong> weniger als 0,3 W<\/li>\n<li><strong>Art der Dimmung:<\/strong> abfallende Kante<\/li>\n<li><strong>Leistungsmessung [W]:<\/strong> Ja<\/li>\n<li><strong>Maximale Leistungsabgabe:<\/strong> 200 W<\/li>\n<li><strong>\u00dcberhitzungsschutz:<\/strong> Ja<\/li>\n<li><strong>\u00dcberlastungsschutz:<\/strong> Ja<\/li>\n<li><strong>\u00dcberspannungsschutz:<\/strong> Ja<\/li>\n<li><strong>Domet:<\/strong> bis zu 40 m in Innenr\u00e4umen (je nach Bedingungen)<\/li>\n<li><strong>Z-Wave-Repeater:<\/strong> Ja<\/li>\n<li><strong>Prozessor:<\/strong> Z-Wave S800<\/li>\n<li><strong>Abmessungen (H x B x T):<\/strong> 94 x 19 x 69 mm<\/li>\n<li><strong>Einbau:<\/strong> DIN-Schiene<\/li>\n<li><strong>Material des Geh\u00e4uses:<\/strong> Kunststoffe<\/li>\n<li><strong>Farbe:<\/strong> lindgr\u00fcn<\/li>\n<li><strong>Betriebstemperatur:<\/strong> -20\u00b0C bis 40\u00b0C<\/li>\n<li><strong>Luftfeuchtigkeit:<\/strong> 30% - 70% RH<\/li>\n<\/ul>\n<h3><strong>Integration und Kompatibilit\u00e4t<\/strong><\/h3>\n<p>Die Shelly Wave-Ger\u00e4te basieren auf der Z-Wave-Kommunikationstechnologie, einem der f\u00fchrenden Protokolle f\u00fcr Smart Homes. Dies gew\u00e4hrleistet die Kompatibilit\u00e4t mit jedem Controller, der das Z-Wave-Protokoll unterst\u00fctzt. Shelly f\u00fchrt regelm\u00e4\u00dfig Kompatibilit\u00e4tstests mit verschiedenen Z-Wave-Controllern durch, um einen reibungslosen Betrieb zu gew\u00e4hrleisten. Der Shelly Wave Pro Dimmer 1PM ist die ideale Wahl f\u00fcr die intelligente Steuerung und Automatisierung von Beleuchtungssystemen in Wohnungen, B\u00fcros oder industriellen Umgebungen.<\/p>","protected":false},"excerpt":{"rendered":"<p>Der Shelly Wave Pro Dimmer 1PM ist ein intelligenter Ein-Kanal-Dimmer f\u00fcr die DIN-Schienenmontage, der die Z-Wave-Kommunikation nutzt und eine pr\u00e4zise Steuerung der Helligkeit der Beleuchtung erm\u00f6glicht. Er kann eigenst\u00e4ndig mit einem Schalter oder Taster betrieben werden, oder er kann in Z-Wave-basierte Smart-Home-Systeme integriert werden und erm\u00f6glicht den Fernzugriff und die Steuerung \u00fcber eine Internetverbindung.<\/p>","protected":false},"featured_media":5354,"template":"","meta":{"_acf_changed":false},"product_brand":[97],"product_cat":[127,90],"product_tag":[],"class_list":{"0":"post-5352","1":"product","2":"type-product","3":"status-publish","4":"has-post-thumbnail","6":"product_brand-shelly","7":"product_cat-z-wave","8":"product_cat-razsvetljava","10":"first","11":"instock","12":"sale","13":"taxable","14":"shipping-taxable","15":"purchasable","16":"product-type-simple"},"acf":[],"_links":{"self":[{"href":"https:\/\/iotronx.com\/de\/wp-json\/wp\/v2\/product\/5352","targetHints":{"allow":["GET"]}}],"collection":[{"href":"https:\/\/iotronx.com\/de\/wp-json\/wp\/v2\/product"}],"about":[{"href":"https:\/\/iotronx.com\/de\/wp-json\/wp\/v2\/types\/product"}],"wp:featuredmedia":[{"embeddable":true,"href":"https:\/\/iotronx.com\/de\/wp-json\/wp\/v2\/media\/5354"}],"wp:attachment":[{"href":"https:\/\/iotronx.com\/de\/wp-json\/wp\/v2\/media?parent=5352"}],"wp:term":[{"taxonomy":"product_brand","embeddable":true,"href":"https:\/\/iotronx.com\/de\/wp-json\/wp\/v2\/product_brand?post=5352"},{"taxonomy":"product_cat","embeddable":true,"href":"https:\/\/iotronx.com\/de\/wp-json\/wp\/v2\/product_cat?post=5352"},{"taxonomy":"product_tag","embeddable":true,"href":"https:\/\/iotronx.com\/de\/wp-json\/wp\/v2\/product_tag?post=5352"}],"curies":[{"name":"wp","href":"https:\/\/api.w.org\/{rel}","templated":true}]}}