{"id":5357,"date":"2025-07-13T17:09:51","date_gmt":"2025-07-13T17:09:51","guid":{"rendered":"http:\/\/iotronx.com\/izdelek\/shelly-wave-pro-dimmer-2pm\/"},"modified":"2025-09-24T12:52:44","modified_gmt":"2025-09-24T12:52:44","slug":"shelly-wave-pro-dimmer-2pm","status":"publish","type":"product","link":"https:\/\/iotronx.com\/de\/product\/shelly-wave-pro-dimmer-2pm\/","title":{"rendered":"Shelly Wave Pro Dimmer 2PM"},"content":{"rendered":"<p><strong>\u00dcber Z-Wave:<\/strong><\/p>\n<p>Z-Wave ist ein Smart-Home-Protokoll, das speziell f\u00fcr die Kommunikation zwischen intelligenten Ger\u00e4ten entwickelt wurde. Die Sub-Gigahertz-Frequenz sorgt f\u00fcr eine zuverl\u00e4ssige Signal\u00fcbertragung und die MESH-Netzwerktopologie erm\u00f6glicht eine stabile Kommunikation zwischen Ger\u00e4ten, die von der Zentraleinheit (Hub) entfernt sind (Ger\u00e4te mit st\u00e4ndigem Stromanschluss fungieren als Repeater). Z-Wave-Ger\u00e4te ben\u00f6tigen zum Betrieb einen Z-Wave-Hub oder einen USB-Koordinator (z.B. angeschlossen an einen Mini-PC). Das Protokoll verwendet standardisierte Kommunikationsbefehlsklassen, um die Kompatibilit\u00e4t zwischen Hunderten von Marken und Tausenden von Ger\u00e4ten innerhalb eines Z-Wave-Systems zu gew\u00e4hrleisten. Ein Z-Wave-Netzwerk kann bis zu 232 Ger\u00e4te enthalten. Ein weiterer Vorteil des Z-Wave-Protokolls ist die Unterst\u00fctzung von Assoziationsgruppen, die direkte Verbindungen zwischen bestimmten Ger\u00e4ten innerhalb des Netzwerks erm\u00f6glichen. Dar\u00fcber hinaus erlauben Z-Wave-Ger\u00e4te umfangreiche Parametereinstellungen auf Protokollebene, so dass selbst f\u00fcr die anspruchsvollsten Anforderungen hochgradig ma\u00dfgeschneiderte Konfigurationen m\u00f6glich sind.<\/p>\n<p><strong>Shelly Wave Pro Dimmer 2PM<\/strong> ist ein auf der DIN-Schiene montierter Zweikanal-Smart-Dimmer, der f\u00fcr die pr\u00e4zise Steuerung der Beleuchtungsst\u00e4rke entwickelt wurde. Er kann eigenst\u00e4ndig mit einem Schalter oder Taster betrieben oder in Z-Wave-Smart-Home-Systeme integriert werden, was den Fernzugriff und die Steuerung \u00fcber einen Smart-Home-Hub und eine Internetverbindung erm\u00f6glicht.<\/p>\n<h3><strong>Wesentliche Merkmale<\/strong><\/h3>\n<ul>\n<li><strong>Zweikanaliges Dimmen:<\/strong> Sie erm\u00f6glicht die Einstellung der Lichtst\u00e4rke von zwei getrennten Lichtkreisen mit einem Ger\u00e4t.<\/li>\n<li><strong>Kompatibilit\u00e4t mit Schaltern und Tasten:<\/strong> Er kann mit herk\u00f6mmlichen Wandschaltern oder Drucktastern verwendet werden.<\/li>\n<li><strong>Fernzugriff und -verwaltung:<\/strong> Der Anschluss an einen Z-Wave-Hub erm\u00f6glicht die \u00dcberwachung und Steuerung von \u00fcberall aus \u00fcber eine Internetverbindung.<\/li>\n<li><strong>Sicherheitsmerkmale:<\/strong> Eingebauter Schutz gegen \u00dcberhitzung, \u00dcberlastung und \u00dcberspannung gew\u00e4hrleistet sicheren Betrieb.<\/li>\n<\/ul>\n<h3><strong>Eingaben<\/strong><\/h3>\n<ul>\n<li>4 Schalter-\/Tastereing\u00e4nge \u00fcber Klemmleisten<\/li>\n<li>Netzanschlussklemmen: N, L<\/li>\n<\/ul>\n<h3><strong>Ausg\u00e4nge<\/strong><\/h3>\n<ul>\n<li>2 Ausgangskan\u00e4le<\/li>\n<\/ul>\n<h3><strong>Konnektivit\u00e4t<\/strong><\/h3>\n<ul>\n<li>Z-Wave (ungesichert, S0 Security, S2 Unauthenticated Security, S2 Authenticated Security)<\/li>\n<\/ul>\n<h3><strong>Technische Daten<\/strong><\/h3>\n<ul>\n<li><strong>Unterst\u00fctzte Lichtquellen:<\/strong><br \/> <strong>LED-Leuchten:<\/strong> bis zu 200 W pro Kanal<br \/> <strong>Gl\u00fchlampen:<\/strong> bis zu 200 W pro Kanal<br \/> <strong>Halogen-Gl\u00fchbirnen:<\/strong> bis zu 200 W pro Kanal<br \/> <strong>Eisenkerntransformatoren f\u00fcr Niederspannungslampen:<\/strong> bis zu 200 VA pro Kanal<br \/> <strong>Dimmbare elektronische Transformatoren:<\/strong> bis zu 200 W pro Kanal <\/li>\n<li><strong>Stromversorgung:<\/strong> 110 - 240 V AC, 50\/60 Hz<\/li>\n<li><strong>Energieverbrauch:<\/strong> weniger als 0,3 W<\/li>\n<li><strong>Art der Dimmung:<\/strong> abfallende Kante<\/li>\n<li><strong>Leistungsmessung [W]:<\/strong> Ja<\/li>\n<li><strong>Maximale Leistungsabgabe:<\/strong> 200 W pro Kanal<\/li>\n<li><strong>\u00dcberhitzungsschutz:<\/strong> Ja<\/li>\n<li><strong>\u00dcberlastungsschutz:<\/strong> Ja<\/li>\n<li><strong>\u00dcberspannungsschutz:<\/strong> Ja<\/li>\n<li><strong>Domet:<\/strong> bis zu 40 m in Innenr\u00e4umen (je nach Bedingungen)<\/li>\n<li><strong>Z-Wave-Repeater:<\/strong> Ja<\/li>\n<li><strong>Prozessor:<\/strong> Z-Wave S800<\/li>\n<li><strong>Abmessungen (H x B x T):<\/strong> 94 x 19 x 69 \u00b1 0,5 mm<\/li>\n<li><strong>Einbau:<\/strong> DIN-Schiene<\/li>\n<li><strong>Material des Geh\u00e4uses:<\/strong> Kunststoffe<\/li>\n<li><strong>Farbe:<\/strong> lindgr\u00fcn<\/li>\n<li><strong>Betriebstemperatur:<\/strong> -20\u00b0C bis 40\u00b0C<\/li>\n<li><strong>Luftfeuchtigkeit:<\/strong> 30% - 70% RH<\/li>\n<li><strong>Maximale H\u00f6he:<\/strong> 2000 m<\/li>\n<\/ul>\n<h3><strong>Integration und Kompatibilit\u00e4t<\/strong><\/h3>\n<p>Die Shelly Wave-Ger\u00e4te basieren auf der Z-Wave-Kommunikationstechnologie, einem der f\u00fchrenden Protokolle f\u00fcr Smart Homes. Dies gew\u00e4hrleistet die Kompatibilit\u00e4t mit jedem Controller, der das Z-Wave-Protokoll unterst\u00fctzt. Shelly f\u00fchrt regelm\u00e4\u00dfig Kompatibilit\u00e4tstests mit verschiedenen Z-Wave-Controllern durch, um einen reibungslosen Betrieb zu gew\u00e4hrleisten. Der Shelly Wave Pro Dimmer 2PM ist die ideale Wahl f\u00fcr die intelligente Steuerung und Automatisierung von Beleuchtungssystemen in Wohnungen, B\u00fcros oder industriellen Umgebungen.<\/p>","protected":false},"excerpt":{"rendered":"<p>Der Shelly Wave Pro Dimmer 2PM ist ein auf einer DIN-Schiene montierter, intelligenter Zweikanal-Dimmer, der die Z-Wave-Kommunikation nutzt und eine pr\u00e4zise Steuerung der Helligkeit der Beleuchtung erm\u00f6glicht. Er kann eigenst\u00e4ndig mit einem Schalter oder Taster betrieben werden oder in Z-Wave-basierte Smart-Home-Systeme integriert werden, was den Fernzugriff und die Steuerung \u00fcber eine Internetverbindung erm\u00f6glicht.<\/p>","protected":false},"featured_media":5359,"template":"","meta":{"_acf_changed":false},"product_brand":[97],"product_cat":[127,90],"product_tag":[],"class_list":{"0":"post-5357","1":"product","2":"type-product","3":"status-publish","4":"has-post-thumbnail","6":"product_brand-shelly","7":"product_cat-z-wave","8":"product_cat-razsvetljava","10":"first","11":"instock","12":"sale","13":"taxable","14":"shipping-taxable","15":"purchasable","16":"product-type-simple"},"acf":[],"_links":{"self":[{"href":"https:\/\/iotronx.com\/de\/wp-json\/wp\/v2\/product\/5357","targetHints":{"allow":["GET"]}}],"collection":[{"href":"https:\/\/iotronx.com\/de\/wp-json\/wp\/v2\/product"}],"about":[{"href":"https:\/\/iotronx.com\/de\/wp-json\/wp\/v2\/types\/product"}],"wp:featuredmedia":[{"embeddable":true,"href":"https:\/\/iotronx.com\/de\/wp-json\/wp\/v2\/media\/5359"}],"wp:attachment":[{"href":"https:\/\/iotronx.com\/de\/wp-json\/wp\/v2\/media?parent=5357"}],"wp:term":[{"taxonomy":"product_brand","embeddable":true,"href":"https:\/\/iotronx.com\/de\/wp-json\/wp\/v2\/product_brand?post=5357"},{"taxonomy":"product_cat","embeddable":true,"href":"https:\/\/iotronx.com\/de\/wp-json\/wp\/v2\/product_cat?post=5357"},{"taxonomy":"product_tag","embeddable":true,"href":"https:\/\/iotronx.com\/de\/wp-json\/wp\/v2\/product_tag?post=5357"}],"curies":[{"name":"wp","href":"https:\/\/api.w.org\/{rel}","templated":true}]}}