{"id":5379,"date":"2025-07-13T17:09:51","date_gmt":"2025-07-13T17:09:51","guid":{"rendered":"http:\/\/iotronx.com\/izdelek\/linkedgo-smart-hvac-termostat\/"},"modified":"2025-09-24T12:53:24","modified_gmt":"2025-09-24T12:53:24","slug":"linkedgo-smart-hvac-thermostat","status":"publish","type":"product","link":"https:\/\/iotronx.com\/de\/product\/linkedgo-smart-hvac-thermostat\/","title":{"rendered":"Shelly LinkedGo intelligenter HLK-Thermostat"},"content":{"rendered":"<p>Der LinkedGo ST802-B ist ein intelligenter Thermostat f\u00fcr HLK, der Ihnen die volle Kontrolle \u00fcber verschiedene Heiz-, L\u00fcftungs- und K\u00fchlsysteme gibt. Dank der Integration des ShellyX-Chips ist das Ger\u00e4t mit dem Shelly-\u00d6kosystem kompatibel und erm\u00f6glicht die Fernsteuerung, Automatisierung und einfache Integration mit den beliebtesten Smart Home-Plattformen. Der Thermostat eignet sich f\u00fcr die Steuerung von Fu\u00dfbodenheizungen, Gebl\u00e4sekonvektoren, L\u00fcftungsanlagen und K\u00fchll\u00f6sungen.<\/p>\n<p>Dank seines eingebauten IoT-Chips unterst\u00fctzt Shelly sowohl Wi-Fi- als auch Bluetooth-Konnektivit\u00e4t und ben\u00f6tigt keinen separaten zentralen Hub. Er kann sich direkt mit einem Wi-Fi-Netzwerk verbinden und ist mit der Shelly Cloud-Plattform kompatibel. Wie andere Shelly-Ger\u00e4te kann er im lokalen Modus ohne Werks-Cloud betrieben werden und l\u00e4sst sich \u00fcber REST API und MQTT-Integration mit verschiedenen Smart-Home-Plattformen und -Hubs verbinden.<\/p>\n<p>Er unterst\u00fctzt die RS485\/MODBUS-Schnittstelle, was eine einfache Integration in gr\u00f6\u00dfere HLK-Systeme erm\u00f6glicht.<\/p>\n<p>Es unterst\u00fctzt intelligente Zeitsteuerung, Frostschutz und den Anschluss externer Temperatur- und Feuchtigkeitssensoren und sorgt so f\u00fcr eine pr\u00e4zise und effiziente Klimaregelung.<\/p>\n<h2>\u00dcber die Marke LinkedGo<\/h2>\n<p>LinkedGo ist ein innovatives Unternehmen, das sich auf die Entwicklung und Produktion von intelligenten HLK-L\u00f6sungen spezialisiert hat. Ihre Produkte zielen darauf ab, eine komfortable und energieeffiziente Wohnumgebung zu schaffen, indem sie die neuesten Technologien und benutzerfreundliches Design integrieren.<\/p>\n<p>Die Shelly LinkedGo-Produktlinie ist eine \"Powered by Shelly\"-Serie, dank des eingebauten Shelly IoT-Chips, der sie vollst\u00e4ndig kompatibel mit dem Shelly Smart Home und vielen anderen beliebten Smart Home-Plattformen macht.<\/p>\n<h2>Wichtigste Produktmerkmale<\/h2>\n<ul>\n<li><strong>Steuerung der Fu\u00dfbodenheizung<\/strong> Direkte Steuerung von Fu\u00dfbodenheizungsventilen.<\/li>\n<li><strong>Unterst\u00fctzung f\u00fcr elektrische Fu\u00dfbodenheizung<\/strong> Steuerung \u00fcber externes Shelly-Relais.<\/li>\n<li><strong>Steuerung von Ventil-Vektoren<\/strong> AC- und DC-L\u00fcfter, einschlie\u00dflich 10-V-DC-Systeme.<\/li>\n<li><strong>Steuerung der Bel\u00fcftung<\/strong> Pr\u00e4zise Steuerung \u00fcber Analogausgang.<\/li>\n<li><strong>Integration von W\u00e4rmequellen<\/strong> Steuerung von Gas- und Pelletkesseln \u00fcber Trockenkontaktrelais.<\/li>\n<li><strong>Eingebauter Feuchtigkeitssensor<\/strong> Unterst\u00fctzung f\u00fcr externe Temperatursensoren f\u00fcr eine pr\u00e4zisere Klimaregelung.<\/li>\n<li><strong>Frostschutzfunktion<\/strong> Verhindert das Einfrieren von Heizungsrohren.<\/li>\n<li><strong>Pr\u00e4zise Kalibrierung<\/strong> Feinabstimmung der Temperatur- und Feuchtigkeitsmessungen f\u00fcr maximale Genauigkeit.<\/li>\n<li><strong>Intelligentes Timing<\/strong> Automatisches Heizen und K\u00fchlen nach Zeitplan oder Sonnenaufgang\/Sonnenuntergang.<\/li>\n<li><strong>Ein Mundst\u00fcck ist nicht erforderlich,<\/strong> da es sich direkt mit einem Wi-Fi-Netzwerk verbindet.<\/li>\n<\/ul>\n<h2>Smart-Home-Protokolle und Plattformkompatibilit\u00e4t<\/h2>\n<ul>\n<li><strong>Unterst\u00fctzte Protokolle:<\/strong> Wi-Fi, Bluetooth, RS485\/MODBUS<\/li>\n<li><strong>Lokale Fernsteuerung:<\/strong> Au\u00dferdem ist er mit einem Bluetooth-Gateway ausgestattet, das den Anschluss an drahtlose Bluetooth-Wandschalter und -Fernbedienungen von Shelly erm\u00f6glicht.<\/li>\n<li><strong>Werksplattform:<\/strong> Shelly Smart Control Anwendung<\/li>\n<li><strong>Kompatibilit\u00e4t mit Plattformen von Drittanbietern:<\/strong> Heimassistent, Homey, SmartThings<\/li>\n<li><strong>Integrationsm\u00f6glichkeiten:<\/strong> RS485\/MODBUS-Schnittstelle f\u00fcr gr\u00f6\u00dfere HVAC-Systeme<\/li>\n<\/ul>\n<h2>Intelligente Funktionen<\/h2>\n<ul>\n<li><strong>Fernsteuerung<\/strong> \u00fcber Wi-Fi oder Bluetooth.<\/li>\n<li><strong>Intelligentes Timing<\/strong> je nach Tagesablauf oder Sonnenaufgang\/Sonnenuntergang.<\/li>\n<li><strong>Frostschutzfunktion<\/strong> verhindert Sch\u00e4den an der Heizungsanlage bei niedrigen Temperaturen.<\/li>\n<li><strong>Pr\u00e4zise Messung<\/strong> Unterst\u00fctzung f\u00fcr externe Temperatur- und Feuchtigkeitssensoren.<\/li>\n<li><strong>Automatisierung<\/strong> Integration mit verschiedenen Smart-Home-Plattformen und Protokollen.<\/li>\n<\/ul>\n<h2>Elektrische Eigenschaften<\/h2>\n<ul>\n<li><strong>Stromversorgung:<\/strong> 110-240 V AC \/ 50-60 Hz<\/li>\n<li><strong>Energieverbrauch:<\/strong> &lt; 1 W<\/li>\n<li><strong>RS485\/MODBUS-Schnittstelle:<\/strong> Ja<\/li>\n<li><strong>Trockenes Kontaktrelais:<\/strong> Ja, f\u00fcr die Kesselsteuerung<\/li>\n<\/ul>\n<h2>Andere Spezifikationen<\/h2>\n<ul>\n<li><strong>Abmessungen:<\/strong> 86,8 x 86,8 x (14 + 25,5) mm<\/li>\n<li><strong>Farbe:<\/strong> Schwarz<\/li>\n<li><strong>Material:<\/strong> Kunststoffe<\/li>\n<li><strong>Betriebstemperatur:<\/strong> -10 bis 55 \u2103<\/li>\n<li><strong>Arbeitsfeuchtigkeit:<\/strong> 30 % bis 70 % RH<\/li>\n<li><strong>Ged\u00e4chtnis:<\/strong> 8 MB<\/li>\n<li><strong>Wi-Fi-Reichweite:<\/strong> bis zu 50 m im Freien und 30 m in Innenr\u00e4umen (je nach Baumaterial)<\/li>\n<li><strong>Bluetooth-Reichweite:<\/strong> bis zu 10 m in Innenr\u00e4umen und 30 m im Freien<\/li>\n<\/ul>","protected":false},"excerpt":{"rendered":"<p>Der Shelly LinkedGo ST802-B ist ein intelligenter HLK-Thermostat, der Ihnen die volle Kontrolle \u00fcber verschiedene Heiz-, L\u00fcftungs- und K\u00fchlsysteme gibt. Dank des eingebauten Shelly X Chips ist das Ger\u00e4t mit dem Shelly \u00d6kosystem kompatibel und erm\u00f6glicht die Fernsteuerung, Automatisierung und einfache Integration mit den beliebtesten Smart Home Plattformen.<\/p>","protected":false},"featured_media":5381,"template":"","meta":{"_acf_changed":false},"product_brand":[97],"product_cat":[128,96],"product_tag":[],"class_list":{"0":"post-5379","1":"product","2":"type-product","3":"status-publish","4":"has-post-thumbnail","6":"product_brand-shelly","7":"product_cat-wi-fi","8":"product_cat-pametno-ogrevanje-in-hlajenje","10":"first","11":"instock","12":"sale","13":"taxable","14":"shipping-taxable","15":"purchasable","16":"product-type-simple"},"acf":[],"_links":{"self":[{"href":"https:\/\/iotronx.com\/de\/wp-json\/wp\/v2\/product\/5379","targetHints":{"allow":["GET"]}}],"collection":[{"href":"https:\/\/iotronx.com\/de\/wp-json\/wp\/v2\/product"}],"about":[{"href":"https:\/\/iotronx.com\/de\/wp-json\/wp\/v2\/types\/product"}],"wp:featuredmedia":[{"embeddable":true,"href":"https:\/\/iotronx.com\/de\/wp-json\/wp\/v2\/media\/5381"}],"wp:attachment":[{"href":"https:\/\/iotronx.com\/de\/wp-json\/wp\/v2\/media?parent=5379"}],"wp:term":[{"taxonomy":"product_brand","embeddable":true,"href":"https:\/\/iotronx.com\/de\/wp-json\/wp\/v2\/product_brand?post=5379"},{"taxonomy":"product_cat","embeddable":true,"href":"https:\/\/iotronx.com\/de\/wp-json\/wp\/v2\/product_cat?post=5379"},{"taxonomy":"product_tag","embeddable":true,"href":"https:\/\/iotronx.com\/de\/wp-json\/wp\/v2\/product_tag?post=5379"}],"curies":[{"name":"wp","href":"https:\/\/api.w.org\/{rel}","templated":true}]}}