{"id":5386,"date":"2025-07-13T17:09:51","date_gmt":"2025-07-13T17:09:51","guid":{"rendered":"http:\/\/iotronx.com\/izdelek\/aqara-h2-eu-stikalni-okvir-dvojni-2-kanalni\/"},"modified":"2025-09-24T12:54:41","modified_gmt":"2025-09-24T12:54:41","slug":"aqara-h2-eu-schalterrahmen-doppelt-2-kanal","status":"publish","type":"product","link":"https:\/\/iotronx.com\/de\/product\/aqara-h2-eu-schalterrahmen-doppelt-2-kanal\/","title":{"rendered":"Aqara H2 EU Schaltrahmen (doppelt \/ 2-Kanal)"},"content":{"rendered":"<p>Der Aqara H2 EU Doppelschalterrahmen ist ein eleganter und funktionaler 2fach-Doppelrahmen, der speziell f\u00fcr die Aqara H2 EU Smart Switches entwickelt wurde. Mit seinem minimalistischen Design und der hochwertigen mattwei\u00dfen Oberfl\u00e4che erm\u00f6glicht dieser Rahmen eine elegante Anordnung von zwei Schaltern nebeneinander, die sich nahtlos in jedes Interieur einf\u00fcgt - sei es ein modernes Zuhause, ein professionelles B\u00fcro oder ein gewerblicher Raum.<\/p>\n<p>Der Rahmen aus hochwertigem und haltbarem Kunststoff gew\u00e4hrleistet eine lange Lebensdauer und sorgt f\u00fcr ein sauberes und koh\u00e4rentes Erscheinungsbild der gesamten Smart Home-Einrichtung. Mit seinen Abmessungen von 86 \u00d7 157 mm ist er vollst\u00e4ndig kompatibel mit europ\u00e4ischen 55-mm-Standard-Elektrodosen und somit eine ideale Nachr\u00fcstl\u00f6sung.<\/p>\n<h3>Wesentliche Merkmale<\/h3>\n<ul>\n<li><strong>Kompatibilit\u00e4t der Ger\u00e4te:<\/strong> Speziell entwickelt f\u00fcr Aqara H2 EU Smart Switches<\/li>\n<li><strong>Standardgr\u00f6\u00dfe:<\/strong> Passt in europ\u00e4ische 55-mm-Standardschaltk\u00e4sten<\/li>\n<li><strong>Material:<\/strong> Langlebiger, hochwertiger Kunststoff f\u00fcr ein erstklassiges Gef\u00fchl<\/li>\n<li><strong>Farbe:<\/strong> Elegantes mattes Wei\u00df<\/li>\n<li><strong>Abmessungen:<\/strong> 86 \u00d7 157 mm (H \u00d7 B)<\/li>\n<li><strong>Einbau:<\/strong> Schnelle und einfache Installation f\u00fcr bestehende oder neue Schalteranlagen<\/li>\n<li><strong>Entwurf:<\/strong> Ein minimalistisches und elegantes Aussehen, geeignet f\u00fcr jeden Raum<\/li>\n<li><strong>Vielseitig einsetzbar:<\/strong> Ideal f\u00fcr Wohn-, B\u00fcro- und Gesch\u00e4ftsr\u00e4ume<\/li>\n<\/ul>\n<h3>\u00dcber Aqara<\/h3>\n<p><strong>Aqara<\/strong>die Marke des Unternehmens <strong>Lumi United Technology Co, Ltd.<\/strong>Aqara ist bekannt f\u00fcr hochwertige Smart-Home-Ger\u00e4te - von Schaltern und Sensoren bis hin zu Steuerungen. Aqara-Produkte werden f\u00fcr ihre Zuverl\u00e4ssigkeit, Benutzerfreundlichkeit und breite Plattformkompatibilit\u00e4t gesch\u00e4tzt, was sie zu einer beliebten Wahl f\u00fcr den Aufbau oder die Erweiterung eines Smart Home macht.<\/p>","protected":false},"excerpt":{"rendered":"<p>Der Aqara Switch Frame H2 EU ist ein eleganter und funktionaler Rahmen mit zwei Anschl\u00fcssen, der exklusiv f\u00fcr die Aqara H2 EU Smart Switches entwickelt wurde. Mit seinem minimalistischen Design und der hochwertigen mattwei\u00dfen Oberfl\u00e4che erm\u00f6glicht dieser Rahmen die elegante Platzierung von zwei Schaltern nebeneinander und f\u00fcgt sich nahtlos in jedes Interieur ein - sei es ein modernes Zuhause, ein professionelles B\u00fcro oder ein gewerblicher Raum.<\/p>","protected":false},"featured_media":5388,"template":"","meta":{"_acf_changed":false},"product_brand":[102],"product_cat":[91],"product_tag":[],"class_list":{"0":"post-5386","1":"product","2":"type-product","3":"status-publish","4":"has-post-thumbnail","6":"product_brand-aqara","7":"product_cat-nadzor-porabe-energije","8":"pa_barva-bela","10":"first","11":"instock","12":"sale","13":"taxable","14":"shipping-taxable","15":"purchasable","16":"product-type-simple"},"acf":[],"_links":{"self":[{"href":"https:\/\/iotronx.com\/de\/wp-json\/wp\/v2\/product\/5386","targetHints":{"allow":["GET"]}}],"collection":[{"href":"https:\/\/iotronx.com\/de\/wp-json\/wp\/v2\/product"}],"about":[{"href":"https:\/\/iotronx.com\/de\/wp-json\/wp\/v2\/types\/product"}],"wp:featuredmedia":[{"embeddable":true,"href":"https:\/\/iotronx.com\/de\/wp-json\/wp\/v2\/media\/5388"}],"wp:attachment":[{"href":"https:\/\/iotronx.com\/de\/wp-json\/wp\/v2\/media?parent=5386"}],"wp:term":[{"taxonomy":"product_brand","embeddable":true,"href":"https:\/\/iotronx.com\/de\/wp-json\/wp\/v2\/product_brand?post=5386"},{"taxonomy":"product_cat","embeddable":true,"href":"https:\/\/iotronx.com\/de\/wp-json\/wp\/v2\/product_cat?post=5386"},{"taxonomy":"product_tag","embeddable":true,"href":"https:\/\/iotronx.com\/de\/wp-json\/wp\/v2\/product_tag?post=5386"}],"curies":[{"name":"wp","href":"https:\/\/api.w.org\/{rel}","templated":true}]}}