{"id":5403,"date":"2025-07-13T17:09:51","date_gmt":"2025-07-13T17:09:51","guid":{"rendered":"http:\/\/iotronx.com\/izdelek\/vozlisce-aqara-m2-eu-s-podporo\/"},"modified":"2025-08-07T22:21:43","modified_gmt":"2025-08-07T22:21:43","slug":"aqara-m2-eu-hub-mit-unterstutzung","status":"publish","type":"product","link":"https:\/\/iotronx.com\/de\/product\/aqara-m2-eu-hub-mit-unterstutzung\/","title":{"rendered":"AQARA M2 (EU) Knoten, mit Unterst\u00fctzung"},"content":{"rendered":"<p>Aqara Hub M2 ist eine moderne Smart-Home-Zentrale, die Ihr Haus mit fortschrittlichen Funktionen und umfassender Kompatibilit\u00e4t automatisieren kann.<\/p>\n<h4>Unterst\u00fctzung f\u00fcr Zigbee 3.0<\/h4>\n<p>Er unterst\u00fctzt bis zu 128 Ger\u00e4te und nutzt die Zigbee 3.0-Technologie f\u00fcr schnelle, stabile und energieeffiziente Verbindungen. Dies macht ihn ideal f\u00fcr die Verwaltung eines gro\u00dfen Smart Home-Netzwerks.<\/p>\n<h4>360\u00b0-Infrarotsteuerung<\/h4>\n<p>Mit dem eingebauten 360-Grad-IR-Sender k\u00f6nnen Sie vorhandene IR-Ger\u00e4te von jedem beliebigen Ort im Raum aus steuern, was eine nahtlose Integration mit Ihren aktuellen Haushaltsger\u00e4ten erm\u00f6glicht.<\/p>\n<h4>Ethernet RJ-45-Anschluss<\/h4>\n<p>F\u00fcr zus\u00e4tzliche Stabilit\u00e4t und geringere Reaktionszeiten ist der M2 mit einem RJ-45-Ethernet-Anschluss ausgestattet, der eine zuverl\u00e4ssige kabelgebundene Verbindung erm\u00f6glicht.<\/p>\n<h4>Eingebauter Lautsprecher<\/h4>\n<p>Der 2-Watt-Lautsprecher kann als Alarm oder als Glocke dienen und bietet vielseitige akustische Warnsignale f\u00fcr verschiedene Automatisierungsanwendungen.<\/p>\n<h4>Stromversorgung \u00fcber USB<\/h4>\n<p>Durch die Unterst\u00fctzung von Micro-USB 5V 1A bietet der M2 flexible Installationsm\u00f6glichkeiten und kann \u00fcber herk\u00f6mmliche USB-Ladeger\u00e4te oder Powerbanks mit Strom versorgt werden.<\/p>\n<h4>Verbesserte Konnektivit\u00e4t<\/h4>\n<p>Zwei 2\u00d72 MIMO-Wi-Fi-Antennen sorgen f\u00fcr leistungsstarke drahtlose Verbindungen, die Dutzende von Sensoren und Steuerungen effektiv unterst\u00fctzen.<\/p>\n<h3>Umfassende Kompatibilit\u00e4t<\/h3>\n<p>Der Aqara Hub M2 ist mit verschiedenen Smart-Home-Plattformen und Apps kompatibel:<\/p>\n<ul>\n<li><strong>Apple HomeKit<\/strong>Steuern Sie Ihre Aqara-Ger\u00e4te \u00fcber die Apple Home App und Siri, um ein sicheres und privates Smart Home-Erlebnis zu schaffen.<\/li>\n<li><strong>Google Assistent<\/strong>Steuern Sie Ihre Aqara-Ger\u00e4te mit Sprachbefehlen \u00fcber Google Home und kompatible Smart Speaker.<\/li>\n<li><strong>Amazon Alexa<\/strong>Alexa-Integration erm\u00f6glicht die freih\u00e4ndige Steuerung Ihres Smart Home.<\/li>\n<li><strong>IFTTT<\/strong>Erstellen Sie ma\u00dfgeschneiderte Automatisierungen und verbinden Sie Aqara-Ger\u00e4te mit anderen intelligenten Produkten und Diensten \u00fcber IFTTT.<\/li>\n<li><strong>Mi Zuhause<\/strong>Nahtlose Integration von Aqara Ger\u00e4ten in das Xiaomi \u00d6kosystem \u00fcber die Mi Home App.<\/li>\n<\/ul>\n<h3>Kompatibilit\u00e4t mit Materie<\/h3>\n<p>Aqara Hub M2 ist mit dem Matter-Standard kompatibel, einem neuen, quelloffenen und sicheren Konnektivit\u00e4tsstandard f\u00fcr IoT-Ger\u00e4te. Die Unterst\u00fctzung f\u00fcr Matter wird \u00fcber ein OTA-Update aktiviert und erm\u00f6glicht die nahtlose Integration von M2 mit anderen Matter-kompatiblen Ger\u00e4ten und verbessert die Interoperabilit\u00e4t zwischen verschiedenen Marken und Systemen.<\/p>\n<h3>Multiprotokoll-Zentraleinheit<\/h3>\n<p>Hub M2 unterst\u00fctzt Zigbee 3.0, IR, Bluetooth Low Energy und Wi-Fi und gew\u00e4hrleistet so maximale Kompatibilit\u00e4t und zuk\u00fcnftige Flexibilit\u00e4t f\u00fcr eine Vielzahl von Ger\u00e4ten.<\/p>\n<h3>Sicherheit und Automatisierung<\/h3>\n<p>M2 unterst\u00fctzt alle HomeKit-Alarmmodi und bietet robuste Sicherheitsfunktionen. Die lokale Automatisierung gew\u00e4hrleistet einen unterbrechungsfreien Betrieb, selbst wenn die Internetverbindung unterbrochen wird.<\/p>\n<h3>Die ideale Wahl f\u00fcr ein intelligentes und sicheres Zuhause<\/h3>\n<p>Mit umfassender Kompatibilit\u00e4t, fortschrittlichen Funktionen und einem Schwerpunkt auf Sicherheit ist der Aqara Hub M2 die perfekte Wahl, um Ihre Smart Home-Umgebung zu verbessern.<\/p>","protected":false},"excerpt":{"rendered":"<p>Aqara Hub M2 ist ein hochmoderner Smart-Home-Hub mit fortschrittlichen Funktionen und breiter Kompatibilit\u00e4t. Zus\u00e4tzlich zu W-Fi unterst\u00fctzt er RJ-45 (Ethenet) und bis zu 128 Zigbee-Kinderger\u00e4te.<\/p>","protected":false},"featured_media":5405,"template":"","meta":{"_acf_changed":false},"product_brand":[102],"product_cat":[91],"product_tag":[],"class_list":{"0":"post-5403","1":"product","2":"type-product","3":"status-publish","4":"has-post-thumbnail","6":"product_brand-aqara","7":"product_cat-nadzor-porabe-energije","9":"first","10":"instock","11":"sale","12":"taxable","13":"shipping-taxable","14":"purchasable","15":"product-type-simple"},"acf":[],"_links":{"self":[{"href":"https:\/\/iotronx.com\/de\/wp-json\/wp\/v2\/product\/5403","targetHints":{"allow":["GET"]}}],"collection":[{"href":"https:\/\/iotronx.com\/de\/wp-json\/wp\/v2\/product"}],"about":[{"href":"https:\/\/iotronx.com\/de\/wp-json\/wp\/v2\/types\/product"}],"wp:featuredmedia":[{"embeddable":true,"href":"https:\/\/iotronx.com\/de\/wp-json\/wp\/v2\/media\/5405"}],"wp:attachment":[{"href":"https:\/\/iotronx.com\/de\/wp-json\/wp\/v2\/media?parent=5403"}],"wp:term":[{"taxonomy":"product_brand","embeddable":true,"href":"https:\/\/iotronx.com\/de\/wp-json\/wp\/v2\/product_brand?post=5403"},{"taxonomy":"product_cat","embeddable":true,"href":"https:\/\/iotronx.com\/de\/wp-json\/wp\/v2\/product_cat?post=5403"},{"taxonomy":"product_tag","embeddable":true,"href":"https:\/\/iotronx.com\/de\/wp-json\/wp\/v2\/product_tag?post=5403"}],"curies":[{"name":"wp","href":"https:\/\/api.w.org\/{rel}","templated":true}]}}