{"id":5410,"date":"2025-07-13T17:09:51","date_gmt":"2025-07-13T17:09:51","guid":{"rendered":"http:\/\/iotronx.com\/izdelek\/vozlisce-aqara-m3-eu-s-podporo\/"},"modified":"2025-08-07T22:21:43","modified_gmt":"2025-08-07T22:21:43","slug":"aqara-m3-eu-nabe-mit-stutze","status":"publish","type":"product","link":"https:\/\/iotronx.com\/de\/product\/aqara-m3-eu-nabe-mit-stutze\/","title":{"rendered":"Aqara M3 (EU) Knotenpunkt, mit Unterst\u00fctzung"},"content":{"rendered":"<p>Aqara Hub M3 ist eine neue Version des beliebten M2, einer Multiprotokoll-Smart-Home-Steuerzentrale, die mit den Steuerprotokollen Thread, Zigbee, WiFi, Bluetooth und Infrarot (IR) ausgestattet ist.<\/p>\n<p>Er ist mit dem Matter-Standard kompatibel und funktioniert wie sein Vorg\u00e4nger mit Apple HomeKit, IFTTT, Google Home und Amazon Alexa.<\/p>\n<h4>Unterst\u00fctzung von mehreren Protokollen<\/h4>\n<p>Der M3 unterst\u00fctzt Zigbee, Wi-Fi, Bluetooth Low Energy und Matter, was eine breite Kompatibilit\u00e4t mit vielen intelligenten Ger\u00e4ten gew\u00e4hrleistet.<\/p>\n<h4>Thread Border Router<\/h4>\n<p>Der M3 fungiert als Thread Border Router, der eine nahtlose Verbindung zu Thread-f\u00e4higen Ger\u00e4ten erm\u00f6glicht und die Interoperabilit\u00e4t und k\u00fcnftige Nutzbarkeit Ihres Smart Home verbessert.<\/p>\n<h4>360\u00b0-Infrarotsteuerung<\/h4>\n<p>Mit dem eingebauten 360-Grad-IR-Sender k\u00f6nnen Sie IR-Ger\u00e4te von jedem beliebigen Ort im Raum aus steuern, was eine nahtlose Integration mit Ihren vorhandenen Haushaltsger\u00e4ten erm\u00f6glicht.<\/p>\n<h4>Ethernet RJ-45-Anschluss<\/h4>\n<p>F\u00fcr zus\u00e4tzliche Stabilit\u00e4t und geringere Reaktionszeiten ist der M3 mit einem RJ-45-Ethernet-Anschluss ausgestattet, der eine zuverl\u00e4ssige kabelgebundene Verbindung gew\u00e4hrleistet.<\/p>\n<h4>Eingebauter Lautsprecher<\/h4>\n<p>Der 2-Watt-Lautsprecher kann als Alarm oder als Glocke dienen und bietet vielseitige akustische Warnsignale f\u00fcr verschiedene Automatisierungsanwendungen.<\/p>\n<h4>Stromversorgung \u00fcber USB<\/h4>\n<p>Durch die Unterst\u00fctzung von Micro-USB 5V 1A bietet der M3 flexible Installationsm\u00f6glichkeiten und kann \u00fcber herk\u00f6mmliche USB-Ladeger\u00e4te oder Powerbanks mit Strom versorgt werden.<\/p>\n<h3>Umfassende Kompatibilit\u00e4t<\/h3>\n<p>Der Aqara Hub M3 ist mit verschiedenen Smart-Home-Plattformen und Apps kompatibel:<\/p>\n<ul>\n<li><strong>Apple HomeKit<\/strong>Steuern Sie Ihre Aqara-Ger\u00e4te \u00fcber die Apple Home App und Siri, um ein sicheres und privates Smart Home-Erlebnis zu schaffen.<\/li>\n<li><strong>Google Assistent<\/strong>Steuern Sie Ihre Aqara-Ger\u00e4te mit Sprachbefehlen \u00fcber Google Home und kompatible Smart Speaker.<\/li>\n<li><strong>Amazon Alexa<\/strong>Alexa-Integration erm\u00f6glicht die freih\u00e4ndige Steuerung Ihres Smart Home.<\/li>\n<li><strong>IFTTT<\/strong>Erstellen Sie ma\u00dfgeschneiderte Automatisierungen und verbinden Sie Aqara-Ger\u00e4te mit anderen intelligenten Produkten und Diensten \u00fcber IFTTT.<\/li>\n<li><strong>Mi Zuhause<\/strong>Nahtlose Integration von Aqara Ger\u00e4ten in das Xiaomi \u00d6kosystem \u00fcber die Mi Home App.<\/li>\n<\/ul>\n<h3>Kompatibilit\u00e4t mit Materie<\/h3>\n<p>Aqara Hub M3 unterst\u00fctzt den Matter-Standard, einen Open-Source-Konnektivit\u00e4tsstandard, der die Interoperabilit\u00e4t zwischen verschiedenen Ger\u00e4ten und Smart-Home-\u00d6kosystemen gew\u00e4hrleistet. Diese Funktion verbessert die M3-Kompatibilit\u00e4t und gew\u00e4hrleistet die zuk\u00fcnftige Nutzbarkeit Ihres Smart Home (<a href=\"https:\/\/www.aqara.com\/en\/news\/aqara-releases-details-around-its-first-matter-compatible-devices\/\" target=\"_blank\" rel=\"noreferrer noopener\">Aqara<\/a>).<\/p>\n<h3>Sicherheit und Automatisierung<\/h3>\n<p>Die M3 unterst\u00fctzt alle HomeKit-Alarmmodi und bietet robuste Sicherheitsfunktionen. Die lokale Automatisierung gew\u00e4hrleistet einen unterbrechungsfreien Betrieb, selbst wenn die Internetverbindung unterbrochen wird.<\/p>\n<h3>Die ideale Wahl f\u00fcr ein intelligentes und sicheres Zuhause<\/h3>\n<p>Mit umfassender Kompatibilit\u00e4t, fortschrittlichen Funktionen und einem Schwerpunkt auf Sicherheit ist der Aqara Hub M3 die perfekte Wahl, um Ihre Smart Home-Umgebung zu verbessern.<\/p>","protected":false},"excerpt":{"rendered":"<p>Aqara Hub M3 ist der Nachfolger des beliebten M2 Hub, ein Multiprotokoll-Smart-Home-Hub, der mit Fadensteuerung, Zigbee, WiFi, Bluetooth und Infrarot (IR) ausgestattet ist. Er ist kompatibel mit dem Matter-Standard und ist wie sein Vorg\u00e4nger mit Apple HomeKit, IFTTT, Google Home und Amazon Alexa kompatibel.<\/p>","protected":false},"featured_media":5412,"template":"","meta":{"_acf_changed":false},"product_brand":[102],"product_cat":[91],"product_tag":[],"class_list":{"0":"post-5410","1":"product","2":"type-product","3":"status-publish","4":"has-post-thumbnail","6":"product_brand-aqara","7":"product_cat-nadzor-porabe-energije","9":"first","10":"instock","11":"sale","12":"taxable","13":"shipping-taxable","14":"purchasable","15":"product-type-simple"},"acf":[],"_links":{"self":[{"href":"https:\/\/iotronx.com\/de\/wp-json\/wp\/v2\/product\/5410","targetHints":{"allow":["GET"]}}],"collection":[{"href":"https:\/\/iotronx.com\/de\/wp-json\/wp\/v2\/product"}],"about":[{"href":"https:\/\/iotronx.com\/de\/wp-json\/wp\/v2\/types\/product"}],"wp:featuredmedia":[{"embeddable":true,"href":"https:\/\/iotronx.com\/de\/wp-json\/wp\/v2\/media\/5412"}],"wp:attachment":[{"href":"https:\/\/iotronx.com\/de\/wp-json\/wp\/v2\/media?parent=5410"}],"wp:term":[{"taxonomy":"product_brand","embeddable":true,"href":"https:\/\/iotronx.com\/de\/wp-json\/wp\/v2\/product_brand?post=5410"},{"taxonomy":"product_cat","embeddable":true,"href":"https:\/\/iotronx.com\/de\/wp-json\/wp\/v2\/product_cat?post=5410"},{"taxonomy":"product_tag","embeddable":true,"href":"https:\/\/iotronx.com\/de\/wp-json\/wp\/v2\/product_tag?post=5410"}],"curies":[{"name":"wp","href":"https:\/\/api.w.org\/{rel}","templated":true}]}}