{"id":5422,"date":"2025-07-13T17:09:51","date_gmt":"2025-07-13T17:09:51","guid":{"rendered":"http:\/\/iotronx.com\/izdelek\/kamera-aqara-e1-wi-fi\/"},"modified":"2025-08-07T22:21:43","modified_gmt":"2025-08-07T22:21:43","slug":"aqara-e1-wi-fi-kamera","status":"publish","type":"product","link":"https:\/\/iotronx.com\/de\/product\/aqara-e1-wi-fi-kamera\/","title":{"rendered":"AQARA E1 Wi-Fi-Kamera"},"content":{"rendered":"<p><strong>Aqara Kamera E1<\/strong> ist eine vielseitige und kompakte Smart-Kamera, die mit fortschrittlichen Funktionen und breiter Kompatibilit\u00e4t die Sicherheit zu Hause verbessert. Die Aqara Camera E1 WiFi-Kamera f\u00fcr den Innenbereich verf\u00fcgt \u00fcber eine Panoramaschwenkfunktion, die eine horizontale Drehung von 350\u00b0 und eine vertikale Neigung von 101\u00b0 erm\u00f6glicht. Die Kamera hat eine Aufl\u00f6sung von 1296p und einen optischen Blickwinkel von 67\u00b0, was ein ausreichend gro\u00dfes Sichtfeld f\u00fcr den Innenbereich und eine hervorragende Bildqualit\u00e4t bietet. F\u00fcr Nachtaufnahmen verf\u00fcgt sie \u00fcber 6 integrierte Infrarot-LEDs, damit Sie auch nachts sehen k\u00f6nnen, was passiert. Die Aufzeichnung kann in der Cloud oder auf einer microSD-Karte (bis zu 512 GB) erfolgen, die in die Kamera eingelegt werden kann (microSD-Karte nicht im Lieferumfang enthalten). Die Kamera erkennt die Bewegung von Personen und konzentriert sich so immer auf das Ereignis. Sie erm\u00f6glicht auch eine Zwei-Wege-Sprachkommunikation. Die Konnektivit\u00e4t ist dank WiFi6 mit 2,4 GHz und Bluetooth 5.2 sehr schnell und einfach, und sie unterst\u00fctzt die WPA3-Verschl\u00fcsselung. Sie kann direkt mit Ihrem WiFi verbunden werden, also auch eigenst\u00e4ndig funktionieren.<\/p>\n<h4>1080p Full HD Video<\/h4>\n<p>Sie liefert ein klares und detailliertes 1080p-Bild und erm\u00f6glicht eine 360\u00b0-Schwenk- und Neigebewegung, die eine umfassende Abdeckung des Raums erm\u00f6glicht.<\/p>\n<h4>Nachtsicht<\/h4>\n<p>Sie ist mit einer Infrarot-Nachtsichtfunktion ausgestattet, die auch bei schlechten Lichtverh\u00e4ltnissen klare Bilder liefert.<\/p>\n<h4>Bewegungserkennung und Benachrichtigungen<\/h4>\n<p>Es erkennt Bewegungen und sendet Echtzeit-Benachrichtigungen an Ihr Smartphone, damit Sie immer auf dem Laufenden sind, was gerade passiert.<\/p>\n<h4>Zwei-Wege-Audio-Kommunikation<\/h4>\n<p>Das integrierte Mikrofon und der Lautsprecher erm\u00f6glichen eine Zwei-Wege-Kommunikation \u00fcber die Aqara Home App.<\/p>\n<h4>Flexible Installation<\/h4>\n<p>Er kann auf verschiedene Weise montiert werden - an der Wand, an der Decke oder einfach auf einer ebenen Fl\u00e4che.<\/p>\n<h3>Kompatibilit\u00e4t<\/h3>\n<p>Die Aqara Camera E1 l\u00e4sst sich nahtlos in die wichtigsten Smart-Home-Plattformen integrieren:<\/p>\n<ul>\n<li><strong>Apple HomeKit<\/strong>Verwalten und Anschauen von Videos mit Apple Home und Siri.<\/li>\n<li><strong>Google Assistent<\/strong>Steuerung und Zugriff auf Ihre Kamera \u00fcber Google Home und kompatible Ger\u00e4te.<\/li>\n<li><strong>Amazon Alexa<\/strong>Integration in Alexa-Routinen und Verwaltung von Sprachbefehlen.<\/li>\n<li><strong>Aqara Home App<\/strong>Zentrale Verwaltung und Steuerung von Aqara-Ger\u00e4ten f\u00fcr ein umfassendes Smart Home-Erlebnis.<\/li>\n<\/ul>\n<h3>Sicherheit und Datenschutz<\/h3>\n<p>Die Kamera verwendet eine End-to-End-Verschl\u00fcsselung, um die Sicherheit und den Datenschutz Ihrer Videos und Daten zu gew\u00e4hrleisten.<\/p>\n<h3>Ideal f\u00fcr ein intelligentes und sicheres Zuhause<\/h3>\n<p>Die Aqara Camera E1 ist die perfekte Erg\u00e4nzung f\u00fcr jedes intelligente Haus und bietet hochwertige Video\u00fcberwachung, Echtzeit-Benachrichtigungen und nahtlose Konnektivit\u00e4t mit anderen intelligenten Ger\u00e4ten.<\/p>\n<h3>Technische Daten<\/h3>\n<ul>\n<li>Stromversorgung: 5V, 2A (USB Typ-C)<\/li>\n<li>Video-Kodierung: H.264<\/li>\n<li>Videoaufl\u00f6sung: 1296P<\/li>\n<li>Optischer Betrachtungswinkel: 67\u00b0<\/li>\n<li>Schwenken\/Neigen (P\/T): 350\u00b0\/101\u00b0<\/li>\n<li>Drahtlose Verbindung: Wi-Fi IEEE 802.11b\/g\/n\/ax 2.4GHz<\/li>\n<li>Speicherkartenunterst\u00fctzung: microSD (Klasse 4 oder h\u00f6her, bis zu 512 GB)<\/li>\n<li>Betriebstemperatur: -10\u00b0C bis 45\u00b0C<\/li>\n<li>Luftfeuchtigkeit bei Betrieb: 0 - 85% RH (nicht kondensierend)<\/li>\n<li>Abmessungen: 69 \u00d7 69 \u00d7 104 mm<\/li>\n<\/ul>","protected":false},"excerpt":{"rendered":"<p>Die Aqara Camera E1 Wi-Fi ist f\u00fcr den Einsatz in Innenr\u00e4umen konzipiert und kann horizontal und vertikal bewegt werden. Mit einer Aufl\u00f6sung von 1296p bietet sie eine hervorragende Bildqualit\u00e4t und unterst\u00fctzt die Aufzeichnung in der Cloud oder auf einer microSD-Karte.<\/p>","protected":false},"featured_media":5424,"template":"","meta":{"_acf_changed":false},"product_brand":[102],"product_cat":[92],"product_tag":[],"class_list":{"0":"post-5422","1":"product","2":"type-product","3":"status-publish","4":"has-post-thumbnail","6":"product_brand-aqara","7":"product_cat-varnost-in-nadzor","9":"first","10":"instock","11":"sale","12":"taxable","13":"shipping-taxable","14":"purchasable","15":"product-type-simple"},"acf":[],"_links":{"self":[{"href":"https:\/\/iotronx.com\/de\/wp-json\/wp\/v2\/product\/5422","targetHints":{"allow":["GET"]}}],"collection":[{"href":"https:\/\/iotronx.com\/de\/wp-json\/wp\/v2\/product"}],"about":[{"href":"https:\/\/iotronx.com\/de\/wp-json\/wp\/v2\/types\/product"}],"wp:featuredmedia":[{"embeddable":true,"href":"https:\/\/iotronx.com\/de\/wp-json\/wp\/v2\/media\/5424"}],"wp:attachment":[{"href":"https:\/\/iotronx.com\/de\/wp-json\/wp\/v2\/media?parent=5422"}],"wp:term":[{"taxonomy":"product_brand","embeddable":true,"href":"https:\/\/iotronx.com\/de\/wp-json\/wp\/v2\/product_brand?post=5422"},{"taxonomy":"product_cat","embeddable":true,"href":"https:\/\/iotronx.com\/de\/wp-json\/wp\/v2\/product_cat?post=5422"},{"taxonomy":"product_tag","embeddable":true,"href":"https:\/\/iotronx.com\/de\/wp-json\/wp\/v2\/product_tag?post=5422"}],"curies":[{"name":"wp","href":"https:\/\/api.w.org\/{rel}","templated":true}]}}