{"id":5435,"date":"2025-07-13T17:09:51","date_gmt":"2025-07-13T17:09:51","guid":{"rendered":"http:\/\/iotronx.com\/izdelek\/vozlisce-kamere-aqara-g3-eu\/"},"modified":"2025-08-07T22:21:43","modified_gmt":"2025-08-07T22:21:43","slug":"aqara-g3-eu-kamerahub","status":"publish","type":"product","link":"https:\/\/iotronx.com\/de\/product\/aqara-g3-eu-kamerahub\/","title":{"rendered":"AQARA G3 Kamerahub (EU)"},"content":{"rendered":"<p><strong>Aqara Kamera-Hub G3<\/strong> ist ein fortschrittliches Smart Home-Ger\u00e4t, das eine hochaufl\u00f6sende Sicherheitskamera mit einem intelligenten Zigbee 3.0-Hub kombiniert.<\/p>\n<h4>2K 1296p Aufl\u00f6sung<\/h4>\n<p>Sie liefert kristallklare Videos mit einer Aufl\u00f6sung von 2304 x 1296 Pixeln und sorgt so f\u00fcr detaillierte und hochwertige Bilder.<\/p>\n<h4>360\u00b0 Betrachtungswinkel<\/h4>\n<p>Sie ist mit einem 110\u00b0-Weitwinkelobjektiv und Schwenk-\/Neigemotoren ausgestattet, die eine vollst\u00e4ndige Abdeckung des Bereichs erm\u00f6glichen, einschlie\u00dflich automatischer Patrouillenfahrten sowie Gesichts- und Tierverfolgung.<\/p>\n<h4>Erkennung von K\u00fcnstlicher Intelligenz (KI)<\/h4>\n<p>Es nutzt einen leistungsstarken Prozessor mit einer NPU-Einheit zur lokalen Erkennung von Gesichtern, Gesten und Haustieren und verbessert so die Hausautomatisierung und Benachrichtigung.<\/p>\n<h4>Vollst\u00e4ndige Kompatibilit\u00e4t<\/h4>\n<p>Sie unterst\u00fctzt Apple HomeKit Secure Video, Google Assistant, Amazon Alexa, IFTTT und andere \u00d6kosysteme und erm\u00f6glicht so die nahtlose Integration mit einer Vielzahl von Smart Home-Plattformen.<\/p>\n<h4>Eingebauter Zigbee 3.0-Hub<\/h4>\n<p>Er verbindet bis zu 128 Aqara-Ger\u00e4te und erm\u00f6glicht die Hausautomatisierung und Fernsteuerung \u00fcber die Aqara Home-App.<\/p>\n<h4>Infrarot-Steuerung<\/h4>\n<p>Enth\u00e4lt einen IR-Controller f\u00fcr die lokale Automatisierung von IR-kompatiblen Ger\u00e4ten, auch ohne Internetverbindung.<\/p>\n<h4>Datenschutz und Sicherheit<\/h4>\n<p>Es bietet einen Hardware-Datenschutz mit einer physischen Kamera-Maskierungsfunktion und unterst\u00fctzt WPA3-Verschl\u00fcsselung zum Schutz von Datenstr\u00f6men.<\/p>\n<h4>Wi-Fi-Netzwerk mit zwei Barrieren<\/h4>\n<p>Es ist sowohl mit 2,4-GHz- als auch mit 5-GHz-Wi-Fi-Netzwerken kompatibel und bietet zuverl\u00e4ssige und flexible Konnektivit\u00e4t.<\/p>","protected":false},"excerpt":{"rendered":"<p>Der Aqara Camera Hub G3 ist ein fortschrittliches Smart-Home-Ger\u00e4t, das eine hochaufl\u00f6sende Sicherheitskamera und einen Zigbee 3.0 Smart Hub kombiniert. Sie verf\u00fcgt \u00fcber integrierte Funktionen der k\u00fcnstlichen Intelligenz, die lokale Gesichts-, Gesten- und Haustiererkennung unterst\u00fctzen und die Hausautomatisierung und Benachrichtigungen verbessern.<\/p>","protected":false},"featured_media":5437,"template":"","meta":{"_acf_changed":false},"product_brand":[102],"product_cat":[92],"product_tag":[],"class_list":{"0":"post-5435","1":"product","2":"type-product","3":"status-publish","4":"has-post-thumbnail","6":"product_brand-aqara","7":"product_cat-varnost-in-nadzor","9":"first","10":"instock","11":"sale","12":"taxable","13":"shipping-taxable","14":"purchasable","15":"product-type-simple"},"acf":[],"_links":{"self":[{"href":"https:\/\/iotronx.com\/de\/wp-json\/wp\/v2\/product\/5435","targetHints":{"allow":["GET"]}}],"collection":[{"href":"https:\/\/iotronx.com\/de\/wp-json\/wp\/v2\/product"}],"about":[{"href":"https:\/\/iotronx.com\/de\/wp-json\/wp\/v2\/types\/product"}],"wp:featuredmedia":[{"embeddable":true,"href":"https:\/\/iotronx.com\/de\/wp-json\/wp\/v2\/media\/5437"}],"wp:attachment":[{"href":"https:\/\/iotronx.com\/de\/wp-json\/wp\/v2\/media?parent=5435"}],"wp:term":[{"taxonomy":"product_brand","embeddable":true,"href":"https:\/\/iotronx.com\/de\/wp-json\/wp\/v2\/product_brand?post=5435"},{"taxonomy":"product_cat","embeddable":true,"href":"https:\/\/iotronx.com\/de\/wp-json\/wp\/v2\/product_cat?post=5435"},{"taxonomy":"product_tag","embeddable":true,"href":"https:\/\/iotronx.com\/de\/wp-json\/wp\/v2\/product_tag?post=5435"}],"curies":[{"name":"wp","href":"https:\/\/api.w.org\/{rel}","templated":true}]}}