{"id":5449,"date":"2025-07-13T17:09:51","date_gmt":"2025-07-13T17:09:51","guid":{"rendered":"http:\/\/iotronx.com\/izdelek\/vozlisce-kamerawi-fi\/"},"modified":"2025-09-24T12:58:24","modified_gmt":"2025-09-24T12:58:24","slug":"kamerun-drehkreuze-fi","status":"publish","type":"product","link":"https:\/\/iotronx.com\/de\/product\/kamerun-drehkreuze-fi\/","title":{"rendered":"Aqara G5 Pro Kamerahub, Wi-Fi-Version, grau"},"content":{"rendered":"<p><strong>Aqara Smart Kamera G5 Pro Wi-Fi Version<\/strong> ist eine \u00e4u\u00dferst vielseitige Sicherheitskamera f\u00fcr den Au\u00dfenbereich, die von <strong>USB-C<\/strong> Stecker und Verwendungen <strong>Wi-Fi<\/strong> f\u00fcr die Netzanbindung. Dieses Modell hat <strong>graues Geh\u00e4use<\/strong>. Die Kamera bietet <strong>4 MP Quad HD-Aufl\u00f6sung<\/strong> und <strong>133\u00b0 breiter Blickwinkel<\/strong>die f\u00fcr detaillierte und kristallklare Bilder sorgt. Sein <strong>Fortschrittliche AI-Erkennungstechnologie<\/strong> identifiziert genau <strong>Personen, Tiere, Fahrzeuge und Packst\u00fccke<\/strong>.<\/p>\n<p>Die Kamera funktioniert auch als <strong>eingebauter Zigbee-Hub, unterst\u00fctzt das Matter-Protokoll und enth\u00e4lt den Thread Border Router<\/strong>was einen reibungslosen Ablauf erm\u00f6glicht <strong>Integration und Verwaltung von anderen intelligenten Ger\u00e4ten<\/strong>. Dank an <strong>Hochempfindliche Nachtsichttechnologie<\/strong> Kamera-Aufnahmen <strong>Farbbilder auch bei sehr schlechten Lichtverh\u00e4ltnissen<\/strong>.<\/p>\n<p>Es ist f\u00fcr eine einfache <strong>Stromversorgung \u00fcber USB-C<\/strong> und <strong>Wi-Fi-Verbindung<\/strong>was es zu einem <strong>sehr einfach zu installieren und zu verwenden<\/strong>. Die Kamera hat <strong>IP65 Schutz gegen Staub und Wasser<\/strong>die die Widerstandsf\u00e4higkeit gegen\u00fcber widrigen Wetterbedingungen gew\u00e4hrleistet und sie ideal macht f\u00fcr <strong>externe Verwendung<\/strong>.<\/p>\n<p>Sie ist mit Apple HomeKit kompatibel und unterst\u00fctzt HomeKit Secure Video.<\/p>\n<h3><strong>Wesentliche Merkmale:<\/strong><\/h3>\n<ul>\n<li><strong>Stromversorgung \u00fcber USB-C<\/strong> und <strong>Wi-Fi-Verbindung<\/strong> f\u00fcr eine einfache Installation<\/li>\n<li><strong>4 MP Quad HD-Aufl\u00f6sung<\/strong> (2688\u00d71520 px) f\u00fcr scharfe, hochwertige Bilder<\/li>\n<li><strong>133\u00b0-Weitwinkelobjektiv<\/strong> f\u00fcr einen gr\u00f6\u00dferen Blickwinkel<\/li>\n<li><strong>Nachtsicht in Farbe<\/strong> (Empfindlichkeit 0,01 Lux) f\u00fcr mehr Sicherheit bei Nacht<\/li>\n<li><strong>KI-unterst\u00fctzte Erkennung<\/strong> Personen, Tiere, Fahrzeuge und Packst\u00fccke<\/li>\n<li><strong>Eingebauter Zigbee-Hub<\/strong> und <strong>Thread Border Router<\/strong> f\u00fcr intelligentes Ger\u00e4temanagement<\/li>\n<li><strong>IP65 Schutz gegen Staub und Wasser<\/strong> f\u00fcr Ausdauer im Freien<\/li>\n<li><strong>Unterst\u00fctzt Apple HomeKit Secure Video, Google Home, Amazon Alexa und SmartThings<\/strong><\/li>\n<\/ul>\n<h3><strong>Technische Daten:<\/strong><\/h3>\n<ul>\n<li><strong>Aufl\u00f6sung:<\/strong> 4 MP (2688\u00d71520)<\/li>\n<li><strong>Betrachtungswinkel:<\/strong> 133\u00b0 (diagonal)<\/li>\n<li><strong>Gr\u00f6\u00dfe des Bildsensors:<\/strong> 1\/1.8\"<\/li>\n<li><strong>Objektiv:<\/strong> f\/1.0<\/li>\n<li><strong>Empfindlichkeit bei schlechten Lichtverh\u00e4ltnissen:<\/strong> Farbbilder bei 0,01 Lux<\/li>\n<li><strong>PIR-Sensor:<\/strong> 100\u00b0 horizontal, 65\u00b0 vertikal, bis zu 10 m Entfernung<\/li>\n<li><strong>Stromversorgung:<\/strong> USB-C (5V 2A)<\/li>\n<li><strong>Lagerung:<\/strong> 32 GB eMMC integriert (28,18 GB nutzbar) + NAS-Unterst\u00fctzung<\/li>\n<li><strong>Konnektivit\u00e4t:<\/strong> Wi-Fi 2,4 GHz \/ 5 GHz, Zigbee 3.0, Thread, Bluetooth<\/li>\n<li><strong>Schutz:<\/strong> IP65 (staub- und wasserdicht)<\/li>\n<li><strong>Abmessungen:<\/strong> 70,5 \u00d7 70,5 \u00d7 89 mm (ohne Sockel)<\/li>\n<li><strong>Betriebstemperatur:<\/strong> -30\u00b0C bis +50\u00b0C<\/li>\n<li><strong>Kostenloser Cloud-Speicher:<\/strong> 30 Tage kostenloser Zeitraum nach der ersten Verbindung mit dem Internet<\/li>\n<\/ul>\n<h3><strong>Installationsm\u00f6glichkeiten:<\/strong><\/h3>\n<ul>\n<li>Wandmontage<\/li>\n<li>Montage an der Decke<\/li>\n<li>Horizontales Layout<\/li>\n<\/ul>\n<p>Die Kamera umfasst <strong>verstellbare Halterung<\/strong> und hat <strong>1\/4\"-Gewinde f\u00fcr Stativ<\/strong>Dadurch ist es mit verschiedenen Netzbetreibern kompatibel.<\/p>\n<h3><strong>Integration und Unterst\u00fctzung von Smart Home:<\/strong><\/h3>\n<ul>\n<li><strong>Apple HomeKit Sicheres Video<\/strong><\/li>\n<li><strong>Google Home<\/strong><\/li>\n<li><strong>Amazon Alexa<\/strong><\/li>\n<li><strong>Samsung SmartThings<\/strong><\/li>\n<li><strong>Assistentin zu Hause<\/strong><\/li>\n<li><strong>RTSP-Unterst\u00fctzung<\/strong> (z. B. NVR, VLC, Home Assistant)<\/li>\n<\/ul>\n<h3><strong>Sicherheitsmerkmale:<\/strong><\/h3>\n<ul>\n<li><strong>Ende-zu-Ende-Verschl\u00fcsselung<\/strong> - gew\u00e4hrleistet die Datensicherheit<\/li>\n<li><strong>Maskierung der Privatsph\u00e4re<\/strong> - erm\u00f6glicht das Ausblenden von bis zu drei Bereichen auf der Kamera<\/li>\n<li><strong>Schutz vor Beeintr\u00e4chtigungen<\/strong> - Schutz vor Diebstahl und Vandalismus<\/li>\n<li><strong>Flexible Alarmt\u00f6ne<\/strong> - M\u00f6glichkeit, eigene Alarmt\u00f6ne hochzuladen<\/li>\n<\/ul>\n<p><strong>Aqara Smart Kamera G5 Pro Wi-Fi<\/strong> ist <strong>die perfekte Wahl<\/strong> f\u00fcr diejenigen, die nach <strong>eine zuverl\u00e4ssige und einfache Au\u00dfenkamera<\/strong> s <strong>Intelligente Hauskonnektivit\u00e4t<\/strong>. Die KI-gest\u00fctzte Analyse macht es zu einem der meist <strong>vielseitig und fortschrittlich<\/strong> Die Sicherheitsl\u00f6sungen von Aqara.<\/p>","protected":false},"excerpt":{"rendered":"<p>Die Aqara G5 Pro Wi-Fi Smart Camera ist eine extrem vielseitige Sicherheitskamera f\u00fcr den Au\u00dfenbereich, die einfach \u00fcber USB-C mit Strom versorgt wird und sich \u00fcber Wi-Fi mit Ihrem Netzwerk verbindet. Diese Version des Produkts hat ein graues Geh\u00e4use.<\/p>","protected":false},"featured_media":5451,"template":"","meta":{"_acf_changed":false},"product_brand":[102],"product_cat":[92],"product_tag":[],"class_list":{"0":"post-5449","1":"product","2":"type-product","3":"status-publish","4":"has-post-thumbnail","6":"product_brand-aqara","7":"product_cat-varnost-in-nadzor","9":"first","10":"instock","11":"sale","12":"taxable","13":"shipping-taxable","14":"purchasable","15":"product-type-simple"},"acf":[],"_links":{"self":[{"href":"https:\/\/iotronx.com\/de\/wp-json\/wp\/v2\/product\/5449","targetHints":{"allow":["GET"]}}],"collection":[{"href":"https:\/\/iotronx.com\/de\/wp-json\/wp\/v2\/product"}],"about":[{"href":"https:\/\/iotronx.com\/de\/wp-json\/wp\/v2\/types\/product"}],"wp:featuredmedia":[{"embeddable":true,"href":"https:\/\/iotronx.com\/de\/wp-json\/wp\/v2\/media\/5451"}],"wp:attachment":[{"href":"https:\/\/iotronx.com\/de\/wp-json\/wp\/v2\/media?parent=5449"}],"wp:term":[{"taxonomy":"product_brand","embeddable":true,"href":"https:\/\/iotronx.com\/de\/wp-json\/wp\/v2\/product_brand?post=5449"},{"taxonomy":"product_cat","embeddable":true,"href":"https:\/\/iotronx.com\/de\/wp-json\/wp\/v2\/product_cat?post=5449"},{"taxonomy":"product_tag","embeddable":true,"href":"https:\/\/iotronx.com\/de\/wp-json\/wp\/v2\/product_tag?post=5449"}],"curies":[{"name":"wp","href":"https:\/\/api.w.org\/{rel}","templated":true}]}}