{"id":5453,"date":"2025-07-13T17:09:51","date_gmt":"2025-07-13T17:09:51","guid":{"rendered":"http:\/\/iotronx.com\/izdelek\/vozlisce-kamerapoe-2\/"},"modified":"2025-09-24T12:59:10","modified_gmt":"2025-09-24T12:59:10","slug":"kameraschlitten-2","status":"publish","type":"product","link":"https:\/\/iotronx.com\/de\/product\/kameraschlitten-2\/","title":{"rendered":"Aqara G5 Pro Kamera-Hub, POE-Version, wei\u00df"},"content":{"rendered":"<p><strong>Aqara Smart Kamera G5 Pro PoE-Version<\/strong> ist fortgeschritten <strong>externe Sicherheitskamera<\/strong>, die Folgendes unterst\u00fctzt <strong>Stromversorgung \u00fcber Ethernet (PoE)<\/strong>und erm\u00f6glicht die Stromversorgung und eine stabile Datenverbindung \u00fcber ein einziges Ethernet-Kabel. Diese <strong>wei\u00df<\/strong> Version bietet <strong>4 MP Quad HD-Aufl\u00f6sung<\/strong> und <strong>133\u00b0 breiter Blickwinkel<\/strong>und erm\u00f6glicht so detaillierte und scharfe Bilder. Ihr <strong>AI-Erkennungstechnologie<\/strong> genau erkennen <strong>Personen, Tiere, Fahrzeuge und Packst\u00fccke<\/strong>um Fehlalarme zu reduzieren und die Sicherheits\u00fcberwachung zu verbessern.<\/p>\n<p>Die Kamera funktioniert auch als <strong>Zigbee-Hub<\/strong> und unterst\u00fctzt <strong>Materielle Kompatibilit\u00e4t und Thread Border Router-Funktionalit\u00e4t<\/strong>und macht es einfach, verschiedene intelligente Ger\u00e4te zu integrieren und zu verwalten. Dank <strong>extrem empfindliche Nachtsicht<\/strong> die Kamera aufnehmen kann <strong>Farbbilder auch bei sehr schlechten Lichtverh\u00e4ltnissen<\/strong>.<\/p>\n<p>Dank an <strong>PoE-Technologien<\/strong> Die Installation ist einfacher und sicherer, da nur ein Ethernet-Kabel f\u00fcr die Stromversorgung und den Netzwerkanschluss ben\u00f6tigt wird. <strong>IP65 Staub- und Wasserschutz<\/strong> sorgt daf\u00fcr, dass die Kamera widrigen Witterungsbedingungen standhalten kann, was sie ideal f\u00fcr <strong>externe Verwendung<\/strong>.<\/p>\n<p>Die Kamera ist mit Apple HomeKit kompatibel und unterst\u00fctzt HomeKit Secure Video.<\/p>\n<h4><strong>Wesentliche Merkmale:<\/strong><\/h4>\n<ul>\n<li><strong>Stromversorgung \u00fcber Ethernet (PoE)<\/strong> f\u00fcr eine stabile und einfache Installation<\/li>\n<li><strong>4 MP Quad HD-Aufl\u00f6sung<\/strong> (2688\u00d71520 px) f\u00fcr scharfe, hochwertige Bilder<\/li>\n<li><strong>133\u00b0-Weitwinkelobjektiv<\/strong> f\u00fcr einen gr\u00f6\u00dferen Blickwinkel<\/li>\n<li><strong>Nachtsicht in Farbe<\/strong> (Empfindlichkeit 0,01 Lux) f\u00fcr mehr Sicherheit bei Nacht<\/li>\n<li><strong>KI-unterst\u00fctzte Erkennung<\/strong> Personen, Tiere, Fahrzeuge und Packst\u00fccke<\/li>\n<li><strong>Eingebauter Zigbee-Hub<\/strong> und <strong>Thread Border Router<\/strong> f\u00fcr intelligentes Ger\u00e4temanagement<\/li>\n<li><strong>IP65 Staub- und Wasserschutz<\/strong> f\u00fcr Ausdauer im Freien<\/li>\n<li><strong>Unterst\u00fctzung f\u00fcr Apple HomeKit Secure Video<\/strong><\/li>\n<li><strong>Kompatibilit\u00e4t mit Google Home, Amazon Alexa und SmartThings<\/strong><\/li>\n<\/ul>\n<h3><strong>Technische Daten:<\/strong><\/h3>\n<ul>\n<li><strong>Aufl\u00f6sung:<\/strong> 4 MP (2688\u00d71520)<\/li>\n<li><strong>Betrachtungswinkel:<\/strong> 133\u00b0 (diagonal)<\/li>\n<li><strong>Gr\u00f6\u00dfe des Bildsensors:<\/strong> 1\/1.8\"<\/li>\n<li><strong>Objektiv:<\/strong> f\/1.0<\/li>\n<li><strong>Empfindlichkeit bei schlechten Lichtverh\u00e4ltnissen:<\/strong> Farbbilder bei 0,01 Lux<\/li>\n<li><strong>PIR-Sensor:<\/strong> 100\u00b0 horizontal, 65\u00b0 vertikal, bis zu 10 m Entfernung<\/li>\n<li><strong>Stromversorgung:<\/strong> USB-C (5V 2A) oder PoE (48V 0,27A)<\/li>\n<li><strong>Lagerung:<\/strong> 32 GB eMMC integriert (28,18 GB nutzbar) + NAS-Unterst\u00fctzung<\/li>\n<li><strong>Konnektivit\u00e4t:<\/strong> Ethernet (IEEE 802.3af), Zigbee 3.0, Thread, Bluetooth<\/li>\n<li><strong>Schutz:<\/strong> IP65 (staub- und wasserdicht)<\/li>\n<li><strong>Abmessungen:<\/strong> 70,5 \u00d7 70,5 \u00d7 89 mm (ohne Sockel)<\/li>\n<li><strong>Betriebstemperatur:<\/strong> -30\u00b0C bis +50\u00b0C<\/li>\n<li><strong>Kostenloser Cloud-Speicher:<\/strong> 30 Tage kostenloser Zeitraum nach der ersten Verbindung mit dem Internet<\/li>\n<\/ul>\n<h3><strong>Installationsm\u00f6glichkeiten:<\/strong><\/h3>\n<ul>\n<li>Wandmontage<\/li>\n<li>Montage an der Decke<\/li>\n<li>Horizontales Layout<\/li>\n<\/ul>\n<p>Die Kamera hat eine verstellbare Halterung und <strong>1\/4\"-Gewinde f\u00fcr Stativ<\/strong>Damit ist es mit verschiedenen Betreibern kompatibel.<\/p>\n<h3><strong>Integration und Unterst\u00fctzung von Smart Home:<\/strong><\/h3>\n<ul>\n<li><strong>Apple HomeKit Sicheres Video<\/strong><\/li>\n<li><strong>Google Home<\/strong><\/li>\n<li><strong>Amazon Alexa<\/strong><\/li>\n<li><strong>Samsung SmartThings<\/strong><\/li>\n<li><strong>Assistentin zu Hause<\/strong><\/li>\n<li><strong>RTSP-Unterst\u00fctzung<\/strong> (z. B. NVR, VLC, Home Assistant)<\/li>\n<\/ul>\n<h3><strong>Sicherheitsmerkmale:<\/strong><\/h3>\n<ul>\n<li><strong>Ende-zu-Ende-Verschl\u00fcsselung<\/strong> - gew\u00e4hrleistet die Datensicherheit<\/li>\n<li><strong>Maskierung der Privatsph\u00e4re<\/strong> - erm\u00f6glicht das Ausblenden von bis zu drei Bereichen im Sichtfeld der Kamera<\/li>\n<li><strong>Schutz vor Beeintr\u00e4chtigungen<\/strong> - Schutz vor Diebstahl und Vandalismus<\/li>\n<li><strong>Flexible Alarmt\u00f6ne<\/strong> - M\u00f6glichkeit, eigene Alarmt\u00f6ne hochzuladen<\/li>\n<\/ul>\n<p><strong>Aqara Smart Kamera G5 Pro PoE<\/strong> ist die perfekte Wahl f\u00fcr alle, die eine sichere und einfache Au\u00dfenkamera mit <strong>Intelligente Hauskonnektivit\u00e4t<\/strong>. KI-gest\u00fctzte Analysen machen es zu einem der meist <strong>vielseitig und fortschrittlich<\/strong> Aqara Sicherheitsl\u00f6sungen.<\/p>","protected":false},"excerpt":{"rendered":"<p>Die Aqara G5 Pro PoE Smart Camera ist eine \u00e4u\u00dferst vielseitige Sicherheitskamera f\u00fcr den Au\u00dfenbereich, die dank der PoE-Technologie (Power over Ethernet) eine vereinfachte und stabilere Stromversorgung und Netzwerkkonnektivit\u00e4t bietet. Diese Produktversion hat ein wei\u00dfes Geh\u00e4use.<\/p>","protected":false},"featured_media":5455,"template":"","meta":{"_acf_changed":false},"product_brand":[102],"product_cat":[92],"product_tag":[],"class_list":{"0":"post-5453","1":"product","2":"type-product","3":"status-publish","4":"has-post-thumbnail","6":"product_brand-aqara","7":"product_cat-varnost-in-nadzor","9":"first","10":"instock","11":"sale","12":"taxable","13":"shipping-taxable","14":"purchasable","15":"product-type-simple"},"acf":[],"_links":{"self":[{"href":"https:\/\/iotronx.com\/de\/wp-json\/wp\/v2\/product\/5453","targetHints":{"allow":["GET"]}}],"collection":[{"href":"https:\/\/iotronx.com\/de\/wp-json\/wp\/v2\/product"}],"about":[{"href":"https:\/\/iotronx.com\/de\/wp-json\/wp\/v2\/types\/product"}],"wp:featuredmedia":[{"embeddable":true,"href":"https:\/\/iotronx.com\/de\/wp-json\/wp\/v2\/media\/5455"}],"wp:attachment":[{"href":"https:\/\/iotronx.com\/de\/wp-json\/wp\/v2\/media?parent=5453"}],"wp:term":[{"taxonomy":"product_brand","embeddable":true,"href":"https:\/\/iotronx.com\/de\/wp-json\/wp\/v2\/product_brand?post=5453"},{"taxonomy":"product_cat","embeddable":true,"href":"https:\/\/iotronx.com\/de\/wp-json\/wp\/v2\/product_cat?post=5453"},{"taxonomy":"product_tag","embeddable":true,"href":"https:\/\/iotronx.com\/de\/wp-json\/wp\/v2\/product_tag?post=5453"}],"curies":[{"name":"wp","href":"https:\/\/api.w.org\/{rel}","templated":true}]}}