{"id":5559,"date":"2025-07-13T17:10:52","date_gmt":"2025-07-13T17:10:52","guid":{"rendered":"http:\/\/iotronx.com\/izdelek\/aqara-fp1e-senzor-prisotnosti-zigbee-3-0-z-radarsko-tehnologijo-milimetrskih-valov\/"},"modified":"2025-08-07T22:21:42","modified_gmt":"2025-08-07T22:21:42","slug":"aqara-fp1e-zigbee-3-0-occupancy-sensor-mit-millimeterwellen-radartechnologie","status":"publish","type":"product","link":"https:\/\/iotronx.com\/de\/product\/aqara-fp1e-zigbee-3-0-occupancy-sensor-mit-millimeterwellen-radartechnologie\/","title":{"rendered":"Aqara FP1E Zigbee 3.0 Anwesenheitssensor mit Millimeterwellen-Radartechnologie"},"content":{"rendered":"<p><strong>Aqara FP1E Anwesenheitssensor - Erweiterte Anwesenheitsdetektion<\/strong><\/p>\n<p>Der Aqara FP1E Pr\u00e4senzmelder nutzt modernste Millimeter-Radartechnologie, um die Anwesenheit von Personen auch bei minimalen Bewegungen genau zu erkennen.<\/p>\n<p>Wie andere Aqara-Produkte mit Zigbee 3.0-Protokoll ist dieses Ger\u00e4t mit Apple HomeKit \u00fcber das Aqara-Gateway kompatibel. Der Aqara Presence Sensor FP1E ist ein hochentwickelter Anwesenheitssensor, der speziell f\u00fcr intelligente Hausautomatisierungssysteme entwickelt wurde. Das Ger\u00e4t nutzt die Millimeter-Radar-Technologie, um die Anwesenheit und Bewegung von Personen in einem Raum genau zu erkennen. Der FP1E erkennt nicht nur Bewegungen, sondern kann auch die Anwesenheit von Personen erkennen, selbst wenn diese v\u00f6llig still sind. Dies macht ihn zu einer idealen L\u00f6sung f\u00fcr Situationen, in denen herk\u00f6mmliche Bewegungsmelder nicht effektiv genug arbeiten.<\/p>\n<h3>Wesentliche Merkmale:<\/h3>\n<ul>\n<li><strong>Millimeter-Radar-Technologie:<\/strong> Der Sensor erkennt pr\u00e4zise die Anwesenheit von Personen im Raum, selbst bei minimalen Bewegungen wie z. B. Atmen.<\/li>\n<li><strong>Trennung von Pr\u00e4senz und Bewegung:<\/strong> Der Sensor erkennt nicht nur Bewegungen, sondern auch die tats\u00e4chliche Anwesenheit von Personen und sorgt daf\u00fcr, dass Licht und andere Systeme auch dann aktiv bleiben, wenn sich der Nutzer nicht bewegt.<\/li>\n<li><strong>Verbesserter Datenschutz:<\/strong> Der Sensor zeichnet keine Bilder oder Videos auf, so dass die Privatsph\u00e4re der Nutzer vollst\u00e4ndig gesch\u00fctzt ist und gleichzeitig zuverl\u00e4ssige Daten f\u00fcr Smart-Home-Systeme bereitgestellt werden.<\/li>\n<li><strong>Zigbee 3.0-Protokoll:<\/strong> Das Ger\u00e4t kommuniziert \u00fcber das Zigbee 3.0-Protokoll, das eine stabile und schnelle Verbindung zu anderen intelligenten Ger\u00e4ten im Netzwerk erm\u00f6glicht.<\/li>\n<\/ul>\n<h3>Installation und Integration:<\/h3>\n<ul>\n<li><strong>Einfache Installation:<\/strong> Dank der magnetischen Halterung Aqara FP1E kann der Sensor schnell und einfach an der Wand oder der Decke montiert werden. Die Magnethalterung erm\u00f6glicht eine flexible Positionierung und Einstellung f\u00fcr eine optimale Leistung.<\/li>\n<li><strong>Zigbee 3.0-Konnektivit\u00e4t:<\/strong> Der Sensor nutzt das Zigbee 3.0-Protokoll, wodurch er schnell und einfach in ein bestehendes Smart Home-Netzwerk integriert werden kann. \u00dcber das Aqara Zigbee-Gateway ist er mit den beliebtesten Plattformen wie Apple HomeKit, Google Assistant und Amazon Alexa kompatibel.<\/li>\n<li><strong>Aqara Hub ben\u00f6tigt:<\/strong> Um alle Funktionen nutzen zu k\u00f6nnen, wird das Ger\u00e4t mit dem Aqara Hub verbunden, der die Nutzung aller Funktionen, einschlie\u00dflich Automatisierungen und Fernsteuerung, erm\u00f6glicht.<\/li>\n<\/ul>\n<h3>Benutzerszenarien:<\/h3>\n<ul>\n<li><strong>Automatische Beleuchtungssteuerung:<\/strong> Der Sensor schaltet das Licht automatisch ein oder aus, je nachdem, ob Personen anwesend sind, was zum Energiesparen beitr\u00e4gt.<\/li>\n<li><strong>Steuerung von Heizung und K\u00fchlung:<\/strong> Der Sensor erm\u00f6glicht eine intelligente Steuerung von Heizung und K\u00fchlung, so dass der Raum nur bei Bedarf geheizt oder gek\u00fchlt wird.<\/li>\n<li><strong>Sicherheitsmerkmale:<\/strong> Pr\u00e4zise Bewegungs- und Anwesenheitserkennung f\u00fcr den Einsatz in Sicherheitssystemen.<\/li>\n<li><strong>Intelligente Automatisierung:<\/strong> Sie k\u00f6nnen damit komplexe Automatisierungen erstellen, z. B. um verschiedene Ger\u00e4te zu aktivieren, wenn Sie einen Raum betreten.<\/li>\n<\/ul>\n<h3>Spezifikationen:<\/h3>\n<ul>\n<li><strong>Modell:<\/strong> PS-S03D<\/li>\n<li><strong>Stromversorgung:<\/strong> 5V\/1A (USB-C)<\/li>\n<li><strong>Kommunikationsprotokoll:<\/strong> Zigbee 3.0<\/li>\n<li><strong>Erkennungsweite:<\/strong> bis zu 5 Meter<\/li>\n<li><strong>Mehrere Erkennungsmodi:<\/strong> Anwesenheit, Ruhe, Bewegung, usw.<\/li>\n<li><strong>Betriebstemperatur:<\/strong> -10\u00b0C bis 40\u00b0C<\/li>\n<li><strong>Kompatibilit\u00e4t:<\/strong> Apple HomeKit, Google Assistant, Amazon Alexa, Aqara Home<\/li>\n<li><strong>Governance:<\/strong> automatische Beleuchtungssteuerung, Heizungs-\/K\u00fchlungssteuerung und sonstige Automatisierung<\/li>\n<li><strong>Abmessungen:<\/strong> 57 \u00d7 50 \u00d7 37 mm<\/li>\n<\/ul>\n<h3>Packungsinhalt:<\/h3>\n<ul>\n<li>Anwesenheitssensor FP1E \u00d7 1<\/li>\n<li>Benutzerhandbuch \u00d7 1<\/li>\n<li>Aufkleber \u00d7 1<\/li>\n<li>Magnetische Halterung \u00d7 1<\/li>\n<\/ul>\n<p>Der Aqara Pr\u00e4senzsensor FP1E ist die ideale Wahl f\u00fcr alle, die einen zuverl\u00e4ssigen, pr\u00e4zisen und fortschrittlichen Smart Home Pr\u00e4senzsensor suchen, der in der Lage ist, intelligente Automatisierungen zu erstellen und effizient mit allen Smart Home Systemen zu arbeiten.<\/p>","protected":false},"excerpt":{"rendered":"<p>Der Aqara FP1E Pr\u00e4senzmelder nutzt modernste Millimeterwellen-Radartechnologie, um die Anwesenheit von Personen auch bei kleinsten Bewegungen genau zu erkennen. Wie andere Aqara Zigbee 3.0 Produkte ist dieses Produkt \u00fcber die Aqara-Schnittstelle mit Apple HomeKit kompatibel.<\/p>","protected":false},"featured_media":5561,"template":"","meta":{"_acf_changed":false},"product_brand":[102],"product_cat":[90],"product_tag":[],"class_list":{"0":"post-5559","1":"product","2":"type-product","3":"status-publish","4":"has-post-thumbnail","6":"product_brand-aqara","7":"product_cat-razsvetljava","9":"first","10":"instock","11":"sale","12":"taxable","13":"shipping-taxable","14":"purchasable","15":"product-type-simple"},"acf":[],"_links":{"self":[{"href":"https:\/\/iotronx.com\/de\/wp-json\/wp\/v2\/product\/5559","targetHints":{"allow":["GET"]}}],"collection":[{"href":"https:\/\/iotronx.com\/de\/wp-json\/wp\/v2\/product"}],"about":[{"href":"https:\/\/iotronx.com\/de\/wp-json\/wp\/v2\/types\/product"}],"wp:featuredmedia":[{"embeddable":true,"href":"https:\/\/iotronx.com\/de\/wp-json\/wp\/v2\/media\/5561"}],"wp:attachment":[{"href":"https:\/\/iotronx.com\/de\/wp-json\/wp\/v2\/media?parent=5559"}],"wp:term":[{"taxonomy":"product_brand","embeddable":true,"href":"https:\/\/iotronx.com\/de\/wp-json\/wp\/v2\/product_brand?post=5559"},{"taxonomy":"product_cat","embeddable":true,"href":"https:\/\/iotronx.com\/de\/wp-json\/wp\/v2\/product_cat?post=5559"},{"taxonomy":"product_tag","embeddable":true,"href":"https:\/\/iotronx.com\/de\/wp-json\/wp\/v2\/product_tag?post=5559"}],"curies":[{"name":"wp","href":"https:\/\/api.w.org\/{rel}","templated":true}]}}