{"id":5565,"date":"2025-07-13T17:10:52","date_gmt":"2025-07-13T17:10:52","guid":{"rendered":"http:\/\/iotronx.com\/izdelek\/senzor-prisotnosti-aqara-fp2-z-radarsko-tehnologijo-milimetrskih-valov\/"},"modified":"2025-08-07T22:21:42","modified_gmt":"2025-08-07T22:21:42","slug":"aqara-fp2-prasenzmelder-mit-millimeterwellen-radartechnologie","status":"publish","type":"product","link":"https:\/\/iotronx.com\/de\/product\/aqara-fp2-prasenzmelder-mit-millimeterwellen-radartechnologie\/","title":{"rendered":"Aqara FP2 Pr\u00e4senzmelder mit Millimeterwellen-Radartechnologie"},"content":{"rendered":"<p><strong>Aqara Anwesenheitssensor FP2<\/strong> verwendet die modernste Millimeter-Radartechnologie, die die Anwesenheit von Personen selbst bei leichten Bewegungen genau erkennen kann. Diese Technologie gew\u00e4hrleistet die Kontinuit\u00e4t und Stabilit\u00e4t des intelligenten Ger\u00e4ts. Es verf\u00fcgt au\u00dferdem \u00fcber eine Zonierungsfunktion, die die Automatisierung unterschiedlicher Bedingungen in verschiedenen Zonen, wie Betten und Tische, erm\u00f6glicht. Ein Raum kann in bis zu 30 kleine Zonen unterteilt werden und kann bis zu f\u00fcnf Ziele gleichzeitig erkennen (Mehrpersonenerkennung). Er kann auch andere intelligente Ger\u00e4te \u00fcber \u00d6kosysteme wie Apple Home steuern, um eine breitere Anwendung zu erm\u00f6glichen. Zu seinen Funktionen geh\u00f6ren die Erkennung von fallenden Personen und ein eingebauter Lichtsensor. Es ist ein gro\u00dfartiger Assistent, der die Vielfalt des h\u00e4uslichen Lebens des Nutzers wirklich integrieren kann und die Automatisierung verschiedener pers\u00f6nlicher Bed\u00fcrfnisse erm\u00f6glicht.<\/p>\n<h3>Merkmale:<\/h3>\n<p><strong>Funktion der Zoneneinteilung:<\/strong> Er bietet erhebliche Vorteile gegen\u00fcber herk\u00f6mmlichen PIR-Infrarot-Bewegungsmeldern und \u00fcberwacht mit einem einzigen Radarsensor einen Raum von bis zu 40 m\u00b2*. Au\u00dferdem kann er in bis zu 30 Zonen unterteilt werden, z. B. ein Sofa, ein Bett oder ein Arbeitstisch. Sie k\u00f6nnen jeder Zone Ihre eigene Automatisierung zuweisen. Es ist so, als w\u00fcrden Sie mehrere PIR-Sensoren gleichzeitig verwenden, aber nur einen FP2 Pr\u00e4senzsensor.<\/p>\n<p><strong>Erkennung mehrerer Personen:<\/strong> Er kann bis zu 5** Personen gleichzeitig erkennen. Das bedeutet, dass es bei der gemeinsamen Nutzung eines Raums automatisch auf die Position verschiedener Personen reagieren kann, ohne sich gegenseitig zu st\u00f6ren.<\/p>\n<p><strong>Extreme Pr\u00e4zision:<\/strong> Datenschutz und Erkennungsgenauigkeit werden dabei ber\u00fccksichtigt. Der Sensor kann nicht-induktive Signale erkennen, ohne tats\u00e4chliche Bilder zu erfassen. Die Automatisierung erfolgt im Wesentlichen lokal. Die Millimeterradar-Technologie ist stabiler als Infrarotsensoren, auch wenn Sie sitzen oder schlafen.<\/p>\n<p><strong>Steuerung anderer Ger\u00e4te \u00fcber <em>HomeKit<\/em> usw..:<\/strong> FP2 erscheint als mehrere Sensoren in HomeKit (und Home Assistant), Alexa und Google Home. Es ist einfach zu integrieren, ohne dass ein Gateway erforderlich ist, was es zu einer gro\u00dfartigen L\u00f6sung f\u00fcr Smart Home-Enthusiasten macht, die ihr System erweitern m\u00f6chten. ****<\/p>\n<p><strong>Sturzerkennung und Warnungen<\/strong>***: Ko nekdo pade v prostoru, lahko FP2 to zazna in vas obvesti. To je urejeno na najbolj zaseben in priro\u010den na\u010din, brez potrebe po no\u0161enju naprav ali name\u0161\u010danju kamer za stalni nadzor. Obmo\u010dje zaznave je krog s premerom 2 metra, natan\u010dnost prepoznavanja padcev je >98 %. Priporo\u010dena vi\u0161ina namestitve je med 2,5 m in 2,8 m.<\/p>\n<p><strong>Eingebauter Lichtsensor:<\/strong> Ein voll funktionsf\u00e4higer Lichtsensor im Aqara-\u00d6kosystem. Erm\u00f6glicht eine viel flexiblere und angenehmere Automatisierung der Beleuchtung. Der integrierte Lichtsensor erm\u00f6glicht auch erweiterte Automatisierungen, die auf der Dunkelheit des Raumes basieren.<\/p>\n<p><strong>Lokale Automatisierung und flexible Installationsm\u00f6glichkeiten:<\/strong> Nach der Ersteinrichtung arbeitet das Ger\u00e4t lokal. Die FP2-Automatisierungen funktionieren auch dann, wenn gelegentlich Probleme mit der Wi-Fi-Verbindung auftreten, wodurch Ihre Privatsph\u00e4re weiter gesch\u00fctzt wird. Es gibt verschiedene Einrichtungsmethoden f\u00fcr unterschiedliche Situationen.<\/p>\n<p><strong>IPX5-Schutz und versteckter USB-C-Anschluss:<\/strong> Dank des IP-Schutzes kann der Sensor auch in Nassbereichen wie Badezimmern installiert werden. Er verf\u00fcgt \u00fcber einen offenen USB-C-Anschluss, mit dem Sie das mitgelieferte Kabel gegen jedes andere USB-C-Kabel austauschen k\u00f6nnen, was die Flexibilit\u00e4t bei der Installation erh\u00f6ht.<\/p>\n<p><em>Warnungen:<\/em><br \/> * Der empfohlene Erfassungsraum betr\u00e4gt 10 m\u00b3 - 40 m\u00b3.<br \/> ** Die besten Ergebnisse werden erzielt, wenn bis zu 3 Personen verfolgt werden.<br \/> *** Die Sturzerkennung wird nur bei Deckenmontage unterst\u00fctzt. Die Sturzerkennungsfunktion kann die meisten \u00fcblichen St\u00fcrze erkennen, ist aber kein Ersatz f\u00fcr medizinische Ger\u00e4te oder Video\u00fcberwachung. Sie unterscheidet derzeit nicht zwischen einem langsamen Sturz gegen eine Wand oder einer Ohnmacht nach dem Sitzen.<br \/> **** Bluetooth wird in Zukunft als Teil der Matter-Funktionen verf\u00fcgbar sein.<\/p>","protected":false},"excerpt":{"rendered":"<p>Der revolution\u00e4re neue FP2 Pr\u00e4senzmelder von Aqar verwendet modernste Millimeterwellen-Radartechnologie, die die Anwesenheit von Personen selbst bei kleinen Bewegungen genau erkennen kann. Er kann bis zu 5 Personen gleichzeitig erkennen und unterst\u00fctzt die Automatisierung mit einer Reichweite bis in den Raum.<\/p>","protected":false},"featured_media":5567,"template":"","meta":{"_acf_changed":false},"product_brand":[102],"product_cat":[92],"product_tag":[],"class_list":{"0":"post-5565","1":"product","2":"type-product","3":"status-publish","4":"has-post-thumbnail","6":"product_brand-aqara","7":"product_cat-varnost-in-nadzor","9":"first","10":"instock","11":"sale","12":"taxable","13":"shipping-taxable","14":"purchasable","15":"product-type-simple"},"acf":[],"_links":{"self":[{"href":"https:\/\/iotronx.com\/de\/wp-json\/wp\/v2\/product\/5565","targetHints":{"allow":["GET"]}}],"collection":[{"href":"https:\/\/iotronx.com\/de\/wp-json\/wp\/v2\/product"}],"about":[{"href":"https:\/\/iotronx.com\/de\/wp-json\/wp\/v2\/types\/product"}],"wp:featuredmedia":[{"embeddable":true,"href":"https:\/\/iotronx.com\/de\/wp-json\/wp\/v2\/media\/5567"}],"wp:attachment":[{"href":"https:\/\/iotronx.com\/de\/wp-json\/wp\/v2\/media?parent=5565"}],"wp:term":[{"taxonomy":"product_brand","embeddable":true,"href":"https:\/\/iotronx.com\/de\/wp-json\/wp\/v2\/product_brand?post=5565"},{"taxonomy":"product_cat","embeddable":true,"href":"https:\/\/iotronx.com\/de\/wp-json\/wp\/v2\/product_cat?post=5565"},{"taxonomy":"product_tag","embeddable":true,"href":"https:\/\/iotronx.com\/de\/wp-json\/wp\/v2\/product_tag?post=5565"}],"curies":[{"name":"wp","href":"https:\/\/api.w.org\/{rel}","templated":true}]}}