{"id":5571,"date":"2025-07-13T17:13:49","date_gmt":"2025-07-13T17:13:49","guid":{"rendered":"http:\/\/iotronx.com\/izdelek\/kotni-nosilec-aqara\/"},"modified":"2025-08-07T22:21:42","modified_gmt":"2025-08-07T22:21:42","slug":"aqara-winkeltrager","status":"publish","type":"product","link":"https:\/\/iotronx.com\/de\/product\/aqara-winkeltrager\/","title":{"rendered":"AQARA-Winkel"},"content":{"rendered":"<p>Die Aqara FP2 Sensor-Wandhalterung ist ein Zubeh\u00f6rteil und stellt kein eigenst\u00e4ndiges Ger\u00e4t dar.<\/p>\n<p>Der Aqara FP2 Pr\u00e4senzsensor ist ein Pr\u00e4senzsensor und die Aqara FP2 Wandhalterung bietet eine hervorragende Installationsm\u00f6glichkeit f\u00fcr diesen Sensor. Die Halterung erm\u00f6glicht es, die Basisposition des Sensors zu neigen, die mithilfe des Scharniers am Sensor selbst eingestellt werden kann, um ihn in eine andere Richtung zu richten. Auf diese Weise kann er optimal im Raum positioniert werden, um die bestm\u00f6gliche Abdeckung zu erzielen. Durch die Einstellung des Neigungswinkels k\u00f6nnen Sie den Erfassungsbereich ganz einfach anpassen und sicherstellen, dass der Sensor genau die von Ihnen gew\u00fcnschten Bereiche abdeckt. Mit der flexiblen Halterung kann der Sensor in jedem beliebigen Winkel an der Wand oder der Decke angebracht werden, so dass Sie die Pr\u00e4senzerkennung an die Bed\u00fcrfnisse Ihres Hauses anpassen k\u00f6nnen.<\/p>","protected":false},"excerpt":{"rendered":"<p>Die FP2-Halterung f\u00fcr Pr\u00e4senzmelder von Aqarov erm\u00f6glicht es Ihnen, den Sensor so zu positionieren, dass er optimal im Raum platziert werden kann. Die verstellbare Halterung kann auch f\u00fcr die Wand- oder Deckenmontage verwendet werden, so dass Sie die Anwesenheitserkennung an die Bed\u00fcrfnisse Ihres Hauses anpassen k\u00f6nnen.<\/p>","protected":false},"featured_media":5573,"template":"","meta":{"_acf_changed":false},"product_brand":[102],"product_cat":[92],"product_tag":[],"class_list":{"0":"post-5571","1":"product","2":"type-product","3":"status-publish","4":"has-post-thumbnail","6":"product_brand-aqara","7":"product_cat-varnost-in-nadzor","9":"first","10":"instock","11":"sale","12":"taxable","13":"shipping-taxable","14":"purchasable","15":"product-type-simple"},"acf":[],"_links":{"self":[{"href":"https:\/\/iotronx.com\/de\/wp-json\/wp\/v2\/product\/5571","targetHints":{"allow":["GET"]}}],"collection":[{"href":"https:\/\/iotronx.com\/de\/wp-json\/wp\/v2\/product"}],"about":[{"href":"https:\/\/iotronx.com\/de\/wp-json\/wp\/v2\/types\/product"}],"wp:featuredmedia":[{"embeddable":true,"href":"https:\/\/iotronx.com\/de\/wp-json\/wp\/v2\/media\/5573"}],"wp:attachment":[{"href":"https:\/\/iotronx.com\/de\/wp-json\/wp\/v2\/media?parent=5571"}],"wp:term":[{"taxonomy":"product_brand","embeddable":true,"href":"https:\/\/iotronx.com\/de\/wp-json\/wp\/v2\/product_brand?post=5571"},{"taxonomy":"product_cat","embeddable":true,"href":"https:\/\/iotronx.com\/de\/wp-json\/wp\/v2\/product_cat?post=5571"},{"taxonomy":"product_tag","embeddable":true,"href":"https:\/\/iotronx.com\/de\/wp-json\/wp\/v2\/product_tag?post=5571"}],"curies":[{"name":"wp","href":"https:\/\/api.w.org\/{rel}","templated":true}]}}