{"id":5641,"date":"2025-07-13T17:13:49","date_gmt":"2025-07-13T17:13:49","guid":{"rendered":"http:\/\/iotronx.com\/izdelek\/pametna-vticnica-aqara-h2-zigbee-3-0\/"},"modified":"2025-08-07T22:21:42","modified_gmt":"2025-08-07T22:21:42","slug":"aqara-h2-zigbee-3-0-smart-smart-card","status":"publish","type":"product","link":"https:\/\/iotronx.com\/de\/product\/aqara-h2-zigbee-3-0-smart-smart-card\/","title":{"rendered":"AQARA H2 Zigbee 3.0 intelligente Steckdose"},"content":{"rendered":"<p><strong>Mit der intelligenten Steckdose von Aqara k\u00f6nnen Sie die in die Steckdose eingesteckten elektrischen Ger\u00e4te aus der Ferne steuern, \u00fcber Ihr Smartphone einen Zeitplan erstellen und verschiedene voreingestellte Automatisierungsregeln anwenden.<\/strong><\/p>\n<p>Abmessungen: 86 x 86 x 47,7 mm<\/p>\n<p>Leistung: AC 250 V, 50\/60 Hz, 16 A, max. 3840 W<\/p>\n<p>Aqara Hub ist f\u00fcr die Fernsteuerung oder Automatisierung erforderlich.<\/p>\n<p>Kompatibilit\u00e4t: HomeKit, Google, Alexa und IFTTT<\/p>\n<p>Artikel Nr.: WP-P01D<\/p>","protected":false},"excerpt":{"rendered":"<p>Die intelligente Zigbee-Steckdose von Aqaro erm\u00f6glicht die Fernsteuerung von elektrischen Ger\u00e4ten und die \u00dcberwachung des Energieverbrauchs mit einem integrierten Energiez\u00e4hler. F\u00fcr die Fernsteuerung und Integration in das Aqara Smart Home System ben\u00f6tigen Sie das Aqara Zigbee-Gateway\/Hub.<\/p>","protected":false},"featured_media":5643,"template":"","meta":{"_acf_changed":false},"product_brand":[102],"product_cat":[94],"product_tag":[],"class_list":{"0":"post-5641","1":"product","2":"type-product","3":"status-publish","4":"has-post-thumbnail","6":"product_brand-aqara","7":"product_cat-vticnice","9":"first","10":"instock","11":"sale","12":"taxable","13":"shipping-taxable","14":"purchasable","15":"product-type-simple"},"acf":[],"_links":{"self":[{"href":"https:\/\/iotronx.com\/de\/wp-json\/wp\/v2\/product\/5641","targetHints":{"allow":["GET"]}}],"collection":[{"href":"https:\/\/iotronx.com\/de\/wp-json\/wp\/v2\/product"}],"about":[{"href":"https:\/\/iotronx.com\/de\/wp-json\/wp\/v2\/types\/product"}],"wp:featuredmedia":[{"embeddable":true,"href":"https:\/\/iotronx.com\/de\/wp-json\/wp\/v2\/media\/5643"}],"wp:attachment":[{"href":"https:\/\/iotronx.com\/de\/wp-json\/wp\/v2\/media?parent=5641"}],"wp:term":[{"taxonomy":"product_brand","embeddable":true,"href":"https:\/\/iotronx.com\/de\/wp-json\/wp\/v2\/product_brand?post=5641"},{"taxonomy":"product_cat","embeddable":true,"href":"https:\/\/iotronx.com\/de\/wp-json\/wp\/v2\/product_cat?post=5641"},{"taxonomy":"product_tag","embeddable":true,"href":"https:\/\/iotronx.com\/de\/wp-json\/wp\/v2\/product_tag?post=5641"}],"curies":[{"name":"wp","href":"https:\/\/api.w.org\/{rel}","templated":true}]}}