{"id":5659,"date":"2025-07-13T17:13:49","date_gmt":"2025-07-13T17:13:49","guid":{"rendered":"http:\/\/iotronx.com\/izdelek\/aqara-led-trak-t1\/"},"modified":"2025-08-07T22:21:42","modified_gmt":"2025-08-07T22:21:42","slug":"aqara-led-streifen-t1","status":"publish","type":"product","link":"https:\/\/iotronx.com\/de\/product\/aqara-led-streifen-t1\/","title":{"rendered":"AQARA LED-Leiste T1"},"content":{"rendered":"<p>Der Aqara LED Strip T1 ist ein intelligenter LED-Streifen-Controller, der mit 2 Metern LED-Streifen geliefert wird.<\/p>\n<p>\n    \n<\/p>\n<blockquote><p>Die im Bausatz enthaltene Grundl\u00e4nge von 2 m kann auf bis zu 10 m verl\u00e4ngert werden, wof\u00fcr Aqara ein Zusatzprodukt namens \u201cLED Strip Extension\u201d anbietet. Der zus\u00e4tzliche LED-Streifen ist in Einheiten von 1 Meter erh\u00e4ltlich und kann alle 20 cm geschnitten werden.<\/p>\n<p>Die 1-Meter-LED-Streifenverl\u00e4ngerungen k\u00f6nnen problemlos zur Ausleuchtung k\u00fcrzerer Abschnitte wie Treppen, Regale oder M\u00f6bel verwendet werden.<\/p>\n<p><\/p>\n<\/blockquote>\n<p>Das Produkt Aqara LED Strip T1 erfordert einen Aqara Zigbee HUB, der als Zentraleinheit zur Steuerung des LED Strips \u00fcber eine Zigbee-Verbindung dient. Bei Anschluss an ein Aqara M2-Gateway ist das Ger\u00e4t mit dem Matter-Standard kompatibel.<\/p>\n<p>Wie andere Smart-Home-Ger\u00e4te von Aqara ist es mit Apple HomeKit (einschlie\u00dflich Adaptive Lighting), Google Assistant und Amazon Alexa Sprachsteuerung sowie der IFTTT-App und dem System kompatibel.<\/p>\n<p>Der RGB CCT (Farbe + Wei\u00df) LED-Streifen ist IP44-gesch\u00fctzt, wodurch er f\u00fcr den Au\u00dfeneinsatz geeignet ist und bis zu 16 Millionen Farben darstellen kann. Da es sich um einen RGBIC-LED-Streifen handelt, kann jeder Abschnitt mit einer anderen Farbe beleuchtet werden und atemberaubende Farb\u00fcberg\u00e4nge und Effekte darstellen. <em>(RGBIC-Funktionen unterst\u00fctzen derzeit nur das Farbmanagement, nicht das Wei\u00dflicht)<\/em><\/p>\n<p>Es gibt auch einen \u00bbMusiksynchronisationsmodus\u00ab, mit dem Sie die Beleuchtung im Rhythmus der Musik \u00e4ndern k\u00f6nnen. Dar\u00fcber hinaus k\u00f6nnen Sie in der App aus einer Reihe von Lichteffekten w\u00e4hlen.<\/p>\n<p>Dank des intelligenten Netzwerkprotokolls Zigbee 3.0 hat es einen geringen Stromverbrauch im Standby-Modus und belastet das Wi-Fi-Netzwerk nicht.<\/p>\n<p>Es fungiert auch als Repeater des Zigbee-Signals im Zigbee-Mesh-Netzwerk f\u00fcr Ger\u00e4te, die weiter von der zentralen Zigbee-Einheit entfernt sind.<\/p>\n<p><\/p>\n<p><\/p>\n<p><strong>Spezifikationen:<\/strong><\/p>\n<ul>\n<li>Model: LEDS-K01\/LEDS-K02\/RLS-K01D\/RLS-K02D<\/li>\n<li>Nennleistung: 5 W\/m (30 St\u00fcck \u00d7 5050 \/ 0,2 W\/RGB, 60 St\u00fcck \u00d7 2835 0,2 W)<\/li>\n<li>Farbtemperatur: RGB-Farbtemperatur + 2700 K + 6500 K<\/li>\n<li>Stromversorgung des Adapters: 100-240V~50\/60Hz 1,2A Max<\/li>\n<\/ul>","protected":false},"excerpt":{"rendered":"<p>Das Aqara LED Strip T1 Kit enth\u00e4lt ein Netzteil, den RGBCCT Smart LED Strip Controller und 2 Meter RGB IC LED Strip. Der Controller ist mit dem Zigbee 3.0-Protokoll kompatibel und ben\u00f6tigt daher einen Aqara Zigbee-Hub. Mit den separat erh\u00e4ltlichen 1 m langen LED-Streifenverl\u00e4ngerungen k\u00f6nnen Sie ihn auf bis zu 10 m verl\u00e4ngern.<\/p>","protected":false},"featured_media":5661,"template":"","meta":{"_acf_changed":false},"product_brand":[102],"product_cat":[90],"product_tag":[],"class_list":{"0":"post-5659","1":"product","2":"type-product","3":"status-publish","4":"has-post-thumbnail","6":"product_brand-aqara","7":"product_cat-razsvetljava","9":"first","10":"instock","11":"sale","12":"taxable","13":"shipping-taxable","14":"purchasable","15":"product-type-simple"},"acf":[],"_links":{"self":[{"href":"https:\/\/iotronx.com\/de\/wp-json\/wp\/v2\/product\/5659","targetHints":{"allow":["GET"]}}],"collection":[{"href":"https:\/\/iotronx.com\/de\/wp-json\/wp\/v2\/product"}],"about":[{"href":"https:\/\/iotronx.com\/de\/wp-json\/wp\/v2\/types\/product"}],"wp:featuredmedia":[{"embeddable":true,"href":"https:\/\/iotronx.com\/de\/wp-json\/wp\/v2\/media\/5661"}],"wp:attachment":[{"href":"https:\/\/iotronx.com\/de\/wp-json\/wp\/v2\/media?parent=5659"}],"wp:term":[{"taxonomy":"product_brand","embeddable":true,"href":"https:\/\/iotronx.com\/de\/wp-json\/wp\/v2\/product_brand?post=5659"},{"taxonomy":"product_cat","embeddable":true,"href":"https:\/\/iotronx.com\/de\/wp-json\/wp\/v2\/product_cat?post=5659"},{"taxonomy":"product_tag","embeddable":true,"href":"https:\/\/iotronx.com\/de\/wp-json\/wp\/v2\/product_tag?post=5659"}],"curies":[{"name":"wp","href":"https:\/\/api.w.org\/{rel}","templated":true}]}}