{"id":5665,"date":"2025-07-13T17:13:49","date_gmt":"2025-07-13T17:13:49","guid":{"rendered":"http:\/\/iotronx.com\/izdelek\/aqara-led-stripe-podaljsek-1m\/"},"modified":"2025-08-07T22:21:42","modified_gmt":"2025-08-07T22:21:42","slug":"aqara-led-streifen-verlangerungsstuck-1m","status":"publish","type":"product","link":"https:\/\/iotronx.com\/de\/product\/aqara-led-streifen-verlangerungsstuck-1m\/","title":{"rendered":"AQARA LED-Streifen-Verl\u00e4ngerung 1M"},"content":{"rendered":"<p>Die Aqara LED-Streifenverl\u00e4ngerung 1M ist ein Zusatz zum Aqara T1 LED-Streifen, mit dem die L\u00e4nge des LED-Streifens um einen Meter verl\u00e4ngert werden kann (bis zur Gesamtl\u00e4nge von 10 m). Der Streifen kann alle 20 cm (an den markierten Stellen) abgeschnitten werden, so dass er auf die gew\u00fcnschte L\u00e4nge eingestellt werden kann. Der LED Extender selbst ist nur ein St\u00fcck LED-Band - zum Betrieb ben\u00f6tigen Sie das Aqara T1 Basisband und den Aqara Zigbee HUB.<\/p>\n<p>Spezifikationen: <br \/>- Modellbezeichnung: RLSE-K01D <br \/>- LED-Stromversorgung: 24VDC \u22640,25A\/m<br \/>- Abmessungen des LED-Streifens: 1000 \u00d7 12 \u00d7 2,8 mm<br \/>- Packungsinhalt: LED-Streifen (1 m); Verbindungsstecker (Koppler) \u00d7 1 St\u00fcck<\/p>","protected":false},"excerpt":{"rendered":"<p>Die Aqara LED Strip 1M Verl\u00e4ngerung ist ein Zubeh\u00f6rteil f\u00fcr den Aqara LED Strip T1, mit dem man die L\u00e4nge des LED Strips in Metern verl\u00e4ngern kann.<\/p>","protected":false},"featured_media":5664,"template":"","meta":{"_acf_changed":false},"product_brand":[102],"product_cat":[90],"product_tag":[],"class_list":{"0":"post-5665","1":"product","2":"type-product","3":"status-publish","4":"has-post-thumbnail","6":"product_brand-aqara","7":"product_cat-razsvetljava","9":"first","10":"instock","11":"sale","12":"taxable","13":"shipping-taxable","14":"purchasable","15":"product-type-simple"},"acf":[],"_links":{"self":[{"href":"https:\/\/iotronx.com\/de\/wp-json\/wp\/v2\/product\/5665","targetHints":{"allow":["GET"]}}],"collection":[{"href":"https:\/\/iotronx.com\/de\/wp-json\/wp\/v2\/product"}],"about":[{"href":"https:\/\/iotronx.com\/de\/wp-json\/wp\/v2\/types\/product"}],"wp:featuredmedia":[{"embeddable":true,"href":"https:\/\/iotronx.com\/de\/wp-json\/wp\/v2\/media\/5664"}],"wp:attachment":[{"href":"https:\/\/iotronx.com\/de\/wp-json\/wp\/v2\/media?parent=5665"}],"wp:term":[{"taxonomy":"product_brand","embeddable":true,"href":"https:\/\/iotronx.com\/de\/wp-json\/wp\/v2\/product_brand?post=5665"},{"taxonomy":"product_cat","embeddable":true,"href":"https:\/\/iotronx.com\/de\/wp-json\/wp\/v2\/product_cat?post=5665"},{"taxonomy":"product_tag","embeddable":true,"href":"https:\/\/iotronx.com\/de\/wp-json\/wp\/v2\/product_tag?post=5665"}],"curies":[{"name":"wp","href":"https:\/\/api.w.org\/{rel}","templated":true}]}}